{"id":1266,"date":"2024-11-05T17:01:56","date_gmt":"2024-11-05T16:01:56","guid":{"rendered":"https:\/\/www.carpfisher.eu\/shop\/?page_id=1266"},"modified":"2026-04-14T17:29:26","modified_gmt":"2026-04-14T15:29:26","slug":"produkt-videos","status":"publish","type":"page","link":"https:\/\/www.carpfisher.eu\/shop\/produkt-videos\/","title":{"rendered":"Produkt Videos"},"content":{"rendered":"\n<h2 class=\"wp-block-heading\">Die s\u00fc\u00df, gelbe Verf\u00fchrung!<\/h2>\n\n\n\n<figure class=\"wp-block-embed is-type-video is-provider-youtube wp-block-embed-youtube wp-embed-aspect-16-9 wp-has-aspect-ratio\"><div class=\"wp-block-embed__wrapper\">\n<iframe loading=\"lazy\" title=\"Love &amp; Hate\ud83e\udd14  darum braucht die Welt den ScopetZ Boilie!\" width=\"980\" height=\"551\" src=\"https:\/\/www.youtube.com\/embed\/zeHYZYfKPVQ?feature=oembed\" frameborder=\"0\" allow=\"accelerometer; autoplay; clipboard-write; encrypted-media; gyroscope; picture-in-picture; web-share\" referrerpolicy=\"strict-origin-when-cross-origin\" allowfullscreen><\/iframe>\n<\/div><\/figure>\n\n\n\n<h2 class=\"wp-block-heading\">Der &#8222;Unfall&#8220; MuThu! <\/h2>\n\n\n\n<p>Wie aus einem falschen Boilie Konzept ein spezielles Einsatzgebiet wurde f\u00fcr die dicken Karpfen wurde!<\/p>\n\n\n\n<figure class=\"wp-block-embed is-type-video is-provider-youtube wp-block-embed-youtube wp-embed-aspect-16-9 wp-has-aspect-ratio\"><div class=\"wp-block-embed__wrapper\">\n<iframe loading=\"lazy\" title=\"\ud83c\udfa3 Warum dieser Muschel-Boilie so brutal f\u00e4ngt - Das Geheimnis von MuThu!\" width=\"980\" height=\"551\" src=\"https:\/\/www.youtube.com\/embed\/4uvcNunVdl8?feature=oembed&#038;enablejsapi=1&#038;origin=https:\/\/www.carpfisher.eu\" frameborder=\"0\" allow=\"accelerometer; autoplay; clipboard-write; encrypted-media; gyroscope; picture-in-picture; web-share\" referrerpolicy=\"strict-origin-when-cross-origin\" allowfullscreen><\/iframe>\n<\/div><\/figure>\n\n\n\n<h2 class=\"wp-block-heading\">Hochattraktiv Boilies boosten!<\/h2>\n\n\n\n<p>In diesem Video stelle ich dir mein Lieblingsrezept vor, um Boilies sehr attraktiv zu boosten! <\/p>\n\n\n\n<figure class=\"wp-block-embed is-type-video is-provider-youtube wp-block-embed-youtube wp-embed-aspect-16-9 wp-has-aspect-ratio\"><div class=\"wp-block-embed__wrapper\">\n<iframe loading=\"lazy\" title=\"Boilies extrem boosten | mein Lieblingsrezept | Karpfen Futter hochattraktiv\" width=\"980\" height=\"551\" src=\"https:\/\/www.youtube.com\/embed\/RKIW_vHs15s?feature=oembed&#038;enablejsapi=1&#038;origin=https:\/\/www.carpfisher.eu\" frameborder=\"0\" allow=\"accelerometer; autoplay; clipboard-write; encrypted-media; gyroscope; picture-in-picture; web-share\" referrerpolicy=\"strict-origin-when-cross-origin\" allowfullscreen><\/iframe>\n<\/div><\/figure>\n\n\n\n<h2 class=\"wp-block-heading\">Darum brauchst du Krillax Boilies:<\/h2>\n\n\n\n<p>Hier beschreibe ich dir, warum der Krillax Boilie so beliebt ist, was er kann und vor allem warum er so funktioniert&#8230;<\/p>\n\n\n\n<figure class=\"wp-block-embed is-type-video is-provider-youtube wp-block-embed-youtube wp-embed-aspect-16-9 wp-has-aspect-ratio\"><div class=\"wp-block-embed__wrapper\">\n<iframe loading=\"lazy\" title=\"\ud83c\udfa3Das Geheimnis hinter KRILLAX \ud83c\udfa3 \u2013 Warum dieser Boilie so brutal f\u00e4ngt!\" width=\"980\" height=\"551\" src=\"https:\/\/www.youtube.com\/embed\/rep0ZjRr1mk?feature=oembed&#038;enablejsapi=1&#038;origin=https:\/\/www.carpfisher.eu\" frameborder=\"0\" allow=\"accelerometer; autoplay; clipboard-write; encrypted-media; gyroscope; picture-in-picture; web-share\" referrerpolicy=\"strict-origin-when-cross-origin\" allowfullscreen><\/iframe>\n<\/div><\/figure>\n","protected":false},"excerpt":{"rendered":"<p>Die s\u00fc\u00df, gelbe Verf\u00fchrung! Der &#8222;Unfall&#8220; MuThu! Wie aus einem falschen Boilie Konzept ein spezielles Einsatzgebiet wurde f\u00fcr die dicken Karpfen wurde! Hochattraktiv Boilies boosten! In diesem Video stelle ich dir mein Lieblingsrezept vor, um Boilies sehr attraktiv zu boosten! Darum brauchst du Krillax Boilies: Hier beschreibe ich dir, warum der Krillax Boilie so beliebt [&hellip;]<\/p>\n","protected":false},"author":2,"featured_media":0,"parent":0,"menu_order":0,"comment_status":"closed","ping_status":"closed","template":"","meta":{"sfsi_plus_gutenberg_text_before_share":"","sfsi_plus_gutenberg_show_text_before_share":"","sfsi_plus_gutenberg_icon_type":"","sfsi_plus_gutenberg_icon_alignemt":"","sfsi_plus_gutenburg_max_per_row":"","footnotes":""},"class_list":["post-1266","page","type-page","status-publish","hentry"],"yoast_head":"<!-- This site is optimized with the Yoast SEO plugin v27.2 - https:\/\/yoast.com\/product\/yoast-seo-wordpress\/ -->\n<title>Produkt Videos - Carpfisher Shop<\/title>\n<meta name=\"robots\" content=\"index, follow, max-snippet:-1, max-image-preview:large, max-video-preview:-1\" \/>\n<link rel=\"canonical\" href=\"https:\/\/www.carpfisher.eu\/shop\/produkt-videos\/\" \/>\n<meta property=\"og:locale\" content=\"de_DE\" \/>\n<meta property=\"og:type\" content=\"article\" \/>\n<meta property=\"og:title\" content=\"Produkt Videos - Carpfisher Shop\" \/>\n<meta property=\"og:description\" content=\"Die s\u00fc\u00df, gelbe Verf\u00fchrung! Der &#8222;Unfall&#8220; MuThu! Wie aus einem falschen Boilie Konzept ein spezielles Einsatzgebiet wurde f\u00fcr die dicken Karpfen wurde! Hochattraktiv Boilies boosten! In diesem Video stelle ich dir mein Lieblingsrezept vor, um Boilies sehr attraktiv zu boosten! Darum brauchst du Krillax Boilies: Hier beschreibe ich dir, warum der Krillax Boilie so beliebt [&hellip;]\" \/>\n<meta property=\"og:url\" content=\"https:\/\/www.carpfisher.eu\/shop\/produkt-videos\/\" \/>\n<meta property=\"og:site_name\" content=\"Carpfisher Shop\" \/>\n<meta property=\"article:publisher\" content=\"https:\/\/www.facebook.com\/people\/Carpfishereu\/100066936180661\/\" \/>\n<meta property=\"article:modified_time\" content=\"2026-04-14T15:29:26+00:00\" \/>\n<meta name=\"twitter:card\" content=\"summary_large_image\" \/>\n<meta name=\"twitter:label1\" content=\"Gesch\u00e4tzte Lesezeit\" \/>\n\t<meta name=\"twitter:data1\" content=\"1\u00a0Minute\" \/>\n<script type=\"application\/ld+json\" class=\"yoast-schema-graph\">{\"@context\":\"https:\/\/schema.org\",\"@graph\":[{\"@type\":\"WebPage\",\"@id\":\"https:\/\/www.carpfisher.eu\/shop\/produkt-videos\/\",\"url\":\"https:\/\/www.carpfisher.eu\/shop\/produkt-videos\/\",\"name\":\"Produkt Videos - Carpfisher Shop\",\"isPartOf\":{\"@id\":\"https:\/\/www.carpfisher.eu\/shop\/#website\"},\"datePublished\":\"2024-11-05T16:01:56+00:00\",\"dateModified\":\"2026-04-14T15:29:26+00:00\",\"breadcrumb\":{\"@id\":\"https:\/\/www.carpfisher.eu\/shop\/produkt-videos\/#breadcrumb\"},\"inLanguage\":\"de\",\"potentialAction\":[{\"@type\":\"ReadAction\",\"target\":[\"https:\/\/www.carpfisher.eu\/shop\/produkt-videos\/\"]}]},{\"@type\":\"BreadcrumbList\",\"@id\":\"https:\/\/www.carpfisher.eu\/shop\/produkt-videos\/#breadcrumb\",\"itemListElement\":[{\"@type\":\"ListItem\",\"position\":1,\"name\":\"Startseite\",\"item\":\"https:\/\/www.carpfisher.eu\/shop\/\"},{\"@type\":\"ListItem\",\"position\":2,\"name\":\"Produkt Videos\"}]},{\"@type\":\"WebSite\",\"@id\":\"https:\/\/www.carpfisher.eu\/shop\/#website\",\"url\":\"https:\/\/www.carpfisher.eu\/shop\/\",\"name\":\"Carpfisher Shop\",\"description\":\"Shop f\u00fcr Karpfenangler, Boilies, Futter, Liquid, PopUps\",\"publisher\":{\"@id\":\"https:\/\/www.carpfisher.eu\/shop\/#organization\"},\"potentialAction\":[{\"@type\":\"SearchAction\",\"target\":{\"@type\":\"EntryPoint\",\"urlTemplate\":\"https:\/\/www.carpfisher.eu\/shop\/?s={search_term_string}\"},\"query-input\":{\"@type\":\"PropertyValueSpecification\",\"valueRequired\":true,\"valueName\":\"search_term_string\"}}],\"inLanguage\":\"de\"},{\"@type\":\"Organization\",\"@id\":\"https:\/\/www.carpfisher.eu\/shop\/#organization\",\"name\":\"Carpfisher Shop\",\"url\":\"https:\/\/www.carpfisher.eu\/shop\/\",\"logo\":{\"@type\":\"ImageObject\",\"inLanguage\":\"de\",\"@id\":\"https:\/\/www.carpfisher.eu\/shop\/#\/schema\/logo\/image\/\",\"url\":\"https:\/\/www.carpfisher.eu\/shop\/wp-content\/uploads\/2023\/04\/cropped-My-project-1-3.png\",\"contentUrl\":\"https:\/\/www.carpfisher.eu\/shop\/wp-content\/uploads\/2023\/04\/cropped-My-project-1-3.png\",\"width\":2154,\"height\":500,\"caption\":\"Carpfisher Shop\"},\"image\":{\"@id\":\"https:\/\/www.carpfisher.eu\/shop\/#\/schema\/logo\/image\/\"},\"sameAs\":[\"https:\/\/www.facebook.com\/people\/Carpfishereu\/100066936180661\/\"]}]}<\/script>\n<!-- \/ Yoast SEO plugin. -->","yoast_head_json":{"title":"Produkt Videos - Carpfisher Shop","robots":{"index":"index","follow":"follow","max-snippet":"max-snippet:-1","max-image-preview":"max-image-preview:large","max-video-preview":"max-video-preview:-1"},"canonical":"https:\/\/www.carpfisher.eu\/shop\/produkt-videos\/","og_locale":"de_DE","og_type":"article","og_title":"Produkt Videos - Carpfisher Shop","og_description":"Die s\u00fc\u00df, gelbe Verf\u00fchrung! Der &#8222;Unfall&#8220; MuThu! Wie aus einem falschen Boilie Konzept ein spezielles Einsatzgebiet wurde f\u00fcr die dicken Karpfen wurde! Hochattraktiv Boilies boosten! In diesem Video stelle ich dir mein Lieblingsrezept vor, um Boilies sehr attraktiv zu boosten! Darum brauchst du Krillax Boilies: Hier beschreibe ich dir, warum der Krillax Boilie so beliebt [&hellip;]","og_url":"https:\/\/www.carpfisher.eu\/shop\/produkt-videos\/","og_site_name":"Carpfisher Shop","article_publisher":"https:\/\/www.facebook.com\/people\/Carpfishereu\/100066936180661\/","article_modified_time":"2026-04-14T15:29:26+00:00","twitter_card":"summary_large_image","twitter_misc":{"Gesch\u00e4tzte Lesezeit":"1\u00a0Minute"},"schema":{"@context":"https:\/\/schema.org","@graph":[{"@type":"WebPage","@id":"https:\/\/www.carpfisher.eu\/shop\/produkt-videos\/","url":"https:\/\/www.carpfisher.eu\/shop\/produkt-videos\/","name":"Produkt Videos - Carpfisher Shop","isPartOf":{"@id":"https:\/\/www.carpfisher.eu\/shop\/#website"},"datePublished":"2024-11-05T16:01:56+00:00","dateModified":"2026-04-14T15:29:26+00:00","breadcrumb":{"@id":"https:\/\/www.carpfisher.eu\/shop\/produkt-videos\/#breadcrumb"},"inLanguage":"de","potentialAction":[{"@type":"ReadAction","target":["https:\/\/www.carpfisher.eu\/shop\/produkt-videos\/"]}]},{"@type":"BreadcrumbList","@id":"https:\/\/www.carpfisher.eu\/shop\/produkt-videos\/#breadcrumb","itemListElement":[{"@type":"ListItem","position":1,"name":"Startseite","item":"https:\/\/www.carpfisher.eu\/shop\/"},{"@type":"ListItem","position":2,"name":"Produkt Videos"}]},{"@type":"WebSite","@id":"https:\/\/www.carpfisher.eu\/shop\/#website","url":"https:\/\/www.carpfisher.eu\/shop\/","name":"Carpfisher Shop","description":"Shop f\u00fcr Karpfenangler, Boilies, Futter, Liquid, PopUps","publisher":{"@id":"https:\/\/www.carpfisher.eu\/shop\/#organization"},"potentialAction":[{"@type":"SearchAction","target":{"@type":"EntryPoint","urlTemplate":"https:\/\/www.carpfisher.eu\/shop\/?s={search_term_string}"},"query-input":{"@type":"PropertyValueSpecification","valueRequired":true,"valueName":"search_term_string"}}],"inLanguage":"de"},{"@type":"Organization","@id":"https:\/\/www.carpfisher.eu\/shop\/#organization","name":"Carpfisher Shop","url":"https:\/\/www.carpfisher.eu\/shop\/","logo":{"@type":"ImageObject","inLanguage":"de","@id":"https:\/\/www.carpfisher.eu\/shop\/#\/schema\/logo\/image\/","url":"https:\/\/www.carpfisher.eu\/shop\/wp-content\/uploads\/2023\/04\/cropped-My-project-1-3.png","contentUrl":"https:\/\/www.carpfisher.eu\/shop\/wp-content\/uploads\/2023\/04\/cropped-My-project-1-3.png","width":2154,"height":500,"caption":"Carpfisher Shop"},"image":{"@id":"https:\/\/www.carpfisher.eu\/shop\/#\/schema\/logo\/image\/"},"sameAs":["https:\/\/www.facebook.com\/people\/Carpfishereu\/100066936180661\/"]}]}},"_links":{"self":[{"href":"https:\/\/www.carpfisher.eu\/shop\/wp-json\/wp\/v2\/pages\/1266","targetHints":{"allow":["GET"]}}],"collection":[{"href":"https:\/\/www.carpfisher.eu\/shop\/wp-json\/wp\/v2\/pages"}],"about":[{"href":"https:\/\/www.carpfisher.eu\/shop\/wp-json\/wp\/v2\/types\/page"}],"author":[{"embeddable":true,"href":"https:\/\/www.carpfisher.eu\/shop\/wp-json\/wp\/v2\/users\/2"}],"replies":[{"embeddable":true,"href":"https:\/\/www.carpfisher.eu\/shop\/wp-json\/wp\/v2\/comments?post=1266"}],"version-history":[{"count":5,"href":"https:\/\/www.carpfisher.eu\/shop\/wp-json\/wp\/v2\/pages\/1266\/revisions"}],"predecessor-version":[{"id":2000,"href":"https:\/\/www.carpfisher.eu\/shop\/wp-json\/wp\/v2\/pages\/1266\/revisions\/2000"}],"wp:attachment":[{"href":"https:\/\/www.carpfisher.eu\/shop\/wp-json\/wp\/v2\/media?parent=1266"}],"curies":[{"name":"wp","href":"https:\/\/api.w.org\/{rel}","templated":true}]}}