{"id":172,"date":"2023-03-24T11:24:51","date_gmt":"2023-03-24T10:24:51","guid":{"rendered":"https:\/\/carpfisher.eu\/shop\/?page_id=172"},"modified":"2026-04-30T18:21:01","modified_gmt":"2026-04-30T16:21:01","slug":"willkommen","status":"publish","type":"page","link":"https:\/\/www.carpfisher.eu\/shop\/","title":{"rendered":""},"content":{"rendered":"\n<h3 class=\"wp-block-heading has-text-align-center\">Auch unter Wasser ist jetzt Fr\u00fchling!<\/h3>\n\n\n\n<p class=\"has-text-align-center\">Die Karpfen sind auf den meisten Gew\u00e4ssern jetzt voll in Bewegung &#8211; das Fressen beginnt!<br>Fr\u00fchjahr ist PopUp Zeit! Beachtet unsere Angebotspreise bei den PopUps!<\/p>\n\n\n\n<h4 class=\"wp-block-heading has-text-align-center\"><strong>Der Bulk Preis 2026 pro kg Boilies:<\/strong><\/h4>\n\n\n\n<p class=\"has-text-align-center\"><strong><a href=\"https:\/\/www.carpfisher.eu\/shop\/produkt-kategorie\/cf-boilie-range\/krillax-boilie\/\">Krillax<\/a>, <a href=\"https:\/\/www.carpfisher.eu\/shop\/produkt-kategorie\/cf-boilie-range\/muthu\/\">MuThu<\/a>, <a href=\"https:\/\/www.carpfisher.eu\/shop\/produkt-kategorie\/cf-boilie-range\/scopetz-boilie\/\">ScopetZ<\/a>: <\/strong><br>15 kg = 7,50\/kg | 30 kg = 6,90\/kg<br><strong><a href=\"https:\/\/www.carpfisher.eu\/shop\/produkt-kategorie\/cf-boilie-range\/squiver-extreme\/\">Squiver Extreme<\/a>: <\/strong><br>15 kg = 9,10\/kg | 30 kg = 8,40\/kg<\/p>\n\n\n\n<p class=\"has-text-align-center\"><strong><mark style=\"background-color:rgba(0, 0, 0, 0)\" class=\"has-inline-color has-vivid-cyan-blue-color\">Bei Abnahmemengen \u00fcber 100 kg, meldet euch bitte direkt bei mir &#8211; wie gehabt!<\/mark><\/strong><\/p>\n\n\n\n<p class=\"has-text-align-center\">Neu: <a href=\"https:\/\/www.carpfisher.eu\/shop\/produkt-kategorie\/booster\/insekten-aus-der-dose\/\">Insekten <\/a>aus der Dose!<\/p>\n\n\n\n<p class=\"has-text-align-center\"><\/p>\n\n\n\n<p class=\"has-text-align-center\"><div class=\"sfsi_plus_widget\"><div id=\"sfsi_plus_wDiv\"><\/div><div class=\"sfsiplus_norm_row sfsi_plus_wDiv\"  style=\"width:225px;position:absolute;;text-align:left\"><div style='width:40px; height:auto;margin-left:5px;margin-bottom:5px;' class='sfsi_plus_wicons shuffeldiv1 '><div class='sfsiplus_inerCnt'><a class='sficn1' data-effect='' target='_blank' rel='noopener'  href='https:\/\/www.facebook.com\/profile.php?id=100066936180661'  style='width:40px; height:40px;opacity:1;' ><img alt='Facebook' title='Facebook' src='https:\/\/www.carpfisher.eu\/shop\/wp-content\/plugins\/ultimate-social-media-plus\/images\/icons_theme\/default\/default_fb.png' width='40' height='40' style='' class='sfcm sfsi_wicon sfsiplusid_round_icon_facebook' data-effect=''  \/><\/a><div class=\"sfsi_plus_tool_tip_2 sfsi_plus_fb_tool_bdr sfsi_plus_Tlleft sfsiplusid_facebook\" style=\"display:block;width:62px;opacity:0;z-index:-1;\"><span class=\"bot_arow bot_fb_arow\"><\/span><div class=\"sfsi_plus_inside\"><div  class='icon2'><div class=\"fb-like\" data-width=\"180\" data-show-faces=\"false\" data-href=\"https%3A%2F%2Fwww.carpfisher.eu%2Fshop%2Fwp-json%2Fwp%2Fv2%2Fpages%2F172%2F\" data-layout=\"button\" data-action=\"like\" data-share=\"false\" ><\/div><\/div><div  class='icon3'><a target='_blank' href='https:\/\/www.facebook.com\/sharer\/sharer.php?u=https%3A%2F%2Fwww.carpfisher.eu%2Fshop%2Fwp-json%2Fwp%2Fv2%2Fpages%2F172' style='display:inline-block;'> <img class='sfsi_wicon'  data-pin-nopin='true' width='auto' height='auto' alt='fb-share-icon' title='Facebook Share' src='https:\/\/www.carpfisher.eu\/shop\/wp-content\/plugins\/ultimate-social-media-plus\/images\/share_icons\/fb_icons\/en_US.svg''  \/><\/a><\/div><\/div><\/div><\/div><\/div><div style='width:40px; height:auto;margin-left:5px;margin-bottom:5px;' class='sfsi_plus_wicons shuffeldiv1 '><div class='sfsiplus_inerCnt'><a class='sficn1' data-effect='' target='_blank' rel='noopener'  href='https:\/\/www.youtube.com\/@carpfishereu'  style='width:40px; height:40px;opacity:1;' ><img alt='YouTube' title='YouTube' src='https:\/\/www.carpfisher.eu\/shop\/wp-content\/plugins\/ultimate-social-media-plus\/images\/icons_theme\/default\/default_youtube.png' width='40' height='40' style='' class='sfcm sfsi_wicon sfsiplusid_round_icon_youtube' data-effect=''  \/><\/a><div class=\"sfsi_plus_tool_tip_2 utube_tool_bdr sfsi_plus_Tlleft sfsiplusid_youtube\" style=\"display:block;width:96px;opacity:0;z-index:-1;\"><span class=\"bot_arow bot_utube_arow\"><\/span><div class=\"sfsi_plus_inside\"><div  class='icon1'><a href='https:\/\/www.youtube.com\/@carpfishereu'  target='_blank' rel='noopener'><img class='sfsi_plus_wicon' alt='YouTube' title='YouTube' src='https:\/\/www.carpfisher.eu\/shop\/wp-content\/plugins\/ultimate-social-media-plus\/images\/visit_icons\/youtube.png'  \/><\/a><\/div><div  class='icon2'><div class=\"g-ytsubscribe\" data-channelid=\"UC7CdIycvNCXpw1z_-PqxLTw\" data-layout=\"default\" data-count=\"hidden\"><\/div><\/div><\/div><\/div><\/div><\/div><div style='width:40px; height:auto;margin-left:5px;margin-bottom:5px;' class='sfsi_plus_wicons shuffeldiv1 '><div class='sfsiplus_inerCnt'><a class='sficn1' data-effect='' target='_blank' rel='noopener'  href='https:\/\/instagram.com\/carpfisher.eu?igshid=ZDdkNTZiNTM='  style='width:40px; height:40px;opacity:1;' ><img alt='Instagram' title='Instagram' src='https:\/\/www.carpfisher.eu\/shop\/wp-content\/plugins\/ultimate-social-media-plus\/images\/icons_theme\/default\/default_instagram.png' width='40' height='40' style='' class='sfcm sfsi_wicon sfsiplusid_round_icon_instagram' data-effect=''  \/><\/a><\/div><\/div><\/div ><div id=\"sfsi_holder\" class=\"sfsi_plus_holders\" style=\"position: relative; float: left;width:100%;z-index:-1;\"><\/div ><script><\/script><div style=\"clear: both;\"><\/div><\/div><\/p>\n\n\n\n<h4 class=\"wp-block-heading has-text-align-center\" style=\"font-style:italic;font-weight:100\">Hart! Sehr rund! UND gesund! So f\u00e4ngst du die gro\u00dfen Karpfen!<\/h4>\n\n\n\n<p class=\"has-text-align-center\">Beachtet die Preisstaffelung &#8211; je nach Abnahme Menge &#8211; Sie wurde f\u00fcr Angler, die sehr viel Zeit am Wasser verbringen, gestaltet!<\/p>\n\n\n\n<p class=\"has-text-align-center\"><strong>Krillax <\/strong>= <a href=\"https:\/\/www.carpfisher.eu\/shop\/produkt-kategorie\/cf-boilie-range\/krillax-boilie\/\">die Futterplatz Maschine!<\/a><\/p>\n\n\n\n<p class=\"has-text-align-center\"><strong>MuThu <\/strong>= <a href=\"https:\/\/www.carpfisher.eu\/shop\/produkt-kategorie\/cf-boilie-range\/muthu\/\">der Allesk\u00f6nner!<\/a><\/p>\n\n\n\n<p class=\"has-text-align-center\"><strong>ScopetZ <\/strong>= <a href=\"https:\/\/www.carpfisher.eu\/shop\/produkt-kategorie\/cf-boilie-range\/scopetz-boilie\/\">der Klassiker!<\/a><\/p>\n\n\n\n<p class=\"has-text-align-center\"><strong>Squiver Extreme<\/strong> = <a href=\"https:\/\/www.carpfisher.eu\/shop\/produkt-kategorie\/cf-boilie-range\/squiver-extreme\/\">die Instant Institution!<\/a><\/p>\n\n\n\n<p class=\"has-text-align-center\"><strong>Aktuell das optimale Karpfen Futter f\u00fcr diese Jahreszeit hier im Bundle mit Rabatt:<\/strong><\/p>\n\n\n<div class=\"wp-block-image\">\n<figure class=\"aligncenter size-large\"><a href=\"https:\/\/www.carpfisher.eu\/shop\/produkt\/teig-bundle-krillax-5-kg\/\"><img loading=\"lazy\" decoding=\"async\" width=\"1024\" height=\"683\" src=\"https:\/\/www.carpfisher.eu\/shop\/wp-content\/uploads\/2026\/03\/Krillax-Teig-Bait-in-Action-1024x683.png\" alt=\"\" class=\"wp-image-1937\" srcset=\"https:\/\/www.carpfisher.eu\/shop\/wp-content\/uploads\/2026\/03\/Krillax-Teig-Bait-in-Action-1024x683.png 1024w, https:\/\/www.carpfisher.eu\/shop\/wp-content\/uploads\/2026\/03\/Krillax-Teig-Bait-in-Action-300x200.png 300w, https:\/\/www.carpfisher.eu\/shop\/wp-content\/uploads\/2026\/03\/Krillax-Teig-Bait-in-Action-768x512.png 768w, https:\/\/www.carpfisher.eu\/shop\/wp-content\/uploads\/2026\/03\/Krillax-Teig-Bait-in-Action-416x277.png 416w, https:\/\/www.carpfisher.eu\/shop\/wp-content\/uploads\/2026\/03\/Krillax-Teig-Bait-in-Action-64x43.png 64w, https:\/\/www.carpfisher.eu\/shop\/wp-content\/uploads\/2026\/03\/Krillax-Teig-Bait-in-Action.png 1536w\" sizes=\"auto, (max-width: 1024px) 100vw, 1024px\" \/><\/a><\/figure>\n<\/div>\n\n\n<h4 class=\"wp-block-heading has-text-align-center\"><em>Boilies <\/em>&#8211; <em>Bestes Karpfen Futter &#8211; fairer Preis!<\/em><\/h4>\n\n\n\n<p class=\"has-text-align-center\">Das Grundger\u00fcst des Boilie Mixes und die Inhaltsstoffe werden von uns sehr transparent angegeben. So wei\u00df der Kunde wof\u00fcr er bezahlt! Jeder Boilie aus unserem Haus wird aus Rezepten hergestellt, die ALLE wichtige Fette, Kohlenhydrate und selbstverst\u00e4ndlich Proteine beinhalten! <\/p>\n\n\n\n<p class=\"has-text-align-center\">Jede Sorte hat ihre St\u00e4rken und Einsatzgebiete &#8211; lesen sie dazu bitte die ausf\u00fchrlichen Produkt Beschreibungen!<br>Auch das boosten mit Liquids, Extrakten und Zusatzstoffen wird hier ausf\u00fchrlich beschrieben!<\/p>\n\n\n\n<p class=\"has-text-align-center\">Sollten sie Beratung w\u00fcnschen, rufen sie mich gerne an oder schreiben mir ein Mail!<\/p>\n\n\n\n<p class=\"has-text-align-center\">Stefan Sieder, <a href=\"mailto:office@carpfisher.eu\">office@carpfisher.eu<\/a> oder 00436643467323<\/p>\n\n\n\n\n\n\n\n<p><\/p>\n\n\n<div class=\"wp-block-image\">\n<figure class=\"aligncenter size-large is-resized\"><img loading=\"lazy\" decoding=\"async\" width=\"1024\" height=\"41\" src=\"https:\/\/www.carpfisher.eu\/shop\/wp-content\/uploads\/2024\/06\/Flaggen-Parade-1024x41.png\" alt=\"\" class=\"wp-image-1128\" style=\"width:794px;height:auto\" srcset=\"https:\/\/www.carpfisher.eu\/shop\/wp-content\/uploads\/2024\/06\/Flaggen-Parade-1024x41.png 1024w, https:\/\/www.carpfisher.eu\/shop\/wp-content\/uploads\/2024\/06\/Flaggen-Parade-300x12.png 300w, https:\/\/www.carpfisher.eu\/shop\/wp-content\/uploads\/2024\/06\/Flaggen-Parade-768x31.png 768w, https:\/\/www.carpfisher.eu\/shop\/wp-content\/uploads\/2024\/06\/Flaggen-Parade-1536x61.png 1536w, https:\/\/www.carpfisher.eu\/shop\/wp-content\/uploads\/2024\/06\/Flaggen-Parade-2048x82.png 2048w, https:\/\/www.carpfisher.eu\/shop\/wp-content\/uploads\/2024\/06\/Flaggen-Parade-416x17.png 416w, https:\/\/www.carpfisher.eu\/shop\/wp-content\/uploads\/2024\/06\/Flaggen-Parade-64x3.png 64w\" sizes=\"auto, (max-width: 1024px) 100vw, 1024px\" \/><\/figure>\n<\/div>","protected":false},"excerpt":{"rendered":"<p>Auch unter Wasser ist jetzt Fr\u00fchling! Die Karpfen sind auf den meisten Gew\u00e4ssern jetzt voll in Bewegung &#8211; das Fressen beginnt!Fr\u00fchjahr ist PopUp Zeit! Beachtet unsere Angebotspreise bei den PopUps! Der Bulk Preis 2026 pro kg Boilies: Krillax, MuThu, ScopetZ: 15 kg = 7,50\/kg | 30 kg = 6,90\/kgSquiver Extreme: 15 kg = 9,10\/kg | [&hellip;]<\/p>\n","protected":false},"author":2,"featured_media":0,"parent":0,"menu_order":0,"comment_status":"closed","ping_status":"closed","template":"","meta":{"sfsi_plus_gutenberg_text_before_share":"","sfsi_plus_gutenberg_show_text_before_share":"","sfsi_plus_gutenberg_icon_type":"","sfsi_plus_gutenberg_icon_alignemt":"","sfsi_plus_gutenburg_max_per_row":"","footnotes":""},"class_list":["post-172","page","type-page","status-publish","hentry"],"yoast_head":"<!-- This site is optimized with the Yoast SEO plugin v27.2 - https:\/\/yoast.com\/product\/yoast-seo-wordpress\/ -->\n<title>Angel Shop - Angel K\u00f6der kaufen - Karpfen fischen | Carpfisher.eu<\/title>\n<meta name=\"description\" content=\"Super attraktive Instant K\u00f6der bis zum Langzeitfutterplatz Boilie. Alles was du brauchst und das zu absolut fairen Preisen!\" \/>\n<meta name=\"robots\" content=\"index, follow, max-snippet:-1, max-image-preview:large, max-video-preview:-1\" \/>\n<link rel=\"canonical\" href=\"https:\/\/www.carpfisher.eu\/shop\/\" \/>\n<meta property=\"og:locale\" content=\"de_DE\" \/>\n<meta property=\"og:type\" content=\"article\" \/>\n<meta property=\"og:title\" content=\"Angel Shop - Angel K\u00f6der kaufen - Karpfen fischen | Carpfisher.eu\" \/>\n<meta property=\"og:description\" content=\"Super attraktive Instant K\u00f6der bis zum Langzeitfutterplatz Boilie. Alles was du brauchst und das zu absolut fairen Preisen!\" \/>\n<meta property=\"og:url\" content=\"https:\/\/www.carpfisher.eu\/shop\/\" \/>\n<meta property=\"og:site_name\" content=\"Carpfisher Shop\" \/>\n<meta property=\"article:publisher\" content=\"https:\/\/www.facebook.com\/people\/Carpfishereu\/100066936180661\/\" \/>\n<meta property=\"article:modified_time\" content=\"2026-04-30T16:21:01+00:00\" \/>\n<meta property=\"og:image\" content=\"https:\/\/www.carpfisher.eu\/shop\/wp-content\/uploads\/2026\/03\/Krillax-Teig-Bait-in-Action-1024x683.png\" \/>\n<meta name=\"twitter:card\" content=\"summary_large_image\" \/>\n<meta name=\"twitter:label1\" content=\"Gesch\u00e4tzte Lesezeit\" \/>\n\t<meta name=\"twitter:data1\" content=\"2\u00a0Minuten\" \/>\n<script type=\"application\/ld+json\" class=\"yoast-schema-graph\">{\"@context\":\"https:\/\/schema.org\",\"@graph\":[{\"@type\":\"WebPage\",\"@id\":\"https:\/\/www.carpfisher.eu\/shop\/\",\"url\":\"https:\/\/www.carpfisher.eu\/shop\/\",\"name\":\"Angel Shop - Angel K\u00f6der kaufen - Karpfen fischen | Carpfisher.eu\",\"isPartOf\":{\"@id\":\"https:\/\/www.carpfisher.eu\/shop\/#website\"},\"primaryImageOfPage\":{\"@id\":\"https:\/\/www.carpfisher.eu\/shop\/#primaryimage\"},\"image\":{\"@id\":\"https:\/\/www.carpfisher.eu\/shop\/#primaryimage\"},\"thumbnailUrl\":\"https:\/\/www.carpfisher.eu\/shop\/wp-content\/uploads\/2026\/03\/Krillax-Teig-Bait-in-Action-1024x683.png\",\"datePublished\":\"2023-03-24T10:24:51+00:00\",\"dateModified\":\"2026-04-30T16:21:01+00:00\",\"description\":\"Super attraktive Instant K\u00f6der bis zum Langzeitfutterplatz Boilie. Alles was du brauchst und das zu absolut fairen Preisen!\",\"inLanguage\":\"de\",\"potentialAction\":[{\"@type\":\"ReadAction\",\"target\":[\"https:\/\/www.carpfisher.eu\/shop\/\"]}]},{\"@type\":\"ImageObject\",\"inLanguage\":\"de\",\"@id\":\"https:\/\/www.carpfisher.eu\/shop\/#primaryimage\",\"url\":\"https:\/\/www.carpfisher.eu\/shop\/wp-content\/uploads\/2026\/03\/Krillax-Teig-Bait-in-Action.png\",\"contentUrl\":\"https:\/\/www.carpfisher.eu\/shop\/wp-content\/uploads\/2026\/03\/Krillax-Teig-Bait-in-Action.png\",\"width\":1536,\"height\":1024},{\"@type\":\"WebSite\",\"@id\":\"https:\/\/www.carpfisher.eu\/shop\/#website\",\"url\":\"https:\/\/www.carpfisher.eu\/shop\/\",\"name\":\"Carpfisher Shop\",\"description\":\"Shop f\u00fcr Karpfenangler, Boilies, Futter, Liquid, PopUps\",\"publisher\":{\"@id\":\"https:\/\/www.carpfisher.eu\/shop\/#organization\"},\"potentialAction\":[{\"@type\":\"SearchAction\",\"target\":{\"@type\":\"EntryPoint\",\"urlTemplate\":\"https:\/\/www.carpfisher.eu\/shop\/?s={search_term_string}\"},\"query-input\":{\"@type\":\"PropertyValueSpecification\",\"valueRequired\":true,\"valueName\":\"search_term_string\"}}],\"inLanguage\":\"de\"},{\"@type\":\"Organization\",\"@id\":\"https:\/\/www.carpfisher.eu\/shop\/#organization\",\"name\":\"Carpfisher Shop\",\"url\":\"https:\/\/www.carpfisher.eu\/shop\/\",\"logo\":{\"@type\":\"ImageObject\",\"inLanguage\":\"de\",\"@id\":\"https:\/\/www.carpfisher.eu\/shop\/#\/schema\/logo\/image\/\",\"url\":\"https:\/\/www.carpfisher.eu\/shop\/wp-content\/uploads\/2023\/04\/cropped-My-project-1-3.png\",\"contentUrl\":\"https:\/\/www.carpfisher.eu\/shop\/wp-content\/uploads\/2023\/04\/cropped-My-project-1-3.png\",\"width\":2154,\"height\":500,\"caption\":\"Carpfisher Shop\"},\"image\":{\"@id\":\"https:\/\/www.carpfisher.eu\/shop\/#\/schema\/logo\/image\/\"},\"sameAs\":[\"https:\/\/www.facebook.com\/people\/Carpfishereu\/100066936180661\/\"]}]}<\/script>\n<!-- \/ Yoast SEO plugin. -->","yoast_head_json":{"title":"Angel Shop - Angel K\u00f6der kaufen - Karpfen fischen | Carpfisher.eu","description":"Super attraktive Instant K\u00f6der bis zum Langzeitfutterplatz Boilie. Alles was du brauchst und das zu absolut fairen Preisen!","robots":{"index":"index","follow":"follow","max-snippet":"max-snippet:-1","max-image-preview":"max-image-preview:large","max-video-preview":"max-video-preview:-1"},"canonical":"https:\/\/www.carpfisher.eu\/shop\/","og_locale":"de_DE","og_type":"article","og_title":"Angel Shop - Angel K\u00f6der kaufen - Karpfen fischen | Carpfisher.eu","og_description":"Super attraktive Instant K\u00f6der bis zum Langzeitfutterplatz Boilie. Alles was du brauchst und das zu absolut fairen Preisen!","og_url":"https:\/\/www.carpfisher.eu\/shop\/","og_site_name":"Carpfisher Shop","article_publisher":"https:\/\/www.facebook.com\/people\/Carpfishereu\/100066936180661\/","article_modified_time":"2026-04-30T16:21:01+00:00","og_image":[{"url":"https:\/\/www.carpfisher.eu\/shop\/wp-content\/uploads\/2026\/03\/Krillax-Teig-Bait-in-Action-1024x683.png","type":"","width":"","height":""}],"twitter_card":"summary_large_image","twitter_misc":{"Gesch\u00e4tzte Lesezeit":"2\u00a0Minuten"},"schema":{"@context":"https:\/\/schema.org","@graph":[{"@type":"WebPage","@id":"https:\/\/www.carpfisher.eu\/shop\/","url":"https:\/\/www.carpfisher.eu\/shop\/","name":"Angel Shop - Angel K\u00f6der kaufen - Karpfen fischen | Carpfisher.eu","isPartOf":{"@id":"https:\/\/www.carpfisher.eu\/shop\/#website"},"primaryImageOfPage":{"@id":"https:\/\/www.carpfisher.eu\/shop\/#primaryimage"},"image":{"@id":"https:\/\/www.carpfisher.eu\/shop\/#primaryimage"},"thumbnailUrl":"https:\/\/www.carpfisher.eu\/shop\/wp-content\/uploads\/2026\/03\/Krillax-Teig-Bait-in-Action-1024x683.png","datePublished":"2023-03-24T10:24:51+00:00","dateModified":"2026-04-30T16:21:01+00:00","description":"Super attraktive Instant K\u00f6der bis zum Langzeitfutterplatz Boilie. Alles was du brauchst und das zu absolut fairen Preisen!","inLanguage":"de","potentialAction":[{"@type":"ReadAction","target":["https:\/\/www.carpfisher.eu\/shop\/"]}]},{"@type":"ImageObject","inLanguage":"de","@id":"https:\/\/www.carpfisher.eu\/shop\/#primaryimage","url":"https:\/\/www.carpfisher.eu\/shop\/wp-content\/uploads\/2026\/03\/Krillax-Teig-Bait-in-Action.png","contentUrl":"https:\/\/www.carpfisher.eu\/shop\/wp-content\/uploads\/2026\/03\/Krillax-Teig-Bait-in-Action.png","width":1536,"height":1024},{"@type":"WebSite","@id":"https:\/\/www.carpfisher.eu\/shop\/#website","url":"https:\/\/www.carpfisher.eu\/shop\/","name":"Carpfisher Shop","description":"Shop f\u00fcr Karpfenangler, Boilies, Futter, Liquid, PopUps","publisher":{"@id":"https:\/\/www.carpfisher.eu\/shop\/#organization"},"potentialAction":[{"@type":"SearchAction","target":{"@type":"EntryPoint","urlTemplate":"https:\/\/www.carpfisher.eu\/shop\/?s={search_term_string}"},"query-input":{"@type":"PropertyValueSpecification","valueRequired":true,"valueName":"search_term_string"}}],"inLanguage":"de"},{"@type":"Organization","@id":"https:\/\/www.carpfisher.eu\/shop\/#organization","name":"Carpfisher Shop","url":"https:\/\/www.carpfisher.eu\/shop\/","logo":{"@type":"ImageObject","inLanguage":"de","@id":"https:\/\/www.carpfisher.eu\/shop\/#\/schema\/logo\/image\/","url":"https:\/\/www.carpfisher.eu\/shop\/wp-content\/uploads\/2023\/04\/cropped-My-project-1-3.png","contentUrl":"https:\/\/www.carpfisher.eu\/shop\/wp-content\/uploads\/2023\/04\/cropped-My-project-1-3.png","width":2154,"height":500,"caption":"Carpfisher Shop"},"image":{"@id":"https:\/\/www.carpfisher.eu\/shop\/#\/schema\/logo\/image\/"},"sameAs":["https:\/\/www.facebook.com\/people\/Carpfishereu\/100066936180661\/"]}]}},"_links":{"self":[{"href":"https:\/\/www.carpfisher.eu\/shop\/wp-json\/wp\/v2\/pages\/172","targetHints":{"allow":["GET"]}}],"collection":[{"href":"https:\/\/www.carpfisher.eu\/shop\/wp-json\/wp\/v2\/pages"}],"about":[{"href":"https:\/\/www.carpfisher.eu\/shop\/wp-json\/wp\/v2\/types\/page"}],"author":[{"embeddable":true,"href":"https:\/\/www.carpfisher.eu\/shop\/wp-json\/wp\/v2\/users\/2"}],"replies":[{"embeddable":true,"href":"https:\/\/www.carpfisher.eu\/shop\/wp-json\/wp\/v2\/comments?post=172"}],"version-history":[{"count":112,"href":"https:\/\/www.carpfisher.eu\/shop\/wp-json\/wp\/v2\/pages\/172\/revisions"}],"predecessor-version":[{"id":2011,"href":"https:\/\/www.carpfisher.eu\/shop\/wp-json\/wp\/v2\/pages\/172\/revisions\/2011"}],"wp:attachment":[{"href":"https:\/\/www.carpfisher.eu\/shop\/wp-json\/wp\/v2\/media?parent=172"}],"curies":[{"name":"wp","href":"https:\/\/api.w.org\/{rel}","templated":true}]}}