{"id":207,"date":"2023-03-26T17:46:36","date_gmt":"2023-03-26T15:46:36","guid":{"rendered":"https:\/\/carpfisher.eu\/shop\/?page_id=207"},"modified":"2025-09-02T11:26:19","modified_gmt":"2025-09-02T09:26:19","slug":"gls-versandkosten","status":"publish","type":"page","link":"https:\/\/www.carpfisher.eu\/shop\/gls-versandkosten\/","title":{"rendered":"GLS Versandkosten"},"content":{"rendered":"\n<p>Dieselben Kosten, egal welches Land!<\/p>\n\n\n\n<p>bis 20 kg: 7,90 \u20ac<\/p>\n\n\n\n<p>20,1 bis 31 kg: 14,90 \u20ac<\/p>\n\n\n\n<p>ab 31,1 kg: 19,90 \u20ac<\/p>\n\n\n\n<p>Die Versandkosten werden im Warenkorb automatisch berechnet, nachdem sie das Lieferland eingegeben haben.<\/p>\n\n\n\n<p>Die durchschnittlichen <a href=\"https:\/\/carpfisher.eu\/shop\/lieferzeit\/\">Lieferzeiten <\/a>finden sie hier&#8230;<\/p>\n\n\n\n<p>Hinweis: Der zu zahlende Betrag wird endg\u00fcltig erst im Warenkorb berechnet, da laut EU Gesetz der Steuersatz des Empf\u00e4ngerlandes anzuwenden ist. Dies erfolgt immer automatisch nach der Eingabe der Empf\u00e4ngerdaten.<\/p>\n\n\n<div class=\"wp-block-image\">\n<figure class=\"aligncenter size-large\"><img loading=\"lazy\" decoding=\"async\" width=\"1024\" height=\"229\" src=\"https:\/\/carpfisher.eu\/shop\/wp-content\/uploads\/2023\/03\/gls-logo-1-1024x229.png\" alt=\"\" class=\"wp-image-213\" srcset=\"https:\/\/www.carpfisher.eu\/shop\/wp-content\/uploads\/2023\/03\/gls-logo-1-1024x229.png 1024w, https:\/\/www.carpfisher.eu\/shop\/wp-content\/uploads\/2023\/03\/gls-logo-1-300x67.png 300w, https:\/\/www.carpfisher.eu\/shop\/wp-content\/uploads\/2023\/03\/gls-logo-1-768x171.png 768w, https:\/\/www.carpfisher.eu\/shop\/wp-content\/uploads\/2023\/03\/gls-logo-1-1536x343.png 1536w, https:\/\/www.carpfisher.eu\/shop\/wp-content\/uploads\/2023\/03\/gls-logo-1-2048x457.png 2048w, https:\/\/www.carpfisher.eu\/shop\/wp-content\/uploads\/2023\/03\/gls-logo-1-416x93.png 416w, https:\/\/www.carpfisher.eu\/shop\/wp-content\/uploads\/2023\/03\/gls-logo-1-64x14.png 64w\" sizes=\"auto, (max-width: 1024px) 100vw, 1024px\" \/><\/figure>\n<\/div>","protected":false},"excerpt":{"rendered":"<p>Dieselben Kosten, egal welches Land! bis 20 kg: 7,90 \u20ac 20,1 bis 31 kg: 14,90 \u20ac ab 31,1 kg: 19,90 \u20ac Die Versandkosten werden im Warenkorb automatisch berechnet, nachdem sie das Lieferland eingegeben haben. Die durchschnittlichen Lieferzeiten finden sie hier&#8230; Hinweis: Der zu zahlende Betrag wird endg\u00fcltig erst im Warenkorb berechnet, da laut EU Gesetz [&hellip;]<\/p>\n","protected":false},"author":2,"featured_media":0,"parent":0,"menu_order":0,"comment_status":"closed","ping_status":"closed","template":"","meta":{"sfsi_plus_gutenberg_text_before_share":"","sfsi_plus_gutenberg_show_text_before_share":"","sfsi_plus_gutenberg_icon_type":"","sfsi_plus_gutenberg_icon_alignemt":"","sfsi_plus_gutenburg_max_per_row":"","footnotes":""},"class_list":["post-207","page","type-page","status-publish","hentry"],"yoast_head":"<!-- This site is optimized with the Yoast SEO plugin v27.2 - https:\/\/yoast.com\/product\/yoast-seo-wordpress\/ -->\n<title>GLS Versandkosten - Carpfisher Shop<\/title>\n<meta name=\"robots\" content=\"index, follow, max-snippet:-1, max-image-preview:large, max-video-preview:-1\" \/>\n<link rel=\"canonical\" href=\"https:\/\/www.carpfisher.eu\/shop\/gls-versandkosten\/\" \/>\n<meta property=\"og:locale\" content=\"de_DE\" \/>\n<meta property=\"og:type\" content=\"article\" \/>\n<meta property=\"og:title\" content=\"GLS Versandkosten - Carpfisher Shop\" \/>\n<meta property=\"og:description\" content=\"Dieselben Kosten, egal welches Land! bis 20 kg: 7,90 \u20ac 20,1 bis 31 kg: 14,90 \u20ac ab 31,1 kg: 19,90 \u20ac Die Versandkosten werden im Warenkorb automatisch berechnet, nachdem sie das Lieferland eingegeben haben. Die durchschnittlichen Lieferzeiten finden sie hier&#8230; Hinweis: Der zu zahlende Betrag wird endg\u00fcltig erst im Warenkorb berechnet, da laut EU Gesetz [&hellip;]\" \/>\n<meta property=\"og:url\" content=\"https:\/\/www.carpfisher.eu\/shop\/gls-versandkosten\/\" \/>\n<meta property=\"og:site_name\" content=\"Carpfisher Shop\" \/>\n<meta property=\"article:publisher\" content=\"https:\/\/www.facebook.com\/people\/Carpfishereu\/100066936180661\/\" \/>\n<meta property=\"article:modified_time\" content=\"2025-09-02T09:26:19+00:00\" \/>\n<meta property=\"og:image\" content=\"https:\/\/www.carpfisher.eu\/shop\/wp-content\/uploads\/2023\/03\/gls-logo-1.png\" \/>\n\t<meta property=\"og:image:width\" content=\"2393\" \/>\n\t<meta property=\"og:image:height\" content=\"534\" \/>\n\t<meta property=\"og:image:type\" content=\"image\/png\" \/>\n<meta name=\"twitter:card\" content=\"summary_large_image\" \/>\n<meta name=\"twitter:label1\" content=\"Gesch\u00e4tzte Lesezeit\" \/>\n\t<meta name=\"twitter:data1\" content=\"1\u00a0Minute\" \/>\n<script type=\"application\/ld+json\" class=\"yoast-schema-graph\">{\"@context\":\"https:\/\/schema.org\",\"@graph\":[{\"@type\":\"WebPage\",\"@id\":\"https:\/\/www.carpfisher.eu\/shop\/gls-versandkosten\/\",\"url\":\"https:\/\/www.carpfisher.eu\/shop\/gls-versandkosten\/\",\"name\":\"GLS Versandkosten - Carpfisher Shop\",\"isPartOf\":{\"@id\":\"https:\/\/www.carpfisher.eu\/shop\/#website\"},\"primaryImageOfPage\":{\"@id\":\"https:\/\/www.carpfisher.eu\/shop\/gls-versandkosten\/#primaryimage\"},\"image\":{\"@id\":\"https:\/\/www.carpfisher.eu\/shop\/gls-versandkosten\/#primaryimage\"},\"thumbnailUrl\":\"https:\/\/carpfisher.eu\/shop\/wp-content\/uploads\/2023\/03\/gls-logo-1-1024x229.png\",\"datePublished\":\"2023-03-26T15:46:36+00:00\",\"dateModified\":\"2025-09-02T09:26:19+00:00\",\"breadcrumb\":{\"@id\":\"https:\/\/www.carpfisher.eu\/shop\/gls-versandkosten\/#breadcrumb\"},\"inLanguage\":\"de\",\"potentialAction\":[{\"@type\":\"ReadAction\",\"target\":[\"https:\/\/www.carpfisher.eu\/shop\/gls-versandkosten\/\"]}]},{\"@type\":\"ImageObject\",\"inLanguage\":\"de\",\"@id\":\"https:\/\/www.carpfisher.eu\/shop\/gls-versandkosten\/#primaryimage\",\"url\":\"https:\/\/carpfisher.eu\/shop\/wp-content\/uploads\/2023\/03\/gls-logo-1-1024x229.png\",\"contentUrl\":\"https:\/\/carpfisher.eu\/shop\/wp-content\/uploads\/2023\/03\/gls-logo-1-1024x229.png\"},{\"@type\":\"BreadcrumbList\",\"@id\":\"https:\/\/www.carpfisher.eu\/shop\/gls-versandkosten\/#breadcrumb\",\"itemListElement\":[{\"@type\":\"ListItem\",\"position\":1,\"name\":\"Startseite\",\"item\":\"https:\/\/www.carpfisher.eu\/shop\/\"},{\"@type\":\"ListItem\",\"position\":2,\"name\":\"GLS Versandkosten\"}]},{\"@type\":\"WebSite\",\"@id\":\"https:\/\/www.carpfisher.eu\/shop\/#website\",\"url\":\"https:\/\/www.carpfisher.eu\/shop\/\",\"name\":\"Carpfisher Shop\",\"description\":\"Shop f\u00fcr Karpfenangler, Boilies, Futter, Liquid, PopUps\",\"publisher\":{\"@id\":\"https:\/\/www.carpfisher.eu\/shop\/#organization\"},\"potentialAction\":[{\"@type\":\"SearchAction\",\"target\":{\"@type\":\"EntryPoint\",\"urlTemplate\":\"https:\/\/www.carpfisher.eu\/shop\/?s={search_term_string}\"},\"query-input\":{\"@type\":\"PropertyValueSpecification\",\"valueRequired\":true,\"valueName\":\"search_term_string\"}}],\"inLanguage\":\"de\"},{\"@type\":\"Organization\",\"@id\":\"https:\/\/www.carpfisher.eu\/shop\/#organization\",\"name\":\"Carpfisher Shop\",\"url\":\"https:\/\/www.carpfisher.eu\/shop\/\",\"logo\":{\"@type\":\"ImageObject\",\"inLanguage\":\"de\",\"@id\":\"https:\/\/www.carpfisher.eu\/shop\/#\/schema\/logo\/image\/\",\"url\":\"https:\/\/www.carpfisher.eu\/shop\/wp-content\/uploads\/2023\/04\/cropped-My-project-1-3.png\",\"contentUrl\":\"https:\/\/www.carpfisher.eu\/shop\/wp-content\/uploads\/2023\/04\/cropped-My-project-1-3.png\",\"width\":2154,\"height\":500,\"caption\":\"Carpfisher Shop\"},\"image\":{\"@id\":\"https:\/\/www.carpfisher.eu\/shop\/#\/schema\/logo\/image\/\"},\"sameAs\":[\"https:\/\/www.facebook.com\/people\/Carpfishereu\/100066936180661\/\"]}]}<\/script>\n<!-- \/ Yoast SEO plugin. -->","yoast_head_json":{"title":"GLS Versandkosten - Carpfisher Shop","robots":{"index":"index","follow":"follow","max-snippet":"max-snippet:-1","max-image-preview":"max-image-preview:large","max-video-preview":"max-video-preview:-1"},"canonical":"https:\/\/www.carpfisher.eu\/shop\/gls-versandkosten\/","og_locale":"de_DE","og_type":"article","og_title":"GLS Versandkosten - Carpfisher Shop","og_description":"Dieselben Kosten, egal welches Land! bis 20 kg: 7,90 \u20ac 20,1 bis 31 kg: 14,90 \u20ac ab 31,1 kg: 19,90 \u20ac Die Versandkosten werden im Warenkorb automatisch berechnet, nachdem sie das Lieferland eingegeben haben. Die durchschnittlichen Lieferzeiten finden sie hier&#8230; Hinweis: Der zu zahlende Betrag wird endg\u00fcltig erst im Warenkorb berechnet, da laut EU Gesetz [&hellip;]","og_url":"https:\/\/www.carpfisher.eu\/shop\/gls-versandkosten\/","og_site_name":"Carpfisher Shop","article_publisher":"https:\/\/www.facebook.com\/people\/Carpfishereu\/100066936180661\/","article_modified_time":"2025-09-02T09:26:19+00:00","og_image":[{"width":2393,"height":534,"url":"https:\/\/www.carpfisher.eu\/shop\/wp-content\/uploads\/2023\/03\/gls-logo-1.png","type":"image\/png"}],"twitter_card":"summary_large_image","twitter_misc":{"Gesch\u00e4tzte Lesezeit":"1\u00a0Minute"},"schema":{"@context":"https:\/\/schema.org","@graph":[{"@type":"WebPage","@id":"https:\/\/www.carpfisher.eu\/shop\/gls-versandkosten\/","url":"https:\/\/www.carpfisher.eu\/shop\/gls-versandkosten\/","name":"GLS Versandkosten - Carpfisher Shop","isPartOf":{"@id":"https:\/\/www.carpfisher.eu\/shop\/#website"},"primaryImageOfPage":{"@id":"https:\/\/www.carpfisher.eu\/shop\/gls-versandkosten\/#primaryimage"},"image":{"@id":"https:\/\/www.carpfisher.eu\/shop\/gls-versandkosten\/#primaryimage"},"thumbnailUrl":"https:\/\/carpfisher.eu\/shop\/wp-content\/uploads\/2023\/03\/gls-logo-1-1024x229.png","datePublished":"2023-03-26T15:46:36+00:00","dateModified":"2025-09-02T09:26:19+00:00","breadcrumb":{"@id":"https:\/\/www.carpfisher.eu\/shop\/gls-versandkosten\/#breadcrumb"},"inLanguage":"de","potentialAction":[{"@type":"ReadAction","target":["https:\/\/www.carpfisher.eu\/shop\/gls-versandkosten\/"]}]},{"@type":"ImageObject","inLanguage":"de","@id":"https:\/\/www.carpfisher.eu\/shop\/gls-versandkosten\/#primaryimage","url":"https:\/\/carpfisher.eu\/shop\/wp-content\/uploads\/2023\/03\/gls-logo-1-1024x229.png","contentUrl":"https:\/\/carpfisher.eu\/shop\/wp-content\/uploads\/2023\/03\/gls-logo-1-1024x229.png"},{"@type":"BreadcrumbList","@id":"https:\/\/www.carpfisher.eu\/shop\/gls-versandkosten\/#breadcrumb","itemListElement":[{"@type":"ListItem","position":1,"name":"Startseite","item":"https:\/\/www.carpfisher.eu\/shop\/"},{"@type":"ListItem","position":2,"name":"GLS Versandkosten"}]},{"@type":"WebSite","@id":"https:\/\/www.carpfisher.eu\/shop\/#website","url":"https:\/\/www.carpfisher.eu\/shop\/","name":"Carpfisher Shop","description":"Shop f\u00fcr Karpfenangler, Boilies, Futter, Liquid, PopUps","publisher":{"@id":"https:\/\/www.carpfisher.eu\/shop\/#organization"},"potentialAction":[{"@type":"SearchAction","target":{"@type":"EntryPoint","urlTemplate":"https:\/\/www.carpfisher.eu\/shop\/?s={search_term_string}"},"query-input":{"@type":"PropertyValueSpecification","valueRequired":true,"valueName":"search_term_string"}}],"inLanguage":"de"},{"@type":"Organization","@id":"https:\/\/www.carpfisher.eu\/shop\/#organization","name":"Carpfisher Shop","url":"https:\/\/www.carpfisher.eu\/shop\/","logo":{"@type":"ImageObject","inLanguage":"de","@id":"https:\/\/www.carpfisher.eu\/shop\/#\/schema\/logo\/image\/","url":"https:\/\/www.carpfisher.eu\/shop\/wp-content\/uploads\/2023\/04\/cropped-My-project-1-3.png","contentUrl":"https:\/\/www.carpfisher.eu\/shop\/wp-content\/uploads\/2023\/04\/cropped-My-project-1-3.png","width":2154,"height":500,"caption":"Carpfisher Shop"},"image":{"@id":"https:\/\/www.carpfisher.eu\/shop\/#\/schema\/logo\/image\/"},"sameAs":["https:\/\/www.facebook.com\/people\/Carpfishereu\/100066936180661\/"]}]}},"_links":{"self":[{"href":"https:\/\/www.carpfisher.eu\/shop\/wp-json\/wp\/v2\/pages\/207","targetHints":{"allow":["GET"]}}],"collection":[{"href":"https:\/\/www.carpfisher.eu\/shop\/wp-json\/wp\/v2\/pages"}],"about":[{"href":"https:\/\/www.carpfisher.eu\/shop\/wp-json\/wp\/v2\/types\/page"}],"author":[{"embeddable":true,"href":"https:\/\/www.carpfisher.eu\/shop\/wp-json\/wp\/v2\/users\/2"}],"replies":[{"embeddable":true,"href":"https:\/\/www.carpfisher.eu\/shop\/wp-json\/wp\/v2\/comments?post=207"}],"version-history":[{"count":10,"href":"https:\/\/www.carpfisher.eu\/shop\/wp-json\/wp\/v2\/pages\/207\/revisions"}],"predecessor-version":[{"id":1684,"href":"https:\/\/www.carpfisher.eu\/shop\/wp-json\/wp\/v2\/pages\/207\/revisions\/1684"}],"wp:attachment":[{"href":"https:\/\/www.carpfisher.eu\/shop\/wp-json\/wp\/v2\/media?parent=207"}],"curies":[{"name":"wp","href":"https:\/\/api.w.org\/{rel}","templated":true}]}}