{"id":251,"date":"2023-03-27T17:13:28","date_gmt":"2023-03-27T15:13:28","guid":{"rendered":"https:\/\/carpfisher.eu\/shop\/?page_id=251"},"modified":"2025-09-29T12:26:10","modified_gmt":"2025-09-29T10:26:10","slug":"abg","status":"publish","type":"page","link":"https:\/\/www.carpfisher.eu\/shop\/abg\/","title":{"rendered":"ABG"},"content":{"rendered":"\n<h1 class=\"wp-block-heading\">UNSERE AGB\u00b4S<\/h1>\n\n\n\n<p>Allgemeine Gesch\u00e4ftsbedingungen<\/p>\n\n\n\n<p>I. GELTUNGSBEREICH<\/p>\n\n\n\n<p>Die Gesch\u00e4ftsbedingungen f\u00fcr den Versandhandel sind rechtsverbindlicher Vertragsinhalt f\u00fcr den Gesch\u00e4ftsverkehr zwischen Stefan Sieder (Carpfisher.eu und Shop) und dem Besteller im Rahmen des Angebots auf dieser Webseite. Sie gelten in ihrer zum Zeitpunkt der Bestellung g\u00fcltigen Fassung auch f\u00fcr alle zuk\u00fcnftigen Gesch\u00e4fte. Die Unwirksamkeit einzelner Vertragsbestimmungen ber\u00fchrt nicht die G\u00fcltigkeit des Vertrages. Im Falle der Unwirksamkeit einzelner Bestimmungen treten an Ihre Stelle die gesetzlichen Bestimmungen. Einkaufsbedingungen des Bestellers sind unwirksam, auch wenn Stefan Sieder (Carpfisher.eu und Shop) Ihnen nicht ausdr\u00fccklich widerspricht.<\/p>\n\n\n\n<p>II. ANGEBOTE UND AUFTRAGSANNAHME<\/p>\n\n\n\n<p>M\u00fcndliche Angebote sind erst nach schriftlicher Best\u00e4tigung seitens Stefan Sieder (Carpfisher.eu und Shop)  rechtsverbindlich. Der Kaufvertrag zwischen Stefan Sieder (Carpfisher.eu und Shop)  und dem Besteller, kommt erst durch eine schriftliche Bestellungsannahme seitens Stefan Sieder (Carpfisher.eu und Shop) zustande. Mit deren Empfang der Kunde die Lieferungs- und Zahlungsbedingungen anerkennt (auch f\u00fcr alle zuk\u00fcnftigen Gesch\u00e4fte), sofern er nicht unverz\u00fcglich, schriftlich dagegen Einspruch erhebt.<\/p>\n\n\n\n<p>III. VERTRAGSSCHLUSS UND R\u00dcCKTRITT<\/p>\n\n\n\n<p>Der Kaufvertrag kommt zustande, indem der Besteller durch Mausklick den Befehl \u201d Bestellen\u201d ausf\u00fchrt. Stefan Sieder (Carpfisher.eu und Shop) nimmt die Bestellung des Bestellers durch Zusendung einer Best\u00e4tigung per E-Mail an. Offensichtlicher Irrtum, Schreib- und Rechenfehler innerhalb der Webseite Stefan Sieder (Carpfisher.eu und Shop) berechtigen Stefan Sieder (Carpfisher.eu und Shop) zum R\u00fccktritt. Dies gilt ebenso f\u00fcr den Fall, dass der Hersteller der bestellten Ware absehbar f\u00fcr einen erheblichen Zeitraum zur Lieferung nicht in der Lage ist. Stefan Sieder (Carpfisher.eu und Shop) ist weiterhin zum R\u00fccktritt berechtigt, sofern Umst\u00e4nde, auch aus fr\u00fcheren Gesch\u00e4ften des Bestellers mit derselben, bekannt sind oder werden, die nach billigem Ermessen zu der Annahme f\u00fchren, dass der Besteller seine vertraglichen Verpflichtungen nicht erf\u00fcllen wird. Stefan Sieder (Carpfisher.eu und Shop) verpflichtet sich, Bestellungen zu den oben genannten Bedingungen der Website anzunehmen.<br>Sie k\u00f6nnen alle bei Stefan Sieder (Carpfisher.eu und Shop) gekauften Artikel innerhalb von 14 Tagen nach Erhalt der Lieferung an Stefan Sieder (Carpfisher.eu und Shop) zur\u00fccksenden, wenn Sie innerhalb von 14 Tagen nach Erhalt der Ware den Kaufvertrag schriftlich oder per E-Mail widerrufen haben. Die Versandkosten der R\u00fccksendung tr\u00e4gt der Versender. Unfrei verschickte Pakete und Sendungen werden nicht angenommen. Zur Fristwahrung muss das Paket innerhalb der vereinbarten 14 Tage abgesendet werden. Sollten Artikel deutliche Gebrauchsspuren, bzw. M\u00e4ngel, die nicht zum Zeitpunkt des Verlassens von Stefan Sieder (Carpfisher.eu und Shop) vorhanden waren, aufweisen, behaltet Stefan Sieder (Carpfisher.eu und Shop) sich vor, einen angemessenen Betrag f\u00fcr die Nutzung des Artikels zu berechnen. Dies gilt auch f\u00fcr die Verpackung und den Verpackungsinhalt. Sollte die Ware den Empf\u00e4nger besch\u00e4digt erreichen oder M\u00e4ngel aufweisen, \u00fcbernimmt selbstverst\u00e4ndlich Stefan Sieder (Carpfisher.eu und Shop) die Versandkosten. In allen anderen F\u00e4llen sind die Versandkosten von Seiten des Empf\u00e4ngers zu tragen. Zur\u00fcckgesendete Waren, die nicht in neuwertigem, ungebrauchtem Zustand sind und erst nach der 14-t\u00e4gigen Frist zur\u00fcck gesendet werden, werden von Stefan Sieder (Carpfisher.eu und Shop) nicht zur\u00fcckgenommen. Dies bedeutet, dass Stefan Sieder (Carpfisher.eu und Shop) beim Verkauf eingeschwei\u00dfter oder versiegelter Waren, diese nur in der Einschwei\u00dffolie bzw. mit unbesch\u00e4digtem Siegel zur\u00fccknimmt.<\/p>\n\n\n\n<p>Der Rechnungsbetrag wird dann umgehend an die beim Kauf vereinbarte Bankverbindung zur\u00fcck \u00fcberwiesen. Bitte nehmen Sie, in diesem Falle, keine Stornierung von etwaigen Abbuchungen vor.<\/p>\n\n\n\n<p>IV. Mindesthaltbarkeitsdatum<\/p>\n\n\n\n<p>Das Mindesthaltbarkeitsdatum wird auf der Verpackung unserer Produkte angegeben. Nur bei entsprechend korrekter Lagerung kann dies auch garantiert werden. Hinweise zur Lagerung finden sie beim Kauf des Produktes in der Produktbeschreibung.<\/p>\n\n\n\n<p>V. LIEFERUNG<\/p>\n\n\n\n<p>Sofern nicht anders vereinbart, erfolgt die Lieferung ab Lager an die vom Besteller angegebene Lieferadresse. Die Gefahr geht auf den Besteller \u00fcber, sobald die Lieferung den Betrieb von Stefan Sieder (Carpfisher.eu und Shop) verlassen hat, und zwar auch dann, wenn Teillieferungen erfolgen. Angaben \u00fcber die Lieferfrist sind unverbindlich, soweit nicht ausnahmsweise der Liefertermin verbindlich zugesagt wurde. Bei erneuter Versendung, nach einer R\u00fccksendung (z.B. Umtausch weil falsche Gr\u00f6\u00dfe bestellt wurde), beh\u00e4lt sich Stefan Sieder (Carpfisher.eu und Shop) vor, dem Besteller die Versandkosten in Rechnung zu stellen. Ein Paket gilt als zugestellt, auch wenn es, wenn der Empf\u00e4nger nicht anzutreffen ist, in einem Paket Shop landet. Der Kunde ist daf\u00fcr verantwortlich, dass das Paket innerhalt von 7 Werktagen das Paket aus dem Paket Shop abholt. Sollte diese Frist vers\u00e4umt werden, wird das Paket an uns retourniert. Die entstandenen Kosten sind vom Kunden zu zahlen! Etwaige R\u00fcckzahlungen f\u00fcr einwandfreie Ware, werden von uns ausschlie\u00dflich per Bank\u00fcberweisung retourniert! Ich mache darauf aufmerksam, dass der komplette Liefer- und Versandstatus online jederzeit einsehbar ist und per Mail kommuniziert wird. Sollten der Kunde Mails in seinem Spam Ordner erhalten so ist das im Zust\u00e4ndigkeitsbereich des Kunden und nicht die Schuld des Verk\u00e4ufers.<\/p>\n\n\n\n<p>VI. F\u00c4LLIGKEIT UND ZAHLUNG, VERZUG<\/p>\n\n\n\n<p>Der Kaufpreis wird sofort mit Bestellung f\u00e4llig. Bei Zahlungsverzug berechnet 10Seconds 1 % Verzugszinsen pro angefangenen Monat. S\u00e4mtliche gelieferten Waren bleiben bis zur vollst\u00e4ndigen Bezahlung Eigentum von Stefan Sieder (Carpfisher.eu und Shop). Falls Stefan Sieder (Carpfisher.eu und Shop) ein h\u00f6herer Verzugsschaden nachweisbar entstanden ist, ist Stefan Sieder (Carpfisher.eu und Shop) berechtigt, diesen geltend zu machen.<\/p>\n\n\n\n<p>VII. AUFRECHNUNG, ZUR\u00dcCKBEHALTUNG<\/p>\n\n\n\n<p>Ein Recht zur Aufrechnung steht dem Besteller nur zu, wenn seine Gegenanspr\u00fcche rechtskr\u00e4ftig festgestellt oder von Stefan Sieder (Carpfisher.eu und Shop) anerkannt sind. Au\u00dferdem ist er zur Aus\u00fcbung eines Zur\u00fcckbehaltungsrechts nur insoweit befugt, als sein Gegenanspruch auf dem gleichen Vertragsverh\u00e4ltnis beruht.<\/p>\n\n\n\n<p>VIII. EIGENTUMSVORBEHALT<\/p>\n\n\n\n<p>Bis zur vollst\u00e4ndigen Begleichung aller gegen den Besteller bestehenden Anspr\u00fcche verbleibt gelieferte Ware im Eigentum von Stefan Sieder (Carpfisher.eu und Shop).<\/p>\n\n\n\n<p>IX. M\u00c4NGELGEW\u00c4HRLEISTUNG UND HAFTUNG<\/p>\n\n\n\n<p>Die gelieferte Ware muss von Ihnen unmittelbar nach Empfang auf Vollst\u00e4ndigkeit und M\u00e4ngel \u00fcberpr\u00fcft werden. Erfolgt innerhalb einer Woche nach Erhalt der Ware keine R\u00fcge, gilt die Ware als genehmigt.<br>Liegt ein von Stefan Sieder (Carpfisher.eu und Shop) zu vertretender Mangel der Kaufsache vor, ist Stefan Sieder (Carpfisher.eu und Shop) nach eigener Wahl zur M\u00e4ngelbeseitigung oder zur Ersatzlieferung berechtigt. Ist Stefan Sieder (Carpfisher.eu und Shop) zur M\u00e4ngelbeseitigung\/Ersatzlieferung nicht bereit oder nicht in der Lage oder verz\u00f6gert sich diese \u00fcber angemessene Fristen hinaus aus Gr\u00fcnden, die Stefan Sieder (Carpfisher.eu und Shop) zu vertreten hat oder schl\u00e4gt in sonstiger Weise die M\u00e4ngelbeseitigung\/Ersatzlieferung fehl, ist der Besteller nach seiner Wahl berechtigt, vom Vertrag zur\u00fcckzutreten oder eine entsprechende Minderung des Kaufpreises zu verlangen. Soweit sich nachstehend nichts anderes ergibt, sind weitergehende Anspr\u00fcche des Bestellers \u2014 gleich aus welchen Rechtsgr\u00fcnden \u2014 ausgeschlossen. Bei schuldhafter Verletzung wesentlicher Vertragspflichten haftet Stefan Sieder (Carpfisher.eu und Shop) f\u00fcr den vorhersehbaren, typischerweise eintretenden Schaden. Eine weitergehende Haftung auf Schadensersatz ist ausgeschlossen; insoweit haftet Stefan Sieder (Carpfisher.eu und Shop) insbesondere nicht f\u00fcr Sch\u00e4den, die nicht am Liefergegenstand selbst entstanden sind, u. a. f\u00fcr mittelbare Sch\u00e4den, f\u00fcr Mangelfolgesch\u00e4den sowie f\u00fcr entgangenen Gewinn. Vorstehende Haftungsbeschr\u00e4nkung gilt nicht, soweit die Schadensursache auf Vorsatz oder grober Fahrl\u00e4ssigkeit beruht. Sofern Stefan Sieder (Carpfisher.eu und Shop) fahrl\u00e4ssig eine vertragswesentliche Pflicht verletzt, ist die Ersatzpflicht f\u00fcr Sach- oder Personensch\u00e4den auf den typischerweise entstehenden Schaden beschr\u00e4nkt. Die Gew\u00e4hrleistungsfrist betr\u00e4gt zw\u00f6lf Monate, gerechnet ab Gefahren\u00fcbergang. Diese Frist ist eine Verj\u00e4hrungsfrist und gilt auch f\u00fcr Anspr\u00fcche auf Ersatz von Mangelfolgesch\u00e4den, soweit keine Anspr\u00fcche aus unerlaubter Handlung geltend gemacht werden.<\/p>\n\n\n\n<p>Wenn sie die Ware erhalten, \u00f6ffnen sie bitte umgehend die Kiste und kontrollieren sie die S\u00e4cke auf Transportsch\u00e4den!<\/p>\n\n\n\n<p><strong>Wir akzeptieren nur Reklamationen zu Transportsch\u00e4den, wenn diese innerhalb von 7 Tagen nach der Zustellung erfolgen!<\/strong><\/p>\n\n\n\n<p>X. DATENSCHUTZ<\/p>\n\n\n\n<p>Die Auftragsabwicklung erfolgt mit Hilfe automatischer Datenverarbeitung. Mit einer Bestellung erteilen Sie Stefan Sieder (Carpfisher.eu und Shop) Ihre ausdr\u00fcckliche Einwilligung zur Verarbeitung der im Rahmen der vertraglichen Beziehungen bekannt gewordenen Daten im Rahmen der Zweckbestimmung des Vertragsverh\u00e4ltnisses, soweit dies zur Durchf\u00fchrung oder Abwicklung des Vertrages erforderlich ist. Sie erteilen ferner Ihr Einverst\u00e4ndnis damit, dass Stefan Sieder (Carpfisher.eu und Shop) die erhaltenen Daten unter Beachtung des Datenschutzgesetzes bis zu einem etwaigen schriftlichen Widerruf durch Sie nutzen und weitergeben d\u00fcrfen.<\/p>\n\n\n\n<p>XI. GEFAHREN<\/p>\n\n\n\n<p>Stefan Sieder (Carpfisher.eu und Shop) \u00fcbernimmt keinerlei Haftung f\u00fcr Personen- oder Sachsch\u00e4den oder juristische Folgen, die aus der unsachgem\u00e4\u00dfen oder illegalen Benutzung mit von Stefan Sieder (Carpfisher.eu und Shop) vertriebenen Artikeln entstehen. Insbesondere die Sicherheitsvorschriften wie sie auf den Verpackungen und Gebrauchsanweisungen der jeweiligen Produkte abgedruckt sind, sind strikt und jederzeit einzuhalten. Im \u00dcbrigen verweist Stefan Sieder (Carpfisher.eu und Shop) auf die Produkthaftung der jeweiligen Hersteller.<\/p>\n\n\n\n<p>XII. ANWENDBARES RECHT UND GERICHTSSTAND<\/p>\n\n\n\n<p>Alle mit uns geschlossenen Vertr\u00e4ge und ihre Durchf\u00fchrung unterliegen ausschlie\u00dflich \u00f6sterreichischem Recht. Gerichtsstand ist Wien.<\/p>\n\n\n\n<p>XIII. ANZEIGE VON LAGERST\u00c4NDEN<\/p>\n\n\n\n<p>\u201clagernd \u2013 Lieferzeit 2-3 Tage\u201d&nbsp;\u2013 die Ware ist lagernd und wird, nach Zahlungseingang versendet.<\/p>\n\n\n\n<p>\u201cnicht lagernd\u201d&nbsp;\u2013 die Ware ist nicht lagernd und kann auch nicht bestellt werden.<\/p>\n\n\n\n<p>\u201cnicht lagernd \u2013 Lieferzeit 7-14 Tage ab Bestelldatum\u201d&nbsp;\u2013 so kennzeichnen wir Produkte, die nicht lagernd sind, aber bestellt werden k\u00f6nnen. Bitte beachten Sie, die Lieferzeiten sind von den Herstellern abh\u00e4ngig und k\u00f6nnen auch l\u00e4nger als 14 Tage betragen. Die Angabe 7 bis 14 Tage stellt den Durchschnittswert bei Bestellungen von nicht lagernden, aber bestellbaren Produkten dar. Der Kunde kann diese Ware bestellen. Die Bestellung gilt erst als verbindlich, wenn der Zahlungseingang erfolgt ist. Sollte die Lieferzeit mehr als 14 Tage betragen, kann der Kunde jederzeit kostenlos stornieren!<\/p>\n\n\n\n<p>Wenn Sie die exakte Lieferzeit erfahren wollen, dann rufen Sie uns bitte an oder schreiben uns ein entsprechendes Mail.<\/p>\n","protected":false},"excerpt":{"rendered":"<p>UNSERE AGB\u00b4S Allgemeine Gesch\u00e4ftsbedingungen I. GELTUNGSBEREICH Die Gesch\u00e4ftsbedingungen f\u00fcr den Versandhandel sind rechtsverbindlicher Vertragsinhalt f\u00fcr den Gesch\u00e4ftsverkehr zwischen Stefan Sieder (Carpfisher.eu und Shop) und dem Besteller im Rahmen des Angebots auf dieser Webseite. Sie gelten in ihrer zum Zeitpunkt der Bestellung g\u00fcltigen Fassung auch f\u00fcr alle zuk\u00fcnftigen Gesch\u00e4fte. Die Unwirksamkeit einzelner Vertragsbestimmungen ber\u00fchrt nicht die [&hellip;]<\/p>\n","protected":false},"author":2,"featured_media":0,"parent":0,"menu_order":0,"comment_status":"closed","ping_status":"closed","template":"","meta":{"sfsi_plus_gutenberg_text_before_share":"","sfsi_plus_gutenberg_show_text_before_share":"","sfsi_plus_gutenberg_icon_type":"","sfsi_plus_gutenberg_icon_alignemt":"","sfsi_plus_gutenburg_max_per_row":"","footnotes":""},"class_list":["post-251","page","type-page","status-publish","hentry"],"yoast_head":"<!-- This site is optimized with the Yoast SEO plugin v27.2 - https:\/\/yoast.com\/product\/yoast-seo-wordpress\/ -->\n<title>ABG - Carpfisher Shop<\/title>\n<meta name=\"robots\" content=\"index, follow, max-snippet:-1, max-image-preview:large, max-video-preview:-1\" \/>\n<link rel=\"canonical\" href=\"https:\/\/www.carpfisher.eu\/shop\/abg\/\" \/>\n<meta property=\"og:locale\" content=\"de_DE\" \/>\n<meta property=\"og:type\" content=\"article\" \/>\n<meta property=\"og:title\" content=\"ABG - Carpfisher Shop\" \/>\n<meta property=\"og:description\" content=\"UNSERE AGB\u00b4S Allgemeine Gesch\u00e4ftsbedingungen I. GELTUNGSBEREICH Die Gesch\u00e4ftsbedingungen f\u00fcr den Versandhandel sind rechtsverbindlicher Vertragsinhalt f\u00fcr den Gesch\u00e4ftsverkehr zwischen Stefan Sieder (Carpfisher.eu und Shop) und dem Besteller im Rahmen des Angebots auf dieser Webseite. Sie gelten in ihrer zum Zeitpunkt der Bestellung g\u00fcltigen Fassung auch f\u00fcr alle zuk\u00fcnftigen Gesch\u00e4fte. Die Unwirksamkeit einzelner Vertragsbestimmungen ber\u00fchrt nicht die [&hellip;]\" \/>\n<meta property=\"og:url\" content=\"https:\/\/www.carpfisher.eu\/shop\/abg\/\" \/>\n<meta property=\"og:site_name\" content=\"Carpfisher Shop\" \/>\n<meta property=\"article:publisher\" content=\"https:\/\/www.facebook.com\/people\/Carpfishereu\/100066936180661\/\" \/>\n<meta property=\"article:modified_time\" content=\"2025-09-29T10:26:10+00:00\" \/>\n<meta name=\"twitter:card\" content=\"summary_large_image\" \/>\n<meta name=\"twitter:label1\" content=\"Gesch\u00e4tzte Lesezeit\" \/>\n\t<meta name=\"twitter:data1\" content=\"9\u00a0Minuten\" \/>\n<script type=\"application\/ld+json\" class=\"yoast-schema-graph\">{\"@context\":\"https:\/\/schema.org\",\"@graph\":[{\"@type\":\"WebPage\",\"@id\":\"https:\/\/www.carpfisher.eu\/shop\/abg\/\",\"url\":\"https:\/\/www.carpfisher.eu\/shop\/abg\/\",\"name\":\"ABG - Carpfisher Shop\",\"isPartOf\":{\"@id\":\"https:\/\/www.carpfisher.eu\/shop\/#website\"},\"datePublished\":\"2023-03-27T15:13:28+00:00\",\"dateModified\":\"2025-09-29T10:26:10+00:00\",\"breadcrumb\":{\"@id\":\"https:\/\/www.carpfisher.eu\/shop\/abg\/#breadcrumb\"},\"inLanguage\":\"de\",\"potentialAction\":[{\"@type\":\"ReadAction\",\"target\":[\"https:\/\/www.carpfisher.eu\/shop\/abg\/\"]}]},{\"@type\":\"BreadcrumbList\",\"@id\":\"https:\/\/www.carpfisher.eu\/shop\/abg\/#breadcrumb\",\"itemListElement\":[{\"@type\":\"ListItem\",\"position\":1,\"name\":\"Startseite\",\"item\":\"https:\/\/www.carpfisher.eu\/shop\/\"},{\"@type\":\"ListItem\",\"position\":2,\"name\":\"ABG\"}]},{\"@type\":\"WebSite\",\"@id\":\"https:\/\/www.carpfisher.eu\/shop\/#website\",\"url\":\"https:\/\/www.carpfisher.eu\/shop\/\",\"name\":\"Carpfisher Shop\",\"description\":\"Shop f\u00fcr Karpfenangler, Boilies, Futter, Liquid, PopUps\",\"publisher\":{\"@id\":\"https:\/\/www.carpfisher.eu\/shop\/#organization\"},\"potentialAction\":[{\"@type\":\"SearchAction\",\"target\":{\"@type\":\"EntryPoint\",\"urlTemplate\":\"https:\/\/www.carpfisher.eu\/shop\/?s={search_term_string}\"},\"query-input\":{\"@type\":\"PropertyValueSpecification\",\"valueRequired\":true,\"valueName\":\"search_term_string\"}}],\"inLanguage\":\"de\"},{\"@type\":\"Organization\",\"@id\":\"https:\/\/www.carpfisher.eu\/shop\/#organization\",\"name\":\"Carpfisher Shop\",\"url\":\"https:\/\/www.carpfisher.eu\/shop\/\",\"logo\":{\"@type\":\"ImageObject\",\"inLanguage\":\"de\",\"@id\":\"https:\/\/www.carpfisher.eu\/shop\/#\/schema\/logo\/image\/\",\"url\":\"https:\/\/www.carpfisher.eu\/shop\/wp-content\/uploads\/2023\/04\/cropped-My-project-1-3.png\",\"contentUrl\":\"https:\/\/www.carpfisher.eu\/shop\/wp-content\/uploads\/2023\/04\/cropped-My-project-1-3.png\",\"width\":2154,\"height\":500,\"caption\":\"Carpfisher Shop\"},\"image\":{\"@id\":\"https:\/\/www.carpfisher.eu\/shop\/#\/schema\/logo\/image\/\"},\"sameAs\":[\"https:\/\/www.facebook.com\/people\/Carpfishereu\/100066936180661\/\"]}]}<\/script>\n<!-- \/ Yoast SEO plugin. -->","yoast_head_json":{"title":"ABG - Carpfisher Shop","robots":{"index":"index","follow":"follow","max-snippet":"max-snippet:-1","max-image-preview":"max-image-preview:large","max-video-preview":"max-video-preview:-1"},"canonical":"https:\/\/www.carpfisher.eu\/shop\/abg\/","og_locale":"de_DE","og_type":"article","og_title":"ABG - Carpfisher Shop","og_description":"UNSERE AGB\u00b4S Allgemeine Gesch\u00e4ftsbedingungen I. GELTUNGSBEREICH Die Gesch\u00e4ftsbedingungen f\u00fcr den Versandhandel sind rechtsverbindlicher Vertragsinhalt f\u00fcr den Gesch\u00e4ftsverkehr zwischen Stefan Sieder (Carpfisher.eu und Shop) und dem Besteller im Rahmen des Angebots auf dieser Webseite. Sie gelten in ihrer zum Zeitpunkt der Bestellung g\u00fcltigen Fassung auch f\u00fcr alle zuk\u00fcnftigen Gesch\u00e4fte. Die Unwirksamkeit einzelner Vertragsbestimmungen ber\u00fchrt nicht die [&hellip;]","og_url":"https:\/\/www.carpfisher.eu\/shop\/abg\/","og_site_name":"Carpfisher Shop","article_publisher":"https:\/\/www.facebook.com\/people\/Carpfishereu\/100066936180661\/","article_modified_time":"2025-09-29T10:26:10+00:00","twitter_card":"summary_large_image","twitter_misc":{"Gesch\u00e4tzte Lesezeit":"9\u00a0Minuten"},"schema":{"@context":"https:\/\/schema.org","@graph":[{"@type":"WebPage","@id":"https:\/\/www.carpfisher.eu\/shop\/abg\/","url":"https:\/\/www.carpfisher.eu\/shop\/abg\/","name":"ABG - Carpfisher Shop","isPartOf":{"@id":"https:\/\/www.carpfisher.eu\/shop\/#website"},"datePublished":"2023-03-27T15:13:28+00:00","dateModified":"2025-09-29T10:26:10+00:00","breadcrumb":{"@id":"https:\/\/www.carpfisher.eu\/shop\/abg\/#breadcrumb"},"inLanguage":"de","potentialAction":[{"@type":"ReadAction","target":["https:\/\/www.carpfisher.eu\/shop\/abg\/"]}]},{"@type":"BreadcrumbList","@id":"https:\/\/www.carpfisher.eu\/shop\/abg\/#breadcrumb","itemListElement":[{"@type":"ListItem","position":1,"name":"Startseite","item":"https:\/\/www.carpfisher.eu\/shop\/"},{"@type":"ListItem","position":2,"name":"ABG"}]},{"@type":"WebSite","@id":"https:\/\/www.carpfisher.eu\/shop\/#website","url":"https:\/\/www.carpfisher.eu\/shop\/","name":"Carpfisher Shop","description":"Shop f\u00fcr Karpfenangler, Boilies, Futter, Liquid, PopUps","publisher":{"@id":"https:\/\/www.carpfisher.eu\/shop\/#organization"},"potentialAction":[{"@type":"SearchAction","target":{"@type":"EntryPoint","urlTemplate":"https:\/\/www.carpfisher.eu\/shop\/?s={search_term_string}"},"query-input":{"@type":"PropertyValueSpecification","valueRequired":true,"valueName":"search_term_string"}}],"inLanguage":"de"},{"@type":"Organization","@id":"https:\/\/www.carpfisher.eu\/shop\/#organization","name":"Carpfisher Shop","url":"https:\/\/www.carpfisher.eu\/shop\/","logo":{"@type":"ImageObject","inLanguage":"de","@id":"https:\/\/www.carpfisher.eu\/shop\/#\/schema\/logo\/image\/","url":"https:\/\/www.carpfisher.eu\/shop\/wp-content\/uploads\/2023\/04\/cropped-My-project-1-3.png","contentUrl":"https:\/\/www.carpfisher.eu\/shop\/wp-content\/uploads\/2023\/04\/cropped-My-project-1-3.png","width":2154,"height":500,"caption":"Carpfisher Shop"},"image":{"@id":"https:\/\/www.carpfisher.eu\/shop\/#\/schema\/logo\/image\/"},"sameAs":["https:\/\/www.facebook.com\/people\/Carpfishereu\/100066936180661\/"]}]}},"_links":{"self":[{"href":"https:\/\/www.carpfisher.eu\/shop\/wp-json\/wp\/v2\/pages\/251","targetHints":{"allow":["GET"]}}],"collection":[{"href":"https:\/\/www.carpfisher.eu\/shop\/wp-json\/wp\/v2\/pages"}],"about":[{"href":"https:\/\/www.carpfisher.eu\/shop\/wp-json\/wp\/v2\/types\/page"}],"author":[{"embeddable":true,"href":"https:\/\/www.carpfisher.eu\/shop\/wp-json\/wp\/v2\/users\/2"}],"replies":[{"embeddable":true,"href":"https:\/\/www.carpfisher.eu\/shop\/wp-json\/wp\/v2\/comments?post=251"}],"version-history":[{"count":2,"href":"https:\/\/www.carpfisher.eu\/shop\/wp-json\/wp\/v2\/pages\/251\/revisions"}],"predecessor-version":[{"id":1792,"href":"https:\/\/www.carpfisher.eu\/shop\/wp-json\/wp\/v2\/pages\/251\/revisions\/1792"}],"wp:attachment":[{"href":"https:\/\/www.carpfisher.eu\/shop\/wp-json\/wp\/v2\/media?parent=251"}],"curies":[{"name":"wp","href":"https:\/\/api.w.org\/{rel}","templated":true}]}}