{"id":448,"date":"2023-04-14T10:22:53","date_gmt":"2023-04-14T08:22:53","guid":{"rendered":"https:\/\/carpfisher.eu\/shop\/?page_id=448"},"modified":"2023-05-27T12:58:59","modified_gmt":"2023-05-27T10:58:59","slug":"garnelen-mehl","status":"publish","type":"page","link":"https:\/\/www.carpfisher.eu\/shop\/garnelen-mehl\/","title":{"rendered":"Garnelen Mehl"},"content":{"rendered":"\n<p>Garnelenmehl wird aus getrockneten und gemahlenen Garnelen hergestellt und ist eine h\u00e4ufig verwendete Quelle f\u00fcr Protein und essenzielle Aminos\u00e4uren in der Tierfutterindustrie. Die genauen Inhaltsstoffe k\u00f6nnen je nach Hersteller und Verarbeitungsmethode variieren, aber im Allgemeinen enth\u00e4lt Garnelenmehl folgende Inhaltsstoffe auf der Trockenmassebasis:<\/p>\n\n\n\n<p>-Protein: typischerweise zwischen 60% und 80% der Trockenmasse, je nachdem, wie das Garnelenmehl hergestellt wurde. Es enth\u00e4lt eine Vielzahl von essenziellen Aminos\u00e4uren, die f\u00fcr das Wachstum und die Entwicklung von Tieren unerl\u00e4sslich sind.<\/p>\n\n\n\n<p>-Fett: normalerweise zwischen 8% und 15% der Trockenmasse. Das Fett im Garnelenmehl kann dazu beitragen, dass Tierfutter energiereicher wird und kann auch essentielle Fetts\u00e4uren liefern.<\/p>\n\n\n\n<p>-Mineralien: Garnelenmehl ist eine gute Quelle f\u00fcr Mineralien wie Kalzium, Phosphor und Kalium. Diese Mineralien sind wichtig f\u00fcr die Knochenentwicklung und viele andere K\u00f6rperfunktionen.<\/p>\n\n\n\n<p>-Vitamine: Garnelenmehl enth\u00e4lt auch verschiedene Vitamine wie Vitamin A, D und E, die zur Aufrechterhaltung eines gesunden Immunsystems und zur F\u00f6rderung des Wachstums beitragen k\u00f6nnen.<\/p>\n\n\n\n<p>Anmerkung:<\/p>\n\n\n\n<p>Garnelenmehl und Krillmehl sind nicht dasselbe, obwohl sie beide Mehlprodukte aus Meereslebewesen sind. Garnelenmehl wird aus getrockneten und gemahlenen Garnelen hergestellt, w\u00e4hrend Krillmehl aus Krill, einer Krebsart, hergestellt wird, die in den Gew\u00e4ssern der Antarktis lebt.<\/p>\n\n\n\n<p>Obwohl beide Arten von Mehl in der Tierern\u00e4hrung verwendet werden, gibt es einige Unterschiede in ihren N\u00e4hrstoffprofilen. Krillmehl enth\u00e4lt normalerweise mehr Omega-3-Fetts\u00e4uren und Astaxanthin als Garnelenmehl, w\u00e4hrend Garnelenmehl in der Regel einen h\u00f6heren Proteingehalt aufweist.<\/p>\n\n\n\n<p><em>Hinweis: die Inhalte dieses Lexikons stellen unsere Meinung und Erfahrungen, gepaart mit Recherchen und Informationen der Lieferanten dar. Alle Texte sind inhaltlich rechtlich gesch\u00fctzt und d\u00fcrfen nicht kopiert und von dritten Parteien verwendet werden. Missbrauch wird von uns rechtlich geahndet und verfolgt.<\/em><\/p>\n","protected":false},"excerpt":{"rendered":"<p>Garnelenmehl wird aus getrockneten und gemahlenen Garnelen hergestellt und ist eine h\u00e4ufig verwendete Quelle f\u00fcr Protein und essenzielle Aminos\u00e4uren in der Tierfutterindustrie. Die genauen Inhaltsstoffe k\u00f6nnen je nach Hersteller und Verarbeitungsmethode variieren, aber im Allgemeinen enth\u00e4lt Garnelenmehl folgende Inhaltsstoffe auf der Trockenmassebasis: -Protein: typischerweise zwischen 60% und 80% der Trockenmasse, je nachdem, wie das Garnelenmehl [&hellip;]<\/p>\n","protected":false},"author":2,"featured_media":0,"parent":0,"menu_order":0,"comment_status":"closed","ping_status":"closed","template":"","meta":{"sfsi_plus_gutenberg_text_before_share":"","sfsi_plus_gutenberg_show_text_before_share":"","sfsi_plus_gutenberg_icon_type":"","sfsi_plus_gutenberg_icon_alignemt":"","sfsi_plus_gutenburg_max_per_row":"","footnotes":""},"class_list":["post-448","page","type-page","status-publish","hentry"],"yoast_head":"<!-- This site is optimized with the Yoast SEO plugin v27.2 - https:\/\/yoast.com\/product\/yoast-seo-wordpress\/ -->\n<title>Garnelen Mehl - Carpfisher Shop<\/title>\n<meta name=\"robots\" content=\"index, follow, max-snippet:-1, max-image-preview:large, max-video-preview:-1\" \/>\n<link rel=\"canonical\" href=\"https:\/\/www.carpfisher.eu\/shop\/garnelen-mehl\/\" \/>\n<meta property=\"og:locale\" content=\"de_DE\" \/>\n<meta property=\"og:type\" content=\"article\" \/>\n<meta property=\"og:title\" content=\"Garnelen Mehl - Carpfisher Shop\" \/>\n<meta property=\"og:description\" content=\"Garnelenmehl wird aus getrockneten und gemahlenen Garnelen hergestellt und ist eine h\u00e4ufig verwendete Quelle f\u00fcr Protein und essenzielle Aminos\u00e4uren in der Tierfutterindustrie. Die genauen Inhaltsstoffe k\u00f6nnen je nach Hersteller und Verarbeitungsmethode variieren, aber im Allgemeinen enth\u00e4lt Garnelenmehl folgende Inhaltsstoffe auf der Trockenmassebasis: -Protein: typischerweise zwischen 60% und 80% der Trockenmasse, je nachdem, wie das Garnelenmehl [&hellip;]\" \/>\n<meta property=\"og:url\" content=\"https:\/\/www.carpfisher.eu\/shop\/garnelen-mehl\/\" \/>\n<meta property=\"og:site_name\" content=\"Carpfisher Shop\" \/>\n<meta property=\"article:publisher\" content=\"https:\/\/www.facebook.com\/people\/Carpfishereu\/100066936180661\/\" \/>\n<meta property=\"article:modified_time\" content=\"2023-05-27T10:58:59+00:00\" \/>\n<meta name=\"twitter:card\" content=\"summary_large_image\" \/>\n<meta name=\"twitter:label1\" content=\"Gesch\u00e4tzte Lesezeit\" \/>\n\t<meta name=\"twitter:data1\" content=\"1\u00a0Minute\" \/>\n<script type=\"application\/ld+json\" class=\"yoast-schema-graph\">{\"@context\":\"https:\/\/schema.org\",\"@graph\":[{\"@type\":\"WebPage\",\"@id\":\"https:\/\/www.carpfisher.eu\/shop\/garnelen-mehl\/\",\"url\":\"https:\/\/www.carpfisher.eu\/shop\/garnelen-mehl\/\",\"name\":\"Garnelen Mehl - Carpfisher Shop\",\"isPartOf\":{\"@id\":\"https:\/\/www.carpfisher.eu\/shop\/#website\"},\"datePublished\":\"2023-04-14T08:22:53+00:00\",\"dateModified\":\"2023-05-27T10:58:59+00:00\",\"breadcrumb\":{\"@id\":\"https:\/\/www.carpfisher.eu\/shop\/garnelen-mehl\/#breadcrumb\"},\"inLanguage\":\"de\",\"potentialAction\":[{\"@type\":\"ReadAction\",\"target\":[\"https:\/\/www.carpfisher.eu\/shop\/garnelen-mehl\/\"]}]},{\"@type\":\"BreadcrumbList\",\"@id\":\"https:\/\/www.carpfisher.eu\/shop\/garnelen-mehl\/#breadcrumb\",\"itemListElement\":[{\"@type\":\"ListItem\",\"position\":1,\"name\":\"Startseite\",\"item\":\"https:\/\/www.carpfisher.eu\/shop\/\"},{\"@type\":\"ListItem\",\"position\":2,\"name\":\"Garnelen Mehl\"}]},{\"@type\":\"WebSite\",\"@id\":\"https:\/\/www.carpfisher.eu\/shop\/#website\",\"url\":\"https:\/\/www.carpfisher.eu\/shop\/\",\"name\":\"Carpfisher Shop\",\"description\":\"Shop f\u00fcr Karpfenangler, Boilies, Futter, Liquid, PopUps\",\"publisher\":{\"@id\":\"https:\/\/www.carpfisher.eu\/shop\/#organization\"},\"potentialAction\":[{\"@type\":\"SearchAction\",\"target\":{\"@type\":\"EntryPoint\",\"urlTemplate\":\"https:\/\/www.carpfisher.eu\/shop\/?s={search_term_string}\"},\"query-input\":{\"@type\":\"PropertyValueSpecification\",\"valueRequired\":true,\"valueName\":\"search_term_string\"}}],\"inLanguage\":\"de\"},{\"@type\":\"Organization\",\"@id\":\"https:\/\/www.carpfisher.eu\/shop\/#organization\",\"name\":\"Carpfisher Shop\",\"url\":\"https:\/\/www.carpfisher.eu\/shop\/\",\"logo\":{\"@type\":\"ImageObject\",\"inLanguage\":\"de\",\"@id\":\"https:\/\/www.carpfisher.eu\/shop\/#\/schema\/logo\/image\/\",\"url\":\"https:\/\/www.carpfisher.eu\/shop\/wp-content\/uploads\/2023\/04\/cropped-My-project-1-3.png\",\"contentUrl\":\"https:\/\/www.carpfisher.eu\/shop\/wp-content\/uploads\/2023\/04\/cropped-My-project-1-3.png\",\"width\":2154,\"height\":500,\"caption\":\"Carpfisher Shop\"},\"image\":{\"@id\":\"https:\/\/www.carpfisher.eu\/shop\/#\/schema\/logo\/image\/\"},\"sameAs\":[\"https:\/\/www.facebook.com\/people\/Carpfishereu\/100066936180661\/\"]}]}<\/script>\n<!-- \/ Yoast SEO plugin. -->","yoast_head_json":{"title":"Garnelen Mehl - Carpfisher Shop","robots":{"index":"index","follow":"follow","max-snippet":"max-snippet:-1","max-image-preview":"max-image-preview:large","max-video-preview":"max-video-preview:-1"},"canonical":"https:\/\/www.carpfisher.eu\/shop\/garnelen-mehl\/","og_locale":"de_DE","og_type":"article","og_title":"Garnelen Mehl - Carpfisher Shop","og_description":"Garnelenmehl wird aus getrockneten und gemahlenen Garnelen hergestellt und ist eine h\u00e4ufig verwendete Quelle f\u00fcr Protein und essenzielle Aminos\u00e4uren in der Tierfutterindustrie. Die genauen Inhaltsstoffe k\u00f6nnen je nach Hersteller und Verarbeitungsmethode variieren, aber im Allgemeinen enth\u00e4lt Garnelenmehl folgende Inhaltsstoffe auf der Trockenmassebasis: -Protein: typischerweise zwischen 60% und 80% der Trockenmasse, je nachdem, wie das Garnelenmehl [&hellip;]","og_url":"https:\/\/www.carpfisher.eu\/shop\/garnelen-mehl\/","og_site_name":"Carpfisher Shop","article_publisher":"https:\/\/www.facebook.com\/people\/Carpfishereu\/100066936180661\/","article_modified_time":"2023-05-27T10:58:59+00:00","twitter_card":"summary_large_image","twitter_misc":{"Gesch\u00e4tzte Lesezeit":"1\u00a0Minute"},"schema":{"@context":"https:\/\/schema.org","@graph":[{"@type":"WebPage","@id":"https:\/\/www.carpfisher.eu\/shop\/garnelen-mehl\/","url":"https:\/\/www.carpfisher.eu\/shop\/garnelen-mehl\/","name":"Garnelen Mehl - Carpfisher Shop","isPartOf":{"@id":"https:\/\/www.carpfisher.eu\/shop\/#website"},"datePublished":"2023-04-14T08:22:53+00:00","dateModified":"2023-05-27T10:58:59+00:00","breadcrumb":{"@id":"https:\/\/www.carpfisher.eu\/shop\/garnelen-mehl\/#breadcrumb"},"inLanguage":"de","potentialAction":[{"@type":"ReadAction","target":["https:\/\/www.carpfisher.eu\/shop\/garnelen-mehl\/"]}]},{"@type":"BreadcrumbList","@id":"https:\/\/www.carpfisher.eu\/shop\/garnelen-mehl\/#breadcrumb","itemListElement":[{"@type":"ListItem","position":1,"name":"Startseite","item":"https:\/\/www.carpfisher.eu\/shop\/"},{"@type":"ListItem","position":2,"name":"Garnelen Mehl"}]},{"@type":"WebSite","@id":"https:\/\/www.carpfisher.eu\/shop\/#website","url":"https:\/\/www.carpfisher.eu\/shop\/","name":"Carpfisher Shop","description":"Shop f\u00fcr Karpfenangler, Boilies, Futter, Liquid, PopUps","publisher":{"@id":"https:\/\/www.carpfisher.eu\/shop\/#organization"},"potentialAction":[{"@type":"SearchAction","target":{"@type":"EntryPoint","urlTemplate":"https:\/\/www.carpfisher.eu\/shop\/?s={search_term_string}"},"query-input":{"@type":"PropertyValueSpecification","valueRequired":true,"valueName":"search_term_string"}}],"inLanguage":"de"},{"@type":"Organization","@id":"https:\/\/www.carpfisher.eu\/shop\/#organization","name":"Carpfisher Shop","url":"https:\/\/www.carpfisher.eu\/shop\/","logo":{"@type":"ImageObject","inLanguage":"de","@id":"https:\/\/www.carpfisher.eu\/shop\/#\/schema\/logo\/image\/","url":"https:\/\/www.carpfisher.eu\/shop\/wp-content\/uploads\/2023\/04\/cropped-My-project-1-3.png","contentUrl":"https:\/\/www.carpfisher.eu\/shop\/wp-content\/uploads\/2023\/04\/cropped-My-project-1-3.png","width":2154,"height":500,"caption":"Carpfisher Shop"},"image":{"@id":"https:\/\/www.carpfisher.eu\/shop\/#\/schema\/logo\/image\/"},"sameAs":["https:\/\/www.facebook.com\/people\/Carpfishereu\/100066936180661\/"]}]}},"_links":{"self":[{"href":"https:\/\/www.carpfisher.eu\/shop\/wp-json\/wp\/v2\/pages\/448","targetHints":{"allow":["GET"]}}],"collection":[{"href":"https:\/\/www.carpfisher.eu\/shop\/wp-json\/wp\/v2\/pages"}],"about":[{"href":"https:\/\/www.carpfisher.eu\/shop\/wp-json\/wp\/v2\/types\/page"}],"author":[{"embeddable":true,"href":"https:\/\/www.carpfisher.eu\/shop\/wp-json\/wp\/v2\/users\/2"}],"replies":[{"embeddable":true,"href":"https:\/\/www.carpfisher.eu\/shop\/wp-json\/wp\/v2\/comments?post=448"}],"version-history":[{"count":2,"href":"https:\/\/www.carpfisher.eu\/shop\/wp-json\/wp\/v2\/pages\/448\/revisions"}],"predecessor-version":[{"id":666,"href":"https:\/\/www.carpfisher.eu\/shop\/wp-json\/wp\/v2\/pages\/448\/revisions\/666"}],"wp:attachment":[{"href":"https:\/\/www.carpfisher.eu\/shop\/wp-json\/wp\/v2\/media?parent=448"}],"curies":[{"name":"wp","href":"https:\/\/api.w.org\/{rel}","templated":true}]}}