{"id":659,"date":"2023-05-27T12:44:01","date_gmt":"2023-05-27T10:44:01","guid":{"rendered":"https:\/\/carpfisher.eu\/shop\/?page_id=659"},"modified":"2023-06-13T09:03:18","modified_gmt":"2023-06-13T07:03:18","slug":"was-ist-ein-boilie","status":"publish","type":"page","link":"https:\/\/www.carpfisher.eu\/shop\/was-ist-ein-boilie\/","title":{"rendered":"Was ist ein Boilie?"},"content":{"rendered":"\n<p>Ein Boilie ist ein meist kugelf\u00f6rmiger K\u00f6der, der haupts\u00e4chlich in der Sportfischerei, insbesondere beim Karpfenangeln, verwendet wird. Er besteht aus einer Mischung verschiedener Zutaten, die zu einer festen Konsistenz geformt und anschlie\u00dfend gekocht oder ged\u00e4mpft werden.<\/p>\n\n\n\n<p>Die g\u00e4ngigsten Gr\u00f6\u00dfen am Markt in Europa sind aktuell: 16 mm, 20 mm, 24 mm und der Trend geht klar in Richtung noch gr\u00f6\u00dfere K\u00f6der mit 28 oder 30 mm.<\/p>\n\n\n\n<p>Als erster Arbeitsschritt wird eine Basiszutatenmischung hergestellt, die oft aus Mehlsorten wie Weizenmehl, Maismehl, Sojamehl oder Fischmehl besteht. Diese Mehle dienen als Bindemittel und sorgen f\u00fcr die gew\u00fcnschte Konsistenz des Boilies.<\/p>\n\n\n\n<p>Zus\u00e4tzlich zur Basiszutatenmischung k\u00f6nnen dem Grundmix der Boilies auch andere Zutaten beigemischt werden, um den K\u00f6der attraktiver f\u00fcr die Karpfen zu machen. Hierzu geh\u00f6ren oft fl\u00fcssige Aromen, \u00d6le, Gew\u00fcrze, S\u00fc\u00dfstoffe oder andere Zus\u00e4tze, die den Geschmack und Geruch des K\u00f6ders verst\u00e4rken.<\/p>\n\n\n\n<p>Boilies werden normalerweise in siedendem Wasser oder in einem D\u00e4mpfer gekocht, wodurch sie eine feste \u00e4u\u00dfere Schicht entwickeln und haltbarer werden. Diese feste \u00e4u\u00dfere Schicht erm\u00f6glicht es den Boilies, lange Zeit im Wasser zu pr\u00e4sentieren, ohne sich vollst\u00e4ndig aufzul\u00f6sen. Die Inhaltsstoffe verbreiten einen Geschmack (keinen Geruch) im Wasser und locken so die Karpfen auf den Futterplatz.<\/p>\n\n\n\n<p>Boilies m\u00fcssen auf irgendeine Art haltbar gemacht werden &#8211; die am meisten verbreitete Methode ist das Konservieren. Hier kommen meistens Verfahren aus der Lebensmittelindustrie zum Einsatz. Die Konservierungsstoffe sind mittlerweile so ausgereift und gut dosierbar, dass sie nicht mehr zu schmecken sind. Den Boilie in Salz einlegen ist eine g\u00fcnstigere Alternative, ver\u00e4ndert aber oftmals die Eigenschaften und erschwert den praktischen Einsatz am Wasser. Nur noch selten werden Boilies eingefroren, denn vor dem Angeln muss man die gew\u00fcnschte Menge rechtzeitig auftauen lassen &#8211; was die Flexibilit\u00e4t einschr\u00e4nkt.<\/p>\n\n\n\n<p>Boilies gibt es in verschiedenen Gr\u00f6\u00dfen, Farben und Geschmacksrichtungen, um den Vorlieben der Fische gerecht zu werden und den verschiedenen Angelbedingungen anzupassen. Sie sind ein beliebter K\u00f6der bei Karpfenanglern, da sie eine gute Haltbarkeit haben und eine so das gezielte Angeln auf Karpfen erm\u00f6glichen.<\/p>\n\n\n\n<p>Die g\u00e4ngigsten Gr\u00f6\u00dfen am Markt in Europa sind aktuell: 16 mm, 20 mm, 24 mm und der Trend geht klar in Richtung noch gr\u00f6\u00dfere K\u00f6der mit 28 oder 30 mm.<\/p>\n\n\n\n<p>In unserem Boilie Lexikon versuchen wir Anglern, die \u00fcber dieses Grundwissen nicht verf\u00fcgen &#8211; die Inhaltsstoffe, Zutaten und Herstellungsprozesse etwas n\u00e4herzubringen.<\/p>\n\n\n\n<p><em>Hinweis: die Inhalte dieses Lexikons stellen unsere Meinung und Erfahrungen, gepaart mit Recherchen und Informationen der Lieferanten dar. Alle Texte sind inhaltlich rechtlich gesch\u00fctzt und d\u00fcrfen nicht kopiert und von dritten Parteien verwendet werden. Missbrauch wird von uns rechtlich geahndet und verfolgt.<\/em><\/p>\n","protected":false},"excerpt":{"rendered":"<p>Ein Boilie ist ein meist kugelf\u00f6rmiger K\u00f6der, der haupts\u00e4chlich in der Sportfischerei, insbesondere beim Karpfenangeln, verwendet wird. Er besteht aus einer Mischung verschiedener Zutaten, die zu einer festen Konsistenz geformt und anschlie\u00dfend gekocht oder ged\u00e4mpft werden. Die g\u00e4ngigsten Gr\u00f6\u00dfen am Markt in Europa sind aktuell: 16 mm, 20 mm, 24 mm und der Trend geht [&hellip;]<\/p>\n","protected":false},"author":2,"featured_media":0,"parent":0,"menu_order":0,"comment_status":"closed","ping_status":"closed","template":"","meta":{"sfsi_plus_gutenberg_text_before_share":"","sfsi_plus_gutenberg_show_text_before_share":"","sfsi_plus_gutenberg_icon_type":"","sfsi_plus_gutenberg_icon_alignemt":"","sfsi_plus_gutenburg_max_per_row":"","footnotes":""},"class_list":["post-659","page","type-page","status-publish","hentry"],"yoast_head":"<!-- This site is optimized with the Yoast SEO plugin v27.2 - https:\/\/yoast.com\/product\/yoast-seo-wordpress\/ -->\n<title>Was ist ein Boilie? - Carpfisher Shop<\/title>\n<meta name=\"robots\" content=\"index, follow, max-snippet:-1, max-image-preview:large, max-video-preview:-1\" \/>\n<link rel=\"canonical\" href=\"https:\/\/www.carpfisher.eu\/shop\/was-ist-ein-boilie\/\" \/>\n<meta property=\"og:locale\" content=\"de_DE\" \/>\n<meta property=\"og:type\" content=\"article\" \/>\n<meta property=\"og:title\" content=\"Was ist ein Boilie? - Carpfisher Shop\" \/>\n<meta property=\"og:description\" content=\"Ein Boilie ist ein meist kugelf\u00f6rmiger K\u00f6der, der haupts\u00e4chlich in der Sportfischerei, insbesondere beim Karpfenangeln, verwendet wird. Er besteht aus einer Mischung verschiedener Zutaten, die zu einer festen Konsistenz geformt und anschlie\u00dfend gekocht oder ged\u00e4mpft werden. Die g\u00e4ngigsten Gr\u00f6\u00dfen am Markt in Europa sind aktuell: 16 mm, 20 mm, 24 mm und der Trend geht [&hellip;]\" \/>\n<meta property=\"og:url\" content=\"https:\/\/www.carpfisher.eu\/shop\/was-ist-ein-boilie\/\" \/>\n<meta property=\"og:site_name\" content=\"Carpfisher Shop\" \/>\n<meta property=\"article:publisher\" content=\"https:\/\/www.facebook.com\/people\/Carpfishereu\/100066936180661\/\" \/>\n<meta property=\"article:modified_time\" content=\"2023-06-13T07:03:18+00:00\" \/>\n<meta name=\"twitter:card\" content=\"summary_large_image\" \/>\n<meta name=\"twitter:label1\" content=\"Gesch\u00e4tzte Lesezeit\" \/>\n\t<meta name=\"twitter:data1\" content=\"2\u00a0Minuten\" \/>\n<script type=\"application\/ld+json\" class=\"yoast-schema-graph\">{\"@context\":\"https:\/\/schema.org\",\"@graph\":[{\"@type\":\"WebPage\",\"@id\":\"https:\/\/www.carpfisher.eu\/shop\/was-ist-ein-boilie\/\",\"url\":\"https:\/\/www.carpfisher.eu\/shop\/was-ist-ein-boilie\/\",\"name\":\"Was ist ein Boilie? - Carpfisher Shop\",\"isPartOf\":{\"@id\":\"https:\/\/www.carpfisher.eu\/shop\/#website\"},\"datePublished\":\"2023-05-27T10:44:01+00:00\",\"dateModified\":\"2023-06-13T07:03:18+00:00\",\"breadcrumb\":{\"@id\":\"https:\/\/www.carpfisher.eu\/shop\/was-ist-ein-boilie\/#breadcrumb\"},\"inLanguage\":\"de\",\"potentialAction\":[{\"@type\":\"ReadAction\",\"target\":[\"https:\/\/www.carpfisher.eu\/shop\/was-ist-ein-boilie\/\"]}]},{\"@type\":\"BreadcrumbList\",\"@id\":\"https:\/\/www.carpfisher.eu\/shop\/was-ist-ein-boilie\/#breadcrumb\",\"itemListElement\":[{\"@type\":\"ListItem\",\"position\":1,\"name\":\"Startseite\",\"item\":\"https:\/\/www.carpfisher.eu\/shop\/\"},{\"@type\":\"ListItem\",\"position\":2,\"name\":\"Was ist ein Boilie?\"}]},{\"@type\":\"WebSite\",\"@id\":\"https:\/\/www.carpfisher.eu\/shop\/#website\",\"url\":\"https:\/\/www.carpfisher.eu\/shop\/\",\"name\":\"Carpfisher Shop\",\"description\":\"Shop f\u00fcr Karpfenangler, Boilies, Futter, Liquid, PopUps\",\"publisher\":{\"@id\":\"https:\/\/www.carpfisher.eu\/shop\/#organization\"},\"potentialAction\":[{\"@type\":\"SearchAction\",\"target\":{\"@type\":\"EntryPoint\",\"urlTemplate\":\"https:\/\/www.carpfisher.eu\/shop\/?s={search_term_string}\"},\"query-input\":{\"@type\":\"PropertyValueSpecification\",\"valueRequired\":true,\"valueName\":\"search_term_string\"}}],\"inLanguage\":\"de\"},{\"@type\":\"Organization\",\"@id\":\"https:\/\/www.carpfisher.eu\/shop\/#organization\",\"name\":\"Carpfisher Shop\",\"url\":\"https:\/\/www.carpfisher.eu\/shop\/\",\"logo\":{\"@type\":\"ImageObject\",\"inLanguage\":\"de\",\"@id\":\"https:\/\/www.carpfisher.eu\/shop\/#\/schema\/logo\/image\/\",\"url\":\"https:\/\/www.carpfisher.eu\/shop\/wp-content\/uploads\/2023\/04\/cropped-My-project-1-3.png\",\"contentUrl\":\"https:\/\/www.carpfisher.eu\/shop\/wp-content\/uploads\/2023\/04\/cropped-My-project-1-3.png\",\"width\":2154,\"height\":500,\"caption\":\"Carpfisher Shop\"},\"image\":{\"@id\":\"https:\/\/www.carpfisher.eu\/shop\/#\/schema\/logo\/image\/\"},\"sameAs\":[\"https:\/\/www.facebook.com\/people\/Carpfishereu\/100066936180661\/\"]}]}<\/script>\n<!-- \/ Yoast SEO plugin. -->","yoast_head_json":{"title":"Was ist ein Boilie? - Carpfisher Shop","robots":{"index":"index","follow":"follow","max-snippet":"max-snippet:-1","max-image-preview":"max-image-preview:large","max-video-preview":"max-video-preview:-1"},"canonical":"https:\/\/www.carpfisher.eu\/shop\/was-ist-ein-boilie\/","og_locale":"de_DE","og_type":"article","og_title":"Was ist ein Boilie? - Carpfisher Shop","og_description":"Ein Boilie ist ein meist kugelf\u00f6rmiger K\u00f6der, der haupts\u00e4chlich in der Sportfischerei, insbesondere beim Karpfenangeln, verwendet wird. Er besteht aus einer Mischung verschiedener Zutaten, die zu einer festen Konsistenz geformt und anschlie\u00dfend gekocht oder ged\u00e4mpft werden. Die g\u00e4ngigsten Gr\u00f6\u00dfen am Markt in Europa sind aktuell: 16 mm, 20 mm, 24 mm und der Trend geht [&hellip;]","og_url":"https:\/\/www.carpfisher.eu\/shop\/was-ist-ein-boilie\/","og_site_name":"Carpfisher Shop","article_publisher":"https:\/\/www.facebook.com\/people\/Carpfishereu\/100066936180661\/","article_modified_time":"2023-06-13T07:03:18+00:00","twitter_card":"summary_large_image","twitter_misc":{"Gesch\u00e4tzte Lesezeit":"2\u00a0Minuten"},"schema":{"@context":"https:\/\/schema.org","@graph":[{"@type":"WebPage","@id":"https:\/\/www.carpfisher.eu\/shop\/was-ist-ein-boilie\/","url":"https:\/\/www.carpfisher.eu\/shop\/was-ist-ein-boilie\/","name":"Was ist ein Boilie? - Carpfisher Shop","isPartOf":{"@id":"https:\/\/www.carpfisher.eu\/shop\/#website"},"datePublished":"2023-05-27T10:44:01+00:00","dateModified":"2023-06-13T07:03:18+00:00","breadcrumb":{"@id":"https:\/\/www.carpfisher.eu\/shop\/was-ist-ein-boilie\/#breadcrumb"},"inLanguage":"de","potentialAction":[{"@type":"ReadAction","target":["https:\/\/www.carpfisher.eu\/shop\/was-ist-ein-boilie\/"]}]},{"@type":"BreadcrumbList","@id":"https:\/\/www.carpfisher.eu\/shop\/was-ist-ein-boilie\/#breadcrumb","itemListElement":[{"@type":"ListItem","position":1,"name":"Startseite","item":"https:\/\/www.carpfisher.eu\/shop\/"},{"@type":"ListItem","position":2,"name":"Was ist ein Boilie?"}]},{"@type":"WebSite","@id":"https:\/\/www.carpfisher.eu\/shop\/#website","url":"https:\/\/www.carpfisher.eu\/shop\/","name":"Carpfisher Shop","description":"Shop f\u00fcr Karpfenangler, Boilies, Futter, Liquid, PopUps","publisher":{"@id":"https:\/\/www.carpfisher.eu\/shop\/#organization"},"potentialAction":[{"@type":"SearchAction","target":{"@type":"EntryPoint","urlTemplate":"https:\/\/www.carpfisher.eu\/shop\/?s={search_term_string}"},"query-input":{"@type":"PropertyValueSpecification","valueRequired":true,"valueName":"search_term_string"}}],"inLanguage":"de"},{"@type":"Organization","@id":"https:\/\/www.carpfisher.eu\/shop\/#organization","name":"Carpfisher Shop","url":"https:\/\/www.carpfisher.eu\/shop\/","logo":{"@type":"ImageObject","inLanguage":"de","@id":"https:\/\/www.carpfisher.eu\/shop\/#\/schema\/logo\/image\/","url":"https:\/\/www.carpfisher.eu\/shop\/wp-content\/uploads\/2023\/04\/cropped-My-project-1-3.png","contentUrl":"https:\/\/www.carpfisher.eu\/shop\/wp-content\/uploads\/2023\/04\/cropped-My-project-1-3.png","width":2154,"height":500,"caption":"Carpfisher Shop"},"image":{"@id":"https:\/\/www.carpfisher.eu\/shop\/#\/schema\/logo\/image\/"},"sameAs":["https:\/\/www.facebook.com\/people\/Carpfishereu\/100066936180661\/"]}]}},"_links":{"self":[{"href":"https:\/\/www.carpfisher.eu\/shop\/wp-json\/wp\/v2\/pages\/659","targetHints":{"allow":["GET"]}}],"collection":[{"href":"https:\/\/www.carpfisher.eu\/shop\/wp-json\/wp\/v2\/pages"}],"about":[{"href":"https:\/\/www.carpfisher.eu\/shop\/wp-json\/wp\/v2\/types\/page"}],"author":[{"embeddable":true,"href":"https:\/\/www.carpfisher.eu\/shop\/wp-json\/wp\/v2\/users\/2"}],"replies":[{"embeddable":true,"href":"https:\/\/www.carpfisher.eu\/shop\/wp-json\/wp\/v2\/comments?post=659"}],"version-history":[{"count":3,"href":"https:\/\/www.carpfisher.eu\/shop\/wp-json\/wp\/v2\/pages\/659\/revisions"}],"predecessor-version":[{"id":705,"href":"https:\/\/www.carpfisher.eu\/shop\/wp-json\/wp\/v2\/pages\/659\/revisions\/705"}],"wp:attachment":[{"href":"https:\/\/www.carpfisher.eu\/shop\/wp-json\/wp\/v2\/media?parent=659"}],"curies":[{"name":"wp","href":"https:\/\/api.w.org\/{rel}","templated":true}]}}