{"id":873,"date":"2023-08-15T16:29:54","date_gmt":"2023-08-15T14:29:54","guid":{"rendered":"https:\/\/www.carpfisher.eu\/shop\/?page_id=873"},"modified":"2023-08-18T09:01:08","modified_gmt":"2023-08-18T07:01:08","slug":"hart-rund-und-gesund","status":"publish","type":"page","link":"https:\/\/www.carpfisher.eu\/shop\/hart-rund-und-gesund\/","title":{"rendered":"Hart, sehr rund UND gesund!"},"content":{"rendered":"\n<h2 class=\"wp-block-heading\"><em>Dieser Slogan ist kein leeres Versprechen, sondern er beschreibt die wesentlichen Eigenschaften meiner Boilies!<\/em><\/h2>\n\n\n\n<p><\/p>\n\n\n\n<p><strong>Hart:<\/strong> meine Boilies sind sehr wasserstabil \u2013 das bedeutet, bei 20 Grad Wassertemperatur bleibt der Kern 24 Stunden trocken. Das ist deshalb sehr wichtig, weil so alle Mitesser erst nach einer gewissen Zeit am Spot, die Chance haben, das eingebrachte Futter zu verwerten. Unser Zielfisch, der Karpfen, hat so l\u00e4nger Zeit und unsere Chancen auf Kapitale steigen deutlich. Boilies, die aufgrund ihres Mixes eine wesentlich k\u00fcrzere Wasserstabilit\u00e4t aufweisen, sind oft weich und f\u00fcttern zum \u00fcberwiegenden Teil andere Fischarten und nicht unseren Zielfisch! Oftmals waschen diese extrem aus, werden sehr schnell matschig und geben sehr viel Inhaltsstoffe ans Wasser ab. Genau das ist bei unseren Boilies nicht erw\u00fcnscht! Die Boilies der \u201e<a href=\"https:\/\/www.carpfisher.eu\/shop\/produkt-kategorie\/cf-boilie-range\/\">CF Range<\/a>\u201c arbeiten konstant und feiner, geben etwas weniger Inhaltsstoffe ans Wasser ab und ziehen darum nicht die Wei\u00dffische an den Spot. Nach der Futteraufnahme hat der Karpfen jedoch 1 bis 2 Stunden Zeit, um im Darm zu erkennen, dass die Nahrung f\u00fcr ihn sehr wertvoll ist und er wird weiter fressen bzw. wieder kommen und das ist wissenschaftlich belegt!<\/p>\n\n\n\n<p>Klar, in manchen Situationen (kaltes Wasser, keine Mitesser \u2013 Stichwort Paylakes, usw.) k\u00f6nnen weiche, sehr attraktive Boilies von Vorteil sein. UND das kann jeder Boilie der \u201e<a href=\"https:\/\/www.carpfisher.eu\/shop\/produkt-kategorie\/cf-boilie-range\/\">CF Range<\/a>\u201c ebenfalls! Du musst sie nur boosten! In einem unserer Liquids soaken, mit <a href=\"https:\/\/www.carpfisher.eu\/shop\/produkt-kategorie\/booster\/\">Extrakten <\/a>best\u00e4uben oder auch einfach mal 24 Stunden im Seewasser auswaschen lassen und dabei trotzdem noch den Vorteil des harten Kerns mitnehmen.<\/p>\n\n\n\n<h2 class=\"wp-block-heading\"><em>Du siehst, also, so herum machen die Boilies der \u201eCF-Range\u201c in der europ\u00e4ischen Angelei Sinn. &nbsp;<\/em><\/h2>\n\n\n\n<p><strong>Rund:<\/strong> du wirst sofort bemerken, dass wir keine \u201eDruckstellen\u201c vom D\u00e4mpfen haben und unsere Boilies sehr, sehr rund sind. Das hat einen gro\u00dfen Vorteil! Sie fliegen mit dem Wurfrohr einfach viel besser und vor allem weiter! Au\u00dferdem bleiben vor allem die 28 mm Boilies in einem klassischen 30er Rohr nicht stecken! Wer das kennt, wei\u00df wie l\u00e4stig das sein kann!<\/p>\n\n\n\n<p><strong>Gesund:<\/strong> die \u201eCF-Range\u201c ist zum F\u00fcttern auch in gr\u00f6\u00dferen Mengen gemacht und hat nat\u00fcrlich das Ziel gro\u00dfe Fische zu provozieren. Die Augen und die Nase der Angler interessierten uns hierbei gar nicht! Keine verr\u00fcckten, nicht erprobten Zutaten, keine Experimente mit unseren geliebten Karpfen! Der Fisch kann diesen Boilie auch in sehr gro\u00dfen Mengen zu sich nehmen \u2013 die sehr rasche Ausscheidung ist hier erprobt und garantiert! Das N\u00e4hrwertprofil ist optimal gestaltet und l\u00e4sst auch bei langfristigen Futterkampagnen nachhaltig Fische fressen und gesund damit leben.<\/p>\n\n\n\n<p>Ich stehe dir pers\u00f6nlich mit Rat und Tat zur Seite! Wenn du dich mit mir austauschen m\u00f6chtest, dann kannst du mich pers\u00f6nlich gerne auf meinem Mobiltelefon erreichen oder mir ein Mail schreiben.<\/p>\n\n\n\n<p>Meine Telefonnummer: 00436643467323 oder meine E-Mail-Adresse: <a href=\"mailto:office@carpfisher.eu\">office@carpfisher.eu<\/a><\/p>\n\n\n\n<p>Bis dahin eine gute Zeit, Petri! Gesund bleiben und dranbleiben!<\/p>\n\n\n\n<p>Stefan Sieder.<\/p>\n","protected":false},"excerpt":{"rendered":"<p>Dieser Slogan ist kein leeres Versprechen, sondern er beschreibt die wesentlichen Eigenschaften meiner Boilies! Hart: meine Boilies sind sehr wasserstabil \u2013 das bedeutet, bei 20 Grad Wassertemperatur bleibt der Kern 24 Stunden trocken. Das ist deshalb sehr wichtig, weil so alle Mitesser erst nach einer gewissen Zeit am Spot, die Chance haben, das eingebrachte Futter [&hellip;]<\/p>\n","protected":false},"author":2,"featured_media":0,"parent":0,"menu_order":0,"comment_status":"closed","ping_status":"closed","template":"","meta":{"sfsi_plus_gutenberg_text_before_share":"","sfsi_plus_gutenberg_show_text_before_share":"","sfsi_plus_gutenberg_icon_type":"","sfsi_plus_gutenberg_icon_alignemt":"","sfsi_plus_gutenburg_max_per_row":"","footnotes":""},"class_list":["post-873","page","type-page","status-publish","hentry"],"yoast_head":"<!-- This site is optimized with the Yoast SEO plugin v27.2 - https:\/\/yoast.com\/product\/yoast-seo-wordpress\/ -->\n<title>Hart, sehr rund UND gesund! - Carpfisher Shop<\/title>\n<meta name=\"robots\" content=\"index, follow, max-snippet:-1, max-image-preview:large, max-video-preview:-1\" \/>\n<link rel=\"canonical\" href=\"https:\/\/www.carpfisher.eu\/shop\/hart-rund-und-gesund\/\" \/>\n<meta property=\"og:locale\" content=\"de_DE\" \/>\n<meta property=\"og:type\" content=\"article\" \/>\n<meta property=\"og:title\" content=\"Hart, sehr rund UND gesund! - Carpfisher Shop\" \/>\n<meta property=\"og:description\" content=\"Dieser Slogan ist kein leeres Versprechen, sondern er beschreibt die wesentlichen Eigenschaften meiner Boilies! Hart: meine Boilies sind sehr wasserstabil \u2013 das bedeutet, bei 20 Grad Wassertemperatur bleibt der Kern 24 Stunden trocken. Das ist deshalb sehr wichtig, weil so alle Mitesser erst nach einer gewissen Zeit am Spot, die Chance haben, das eingebrachte Futter [&hellip;]\" \/>\n<meta property=\"og:url\" content=\"https:\/\/www.carpfisher.eu\/shop\/hart-rund-und-gesund\/\" \/>\n<meta property=\"og:site_name\" content=\"Carpfisher Shop\" \/>\n<meta property=\"article:publisher\" content=\"https:\/\/www.facebook.com\/people\/Carpfishereu\/100066936180661\/\" \/>\n<meta property=\"article:modified_time\" content=\"2023-08-18T07:01:08+00:00\" \/>\n<meta name=\"twitter:card\" content=\"summary_large_image\" \/>\n<meta name=\"twitter:label1\" content=\"Gesch\u00e4tzte Lesezeit\" \/>\n\t<meta name=\"twitter:data1\" content=\"3\u00a0Minuten\" \/>\n<script type=\"application\/ld+json\" class=\"yoast-schema-graph\">{\"@context\":\"https:\/\/schema.org\",\"@graph\":[{\"@type\":\"WebPage\",\"@id\":\"https:\/\/www.carpfisher.eu\/shop\/hart-rund-und-gesund\/\",\"url\":\"https:\/\/www.carpfisher.eu\/shop\/hart-rund-und-gesund\/\",\"name\":\"Hart, sehr rund UND gesund! - Carpfisher Shop\",\"isPartOf\":{\"@id\":\"https:\/\/www.carpfisher.eu\/shop\/#website\"},\"datePublished\":\"2023-08-15T14:29:54+00:00\",\"dateModified\":\"2023-08-18T07:01:08+00:00\",\"breadcrumb\":{\"@id\":\"https:\/\/www.carpfisher.eu\/shop\/hart-rund-und-gesund\/#breadcrumb\"},\"inLanguage\":\"de\",\"potentialAction\":[{\"@type\":\"ReadAction\",\"target\":[\"https:\/\/www.carpfisher.eu\/shop\/hart-rund-und-gesund\/\"]}]},{\"@type\":\"BreadcrumbList\",\"@id\":\"https:\/\/www.carpfisher.eu\/shop\/hart-rund-und-gesund\/#breadcrumb\",\"itemListElement\":[{\"@type\":\"ListItem\",\"position\":1,\"name\":\"Startseite\",\"item\":\"https:\/\/www.carpfisher.eu\/shop\/\"},{\"@type\":\"ListItem\",\"position\":2,\"name\":\"Hart, sehr rund UND gesund!\"}]},{\"@type\":\"WebSite\",\"@id\":\"https:\/\/www.carpfisher.eu\/shop\/#website\",\"url\":\"https:\/\/www.carpfisher.eu\/shop\/\",\"name\":\"Carpfisher Shop\",\"description\":\"Shop f\u00fcr Karpfenangler, Boilies, Futter, Liquid, PopUps\",\"publisher\":{\"@id\":\"https:\/\/www.carpfisher.eu\/shop\/#organization\"},\"potentialAction\":[{\"@type\":\"SearchAction\",\"target\":{\"@type\":\"EntryPoint\",\"urlTemplate\":\"https:\/\/www.carpfisher.eu\/shop\/?s={search_term_string}\"},\"query-input\":{\"@type\":\"PropertyValueSpecification\",\"valueRequired\":true,\"valueName\":\"search_term_string\"}}],\"inLanguage\":\"de\"},{\"@type\":\"Organization\",\"@id\":\"https:\/\/www.carpfisher.eu\/shop\/#organization\",\"name\":\"Carpfisher Shop\",\"url\":\"https:\/\/www.carpfisher.eu\/shop\/\",\"logo\":{\"@type\":\"ImageObject\",\"inLanguage\":\"de\",\"@id\":\"https:\/\/www.carpfisher.eu\/shop\/#\/schema\/logo\/image\/\",\"url\":\"https:\/\/www.carpfisher.eu\/shop\/wp-content\/uploads\/2023\/04\/cropped-My-project-1-3.png\",\"contentUrl\":\"https:\/\/www.carpfisher.eu\/shop\/wp-content\/uploads\/2023\/04\/cropped-My-project-1-3.png\",\"width\":2154,\"height\":500,\"caption\":\"Carpfisher Shop\"},\"image\":{\"@id\":\"https:\/\/www.carpfisher.eu\/shop\/#\/schema\/logo\/image\/\"},\"sameAs\":[\"https:\/\/www.facebook.com\/people\/Carpfishereu\/100066936180661\/\"]}]}<\/script>\n<!-- \/ Yoast SEO plugin. -->","yoast_head_json":{"title":"Hart, sehr rund UND gesund! - Carpfisher Shop","robots":{"index":"index","follow":"follow","max-snippet":"max-snippet:-1","max-image-preview":"max-image-preview:large","max-video-preview":"max-video-preview:-1"},"canonical":"https:\/\/www.carpfisher.eu\/shop\/hart-rund-und-gesund\/","og_locale":"de_DE","og_type":"article","og_title":"Hart, sehr rund UND gesund! - Carpfisher Shop","og_description":"Dieser Slogan ist kein leeres Versprechen, sondern er beschreibt die wesentlichen Eigenschaften meiner Boilies! Hart: meine Boilies sind sehr wasserstabil \u2013 das bedeutet, bei 20 Grad Wassertemperatur bleibt der Kern 24 Stunden trocken. Das ist deshalb sehr wichtig, weil so alle Mitesser erst nach einer gewissen Zeit am Spot, die Chance haben, das eingebrachte Futter [&hellip;]","og_url":"https:\/\/www.carpfisher.eu\/shop\/hart-rund-und-gesund\/","og_site_name":"Carpfisher Shop","article_publisher":"https:\/\/www.facebook.com\/people\/Carpfishereu\/100066936180661\/","article_modified_time":"2023-08-18T07:01:08+00:00","twitter_card":"summary_large_image","twitter_misc":{"Gesch\u00e4tzte Lesezeit":"3\u00a0Minuten"},"schema":{"@context":"https:\/\/schema.org","@graph":[{"@type":"WebPage","@id":"https:\/\/www.carpfisher.eu\/shop\/hart-rund-und-gesund\/","url":"https:\/\/www.carpfisher.eu\/shop\/hart-rund-und-gesund\/","name":"Hart, sehr rund UND gesund! - Carpfisher Shop","isPartOf":{"@id":"https:\/\/www.carpfisher.eu\/shop\/#website"},"datePublished":"2023-08-15T14:29:54+00:00","dateModified":"2023-08-18T07:01:08+00:00","breadcrumb":{"@id":"https:\/\/www.carpfisher.eu\/shop\/hart-rund-und-gesund\/#breadcrumb"},"inLanguage":"de","potentialAction":[{"@type":"ReadAction","target":["https:\/\/www.carpfisher.eu\/shop\/hart-rund-und-gesund\/"]}]},{"@type":"BreadcrumbList","@id":"https:\/\/www.carpfisher.eu\/shop\/hart-rund-und-gesund\/#breadcrumb","itemListElement":[{"@type":"ListItem","position":1,"name":"Startseite","item":"https:\/\/www.carpfisher.eu\/shop\/"},{"@type":"ListItem","position":2,"name":"Hart, sehr rund UND gesund!"}]},{"@type":"WebSite","@id":"https:\/\/www.carpfisher.eu\/shop\/#website","url":"https:\/\/www.carpfisher.eu\/shop\/","name":"Carpfisher Shop","description":"Shop f\u00fcr Karpfenangler, Boilies, Futter, Liquid, PopUps","publisher":{"@id":"https:\/\/www.carpfisher.eu\/shop\/#organization"},"potentialAction":[{"@type":"SearchAction","target":{"@type":"EntryPoint","urlTemplate":"https:\/\/www.carpfisher.eu\/shop\/?s={search_term_string}"},"query-input":{"@type":"PropertyValueSpecification","valueRequired":true,"valueName":"search_term_string"}}],"inLanguage":"de"},{"@type":"Organization","@id":"https:\/\/www.carpfisher.eu\/shop\/#organization","name":"Carpfisher Shop","url":"https:\/\/www.carpfisher.eu\/shop\/","logo":{"@type":"ImageObject","inLanguage":"de","@id":"https:\/\/www.carpfisher.eu\/shop\/#\/schema\/logo\/image\/","url":"https:\/\/www.carpfisher.eu\/shop\/wp-content\/uploads\/2023\/04\/cropped-My-project-1-3.png","contentUrl":"https:\/\/www.carpfisher.eu\/shop\/wp-content\/uploads\/2023\/04\/cropped-My-project-1-3.png","width":2154,"height":500,"caption":"Carpfisher Shop"},"image":{"@id":"https:\/\/www.carpfisher.eu\/shop\/#\/schema\/logo\/image\/"},"sameAs":["https:\/\/www.facebook.com\/people\/Carpfishereu\/100066936180661\/"]}]}},"_links":{"self":[{"href":"https:\/\/www.carpfisher.eu\/shop\/wp-json\/wp\/v2\/pages\/873","targetHints":{"allow":["GET"]}}],"collection":[{"href":"https:\/\/www.carpfisher.eu\/shop\/wp-json\/wp\/v2\/pages"}],"about":[{"href":"https:\/\/www.carpfisher.eu\/shop\/wp-json\/wp\/v2\/types\/page"}],"author":[{"embeddable":true,"href":"https:\/\/www.carpfisher.eu\/shop\/wp-json\/wp\/v2\/users\/2"}],"replies":[{"embeddable":true,"href":"https:\/\/www.carpfisher.eu\/shop\/wp-json\/wp\/v2\/comments?post=873"}],"version-history":[{"count":5,"href":"https:\/\/www.carpfisher.eu\/shop\/wp-json\/wp\/v2\/pages\/873\/revisions"}],"predecessor-version":[{"id":881,"href":"https:\/\/www.carpfisher.eu\/shop\/wp-json\/wp\/v2\/pages\/873\/revisions\/881"}],"wp:attachment":[{"href":"https:\/\/www.carpfisher.eu\/shop\/wp-json\/wp\/v2\/media?parent=873"}],"curies":[{"name":"wp","href":"https:\/\/api.w.org\/{rel}","templated":true}]}}