{"id":1025,"date":"2024-04-12T16:19:43","date_gmt":"2024-04-12T14:19:43","guid":{"rendered":"https:\/\/www.carpfisher.eu\/shop\/?post_type=product&#038;p=1025"},"modified":"2026-03-20T11:11:38","modified_gmt":"2026-03-20T10:11:38","slug":"cf-popup-scopetz-mix-12mm-15mm","status":"publish","type":"product","link":"https:\/\/www.carpfisher.eu\/shop\/produkt\/cf-popup-scopetz-mix-12mm-15mm\/","title":{"rendered":"CF+ PopUp | ScopetZ | Mix (12mm &#038; 15mm)"},"content":{"rendered":"<p>Eine Dose sattgelbe CF+ PopUps mit unserem ScopetZ Geschmack in gemischten Gr\u00f6\u00dfen.<\/p>\n<p>Im Gegensatz zu den herk\u00f6mmlichen CF PopUps bekommen die CF+ PopUps eine besonders intensive Nachbehandlung. Wir haben ein Liquid entwickelt, das hochattraktive Zutaten vereint und nachhaltig ans Wasser abgibt. CF+ PopUps schmecken nicht nur s\u00fc\u00df, sondern auch leicht sauer. Weiters kommt noch eine schwer definierbare Note durch, die ich gerne als &#8222;gr\u00fcnen&#8220; Geschmack bezeichne. Alle Zutaten dieses Liquids zielen darauf ab, nat\u00fcrliche Fressanreize zu provozieren. Mehr kann ich hier an dieser Stelle leider nicht verraten. Probiert sie aus &#8211; ihr werdet begeistert sein!<\/p>\n<ul>\n<li>12mm<\/li>\n<li>15 mm<\/li>\n<li>80 Gramm Inhalt<\/li>\n<li>Farbe gelb<\/li>\n<\/ul>\n<p>Anmerkung: Das CF+ Liquid besteht aus 8 verschiedenen Zutaten. Aminos\u00e4uren, Fetts\u00e4uren, Aroma, Geschmack usw.<\/p>\n<hr \/>\n<p>Es handelt sich um einen Hakenk\u00f6der, nicht an Tiere verf\u00fcttern und nicht f\u00fcr den menschlichen Verzehr geeignet. Nicht zum Anf\u00fcttern verwenden.<\/p>\n<p>&nbsp;<\/p>\n","protected":false},"excerpt":{"rendered":"<p>Eine Dose sattgelbe CF+ PopUps mit unserem ScopetZ Geschmack in gemischten Gr\u00f6\u00dfen. Im Gegensatz zu den herk\u00f6mmlichen CF PopUps bekommen die CF+ PopUps eine besonders intensive Nachbehandlung. Wir haben ein Liquid entwickelt, das hochattraktive Zutaten vereint und nachhaltig ans Wasser abgibt. CF+ PopUps schmecken nicht nur s\u00fc\u00df, sondern auch leicht sauer. Weiters kommt noch eine [&hellip;]<\/p>\n","protected":false},"featured_media":1974,"template":"","meta":{"sfsi_plus_gutenberg_text_before_share":"","sfsi_plus_gutenberg_show_text_before_share":"","sfsi_plus_gutenberg_icon_type":"","sfsi_plus_gutenberg_icon_alignemt":"","sfsi_plus_gutenburg_max_per_row":""},"product_brand":[],"product_cat":[40],"product_tag":[],"class_list":{"0":"post-1025","1":"product","2":"type-product","3":"status-publish","4":"has-post-thumbnail","6":"product_cat-popups","8":"first","9":"instock","10":"taxable","11":"shipping-taxable","12":"purchasable","13":"product-type-simple"},"yoast_head":"<!-- This site is optimized with the Yoast SEO plugin v27.2 - https:\/\/yoast.com\/product\/yoast-seo-wordpress\/ -->\n<title>CF+ PopUp | ScopetZ | Mix (12mm &amp; 15mm) - Carpfisher Shop<\/title>\n<meta name=\"robots\" content=\"index, follow, max-snippet:-1, max-image-preview:large, max-video-preview:-1\" \/>\n<link rel=\"canonical\" href=\"https:\/\/www.carpfisher.eu\/shop\/produkt\/cf-popup-scopetz-mix-12mm-15mm\/\" \/>\n<meta property=\"og:locale\" content=\"de_DE\" \/>\n<meta property=\"og:type\" content=\"article\" \/>\n<meta property=\"og:title\" content=\"CF+ PopUp | ScopetZ | Mix (12mm &amp; 15mm) - Carpfisher Shop\" \/>\n<meta property=\"og:description\" content=\"Eine Dose sattgelbe CF+ PopUps mit unserem ScopetZ Geschmack in gemischten Gr\u00f6\u00dfen. Im Gegensatz zu den herk\u00f6mmlichen CF PopUps bekommen die CF+ PopUps eine besonders intensive Nachbehandlung. Wir haben ein Liquid entwickelt, das hochattraktive Zutaten vereint und nachhaltig ans Wasser abgibt. CF+ PopUps schmecken nicht nur s\u00fc\u00df, sondern auch leicht sauer. Weiters kommt noch eine [&hellip;]\" \/>\n<meta property=\"og:url\" content=\"https:\/\/www.carpfisher.eu\/shop\/produkt\/cf-popup-scopetz-mix-12mm-15mm\/\" \/>\n<meta property=\"og:site_name\" content=\"Carpfisher Shop\" \/>\n<meta property=\"article:publisher\" content=\"https:\/\/www.facebook.com\/people\/Carpfishereu\/100066936180661\/\" \/>\n<meta property=\"article:modified_time\" content=\"2026-03-20T10:11:38+00:00\" \/>\n<meta property=\"og:image\" content=\"https:\/\/www.carpfisher.eu\/shop\/wp-content\/uploads\/2024\/04\/ScopetZ-PopUp-neues-Logo.png\" \/>\n\t<meta property=\"og:image:width\" content=\"1024\" \/>\n\t<meta property=\"og:image:height\" content=\"1024\" \/>\n\t<meta property=\"og:image:type\" content=\"image\/png\" \/>\n<meta name=\"twitter:card\" content=\"summary_large_image\" \/>\n<meta name=\"twitter:label1\" content=\"Gesch\u00e4tzte Lesezeit\" \/>\n\t<meta name=\"twitter:data1\" content=\"1\u00a0Minute\" \/>\n<script type=\"application\/ld+json\" class=\"yoast-schema-graph\">{\"@context\":\"https:\/\/schema.org\",\"@graph\":[{\"@type\":\"WebPage\",\"@id\":\"https:\/\/www.carpfisher.eu\/shop\/produkt\/cf-popup-scopetz-mix-12mm-15mm\/\",\"url\":\"https:\/\/www.carpfisher.eu\/shop\/produkt\/cf-popup-scopetz-mix-12mm-15mm\/\",\"name\":\"CF+ PopUp | ScopetZ | Mix (12mm & 15mm) - Carpfisher Shop\",\"isPartOf\":{\"@id\":\"https:\/\/www.carpfisher.eu\/shop\/#website\"},\"primaryImageOfPage\":{\"@id\":\"https:\/\/www.carpfisher.eu\/shop\/produkt\/cf-popup-scopetz-mix-12mm-15mm\/#primaryimage\"},\"image\":{\"@id\":\"https:\/\/www.carpfisher.eu\/shop\/produkt\/cf-popup-scopetz-mix-12mm-15mm\/#primaryimage\"},\"thumbnailUrl\":\"https:\/\/www.carpfisher.eu\/shop\/wp-content\/uploads\/2024\/04\/ScopetZ-PopUp-neues-Logo.png\",\"datePublished\":\"2024-04-12T14:19:43+00:00\",\"dateModified\":\"2026-03-20T10:11:38+00:00\",\"breadcrumb\":{\"@id\":\"https:\/\/www.carpfisher.eu\/shop\/produkt\/cf-popup-scopetz-mix-12mm-15mm\/#breadcrumb\"},\"inLanguage\":\"de\",\"potentialAction\":[{\"@type\":\"ReadAction\",\"target\":[\"https:\/\/www.carpfisher.eu\/shop\/produkt\/cf-popup-scopetz-mix-12mm-15mm\/\"]}]},{\"@type\":\"ImageObject\",\"inLanguage\":\"de\",\"@id\":\"https:\/\/www.carpfisher.eu\/shop\/produkt\/cf-popup-scopetz-mix-12mm-15mm\/#primaryimage\",\"url\":\"https:\/\/www.carpfisher.eu\/shop\/wp-content\/uploads\/2024\/04\/ScopetZ-PopUp-neues-Logo.png\",\"contentUrl\":\"https:\/\/www.carpfisher.eu\/shop\/wp-content\/uploads\/2024\/04\/ScopetZ-PopUp-neues-Logo.png\",\"width\":1024,\"height\":1024},{\"@type\":\"BreadcrumbList\",\"@id\":\"https:\/\/www.carpfisher.eu\/shop\/produkt\/cf-popup-scopetz-mix-12mm-15mm\/#breadcrumb\",\"itemListElement\":[{\"@type\":\"ListItem\",\"position\":1,\"name\":\"Startseite\",\"item\":\"https:\/\/www.carpfisher.eu\/shop\/\"},{\"@type\":\"ListItem\",\"position\":2,\"name\":\"Shop\",\"item\":\"https:\/\/www.carpfisher.eu\/shop\/shop\/\"},{\"@type\":\"ListItem\",\"position\":3,\"name\":\"CF+ PopUp | ScopetZ | Mix (12mm &#038; 15mm)\"}]},{\"@type\":\"WebSite\",\"@id\":\"https:\/\/www.carpfisher.eu\/shop\/#website\",\"url\":\"https:\/\/www.carpfisher.eu\/shop\/\",\"name\":\"Carpfisher Shop\",\"description\":\"Shop f\u00fcr Karpfenangler, Boilies, Futter, Liquid, PopUps\",\"publisher\":{\"@id\":\"https:\/\/www.carpfisher.eu\/shop\/#organization\"},\"potentialAction\":[{\"@type\":\"SearchAction\",\"target\":{\"@type\":\"EntryPoint\",\"urlTemplate\":\"https:\/\/www.carpfisher.eu\/shop\/?s={search_term_string}\"},\"query-input\":{\"@type\":\"PropertyValueSpecification\",\"valueRequired\":true,\"valueName\":\"search_term_string\"}}],\"inLanguage\":\"de\"},{\"@type\":\"Organization\",\"@id\":\"https:\/\/www.carpfisher.eu\/shop\/#organization\",\"name\":\"Carpfisher Shop\",\"url\":\"https:\/\/www.carpfisher.eu\/shop\/\",\"logo\":{\"@type\":\"ImageObject\",\"inLanguage\":\"de\",\"@id\":\"https:\/\/www.carpfisher.eu\/shop\/#\/schema\/logo\/image\/\",\"url\":\"https:\/\/www.carpfisher.eu\/shop\/wp-content\/uploads\/2023\/04\/cropped-My-project-1-3.png\",\"contentUrl\":\"https:\/\/www.carpfisher.eu\/shop\/wp-content\/uploads\/2023\/04\/cropped-My-project-1-3.png\",\"width\":2154,\"height\":500,\"caption\":\"Carpfisher Shop\"},\"image\":{\"@id\":\"https:\/\/www.carpfisher.eu\/shop\/#\/schema\/logo\/image\/\"},\"sameAs\":[\"https:\/\/www.facebook.com\/people\/Carpfishereu\/100066936180661\/\"]}]}<\/script>\n<!-- \/ Yoast SEO plugin. -->","yoast_head_json":{"title":"CF+ PopUp | ScopetZ | Mix (12mm & 15mm) - Carpfisher Shop","robots":{"index":"index","follow":"follow","max-snippet":"max-snippet:-1","max-image-preview":"max-image-preview:large","max-video-preview":"max-video-preview:-1"},"canonical":"https:\/\/www.carpfisher.eu\/shop\/produkt\/cf-popup-scopetz-mix-12mm-15mm\/","og_locale":"de_DE","og_type":"article","og_title":"CF+ PopUp | ScopetZ | Mix (12mm & 15mm) - Carpfisher Shop","og_description":"Eine Dose sattgelbe CF+ PopUps mit unserem ScopetZ Geschmack in gemischten Gr\u00f6\u00dfen. Im Gegensatz zu den herk\u00f6mmlichen CF PopUps bekommen die CF+ PopUps eine besonders intensive Nachbehandlung. Wir haben ein Liquid entwickelt, das hochattraktive Zutaten vereint und nachhaltig ans Wasser abgibt. CF+ PopUps schmecken nicht nur s\u00fc\u00df, sondern auch leicht sauer. Weiters kommt noch eine [&hellip;]","og_url":"https:\/\/www.carpfisher.eu\/shop\/produkt\/cf-popup-scopetz-mix-12mm-15mm\/","og_site_name":"Carpfisher Shop","article_publisher":"https:\/\/www.facebook.com\/people\/Carpfishereu\/100066936180661\/","article_modified_time":"2026-03-20T10:11:38+00:00","og_image":[{"width":1024,"height":1024,"url":"https:\/\/www.carpfisher.eu\/shop\/wp-content\/uploads\/2024\/04\/ScopetZ-PopUp-neues-Logo.png","type":"image\/png"}],"twitter_card":"summary_large_image","twitter_misc":{"Gesch\u00e4tzte Lesezeit":"1\u00a0Minute"},"schema":{"@context":"https:\/\/schema.org","@graph":[{"@type":"WebPage","@id":"https:\/\/www.carpfisher.eu\/shop\/produkt\/cf-popup-scopetz-mix-12mm-15mm\/","url":"https:\/\/www.carpfisher.eu\/shop\/produkt\/cf-popup-scopetz-mix-12mm-15mm\/","name":"CF+ PopUp | ScopetZ | Mix (12mm & 15mm) - Carpfisher Shop","isPartOf":{"@id":"https:\/\/www.carpfisher.eu\/shop\/#website"},"primaryImageOfPage":{"@id":"https:\/\/www.carpfisher.eu\/shop\/produkt\/cf-popup-scopetz-mix-12mm-15mm\/#primaryimage"},"image":{"@id":"https:\/\/www.carpfisher.eu\/shop\/produkt\/cf-popup-scopetz-mix-12mm-15mm\/#primaryimage"},"thumbnailUrl":"https:\/\/www.carpfisher.eu\/shop\/wp-content\/uploads\/2024\/04\/ScopetZ-PopUp-neues-Logo.png","datePublished":"2024-04-12T14:19:43+00:00","dateModified":"2026-03-20T10:11:38+00:00","breadcrumb":{"@id":"https:\/\/www.carpfisher.eu\/shop\/produkt\/cf-popup-scopetz-mix-12mm-15mm\/#breadcrumb"},"inLanguage":"de","potentialAction":[{"@type":"ReadAction","target":["https:\/\/www.carpfisher.eu\/shop\/produkt\/cf-popup-scopetz-mix-12mm-15mm\/"]}]},{"@type":"ImageObject","inLanguage":"de","@id":"https:\/\/www.carpfisher.eu\/shop\/produkt\/cf-popup-scopetz-mix-12mm-15mm\/#primaryimage","url":"https:\/\/www.carpfisher.eu\/shop\/wp-content\/uploads\/2024\/04\/ScopetZ-PopUp-neues-Logo.png","contentUrl":"https:\/\/www.carpfisher.eu\/shop\/wp-content\/uploads\/2024\/04\/ScopetZ-PopUp-neues-Logo.png","width":1024,"height":1024},{"@type":"BreadcrumbList","@id":"https:\/\/www.carpfisher.eu\/shop\/produkt\/cf-popup-scopetz-mix-12mm-15mm\/#breadcrumb","itemListElement":[{"@type":"ListItem","position":1,"name":"Startseite","item":"https:\/\/www.carpfisher.eu\/shop\/"},{"@type":"ListItem","position":2,"name":"Shop","item":"https:\/\/www.carpfisher.eu\/shop\/shop\/"},{"@type":"ListItem","position":3,"name":"CF+ PopUp | ScopetZ | Mix (12mm &#038; 15mm)"}]},{"@type":"WebSite","@id":"https:\/\/www.carpfisher.eu\/shop\/#website","url":"https:\/\/www.carpfisher.eu\/shop\/","name":"Carpfisher Shop","description":"Shop f\u00fcr Karpfenangler, Boilies, Futter, Liquid, PopUps","publisher":{"@id":"https:\/\/www.carpfisher.eu\/shop\/#organization"},"potentialAction":[{"@type":"SearchAction","target":{"@type":"EntryPoint","urlTemplate":"https:\/\/www.carpfisher.eu\/shop\/?s={search_term_string}"},"query-input":{"@type":"PropertyValueSpecification","valueRequired":true,"valueName":"search_term_string"}}],"inLanguage":"de"},{"@type":"Organization","@id":"https:\/\/www.carpfisher.eu\/shop\/#organization","name":"Carpfisher Shop","url":"https:\/\/www.carpfisher.eu\/shop\/","logo":{"@type":"ImageObject","inLanguage":"de","@id":"https:\/\/www.carpfisher.eu\/shop\/#\/schema\/logo\/image\/","url":"https:\/\/www.carpfisher.eu\/shop\/wp-content\/uploads\/2023\/04\/cropped-My-project-1-3.png","contentUrl":"https:\/\/www.carpfisher.eu\/shop\/wp-content\/uploads\/2023\/04\/cropped-My-project-1-3.png","width":2154,"height":500,"caption":"Carpfisher Shop"},"image":{"@id":"https:\/\/www.carpfisher.eu\/shop\/#\/schema\/logo\/image\/"},"sameAs":["https:\/\/www.facebook.com\/people\/Carpfishereu\/100066936180661\/"]}]}},"_links":{"self":[{"href":"https:\/\/www.carpfisher.eu\/shop\/wp-json\/wp\/v2\/product\/1025","targetHints":{"allow":["GET"]}}],"collection":[{"href":"https:\/\/www.carpfisher.eu\/shop\/wp-json\/wp\/v2\/product"}],"about":[{"href":"https:\/\/www.carpfisher.eu\/shop\/wp-json\/wp\/v2\/types\/product"}],"wp:featuredmedia":[{"embeddable":true,"href":"https:\/\/www.carpfisher.eu\/shop\/wp-json\/wp\/v2\/media\/1974"}],"wp:attachment":[{"href":"https:\/\/www.carpfisher.eu\/shop\/wp-json\/wp\/v2\/media?parent=1025"}],"wp:term":[{"taxonomy":"product_brand","embeddable":true,"href":"https:\/\/www.carpfisher.eu\/shop\/wp-json\/wp\/v2\/product_brand?post=1025"},{"taxonomy":"product_cat","embeddable":true,"href":"https:\/\/www.carpfisher.eu\/shop\/wp-json\/wp\/v2\/product_cat?post=1025"},{"taxonomy":"product_tag","embeddable":true,"href":"https:\/\/www.carpfisher.eu\/shop\/wp-json\/wp\/v2\/product_tag?post=1025"}],"curies":[{"name":"wp","href":"https:\/\/api.w.org\/{rel}","templated":true}]}}