{"id":1135,"date":"2024-07-16T13:19:28","date_gmt":"2024-07-16T11:19:28","guid":{"rendered":"https:\/\/www.carpfisher.eu\/shop\/?post_type=product&#038;p=1135"},"modified":"2026-04-11T20:09:29","modified_gmt":"2026-04-11T18:09:29","slug":"betain-99-reinheit-kristallin-500-gramm","status":"publish","type":"product","link":"https:\/\/www.carpfisher.eu\/shop\/produkt\/betain-99-reinheit-kristallin-500-gramm\/","title":{"rendered":"Betain &#8211; 99% Reinheit &#8211; Kristallin | 500 Gramm"},"content":{"rendered":"<p><strong>Produktname:<\/strong> Betain HCl, 99% Reinheit, kristallin<\/p>\n<p><strong>Was ist Betain?<\/strong> Betain ist eine nat\u00fcrliche organische Verbindung, die urspr\u00fcnglich in Zuckerr\u00fcben entdeckt wurde und h\u00e4ufig in der Natur vorkommt. Chemisch bekannt als Trimethylglycin, ist Betain ein Derivat der Aminos\u00e4ure Glycin. Es spielt eine wesentliche Rolle im Stoffwechsel von Pflanzen, Tieren und Mikroorganismen. Betain ist besonders f\u00fcr seine osmoregulatorischen Eigenschaften bekannt, d.h., es hilft Organismen, den Wasserhaushalt zu regulieren und Stresssituationen wie hohe Salzkonzentrationen oder extreme Temperaturen zu \u00fcberstehen.<\/p>\n<p><strong>Produktbeschreibung:<\/strong> Erleben Sie die hervorragende Qualit\u00e4t unseres Betaine HCl in kristalliner Form mit einer Reinheit von 99%.<\/p>\n<p><strong>Eigenschaften:<\/strong><\/p>\n<ul>\n<li><strong>Hochreine Qualit\u00e4t:<\/strong> Mit einer Reinheit von 99 % bietet unser Betain maximale Wirksamkeit und Zuverl\u00e4ssigkeit.<\/li>\n<li><strong>Kristalline Form:<\/strong> Die feinkristalline Struktur sorgt f\u00fcr eine einfache Handhabung und Dosierung.<\/li>\n<li><strong>Attraktivit\u00e4t:<\/strong> Betain ist bekannt f\u00fcr seine fischanziehende Wirkung und steigert die Chancen auf einen erfolgreichen Fang.<\/li>\n<li><strong>Vielf\u00e4ltige Anwendung:<\/strong> Ideal, um Hakenk\u00f6der oder Boilies im Nachhinein zu boosten!<\/li>\n<li><strong>Hinweis:<\/strong> <strong>Optimale Wirksamkeit in rohem Zustand auf gesoakten Boilies!<\/strong><\/li>\n<\/ul>\n<p><strong>Vorteile:<\/strong><\/p>\n<ul>\n<li><strong>Verbesserte Fangergebnisse:<\/strong> Erh\u00f6hen Sie die Attraktivit\u00e4t Ihrer K\u00f6der und locken Sie mehr Karpfen an.<\/li>\n<li><strong>Wasserl\u00f6slich:<\/strong> Kann leicht in verschiedene Liquids eingemischt werden.<\/li>\n<li><strong>Qualit\u00e4tssicherung:<\/strong> Unser Produkt wird unter strengen Qualit\u00e4tskontrollen hergestellt, um die h\u00f6chste Reinheit und Wirksamkeit zu gew\u00e4hrleisten.<\/li>\n<\/ul>\n<p><strong>Anwendungsempfehlung:<\/strong> Verwenden Sie Betain auf gesoakten Boilies, in einem Liquid oder auch in einem nassen Partikelmix! <strong>Meine Empfehlung:<\/strong> Dosierung ca. 25 Gramm pro Kilo Futter. Ein Gro\u00dfteil des Betains, das zum Soaken oder Boosten verwendet wird, wird ans Wasser abgegeben und nicht vom Fisch gefressen. Sollten sie Betain im Boiliemix einsetzen, dann reicht eine Dosierung von 5 bis 10 Gramm pro Kilo.<\/p>\n<p><strong>Verpackung:<\/strong> Erh\u00e4ltlich in wiederverschlie\u00dfbaren Beuteln zu 500 Gramm, um die Frische und Qualit\u00e4t zu bewahren.<\/p>\n<p><strong>Lagerung:<\/strong> K\u00fchl und trocken lagern, fern von direktem Sonnenlicht und Feuchtigkeit. Nach dem \u00d6ffnen stets gut verschlie\u00dfen. Achtung, Betain ist sehr Feuchtigkeitsempfindlich!<\/p>\n<p><strong>Sicherheitshinweise:<\/strong><\/p>\n<ul>\n<li>Nur f\u00fcr den Gebrauch als Fischk\u00f6derzusatz.<\/li>\n<li>Von Kindern fernhalten.<\/li>\n<li>Bei Haut- oder Augenkontakt gr\u00fcndlich mit Wasser sp\u00fclen.<\/li>\n<\/ul>\n<hr \/>\n<p>Angelk\u00f6der f\u00fcr frei lebende Fische, nicht f\u00fcr den menschlichen Verzehr geeignet. Darf nicht an Wiederk\u00e4uer verf\u00fcttert werden!<\/p>\n","protected":false},"excerpt":{"rendered":"<p>Produktname: Betain HCl, 99% Reinheit, kristallin Was ist Betain? Betain ist eine nat\u00fcrliche organische Verbindung, die urspr\u00fcnglich in Zuckerr\u00fcben entdeckt wurde und h\u00e4ufig in der Natur vorkommt. Chemisch bekannt als Trimethylglycin, ist Betain ein Derivat der Aminos\u00e4ure Glycin. Es spielt eine wesentliche Rolle im Stoffwechsel von Pflanzen, Tieren und Mikroorganismen. Betain ist besonders f\u00fcr seine [&hellip;]<\/p>\n","protected":false},"featured_media":1136,"template":"","meta":{"sfsi_plus_gutenberg_text_before_share":"","sfsi_plus_gutenberg_show_text_before_share":"","sfsi_plus_gutenberg_icon_type":"","sfsi_plus_gutenberg_icon_alignemt":"","sfsi_plus_gutenburg_max_per_row":""},"product_brand":[],"product_cat":[44],"product_tag":[],"class_list":{"0":"post-1135","1":"product","2":"type-product","3":"status-publish","4":"has-post-thumbnail","6":"product_cat-mehle-extrakte","8":"first","9":"instock","10":"taxable","11":"shipping-taxable","12":"purchasable","13":"product-type-simple"},"yoast_head":"<!-- This site is optimized with the Yoast SEO plugin v27.2 - https:\/\/yoast.com\/product\/yoast-seo-wordpress\/ -->\n<title>Betain - 99% Reinheit - Kristallin | 500 Gramm - Carpfisher Shop<\/title>\n<meta name=\"robots\" content=\"index, follow, max-snippet:-1, max-image-preview:large, max-video-preview:-1\" \/>\n<link rel=\"canonical\" href=\"https:\/\/www.carpfisher.eu\/shop\/produkt\/betain-99-reinheit-kristallin-500-gramm\/\" \/>\n<meta property=\"og:locale\" content=\"de_DE\" \/>\n<meta property=\"og:type\" content=\"article\" \/>\n<meta property=\"og:title\" content=\"Betain - 99% Reinheit - Kristallin | 500 Gramm - Carpfisher Shop\" \/>\n<meta property=\"og:description\" content=\"Produktname: Betain HCl, 99% Reinheit, kristallin Was ist Betain? Betain ist eine nat\u00fcrliche organische Verbindung, die urspr\u00fcnglich in Zuckerr\u00fcben entdeckt wurde und h\u00e4ufig in der Natur vorkommt. Chemisch bekannt als Trimethylglycin, ist Betain ein Derivat der Aminos\u00e4ure Glycin. Es spielt eine wesentliche Rolle im Stoffwechsel von Pflanzen, Tieren und Mikroorganismen. Betain ist besonders f\u00fcr seine [&hellip;]\" \/>\n<meta property=\"og:url\" content=\"https:\/\/www.carpfisher.eu\/shop\/produkt\/betain-99-reinheit-kristallin-500-gramm\/\" \/>\n<meta property=\"og:site_name\" content=\"Carpfisher Shop\" \/>\n<meta property=\"article:publisher\" content=\"https:\/\/www.facebook.com\/people\/Carpfishereu\/100066936180661\/\" \/>\n<meta property=\"article:modified_time\" content=\"2026-04-11T18:09:29+00:00\" \/>\n<meta property=\"og:image\" content=\"https:\/\/www.carpfisher.eu\/shop\/wp-content\/uploads\/2024\/07\/Betain-clear.png\" \/>\n\t<meta property=\"og:image:width\" content=\"1080\" \/>\n\t<meta property=\"og:image:height\" content=\"1080\" \/>\n\t<meta property=\"og:image:type\" content=\"image\/png\" \/>\n<meta name=\"twitter:card\" content=\"summary_large_image\" \/>\n<meta name=\"twitter:label1\" content=\"Gesch\u00e4tzte Lesezeit\" \/>\n\t<meta name=\"twitter:data1\" content=\"2\u00a0Minuten\" \/>\n<script type=\"application\/ld+json\" class=\"yoast-schema-graph\">{\"@context\":\"https:\/\/schema.org\",\"@graph\":[{\"@type\":\"WebPage\",\"@id\":\"https:\/\/www.carpfisher.eu\/shop\/produkt\/betain-99-reinheit-kristallin-500-gramm\/\",\"url\":\"https:\/\/www.carpfisher.eu\/shop\/produkt\/betain-99-reinheit-kristallin-500-gramm\/\",\"name\":\"Betain - 99% Reinheit - Kristallin | 500 Gramm - Carpfisher Shop\",\"isPartOf\":{\"@id\":\"https:\/\/www.carpfisher.eu\/shop\/#website\"},\"primaryImageOfPage\":{\"@id\":\"https:\/\/www.carpfisher.eu\/shop\/produkt\/betain-99-reinheit-kristallin-500-gramm\/#primaryimage\"},\"image\":{\"@id\":\"https:\/\/www.carpfisher.eu\/shop\/produkt\/betain-99-reinheit-kristallin-500-gramm\/#primaryimage\"},\"thumbnailUrl\":\"https:\/\/www.carpfisher.eu\/shop\/wp-content\/uploads\/2024\/07\/Betain-clear.png\",\"datePublished\":\"2024-07-16T11:19:28+00:00\",\"dateModified\":\"2026-04-11T18:09:29+00:00\",\"breadcrumb\":{\"@id\":\"https:\/\/www.carpfisher.eu\/shop\/produkt\/betain-99-reinheit-kristallin-500-gramm\/#breadcrumb\"},\"inLanguage\":\"de\",\"potentialAction\":[{\"@type\":\"ReadAction\",\"target\":[\"https:\/\/www.carpfisher.eu\/shop\/produkt\/betain-99-reinheit-kristallin-500-gramm\/\"]}]},{\"@type\":\"ImageObject\",\"inLanguage\":\"de\",\"@id\":\"https:\/\/www.carpfisher.eu\/shop\/produkt\/betain-99-reinheit-kristallin-500-gramm\/#primaryimage\",\"url\":\"https:\/\/www.carpfisher.eu\/shop\/wp-content\/uploads\/2024\/07\/Betain-clear.png\",\"contentUrl\":\"https:\/\/www.carpfisher.eu\/shop\/wp-content\/uploads\/2024\/07\/Betain-clear.png\",\"width\":1080,\"height\":1080},{\"@type\":\"BreadcrumbList\",\"@id\":\"https:\/\/www.carpfisher.eu\/shop\/produkt\/betain-99-reinheit-kristallin-500-gramm\/#breadcrumb\",\"itemListElement\":[{\"@type\":\"ListItem\",\"position\":1,\"name\":\"Startseite\",\"item\":\"https:\/\/www.carpfisher.eu\/shop\/\"},{\"@type\":\"ListItem\",\"position\":2,\"name\":\"Shop\",\"item\":\"https:\/\/www.carpfisher.eu\/shop\/shop\/\"},{\"@type\":\"ListItem\",\"position\":3,\"name\":\"Betain &#8211; 99% Reinheit &#8211; Kristallin | 500 Gramm\"}]},{\"@type\":\"WebSite\",\"@id\":\"https:\/\/www.carpfisher.eu\/shop\/#website\",\"url\":\"https:\/\/www.carpfisher.eu\/shop\/\",\"name\":\"Carpfisher Shop\",\"description\":\"Shop f\u00fcr Karpfenangler, Boilies, Futter, Liquid, PopUps\",\"publisher\":{\"@id\":\"https:\/\/www.carpfisher.eu\/shop\/#organization\"},\"potentialAction\":[{\"@type\":\"SearchAction\",\"target\":{\"@type\":\"EntryPoint\",\"urlTemplate\":\"https:\/\/www.carpfisher.eu\/shop\/?s={search_term_string}\"},\"query-input\":{\"@type\":\"PropertyValueSpecification\",\"valueRequired\":true,\"valueName\":\"search_term_string\"}}],\"inLanguage\":\"de\"},{\"@type\":\"Organization\",\"@id\":\"https:\/\/www.carpfisher.eu\/shop\/#organization\",\"name\":\"Carpfisher Shop\",\"url\":\"https:\/\/www.carpfisher.eu\/shop\/\",\"logo\":{\"@type\":\"ImageObject\",\"inLanguage\":\"de\",\"@id\":\"https:\/\/www.carpfisher.eu\/shop\/#\/schema\/logo\/image\/\",\"url\":\"https:\/\/www.carpfisher.eu\/shop\/wp-content\/uploads\/2023\/04\/cropped-My-project-1-3.png\",\"contentUrl\":\"https:\/\/www.carpfisher.eu\/shop\/wp-content\/uploads\/2023\/04\/cropped-My-project-1-3.png\",\"width\":2154,\"height\":500,\"caption\":\"Carpfisher Shop\"},\"image\":{\"@id\":\"https:\/\/www.carpfisher.eu\/shop\/#\/schema\/logo\/image\/\"},\"sameAs\":[\"https:\/\/www.facebook.com\/people\/Carpfishereu\/100066936180661\/\"]}]}<\/script>\n<!-- \/ Yoast SEO plugin. -->","yoast_head_json":{"title":"Betain - 99% Reinheit - Kristallin | 500 Gramm - Carpfisher Shop","robots":{"index":"index","follow":"follow","max-snippet":"max-snippet:-1","max-image-preview":"max-image-preview:large","max-video-preview":"max-video-preview:-1"},"canonical":"https:\/\/www.carpfisher.eu\/shop\/produkt\/betain-99-reinheit-kristallin-500-gramm\/","og_locale":"de_DE","og_type":"article","og_title":"Betain - 99% Reinheit - Kristallin | 500 Gramm - Carpfisher Shop","og_description":"Produktname: Betain HCl, 99% Reinheit, kristallin Was ist Betain? Betain ist eine nat\u00fcrliche organische Verbindung, die urspr\u00fcnglich in Zuckerr\u00fcben entdeckt wurde und h\u00e4ufig in der Natur vorkommt. Chemisch bekannt als Trimethylglycin, ist Betain ein Derivat der Aminos\u00e4ure Glycin. Es spielt eine wesentliche Rolle im Stoffwechsel von Pflanzen, Tieren und Mikroorganismen. Betain ist besonders f\u00fcr seine [&hellip;]","og_url":"https:\/\/www.carpfisher.eu\/shop\/produkt\/betain-99-reinheit-kristallin-500-gramm\/","og_site_name":"Carpfisher Shop","article_publisher":"https:\/\/www.facebook.com\/people\/Carpfishereu\/100066936180661\/","article_modified_time":"2026-04-11T18:09:29+00:00","og_image":[{"width":1080,"height":1080,"url":"https:\/\/www.carpfisher.eu\/shop\/wp-content\/uploads\/2024\/07\/Betain-clear.png","type":"image\/png"}],"twitter_card":"summary_large_image","twitter_misc":{"Gesch\u00e4tzte Lesezeit":"2\u00a0Minuten"},"schema":{"@context":"https:\/\/schema.org","@graph":[{"@type":"WebPage","@id":"https:\/\/www.carpfisher.eu\/shop\/produkt\/betain-99-reinheit-kristallin-500-gramm\/","url":"https:\/\/www.carpfisher.eu\/shop\/produkt\/betain-99-reinheit-kristallin-500-gramm\/","name":"Betain - 99% Reinheit - Kristallin | 500 Gramm - Carpfisher Shop","isPartOf":{"@id":"https:\/\/www.carpfisher.eu\/shop\/#website"},"primaryImageOfPage":{"@id":"https:\/\/www.carpfisher.eu\/shop\/produkt\/betain-99-reinheit-kristallin-500-gramm\/#primaryimage"},"image":{"@id":"https:\/\/www.carpfisher.eu\/shop\/produkt\/betain-99-reinheit-kristallin-500-gramm\/#primaryimage"},"thumbnailUrl":"https:\/\/www.carpfisher.eu\/shop\/wp-content\/uploads\/2024\/07\/Betain-clear.png","datePublished":"2024-07-16T11:19:28+00:00","dateModified":"2026-04-11T18:09:29+00:00","breadcrumb":{"@id":"https:\/\/www.carpfisher.eu\/shop\/produkt\/betain-99-reinheit-kristallin-500-gramm\/#breadcrumb"},"inLanguage":"de","potentialAction":[{"@type":"ReadAction","target":["https:\/\/www.carpfisher.eu\/shop\/produkt\/betain-99-reinheit-kristallin-500-gramm\/"]}]},{"@type":"ImageObject","inLanguage":"de","@id":"https:\/\/www.carpfisher.eu\/shop\/produkt\/betain-99-reinheit-kristallin-500-gramm\/#primaryimage","url":"https:\/\/www.carpfisher.eu\/shop\/wp-content\/uploads\/2024\/07\/Betain-clear.png","contentUrl":"https:\/\/www.carpfisher.eu\/shop\/wp-content\/uploads\/2024\/07\/Betain-clear.png","width":1080,"height":1080},{"@type":"BreadcrumbList","@id":"https:\/\/www.carpfisher.eu\/shop\/produkt\/betain-99-reinheit-kristallin-500-gramm\/#breadcrumb","itemListElement":[{"@type":"ListItem","position":1,"name":"Startseite","item":"https:\/\/www.carpfisher.eu\/shop\/"},{"@type":"ListItem","position":2,"name":"Shop","item":"https:\/\/www.carpfisher.eu\/shop\/shop\/"},{"@type":"ListItem","position":3,"name":"Betain &#8211; 99% Reinheit &#8211; Kristallin | 500 Gramm"}]},{"@type":"WebSite","@id":"https:\/\/www.carpfisher.eu\/shop\/#website","url":"https:\/\/www.carpfisher.eu\/shop\/","name":"Carpfisher Shop","description":"Shop f\u00fcr Karpfenangler, Boilies, Futter, Liquid, PopUps","publisher":{"@id":"https:\/\/www.carpfisher.eu\/shop\/#organization"},"potentialAction":[{"@type":"SearchAction","target":{"@type":"EntryPoint","urlTemplate":"https:\/\/www.carpfisher.eu\/shop\/?s={search_term_string}"},"query-input":{"@type":"PropertyValueSpecification","valueRequired":true,"valueName":"search_term_string"}}],"inLanguage":"de"},{"@type":"Organization","@id":"https:\/\/www.carpfisher.eu\/shop\/#organization","name":"Carpfisher Shop","url":"https:\/\/www.carpfisher.eu\/shop\/","logo":{"@type":"ImageObject","inLanguage":"de","@id":"https:\/\/www.carpfisher.eu\/shop\/#\/schema\/logo\/image\/","url":"https:\/\/www.carpfisher.eu\/shop\/wp-content\/uploads\/2023\/04\/cropped-My-project-1-3.png","contentUrl":"https:\/\/www.carpfisher.eu\/shop\/wp-content\/uploads\/2023\/04\/cropped-My-project-1-3.png","width":2154,"height":500,"caption":"Carpfisher Shop"},"image":{"@id":"https:\/\/www.carpfisher.eu\/shop\/#\/schema\/logo\/image\/"},"sameAs":["https:\/\/www.facebook.com\/people\/Carpfishereu\/100066936180661\/"]}]}},"_links":{"self":[{"href":"https:\/\/www.carpfisher.eu\/shop\/wp-json\/wp\/v2\/product\/1135","targetHints":{"allow":["GET"]}}],"collection":[{"href":"https:\/\/www.carpfisher.eu\/shop\/wp-json\/wp\/v2\/product"}],"about":[{"href":"https:\/\/www.carpfisher.eu\/shop\/wp-json\/wp\/v2\/types\/product"}],"wp:featuredmedia":[{"embeddable":true,"href":"https:\/\/www.carpfisher.eu\/shop\/wp-json\/wp\/v2\/media\/1136"}],"wp:attachment":[{"href":"https:\/\/www.carpfisher.eu\/shop\/wp-json\/wp\/v2\/media?parent=1135"}],"wp:term":[{"taxonomy":"product_brand","embeddable":true,"href":"https:\/\/www.carpfisher.eu\/shop\/wp-json\/wp\/v2\/product_brand?post=1135"},{"taxonomy":"product_cat","embeddable":true,"href":"https:\/\/www.carpfisher.eu\/shop\/wp-json\/wp\/v2\/product_cat?post=1135"},{"taxonomy":"product_tag","embeddable":true,"href":"https:\/\/www.carpfisher.eu\/shop\/wp-json\/wp\/v2\/product_tag?post=1135"}],"curies":[{"name":"wp","href":"https:\/\/api.w.org\/{rel}","templated":true}]}}