{"id":1201,"date":"2024-09-29T17:36:44","date_gmt":"2024-09-29T15:36:44","guid":{"rendered":"https:\/\/www.carpfisher.eu\/shop\/?post_type=product&#038;p=1201"},"modified":"2026-04-13T12:31:54","modified_gmt":"2026-04-13T10:31:54","slug":"insekten-mehl-soldaten-fliege","status":"publish","type":"product","link":"https:\/\/www.carpfisher.eu\/shop\/produkt\/insekten-mehl-soldaten-fliege\/","title":{"rendered":"Insekten Mehl (Soldaten Fliege) | 2,5 kg"},"content":{"rendered":"<p>Die <strong>schwarze Soldatenfliege<\/strong> (<em>Hermetia illucens<\/em>) spielt eine wachsende Rolle in der modernen Landwirtschaft und Fischzucht, insbesondere in der Karpfenzucht. Ihr Larvenmehl gilt als wertvolle Proteinquelle in der Futtermittelindustrie.<\/p>\n<p>Hier sind einige Vorteile von <strong>Insektenmehl aus schwarzen Soldatenfliegen<\/strong> beim Karpfenfischen:<\/p>\n<ol>\n<li><strong>Hochwertige Proteinquelle<\/strong>: Larvenmehl der schwarzen Soldatenfliege enth\u00e4lt einen hohen Anteil an Proteinen und Fetten, was ideal f\u00fcr die F\u00fctterung von Fischen wie Karpfen ist. Es f\u00f6rdert das Wachstum und verbessert die Gesundheit der Fische.<\/li>\n<li><strong>Nachhaltigkeit<\/strong>: Die Zucht von schwarzen Soldatenfliegen ist \u00f6kologisch effizient. Sie ben\u00f6tigen wenig Fl\u00e4che und Futter, k\u00f6nnen auf organischen Abf\u00e4llen gedeihen und tragen so zu einem geschlossenen Kreislauf bei.<\/li>\n<li><strong>Verdaulichkeit<\/strong>: Insektenmehl wird von Karpfen gut vertragen und verwertet. Es kann in herk\u00f6mmlichen Fischfuttermischungen verwendet oder als Alternative zu Fischmehl eingesetzt werden.<\/li>\n<li><strong>Nat\u00fcrliche Ern\u00e4hrung<\/strong>: Insekten geh\u00f6ren zu den nat\u00fcrlichen Nahrungsquellen von Karpfen, was das Mehl der Soldatenfliege zu einer artgerechten Futtererg\u00e4nzung macht.<\/li>\n<\/ol>\n<p>Insgesamt tr\u00e4gt der Einsatz von Insektenmehl zur Reduktion der Abh\u00e4ngigkeit von Fischmehl und anderen Ressourcen bei und unterst\u00fctzt die nachhaltige Aquakultur.<\/p>\n<p>Wir verwenden dieses Mehl, das gut wasserl\u00f6slich ist, um unsere Boilies damit nachtr\u00e4glich zu pimpen. Zuerst soaken wir die Boilies in einem Liquid und panieren anschlie\u00dfend mit diesem Mehl. Das Insektenmehl eignet sich auch, um es Groundbaits oder Stickmix beizumischen. Die feinen Elemente des Mehls bilden unter Wasser eine Wolke, die langsam zu Boden sinken und die gr\u00f6\u00dferen St\u00fccke treiben bzw. steigen sogar langsam auf&#8230;<\/p>\n<hr \/>\n<p>Analytische Bestandteile: Rohprotein: 56%, Rohfett: 15%, Rohfaser:\u00a0 9,05%, Rohasche: 6,32%, Natrium 0%<\/p>\n<hr \/>\n<p>Gewicht: 2,5 kg Insektenmehl<\/p>\n<hr \/>\n<p>Angelk\u00f6der f\u00fcr frei lebende Fische, nicht f\u00fcr den menschlichen Verzehr geeignet. Darf nicht an Wiederk\u00e4uer verf\u00fcttert werden!<\/p>\n","protected":false},"excerpt":{"rendered":"<p>Die schwarze Soldatenfliege (Hermetia illucens) spielt eine wachsende Rolle in der modernen Landwirtschaft und Fischzucht, insbesondere in der Karpfenzucht. Ihr Larvenmehl gilt als wertvolle Proteinquelle in der Futtermittelindustrie. Hier sind einige Vorteile von Insektenmehl aus schwarzen Soldatenfliegen beim Karpfenfischen: Hochwertige Proteinquelle: Larvenmehl der schwarzen Soldatenfliege enth\u00e4lt einen hohen Anteil an Proteinen und Fetten, was ideal [&hellip;]<\/p>\n","protected":false},"featured_media":1202,"template":"","meta":{"sfsi_plus_gutenberg_text_before_share":"","sfsi_plus_gutenberg_show_text_before_share":"","sfsi_plus_gutenberg_icon_type":"","sfsi_plus_gutenberg_icon_alignemt":"","sfsi_plus_gutenburg_max_per_row":""},"product_brand":[],"product_cat":[44],"product_tag":[],"class_list":{"0":"post-1201","1":"product","2":"type-product","3":"status-publish","4":"has-post-thumbnail","6":"product_cat-mehle-extrakte","8":"first","9":"outofstock","10":"taxable","11":"shipping-taxable","12":"purchasable","13":"product-type-simple"},"yoast_head":"<!-- This site is optimized with the Yoast SEO plugin v27.2 - https:\/\/yoast.com\/product\/yoast-seo-wordpress\/ -->\n<title>Insekten Mehl (Soldaten Fliege) | 2,5 kg - Carpfisher Shop<\/title>\n<meta name=\"robots\" content=\"index, follow, max-snippet:-1, max-image-preview:large, max-video-preview:-1\" \/>\n<link rel=\"canonical\" href=\"https:\/\/www.carpfisher.eu\/shop\/produkt\/insekten-mehl-soldaten-fliege\/\" \/>\n<meta property=\"og:locale\" content=\"de_DE\" \/>\n<meta property=\"og:type\" content=\"article\" \/>\n<meta property=\"og:title\" content=\"Insekten Mehl (Soldaten Fliege) | 2,5 kg - Carpfisher Shop\" \/>\n<meta property=\"og:description\" content=\"Die schwarze Soldatenfliege (Hermetia illucens) spielt eine wachsende Rolle in der modernen Landwirtschaft und Fischzucht, insbesondere in der Karpfenzucht. Ihr Larvenmehl gilt als wertvolle Proteinquelle in der Futtermittelindustrie. Hier sind einige Vorteile von Insektenmehl aus schwarzen Soldatenfliegen beim Karpfenfischen: Hochwertige Proteinquelle: Larvenmehl der schwarzen Soldatenfliege enth\u00e4lt einen hohen Anteil an Proteinen und Fetten, was ideal [&hellip;]\" \/>\n<meta property=\"og:url\" content=\"https:\/\/www.carpfisher.eu\/shop\/produkt\/insekten-mehl-soldaten-fliege\/\" \/>\n<meta property=\"og:site_name\" content=\"Carpfisher Shop\" \/>\n<meta property=\"article:publisher\" content=\"https:\/\/www.facebook.com\/people\/Carpfishereu\/100066936180661\/\" \/>\n<meta property=\"article:modified_time\" content=\"2026-04-13T10:31:54+00:00\" \/>\n<meta property=\"og:image\" content=\"https:\/\/www.carpfisher.eu\/shop\/wp-content\/uploads\/2024\/09\/Insektenmehl.jpeg\" \/>\n\t<meta property=\"og:image:width\" content=\"1080\" \/>\n\t<meta property=\"og:image:height\" content=\"1080\" \/>\n\t<meta property=\"og:image:type\" content=\"image\/jpeg\" \/>\n<meta name=\"twitter:card\" content=\"summary_large_image\" \/>\n<meta name=\"twitter:label1\" content=\"Gesch\u00e4tzte Lesezeit\" \/>\n\t<meta name=\"twitter:data1\" content=\"2\u00a0Minuten\" \/>\n<script type=\"application\/ld+json\" class=\"yoast-schema-graph\">{\"@context\":\"https:\/\/schema.org\",\"@graph\":[{\"@type\":\"WebPage\",\"@id\":\"https:\/\/www.carpfisher.eu\/shop\/produkt\/insekten-mehl-soldaten-fliege\/\",\"url\":\"https:\/\/www.carpfisher.eu\/shop\/produkt\/insekten-mehl-soldaten-fliege\/\",\"name\":\"Insekten Mehl (Soldaten Fliege) | 2,5 kg - Carpfisher Shop\",\"isPartOf\":{\"@id\":\"https:\/\/www.carpfisher.eu\/shop\/#website\"},\"primaryImageOfPage\":{\"@id\":\"https:\/\/www.carpfisher.eu\/shop\/produkt\/insekten-mehl-soldaten-fliege\/#primaryimage\"},\"image\":{\"@id\":\"https:\/\/www.carpfisher.eu\/shop\/produkt\/insekten-mehl-soldaten-fliege\/#primaryimage\"},\"thumbnailUrl\":\"https:\/\/www.carpfisher.eu\/shop\/wp-content\/uploads\/2024\/09\/Insektenmehl.jpeg\",\"datePublished\":\"2024-09-29T15:36:44+00:00\",\"dateModified\":\"2026-04-13T10:31:54+00:00\",\"breadcrumb\":{\"@id\":\"https:\/\/www.carpfisher.eu\/shop\/produkt\/insekten-mehl-soldaten-fliege\/#breadcrumb\"},\"inLanguage\":\"de\",\"potentialAction\":[{\"@type\":\"ReadAction\",\"target\":[\"https:\/\/www.carpfisher.eu\/shop\/produkt\/insekten-mehl-soldaten-fliege\/\"]}]},{\"@type\":\"ImageObject\",\"inLanguage\":\"de\",\"@id\":\"https:\/\/www.carpfisher.eu\/shop\/produkt\/insekten-mehl-soldaten-fliege\/#primaryimage\",\"url\":\"https:\/\/www.carpfisher.eu\/shop\/wp-content\/uploads\/2024\/09\/Insektenmehl.jpeg\",\"contentUrl\":\"https:\/\/www.carpfisher.eu\/shop\/wp-content\/uploads\/2024\/09\/Insektenmehl.jpeg\",\"width\":1080,\"height\":1080},{\"@type\":\"BreadcrumbList\",\"@id\":\"https:\/\/www.carpfisher.eu\/shop\/produkt\/insekten-mehl-soldaten-fliege\/#breadcrumb\",\"itemListElement\":[{\"@type\":\"ListItem\",\"position\":1,\"name\":\"Startseite\",\"item\":\"https:\/\/www.carpfisher.eu\/shop\/\"},{\"@type\":\"ListItem\",\"position\":2,\"name\":\"Shop\",\"item\":\"https:\/\/www.carpfisher.eu\/shop\/shop\/\"},{\"@type\":\"ListItem\",\"position\":3,\"name\":\"Insekten Mehl (Soldaten Fliege) | 2,5 kg\"}]},{\"@type\":\"WebSite\",\"@id\":\"https:\/\/www.carpfisher.eu\/shop\/#website\",\"url\":\"https:\/\/www.carpfisher.eu\/shop\/\",\"name\":\"Carpfisher Shop\",\"description\":\"Shop f\u00fcr Karpfenangler, Boilies, Futter, Liquid, PopUps\",\"publisher\":{\"@id\":\"https:\/\/www.carpfisher.eu\/shop\/#organization\"},\"potentialAction\":[{\"@type\":\"SearchAction\",\"target\":{\"@type\":\"EntryPoint\",\"urlTemplate\":\"https:\/\/www.carpfisher.eu\/shop\/?s={search_term_string}\"},\"query-input\":{\"@type\":\"PropertyValueSpecification\",\"valueRequired\":true,\"valueName\":\"search_term_string\"}}],\"inLanguage\":\"de\"},{\"@type\":\"Organization\",\"@id\":\"https:\/\/www.carpfisher.eu\/shop\/#organization\",\"name\":\"Carpfisher Shop\",\"url\":\"https:\/\/www.carpfisher.eu\/shop\/\",\"logo\":{\"@type\":\"ImageObject\",\"inLanguage\":\"de\",\"@id\":\"https:\/\/www.carpfisher.eu\/shop\/#\/schema\/logo\/image\/\",\"url\":\"https:\/\/www.carpfisher.eu\/shop\/wp-content\/uploads\/2023\/04\/cropped-My-project-1-3.png\",\"contentUrl\":\"https:\/\/www.carpfisher.eu\/shop\/wp-content\/uploads\/2023\/04\/cropped-My-project-1-3.png\",\"width\":2154,\"height\":500,\"caption\":\"Carpfisher Shop\"},\"image\":{\"@id\":\"https:\/\/www.carpfisher.eu\/shop\/#\/schema\/logo\/image\/\"},\"sameAs\":[\"https:\/\/www.facebook.com\/people\/Carpfishereu\/100066936180661\/\"]}]}<\/script>\n<!-- \/ Yoast SEO plugin. -->","yoast_head_json":{"title":"Insekten Mehl (Soldaten Fliege) | 2,5 kg - Carpfisher Shop","robots":{"index":"index","follow":"follow","max-snippet":"max-snippet:-1","max-image-preview":"max-image-preview:large","max-video-preview":"max-video-preview:-1"},"canonical":"https:\/\/www.carpfisher.eu\/shop\/produkt\/insekten-mehl-soldaten-fliege\/","og_locale":"de_DE","og_type":"article","og_title":"Insekten Mehl (Soldaten Fliege) | 2,5 kg - Carpfisher Shop","og_description":"Die schwarze Soldatenfliege (Hermetia illucens) spielt eine wachsende Rolle in der modernen Landwirtschaft und Fischzucht, insbesondere in der Karpfenzucht. Ihr Larvenmehl gilt als wertvolle Proteinquelle in der Futtermittelindustrie. Hier sind einige Vorteile von Insektenmehl aus schwarzen Soldatenfliegen beim Karpfenfischen: Hochwertige Proteinquelle: Larvenmehl der schwarzen Soldatenfliege enth\u00e4lt einen hohen Anteil an Proteinen und Fetten, was ideal [&hellip;]","og_url":"https:\/\/www.carpfisher.eu\/shop\/produkt\/insekten-mehl-soldaten-fliege\/","og_site_name":"Carpfisher Shop","article_publisher":"https:\/\/www.facebook.com\/people\/Carpfishereu\/100066936180661\/","article_modified_time":"2026-04-13T10:31:54+00:00","og_image":[{"width":1080,"height":1080,"url":"https:\/\/www.carpfisher.eu\/shop\/wp-content\/uploads\/2024\/09\/Insektenmehl.jpeg","type":"image\/jpeg"}],"twitter_card":"summary_large_image","twitter_misc":{"Gesch\u00e4tzte Lesezeit":"2\u00a0Minuten"},"schema":{"@context":"https:\/\/schema.org","@graph":[{"@type":"WebPage","@id":"https:\/\/www.carpfisher.eu\/shop\/produkt\/insekten-mehl-soldaten-fliege\/","url":"https:\/\/www.carpfisher.eu\/shop\/produkt\/insekten-mehl-soldaten-fliege\/","name":"Insekten Mehl (Soldaten Fliege) | 2,5 kg - Carpfisher Shop","isPartOf":{"@id":"https:\/\/www.carpfisher.eu\/shop\/#website"},"primaryImageOfPage":{"@id":"https:\/\/www.carpfisher.eu\/shop\/produkt\/insekten-mehl-soldaten-fliege\/#primaryimage"},"image":{"@id":"https:\/\/www.carpfisher.eu\/shop\/produkt\/insekten-mehl-soldaten-fliege\/#primaryimage"},"thumbnailUrl":"https:\/\/www.carpfisher.eu\/shop\/wp-content\/uploads\/2024\/09\/Insektenmehl.jpeg","datePublished":"2024-09-29T15:36:44+00:00","dateModified":"2026-04-13T10:31:54+00:00","breadcrumb":{"@id":"https:\/\/www.carpfisher.eu\/shop\/produkt\/insekten-mehl-soldaten-fliege\/#breadcrumb"},"inLanguage":"de","potentialAction":[{"@type":"ReadAction","target":["https:\/\/www.carpfisher.eu\/shop\/produkt\/insekten-mehl-soldaten-fliege\/"]}]},{"@type":"ImageObject","inLanguage":"de","@id":"https:\/\/www.carpfisher.eu\/shop\/produkt\/insekten-mehl-soldaten-fliege\/#primaryimage","url":"https:\/\/www.carpfisher.eu\/shop\/wp-content\/uploads\/2024\/09\/Insektenmehl.jpeg","contentUrl":"https:\/\/www.carpfisher.eu\/shop\/wp-content\/uploads\/2024\/09\/Insektenmehl.jpeg","width":1080,"height":1080},{"@type":"BreadcrumbList","@id":"https:\/\/www.carpfisher.eu\/shop\/produkt\/insekten-mehl-soldaten-fliege\/#breadcrumb","itemListElement":[{"@type":"ListItem","position":1,"name":"Startseite","item":"https:\/\/www.carpfisher.eu\/shop\/"},{"@type":"ListItem","position":2,"name":"Shop","item":"https:\/\/www.carpfisher.eu\/shop\/shop\/"},{"@type":"ListItem","position":3,"name":"Insekten Mehl (Soldaten Fliege) | 2,5 kg"}]},{"@type":"WebSite","@id":"https:\/\/www.carpfisher.eu\/shop\/#website","url":"https:\/\/www.carpfisher.eu\/shop\/","name":"Carpfisher Shop","description":"Shop f\u00fcr Karpfenangler, Boilies, Futter, Liquid, PopUps","publisher":{"@id":"https:\/\/www.carpfisher.eu\/shop\/#organization"},"potentialAction":[{"@type":"SearchAction","target":{"@type":"EntryPoint","urlTemplate":"https:\/\/www.carpfisher.eu\/shop\/?s={search_term_string}"},"query-input":{"@type":"PropertyValueSpecification","valueRequired":true,"valueName":"search_term_string"}}],"inLanguage":"de"},{"@type":"Organization","@id":"https:\/\/www.carpfisher.eu\/shop\/#organization","name":"Carpfisher Shop","url":"https:\/\/www.carpfisher.eu\/shop\/","logo":{"@type":"ImageObject","inLanguage":"de","@id":"https:\/\/www.carpfisher.eu\/shop\/#\/schema\/logo\/image\/","url":"https:\/\/www.carpfisher.eu\/shop\/wp-content\/uploads\/2023\/04\/cropped-My-project-1-3.png","contentUrl":"https:\/\/www.carpfisher.eu\/shop\/wp-content\/uploads\/2023\/04\/cropped-My-project-1-3.png","width":2154,"height":500,"caption":"Carpfisher Shop"},"image":{"@id":"https:\/\/www.carpfisher.eu\/shop\/#\/schema\/logo\/image\/"},"sameAs":["https:\/\/www.facebook.com\/people\/Carpfishereu\/100066936180661\/"]}]}},"_links":{"self":[{"href":"https:\/\/www.carpfisher.eu\/shop\/wp-json\/wp\/v2\/product\/1201","targetHints":{"allow":["GET"]}}],"collection":[{"href":"https:\/\/www.carpfisher.eu\/shop\/wp-json\/wp\/v2\/product"}],"about":[{"href":"https:\/\/www.carpfisher.eu\/shop\/wp-json\/wp\/v2\/types\/product"}],"wp:featuredmedia":[{"embeddable":true,"href":"https:\/\/www.carpfisher.eu\/shop\/wp-json\/wp\/v2\/media\/1202"}],"wp:attachment":[{"href":"https:\/\/www.carpfisher.eu\/shop\/wp-json\/wp\/v2\/media?parent=1201"}],"wp:term":[{"taxonomy":"product_brand","embeddable":true,"href":"https:\/\/www.carpfisher.eu\/shop\/wp-json\/wp\/v2\/product_brand?post=1201"},{"taxonomy":"product_cat","embeddable":true,"href":"https:\/\/www.carpfisher.eu\/shop\/wp-json\/wp\/v2\/product_cat?post=1201"},{"taxonomy":"product_tag","embeddable":true,"href":"https:\/\/www.carpfisher.eu\/shop\/wp-json\/wp\/v2\/product_tag?post=1201"}],"curies":[{"name":"wp","href":"https:\/\/api.w.org\/{rel}","templated":true}]}}