{"id":1210,"date":"2024-09-30T11:22:05","date_gmt":"2024-09-30T09:22:05","guid":{"rendered":"https:\/\/www.carpfisher.eu\/shop\/?post_type=product&#038;p=1210"},"modified":"2026-02-16T09:08:39","modified_gmt":"2026-02-16T08:08:39","slug":"cf-boilie-dip-muthu","status":"publish","type":"product","link":"https:\/\/www.carpfisher.eu\/shop\/produkt\/cf-boilie-dip-muthu\/","title":{"rendered":"CF Boilie Dip | MuThu"},"content":{"rendered":"<h4><em>Ich h\u00e4tte da einen guten Tipp f\u00fcr euch, n\u00e4mlich einen Dip:<\/em><\/h4>\n<p>Passend zur\u00a0<strong>MuThu Boilie Serie<\/strong> biete ich euch hier den Boilie Dip \u201cMuThu\u201d an!<\/p>\n<p>Der Dip riecht extrem nach Muschel aber auch nach einer sehr feinen Fischnote, schmeckt salzig und hat eine satt gr\u00fcne Farbe. Die sehr spezielle Note in den Dips ist ein \u00e4therisches \u00d6l, das sehr selten und extrem teuer ist.<\/p>\n<hr \/>\n<h4><em>So wendest du den Dip f\u00fcr Karpfen richtig an:<\/em><\/h4>\n<p><strong>Boilie Dippen:<\/strong><br \/>\nEin \u201cHard Hookbait\u201d Boilie kann mehrere Tage darin eingelegt werden, man kann aber auch nur kurz eindippen! Je l\u00e4nger, desto intensiver!<br \/>\n<strong><br \/>\nBoilie Teig boosten:<br \/>\n<\/strong>Mit diesem sehr hochwertigen Dip kannst du sogar unseren Boilie Teig perfekt boosten! Empfohlene Dosierung: 50 ml pro kg Teig!<\/p>\n<hr \/>\n<h4><em>Warum lieben Karpfen diesen Dip?<\/em><\/h4>\n<p>Die Basis dieses Boilie Dips sind unter anderem Fruchts\u00e4uren, Betain und Zutaten, die wir seit vielen Jahren im Einsatz haben. Im Sommer 2024 gelang mir dann noch, der Zugriff auf einen weiteren Baustein dieses Dips, der jetzt umgesetzt werden konnte.<\/p>\n<p>Alle Zutaten setzen sich aus Inhaltsstoffen zusammen, die sehr hochwertig und teuer sind! Jede einzelne Zutat ist sehr wasserl\u00f6slich und zieht Karpfen magisch an.<\/p>\n<p>Eigentlich bin ich immer sehr bem\u00fcht, Inhaltsstoffe sehr transparent darzustellen. Bei diesem Produkt muss ich aber eine Ausnahme machen \u2013 seid mir bitte nicht b\u00f6se. Hier steckt sehr viel Arbeit und Know-how im Boilie Dip und das muss ich sch\u00fctzen.<\/p>\n<p>Bestimmt werde ich in dem einen oder anderen Video auf meinem YouTube-Kanal was zu den Inhaltsstoffen durchsickern lassen \u2013 aber nicht hier, wo die Konkurrenz mitliest und gerne kopiert\u2026<\/p>\n<hr \/>\n<p>Inhalt: 200 ml in wiederverschlie\u00dfbarer Dip Dose<\/p>\n<hr \/>\n<p>Angelk\u00f6der f\u00fcr frei lebende Fische, nicht f\u00fcr den menschlichen Verzehr geeignet. Darf nicht an Wiederk\u00e4uer verf\u00fcttert werden!<\/p>\n<p><em>So wendest du den &#8222;Guten Tipp&#8220; Dip richtig an:<br \/>\n<\/em><strong>Boilie Dippen:<\/strong><br \/>\nEin &#8222;Hard Hookbait&#8220; Boilie kann mehrere Tage darin eingelegt werden, man kann aber auch nur kurz eindippen! Je l\u00e4nger, desto intensiver!<br \/>\n<strong>Boilie Teig boosten:<br \/>\n<\/strong>Mit diesem sehr hochwertigen Dip kannst du sogar unseren Boilie Teig perfekt boosten! Empfohlene Dosierung: 50 ml pro kg Teig!<\/p>\n<hr \/>\n<h4><em>Warum lieben Karpfen diesen Dip?<\/em><\/h4>\n<p>Die Basis dieses Boilie Dips sind diverse Aminos\u00e4uren, Proteine (keine Milchproteine!) und Zutaten, die wir seit vielen Jahren im Einsatz haben. Im Sommer 2024 gelang mir dann noch, der Zugriff auf einen weiteren Baustein dieses Dips, der jetzt umgesetzt werden konnte.<\/p>\n<p>Alle Zutaten setzen sich aus Inhaltsstoffen zusammen, die sehr hochwertig und teuer sind! Jede einzelne Zutat ist sehr wasserl\u00f6slich und zieht Karpfen magisch an.<\/p>\n<p>Eigentlich bin ich immer sehr bem\u00fcht, Inhaltsstoffe sehr transparent darzustellen. Bei diesem Produkt muss ich aber eine Ausnahme machen &#8211; seid mir bitte nicht b\u00f6se. Hier steckt sehr viel Arbeit und Know-how im Boilie Dip und das muss ich sch\u00fctzen.<\/p>\n<p>Bestimmt werde ich in dem einen oder anderen Video auf meinem YouTube-Kanal was zu den Inhaltsstoffen durchsickern lassen &#8211; aber nicht hier&#8230;<\/p>\n<hr \/>\n<p>Inhalt: 250 ml in wiederverschlie\u00dfbarer Dip Dose<\/p>\n<hr \/>\n<p>Angelk\u00f6der f\u00fcr frei lebende Fische, nicht f\u00fcr den menschlichen Verzehr geeignet. Darf nicht an Wiederk\u00e4uer verf\u00fcttert werden!<\/p>\n","protected":false},"excerpt":{"rendered":"<p>Ich h\u00e4tte da einen guten Tipp f\u00fcr euch, n\u00e4mlich einen Dip: Passend zur\u00a0MuThu Boilie Serie biete ich euch hier den Boilie Dip \u201cMuThu\u201d an! Der Dip riecht extrem nach Muschel aber auch nach einer sehr feinen Fischnote, schmeckt salzig und hat eine satt gr\u00fcne Farbe. Die sehr spezielle Note in den Dips ist ein \u00e4therisches [&hellip;]<\/p>\n","protected":false},"featured_media":1400,"template":"","meta":{"sfsi_plus_gutenberg_text_before_share":"","sfsi_plus_gutenberg_show_text_before_share":"","sfsi_plus_gutenberg_icon_type":"","sfsi_plus_gutenberg_icon_alignemt":"","sfsi_plus_gutenburg_max_per_row":""},"product_brand":[],"product_cat":[49],"product_tag":[],"class_list":{"0":"post-1210","1":"product","2":"type-product","3":"status-publish","4":"has-post-thumbnail","6":"product_cat-boilie-dip","8":"first","9":"instock","10":"taxable","11":"shipping-taxable","12":"purchasable","13":"product-type-simple"},"yoast_head":"<!-- This site is optimized with the Yoast SEO plugin v27.2 - https:\/\/yoast.com\/product\/yoast-seo-wordpress\/ -->\n<title>CF Boilie Dip | MuThu - Carpfisher Shop<\/title>\n<meta name=\"robots\" content=\"index, follow, max-snippet:-1, max-image-preview:large, max-video-preview:-1\" \/>\n<link rel=\"canonical\" href=\"https:\/\/www.carpfisher.eu\/shop\/produkt\/cf-boilie-dip-muthu\/\" \/>\n<meta property=\"og:locale\" content=\"de_DE\" \/>\n<meta property=\"og:type\" content=\"article\" \/>\n<meta property=\"og:title\" content=\"CF Boilie Dip | MuThu - Carpfisher Shop\" \/>\n<meta property=\"og:description\" content=\"Ich h\u00e4tte da einen guten Tipp f\u00fcr euch, n\u00e4mlich einen Dip: Passend zur\u00a0MuThu Boilie Serie biete ich euch hier den Boilie Dip \u201cMuThu\u201d an! Der Dip riecht extrem nach Muschel aber auch nach einer sehr feinen Fischnote, schmeckt salzig und hat eine satt gr\u00fcne Farbe. Die sehr spezielle Note in den Dips ist ein \u00e4therisches [&hellip;]\" \/>\n<meta property=\"og:url\" content=\"https:\/\/www.carpfisher.eu\/shop\/produkt\/cf-boilie-dip-muthu\/\" \/>\n<meta property=\"og:site_name\" content=\"Carpfisher Shop\" \/>\n<meta property=\"article:publisher\" content=\"https:\/\/www.facebook.com\/people\/Carpfishereu\/100066936180661\/\" \/>\n<meta property=\"article:modified_time\" content=\"2026-02-16T08:08:39+00:00\" \/>\n<meta property=\"og:image\" content=\"https:\/\/www.carpfisher.eu\/shop\/wp-content\/uploads\/2024\/09\/MuThu-Dip.png\" \/>\n\t<meta property=\"og:image:width\" content=\"1080\" \/>\n\t<meta property=\"og:image:height\" content=\"1080\" \/>\n\t<meta property=\"og:image:type\" content=\"image\/png\" \/>\n<meta name=\"twitter:card\" content=\"summary_large_image\" \/>\n<meta name=\"twitter:label1\" content=\"Gesch\u00e4tzte Lesezeit\" \/>\n\t<meta name=\"twitter:data1\" content=\"3\u00a0Minuten\" \/>\n<script type=\"application\/ld+json\" class=\"yoast-schema-graph\">{\"@context\":\"https:\/\/schema.org\",\"@graph\":[{\"@type\":\"WebPage\",\"@id\":\"https:\/\/www.carpfisher.eu\/shop\/produkt\/cf-boilie-dip-muthu\/\",\"url\":\"https:\/\/www.carpfisher.eu\/shop\/produkt\/cf-boilie-dip-muthu\/\",\"name\":\"CF Boilie Dip | MuThu - Carpfisher Shop\",\"isPartOf\":{\"@id\":\"https:\/\/www.carpfisher.eu\/shop\/#website\"},\"primaryImageOfPage\":{\"@id\":\"https:\/\/www.carpfisher.eu\/shop\/produkt\/cf-boilie-dip-muthu\/#primaryimage\"},\"image\":{\"@id\":\"https:\/\/www.carpfisher.eu\/shop\/produkt\/cf-boilie-dip-muthu\/#primaryimage\"},\"thumbnailUrl\":\"https:\/\/www.carpfisher.eu\/shop\/wp-content\/uploads\/2024\/09\/MuThu-Dip.png\",\"datePublished\":\"2024-09-30T09:22:05+00:00\",\"dateModified\":\"2026-02-16T08:08:39+00:00\",\"breadcrumb\":{\"@id\":\"https:\/\/www.carpfisher.eu\/shop\/produkt\/cf-boilie-dip-muthu\/#breadcrumb\"},\"inLanguage\":\"de\",\"potentialAction\":[{\"@type\":\"ReadAction\",\"target\":[\"https:\/\/www.carpfisher.eu\/shop\/produkt\/cf-boilie-dip-muthu\/\"]}]},{\"@type\":\"ImageObject\",\"inLanguage\":\"de\",\"@id\":\"https:\/\/www.carpfisher.eu\/shop\/produkt\/cf-boilie-dip-muthu\/#primaryimage\",\"url\":\"https:\/\/www.carpfisher.eu\/shop\/wp-content\/uploads\/2024\/09\/MuThu-Dip.png\",\"contentUrl\":\"https:\/\/www.carpfisher.eu\/shop\/wp-content\/uploads\/2024\/09\/MuThu-Dip.png\",\"width\":1080,\"height\":1080},{\"@type\":\"BreadcrumbList\",\"@id\":\"https:\/\/www.carpfisher.eu\/shop\/produkt\/cf-boilie-dip-muthu\/#breadcrumb\",\"itemListElement\":[{\"@type\":\"ListItem\",\"position\":1,\"name\":\"Startseite\",\"item\":\"https:\/\/www.carpfisher.eu\/shop\/\"},{\"@type\":\"ListItem\",\"position\":2,\"name\":\"Shop\",\"item\":\"https:\/\/www.carpfisher.eu\/shop\/shop\/\"},{\"@type\":\"ListItem\",\"position\":3,\"name\":\"CF Boilie Dip | MuThu\"}]},{\"@type\":\"WebSite\",\"@id\":\"https:\/\/www.carpfisher.eu\/shop\/#website\",\"url\":\"https:\/\/www.carpfisher.eu\/shop\/\",\"name\":\"Carpfisher Shop\",\"description\":\"Shop f\u00fcr Karpfenangler, Boilies, Futter, Liquid, PopUps\",\"publisher\":{\"@id\":\"https:\/\/www.carpfisher.eu\/shop\/#organization\"},\"potentialAction\":[{\"@type\":\"SearchAction\",\"target\":{\"@type\":\"EntryPoint\",\"urlTemplate\":\"https:\/\/www.carpfisher.eu\/shop\/?s={search_term_string}\"},\"query-input\":{\"@type\":\"PropertyValueSpecification\",\"valueRequired\":true,\"valueName\":\"search_term_string\"}}],\"inLanguage\":\"de\"},{\"@type\":\"Organization\",\"@id\":\"https:\/\/www.carpfisher.eu\/shop\/#organization\",\"name\":\"Carpfisher Shop\",\"url\":\"https:\/\/www.carpfisher.eu\/shop\/\",\"logo\":{\"@type\":\"ImageObject\",\"inLanguage\":\"de\",\"@id\":\"https:\/\/www.carpfisher.eu\/shop\/#\/schema\/logo\/image\/\",\"url\":\"https:\/\/www.carpfisher.eu\/shop\/wp-content\/uploads\/2023\/04\/cropped-My-project-1-3.png\",\"contentUrl\":\"https:\/\/www.carpfisher.eu\/shop\/wp-content\/uploads\/2023\/04\/cropped-My-project-1-3.png\",\"width\":2154,\"height\":500,\"caption\":\"Carpfisher Shop\"},\"image\":{\"@id\":\"https:\/\/www.carpfisher.eu\/shop\/#\/schema\/logo\/image\/\"},\"sameAs\":[\"https:\/\/www.facebook.com\/people\/Carpfishereu\/100066936180661\/\"]}]}<\/script>\n<!-- \/ Yoast SEO plugin. -->","yoast_head_json":{"title":"CF Boilie Dip | MuThu - Carpfisher Shop","robots":{"index":"index","follow":"follow","max-snippet":"max-snippet:-1","max-image-preview":"max-image-preview:large","max-video-preview":"max-video-preview:-1"},"canonical":"https:\/\/www.carpfisher.eu\/shop\/produkt\/cf-boilie-dip-muthu\/","og_locale":"de_DE","og_type":"article","og_title":"CF Boilie Dip | MuThu - Carpfisher Shop","og_description":"Ich h\u00e4tte da einen guten Tipp f\u00fcr euch, n\u00e4mlich einen Dip: Passend zur\u00a0MuThu Boilie Serie biete ich euch hier den Boilie Dip \u201cMuThu\u201d an! Der Dip riecht extrem nach Muschel aber auch nach einer sehr feinen Fischnote, schmeckt salzig und hat eine satt gr\u00fcne Farbe. Die sehr spezielle Note in den Dips ist ein \u00e4therisches [&hellip;]","og_url":"https:\/\/www.carpfisher.eu\/shop\/produkt\/cf-boilie-dip-muthu\/","og_site_name":"Carpfisher Shop","article_publisher":"https:\/\/www.facebook.com\/people\/Carpfishereu\/100066936180661\/","article_modified_time":"2026-02-16T08:08:39+00:00","og_image":[{"width":1080,"height":1080,"url":"https:\/\/www.carpfisher.eu\/shop\/wp-content\/uploads\/2024\/09\/MuThu-Dip.png","type":"image\/png"}],"twitter_card":"summary_large_image","twitter_misc":{"Gesch\u00e4tzte Lesezeit":"3\u00a0Minuten"},"schema":{"@context":"https:\/\/schema.org","@graph":[{"@type":"WebPage","@id":"https:\/\/www.carpfisher.eu\/shop\/produkt\/cf-boilie-dip-muthu\/","url":"https:\/\/www.carpfisher.eu\/shop\/produkt\/cf-boilie-dip-muthu\/","name":"CF Boilie Dip | MuThu - Carpfisher Shop","isPartOf":{"@id":"https:\/\/www.carpfisher.eu\/shop\/#website"},"primaryImageOfPage":{"@id":"https:\/\/www.carpfisher.eu\/shop\/produkt\/cf-boilie-dip-muthu\/#primaryimage"},"image":{"@id":"https:\/\/www.carpfisher.eu\/shop\/produkt\/cf-boilie-dip-muthu\/#primaryimage"},"thumbnailUrl":"https:\/\/www.carpfisher.eu\/shop\/wp-content\/uploads\/2024\/09\/MuThu-Dip.png","datePublished":"2024-09-30T09:22:05+00:00","dateModified":"2026-02-16T08:08:39+00:00","breadcrumb":{"@id":"https:\/\/www.carpfisher.eu\/shop\/produkt\/cf-boilie-dip-muthu\/#breadcrumb"},"inLanguage":"de","potentialAction":[{"@type":"ReadAction","target":["https:\/\/www.carpfisher.eu\/shop\/produkt\/cf-boilie-dip-muthu\/"]}]},{"@type":"ImageObject","inLanguage":"de","@id":"https:\/\/www.carpfisher.eu\/shop\/produkt\/cf-boilie-dip-muthu\/#primaryimage","url":"https:\/\/www.carpfisher.eu\/shop\/wp-content\/uploads\/2024\/09\/MuThu-Dip.png","contentUrl":"https:\/\/www.carpfisher.eu\/shop\/wp-content\/uploads\/2024\/09\/MuThu-Dip.png","width":1080,"height":1080},{"@type":"BreadcrumbList","@id":"https:\/\/www.carpfisher.eu\/shop\/produkt\/cf-boilie-dip-muthu\/#breadcrumb","itemListElement":[{"@type":"ListItem","position":1,"name":"Startseite","item":"https:\/\/www.carpfisher.eu\/shop\/"},{"@type":"ListItem","position":2,"name":"Shop","item":"https:\/\/www.carpfisher.eu\/shop\/shop\/"},{"@type":"ListItem","position":3,"name":"CF Boilie Dip | MuThu"}]},{"@type":"WebSite","@id":"https:\/\/www.carpfisher.eu\/shop\/#website","url":"https:\/\/www.carpfisher.eu\/shop\/","name":"Carpfisher Shop","description":"Shop f\u00fcr Karpfenangler, Boilies, Futter, Liquid, PopUps","publisher":{"@id":"https:\/\/www.carpfisher.eu\/shop\/#organization"},"potentialAction":[{"@type":"SearchAction","target":{"@type":"EntryPoint","urlTemplate":"https:\/\/www.carpfisher.eu\/shop\/?s={search_term_string}"},"query-input":{"@type":"PropertyValueSpecification","valueRequired":true,"valueName":"search_term_string"}}],"inLanguage":"de"},{"@type":"Organization","@id":"https:\/\/www.carpfisher.eu\/shop\/#organization","name":"Carpfisher Shop","url":"https:\/\/www.carpfisher.eu\/shop\/","logo":{"@type":"ImageObject","inLanguage":"de","@id":"https:\/\/www.carpfisher.eu\/shop\/#\/schema\/logo\/image\/","url":"https:\/\/www.carpfisher.eu\/shop\/wp-content\/uploads\/2023\/04\/cropped-My-project-1-3.png","contentUrl":"https:\/\/www.carpfisher.eu\/shop\/wp-content\/uploads\/2023\/04\/cropped-My-project-1-3.png","width":2154,"height":500,"caption":"Carpfisher Shop"},"image":{"@id":"https:\/\/www.carpfisher.eu\/shop\/#\/schema\/logo\/image\/"},"sameAs":["https:\/\/www.facebook.com\/people\/Carpfishereu\/100066936180661\/"]}]}},"_links":{"self":[{"href":"https:\/\/www.carpfisher.eu\/shop\/wp-json\/wp\/v2\/product\/1210","targetHints":{"allow":["GET"]}}],"collection":[{"href":"https:\/\/www.carpfisher.eu\/shop\/wp-json\/wp\/v2\/product"}],"about":[{"href":"https:\/\/www.carpfisher.eu\/shop\/wp-json\/wp\/v2\/types\/product"}],"wp:featuredmedia":[{"embeddable":true,"href":"https:\/\/www.carpfisher.eu\/shop\/wp-json\/wp\/v2\/media\/1400"}],"wp:attachment":[{"href":"https:\/\/www.carpfisher.eu\/shop\/wp-json\/wp\/v2\/media?parent=1210"}],"wp:term":[{"taxonomy":"product_brand","embeddable":true,"href":"https:\/\/www.carpfisher.eu\/shop\/wp-json\/wp\/v2\/product_brand?post=1210"},{"taxonomy":"product_cat","embeddable":true,"href":"https:\/\/www.carpfisher.eu\/shop\/wp-json\/wp\/v2\/product_cat?post=1210"},{"taxonomy":"product_tag","embeddable":true,"href":"https:\/\/www.carpfisher.eu\/shop\/wp-json\/wp\/v2\/product_tag?post=1210"}],"curies":[{"name":"wp","href":"https:\/\/api.w.org\/{rel}","templated":true}]}}