{"id":1383,"date":"2025-01-29T08:25:12","date_gmt":"2025-01-29T07:25:12","guid":{"rendered":"https:\/\/www.carpfisher.eu\/shop\/?post_type=product&#038;p=1383"},"modified":"2026-04-20T14:08:18","modified_gmt":"2026-04-20T12:08:18","slug":"boilie-teig-krillax-einheit-1-kg","status":"publish","type":"product","link":"https:\/\/www.carpfisher.eu\/shop\/produkt\/boilie-teig-krillax-einheit-1-kg\/","title":{"rendered":"Boilie Teig Krillax | Einheit: 1 kg"},"content":{"rendered":"<h4><em>Zugegeben, es hat lange gedauert, aber jetzt ist es geschafft!<\/em><\/h4>\n<p>Mit diesem Teig Mix entsteht ein Boilie Teig, der extrem flexibel bleibt und eurer Kreativit\u00e4t keine Grenzen setzt!<\/p>\n<p>Ich empfehle diese zwei Rezepte:<\/p>\n<p><strong>Krillax Teig mit Liquid<\/strong>: 1 kg Teigmix mit Krillax Dip (50 ml) und Krill Liquid (100 ml) + Wasser (ca. 150-200 ml)<\/p>\n<p><strong>Krillax Teig mit Wasser<\/strong>: 1 kg Teigmix mit Wasser (ca. 300 bis 400 ml\/kg) mischen und mit der Hand kneten.<\/p>\n<p>Selbstverst\u00e4ndlich kannst du den Krillax Mix auch als Boilie Mix zum\u00a0<strong>Boilie drehen<\/strong>\u00a0verwenden!<\/p>\n<hr \/>\n<h4><em>So entsteht ein Boilie Teig, der extrem flexibel bleibt!<\/em><\/h4>\n<p>Nat\u00fcrlich kannst du jedes andere Liquid beimischen und so dein ganz eigenes Ding machen! Wir haben am Ende dieses Textes noch ein paar Rezeptideen f\u00fcr dich aufgelistet!<\/p>\n<hr \/>\n<h4><em>Warum ein Teig Mix und kein fertiger Teig?<\/em><\/h4>\n<ul>\n<li>1 kg Teig Mix, mit Wasser angemischt = ca. 1,3 kg Teig<\/li>\n<li>Somit wesentlich g\u00fcnstiger als fertiger Teig! &gt; Entspricht einem kg Preis von ca. 7,7<\/li>\n<li>Viel flexibler und effizienter einsetzbar \u2013 mische dir nur soviel an, wie du brauchst!<\/li>\n<li>Kein Konservierer (Fertiger Teig wird oftmals sehr stark konserviert)<\/li>\n<\/ul>\n<hr \/>\n<h4><em>Warum Krillax Boilie Mix verwenden?<\/em><\/h4>\n<p>Der Teig Mix basiert auf dem Grundmix zum Krillax Boilie \u2013 Warum Krillax? Ganz einfach und kurz erkl\u00e4rt: Dieser Mix l\u00e4uft so perfekt durch den Darm, dass es aktuell kaum etwas Besseres geben kann, um damit Teig zu machen. Weiters, da Teig oftmals bei k\u00e4lteren Wassertemperaturen eingesetzt wird, ist es entscheidend, dass der Mix sehr schnell vom Fisch aufgenommen, verarbeitet und wieder ausgeschieden werden kann. Darum haben wir uns im Team dazu entschieden, diesen Mix auch in Teigform anzubieten!<\/p>\n<p><strong>Ich biete 2 Einheiten an. Die 1 kg Variante und die 5 kg Variante! Wer etwas Geld sparen will, dem empfehlen ich die 5 kg \u2013 keine Angst, die Haltbarkeit liegt bei 2 Jahren, wenn der Sack wieder verschlossen wird!<\/strong><\/p>\n<h4><em>Du entscheidest \u00fcber die Attraktivit\u00e4t \u2013 je nach Situation am Gew\u00e4sser!<\/em><\/h4>\n<p>Mit unserem CF Boilie Teig bekommst du wieder ein Produkt, dass extrem flexibel einsetzbar sein soll! Darum handelt es sich um einen Teig Mix, den du selber zu einem Teig knetest! Super einfach \u2013 mische simples Wasser oder auch ein Liquid deiner Wahl hinzu \u2013 kurz mit der Hand kneten \u2013 und fertig!\u00a0<strong>Passe deinen Teig an die Situation am Gew\u00e4sser an!<\/strong><\/p>\n<h4><em>Warum setzten wir auf Flexibilit\u00e4t im Angelfutter?<\/em><\/h4>\n<p><strong>Ich zeige dir ein paar Szenarien und du entscheidest:<\/strong><\/p>\n<ul>\n<li>Sehr kaltes Wasser &gt; mehr Wasser oder Liquid = schnellere aufl\u00f6se Zeit!<\/li>\n<li>Warmes Wasser? Weniger Fl\u00fcssigkeit, mehr kneten, anziehen lassen &gt; perfekt!<\/li>\n<li>Du willst den Mix passend zu einem meiner Boilies aus der CF Range \u2013 kein Problem!<\/li>\n<li>Etwas Betain oder Extrakte dazu? Bitte sehr \u2013 boosten bis zum Gehtnichtmehr!<\/li>\n<li>Du m\u00f6chtest den Teig Mix \u00fcber deine gesoakten Boilies streuen? Tu es!<\/li>\n<li>Ballen Formen und Pelletes dazu? Here we go!<\/li>\n<li>Partikel abbinden? Ebenfalls m\u00f6glich!<\/li>\n<\/ul>\n<p><em>Der Teig Mix hat weiters den Vorteil, dass du immer nur so viel Teig anmischt, wie du verwenden m\u00f6chtest! Jeder kennt das \u2013 fertiger Teig schimmelt sehr schnell, sobald er ge\u00f6ffnet wurde! Somit kannst du auch kleinere Mengen anmischen.<\/em><\/p>\n<p>Weiters sparst du richtig Geld, denn der Preis bezieht sich auf den trockenen Mix und nicht auf den fertigen Teig! Wenn du Wasser zum Teig Mix dazu gibst, erh\u00f6hst du das Volumen\/Gewicht um bis zu 30%!<strong>\u00a01 kg Mix ist somit dann 1,3 kg Teig!<\/strong><\/p>\n<hr \/>\n<p>Zusammensetzung:<\/p>\n<ul>\n<li>Vorverdautes Fischmehl<\/li>\n<li>Heringmehl<\/li>\n<li>Krill Mehl<\/li>\n<li>CLO Birdfood<\/li>\n<li>weitere verdauungsf\u00f6rdernde Zutaten (die wir nicht verraten)<\/li>\n<li>Robin Red EU (original Haiths)<\/li>\n<li>Chilli Powder<\/li>\n<li>Ei Albumin<\/li>\n<li>Maismehl (frisch gemahlen)<\/li>\n<li>Weizenmehl (frisch gemahlen)<\/li>\n<li>Soja Mehl<\/li>\n<\/ul>\n<hr \/>\n<p>*weitere Rezept Vorschl\u00e4ge:<\/p>\n<p>MuThu: 1 kg Teigmix mit \u201cGuter Tipp\u201d MuThu (50 ml) und GLM Liquid (100 ml) + Wasser<\/p>\n<p>Squiver: 1 kg Teigmix mit\u00a0 \u201cGuter Tipp\u201d Squiver (50 ml) und Leber Liquid (100 ml) + Wasser<\/p>\n<p>ScopetZ: 1 kg Teigmix mit \u201cGuter Tipp\u201d ScopetZ (50 ml) und CSL Liquid (100 ml) + Wasser<\/p>\n<hr \/>\n<p>Angelk\u00f6der f\u00fcr frei lebende Fische, nicht f\u00fcr den menschlichen Verzehr geeignet. Darf nicht an Wiederk\u00e4uer verf\u00fcttert werden!<\/p>\n","protected":false},"excerpt":{"rendered":"<p>Krillax Teig Mix im 1 kg Sack<\/p>\n<p>Preis pro kg: 11,90 (mit Wasser angemischt =\u00a0 ca. 30% mehr Teig = entspricht somit kg Preis von ca. 8,33 Euro)<\/p>\n","protected":false},"featured_media":1402,"template":"","meta":{"sfsi_plus_gutenberg_text_before_share":"","sfsi_plus_gutenberg_show_text_before_share":"","sfsi_plus_gutenberg_icon_type":"","sfsi_plus_gutenberg_icon_alignemt":"","sfsi_plus_gutenburg_max_per_row":""},"product_brand":[],"product_cat":[47],"product_tag":[],"class_list":{"0":"post-1383","1":"product","2":"type-product","3":"status-publish","4":"has-post-thumbnail","6":"product_cat-boilie-teig","8":"first","9":"instock","10":"taxable","11":"shipping-taxable","12":"purchasable","13":"product-type-simple"},"yoast_head":"<!-- This site is optimized with the Yoast SEO plugin v27.2 - https:\/\/yoast.com\/product\/yoast-seo-wordpress\/ -->\n<title>Boilie Teig Krillax | Einheit: 1 kg - Carpfisher Shop<\/title>\n<meta name=\"robots\" content=\"index, follow, max-snippet:-1, max-image-preview:large, max-video-preview:-1\" \/>\n<link rel=\"canonical\" href=\"https:\/\/www.carpfisher.eu\/shop\/produkt\/boilie-teig-krillax-einheit-1-kg\/\" \/>\n<meta property=\"og:locale\" content=\"de_DE\" \/>\n<meta property=\"og:type\" content=\"article\" \/>\n<meta property=\"og:title\" content=\"Boilie Teig Krillax | Einheit: 1 kg - Carpfisher Shop\" \/>\n<meta property=\"og:description\" content=\"Krillax Teig Mix im 1 kg Sack  Preis pro kg: 11,90 (mit Wasser angemischt =\u00a0 ca. 30% mehr Teig = entspricht somit kg Preis von ca. 8,33 Euro)\" \/>\n<meta property=\"og:url\" content=\"https:\/\/www.carpfisher.eu\/shop\/produkt\/boilie-teig-krillax-einheit-1-kg\/\" \/>\n<meta property=\"og:site_name\" content=\"Carpfisher Shop\" \/>\n<meta property=\"article:publisher\" content=\"https:\/\/www.facebook.com\/people\/Carpfishereu\/100066936180661\/\" \/>\n<meta property=\"article:modified_time\" content=\"2026-04-20T12:08:18+00:00\" \/>\n<meta property=\"og:image\" content=\"https:\/\/www.carpfisher.eu\/shop\/wp-content\/uploads\/2025\/01\/Krillax-Boilie-Teig-1-kg.png\" \/>\n\t<meta property=\"og:image:width\" content=\"1080\" \/>\n\t<meta property=\"og:image:height\" content=\"1080\" \/>\n\t<meta property=\"og:image:type\" content=\"image\/png\" \/>\n<meta name=\"twitter:card\" content=\"summary_large_image\" \/>\n<meta name=\"twitter:label1\" content=\"Gesch\u00e4tzte Lesezeit\" \/>\n\t<meta name=\"twitter:data1\" content=\"4\u00a0Minuten\" \/>\n<script type=\"application\/ld+json\" class=\"yoast-schema-graph\">{\"@context\":\"https:\/\/schema.org\",\"@graph\":[{\"@type\":\"WebPage\",\"@id\":\"https:\/\/www.carpfisher.eu\/shop\/produkt\/boilie-teig-krillax-einheit-1-kg\/\",\"url\":\"https:\/\/www.carpfisher.eu\/shop\/produkt\/boilie-teig-krillax-einheit-1-kg\/\",\"name\":\"Boilie Teig Krillax | Einheit: 1 kg - Carpfisher Shop\",\"isPartOf\":{\"@id\":\"https:\/\/www.carpfisher.eu\/shop\/#website\"},\"primaryImageOfPage\":{\"@id\":\"https:\/\/www.carpfisher.eu\/shop\/produkt\/boilie-teig-krillax-einheit-1-kg\/#primaryimage\"},\"image\":{\"@id\":\"https:\/\/www.carpfisher.eu\/shop\/produkt\/boilie-teig-krillax-einheit-1-kg\/#primaryimage\"},\"thumbnailUrl\":\"https:\/\/www.carpfisher.eu\/shop\/wp-content\/uploads\/2025\/01\/Krillax-Boilie-Teig-1-kg.png\",\"datePublished\":\"2025-01-29T07:25:12+00:00\",\"dateModified\":\"2026-04-20T12:08:18+00:00\",\"breadcrumb\":{\"@id\":\"https:\/\/www.carpfisher.eu\/shop\/produkt\/boilie-teig-krillax-einheit-1-kg\/#breadcrumb\"},\"inLanguage\":\"de\",\"potentialAction\":[{\"@type\":\"ReadAction\",\"target\":[\"https:\/\/www.carpfisher.eu\/shop\/produkt\/boilie-teig-krillax-einheit-1-kg\/\"]}]},{\"@type\":\"ImageObject\",\"inLanguage\":\"de\",\"@id\":\"https:\/\/www.carpfisher.eu\/shop\/produkt\/boilie-teig-krillax-einheit-1-kg\/#primaryimage\",\"url\":\"https:\/\/www.carpfisher.eu\/shop\/wp-content\/uploads\/2025\/01\/Krillax-Boilie-Teig-1-kg.png\",\"contentUrl\":\"https:\/\/www.carpfisher.eu\/shop\/wp-content\/uploads\/2025\/01\/Krillax-Boilie-Teig-1-kg.png\",\"width\":1080,\"height\":1080},{\"@type\":\"BreadcrumbList\",\"@id\":\"https:\/\/www.carpfisher.eu\/shop\/produkt\/boilie-teig-krillax-einheit-1-kg\/#breadcrumb\",\"itemListElement\":[{\"@type\":\"ListItem\",\"position\":1,\"name\":\"Startseite\",\"item\":\"https:\/\/www.carpfisher.eu\/shop\/\"},{\"@type\":\"ListItem\",\"position\":2,\"name\":\"Shop\",\"item\":\"https:\/\/www.carpfisher.eu\/shop\/shop\/\"},{\"@type\":\"ListItem\",\"position\":3,\"name\":\"Boilie Teig Krillax | Einheit: 1 kg\"}]},{\"@type\":\"WebSite\",\"@id\":\"https:\/\/www.carpfisher.eu\/shop\/#website\",\"url\":\"https:\/\/www.carpfisher.eu\/shop\/\",\"name\":\"Carpfisher Shop\",\"description\":\"Shop f\u00fcr Karpfenangler, Boilies, Futter, Liquid, PopUps\",\"publisher\":{\"@id\":\"https:\/\/www.carpfisher.eu\/shop\/#organization\"},\"potentialAction\":[{\"@type\":\"SearchAction\",\"target\":{\"@type\":\"EntryPoint\",\"urlTemplate\":\"https:\/\/www.carpfisher.eu\/shop\/?s={search_term_string}\"},\"query-input\":{\"@type\":\"PropertyValueSpecification\",\"valueRequired\":true,\"valueName\":\"search_term_string\"}}],\"inLanguage\":\"de\"},{\"@type\":\"Organization\",\"@id\":\"https:\/\/www.carpfisher.eu\/shop\/#organization\",\"name\":\"Carpfisher Shop\",\"url\":\"https:\/\/www.carpfisher.eu\/shop\/\",\"logo\":{\"@type\":\"ImageObject\",\"inLanguage\":\"de\",\"@id\":\"https:\/\/www.carpfisher.eu\/shop\/#\/schema\/logo\/image\/\",\"url\":\"https:\/\/www.carpfisher.eu\/shop\/wp-content\/uploads\/2023\/04\/cropped-My-project-1-3.png\",\"contentUrl\":\"https:\/\/www.carpfisher.eu\/shop\/wp-content\/uploads\/2023\/04\/cropped-My-project-1-3.png\",\"width\":2154,\"height\":500,\"caption\":\"Carpfisher Shop\"},\"image\":{\"@id\":\"https:\/\/www.carpfisher.eu\/shop\/#\/schema\/logo\/image\/\"},\"sameAs\":[\"https:\/\/www.facebook.com\/people\/Carpfishereu\/100066936180661\/\"]}]}<\/script>\n<!-- \/ Yoast SEO plugin. -->","yoast_head_json":{"title":"Boilie Teig Krillax | Einheit: 1 kg - Carpfisher Shop","robots":{"index":"index","follow":"follow","max-snippet":"max-snippet:-1","max-image-preview":"max-image-preview:large","max-video-preview":"max-video-preview:-1"},"canonical":"https:\/\/www.carpfisher.eu\/shop\/produkt\/boilie-teig-krillax-einheit-1-kg\/","og_locale":"de_DE","og_type":"article","og_title":"Boilie Teig Krillax | Einheit: 1 kg - Carpfisher Shop","og_description":"Krillax Teig Mix im 1 kg Sack  Preis pro kg: 11,90 (mit Wasser angemischt =\u00a0 ca. 30% mehr Teig = entspricht somit kg Preis von ca. 8,33 Euro)","og_url":"https:\/\/www.carpfisher.eu\/shop\/produkt\/boilie-teig-krillax-einheit-1-kg\/","og_site_name":"Carpfisher Shop","article_publisher":"https:\/\/www.facebook.com\/people\/Carpfishereu\/100066936180661\/","article_modified_time":"2026-04-20T12:08:18+00:00","og_image":[{"width":1080,"height":1080,"url":"https:\/\/www.carpfisher.eu\/shop\/wp-content\/uploads\/2025\/01\/Krillax-Boilie-Teig-1-kg.png","type":"image\/png"}],"twitter_card":"summary_large_image","twitter_misc":{"Gesch\u00e4tzte Lesezeit":"4\u00a0Minuten"},"schema":{"@context":"https:\/\/schema.org","@graph":[{"@type":"WebPage","@id":"https:\/\/www.carpfisher.eu\/shop\/produkt\/boilie-teig-krillax-einheit-1-kg\/","url":"https:\/\/www.carpfisher.eu\/shop\/produkt\/boilie-teig-krillax-einheit-1-kg\/","name":"Boilie Teig Krillax | Einheit: 1 kg - Carpfisher Shop","isPartOf":{"@id":"https:\/\/www.carpfisher.eu\/shop\/#website"},"primaryImageOfPage":{"@id":"https:\/\/www.carpfisher.eu\/shop\/produkt\/boilie-teig-krillax-einheit-1-kg\/#primaryimage"},"image":{"@id":"https:\/\/www.carpfisher.eu\/shop\/produkt\/boilie-teig-krillax-einheit-1-kg\/#primaryimage"},"thumbnailUrl":"https:\/\/www.carpfisher.eu\/shop\/wp-content\/uploads\/2025\/01\/Krillax-Boilie-Teig-1-kg.png","datePublished":"2025-01-29T07:25:12+00:00","dateModified":"2026-04-20T12:08:18+00:00","breadcrumb":{"@id":"https:\/\/www.carpfisher.eu\/shop\/produkt\/boilie-teig-krillax-einheit-1-kg\/#breadcrumb"},"inLanguage":"de","potentialAction":[{"@type":"ReadAction","target":["https:\/\/www.carpfisher.eu\/shop\/produkt\/boilie-teig-krillax-einheit-1-kg\/"]}]},{"@type":"ImageObject","inLanguage":"de","@id":"https:\/\/www.carpfisher.eu\/shop\/produkt\/boilie-teig-krillax-einheit-1-kg\/#primaryimage","url":"https:\/\/www.carpfisher.eu\/shop\/wp-content\/uploads\/2025\/01\/Krillax-Boilie-Teig-1-kg.png","contentUrl":"https:\/\/www.carpfisher.eu\/shop\/wp-content\/uploads\/2025\/01\/Krillax-Boilie-Teig-1-kg.png","width":1080,"height":1080},{"@type":"BreadcrumbList","@id":"https:\/\/www.carpfisher.eu\/shop\/produkt\/boilie-teig-krillax-einheit-1-kg\/#breadcrumb","itemListElement":[{"@type":"ListItem","position":1,"name":"Startseite","item":"https:\/\/www.carpfisher.eu\/shop\/"},{"@type":"ListItem","position":2,"name":"Shop","item":"https:\/\/www.carpfisher.eu\/shop\/shop\/"},{"@type":"ListItem","position":3,"name":"Boilie Teig Krillax | Einheit: 1 kg"}]},{"@type":"WebSite","@id":"https:\/\/www.carpfisher.eu\/shop\/#website","url":"https:\/\/www.carpfisher.eu\/shop\/","name":"Carpfisher Shop","description":"Shop f\u00fcr Karpfenangler, Boilies, Futter, Liquid, PopUps","publisher":{"@id":"https:\/\/www.carpfisher.eu\/shop\/#organization"},"potentialAction":[{"@type":"SearchAction","target":{"@type":"EntryPoint","urlTemplate":"https:\/\/www.carpfisher.eu\/shop\/?s={search_term_string}"},"query-input":{"@type":"PropertyValueSpecification","valueRequired":true,"valueName":"search_term_string"}}],"inLanguage":"de"},{"@type":"Organization","@id":"https:\/\/www.carpfisher.eu\/shop\/#organization","name":"Carpfisher Shop","url":"https:\/\/www.carpfisher.eu\/shop\/","logo":{"@type":"ImageObject","inLanguage":"de","@id":"https:\/\/www.carpfisher.eu\/shop\/#\/schema\/logo\/image\/","url":"https:\/\/www.carpfisher.eu\/shop\/wp-content\/uploads\/2023\/04\/cropped-My-project-1-3.png","contentUrl":"https:\/\/www.carpfisher.eu\/shop\/wp-content\/uploads\/2023\/04\/cropped-My-project-1-3.png","width":2154,"height":500,"caption":"Carpfisher Shop"},"image":{"@id":"https:\/\/www.carpfisher.eu\/shop\/#\/schema\/logo\/image\/"},"sameAs":["https:\/\/www.facebook.com\/people\/Carpfishereu\/100066936180661\/"]}]}},"_links":{"self":[{"href":"https:\/\/www.carpfisher.eu\/shop\/wp-json\/wp\/v2\/product\/1383","targetHints":{"allow":["GET"]}}],"collection":[{"href":"https:\/\/www.carpfisher.eu\/shop\/wp-json\/wp\/v2\/product"}],"about":[{"href":"https:\/\/www.carpfisher.eu\/shop\/wp-json\/wp\/v2\/types\/product"}],"wp:featuredmedia":[{"embeddable":true,"href":"https:\/\/www.carpfisher.eu\/shop\/wp-json\/wp\/v2\/media\/1402"}],"wp:attachment":[{"href":"https:\/\/www.carpfisher.eu\/shop\/wp-json\/wp\/v2\/media?parent=1383"}],"wp:term":[{"taxonomy":"product_brand","embeddable":true,"href":"https:\/\/www.carpfisher.eu\/shop\/wp-json\/wp\/v2\/product_brand?post=1383"},{"taxonomy":"product_cat","embeddable":true,"href":"https:\/\/www.carpfisher.eu\/shop\/wp-json\/wp\/v2\/product_cat?post=1383"},{"taxonomy":"product_tag","embeddable":true,"href":"https:\/\/www.carpfisher.eu\/shop\/wp-json\/wp\/v2\/product_tag?post=1383"}],"curies":[{"name":"wp","href":"https:\/\/api.w.org\/{rel}","templated":true}]}}