{"id":1674,"date":"2025-08-26T13:37:57","date_gmt":"2025-08-26T11:37:57","guid":{"rendered":"https:\/\/www.carpfisher.eu\/shop\/?post_type=product&#038;p=1674"},"modified":"2026-03-11T09:48:41","modified_gmt":"2026-03-11T08:48:41","slug":"cf-boilie-scopetz-16-mm-einheit-15-kg","status":"publish","type":"product","link":"https:\/\/www.carpfisher.eu\/shop\/produkt\/cf-boilie-scopetz-16-mm-einheit-15-kg\/","title":{"rendered":"CF Boilie: ScopetZ| 16 mm | Einheit: 15 kg"},"content":{"rendered":"<p>Scopex &#8211; DER Klassiker unter den Boilies! In den 1990er Jahren gab es wohl kaum einen K\u00f6der aus der T\u00fcte, der erfolgreicher war als dieser satt-gelbe und sehr s\u00fc\u00dfe Boilie! Damals gab es von &#8222;Rod Hutchinson&#8220; und &#8222;Nash&#8220; die ersten fertigen Boilies in meiner Heimatstadt zu kaufen&#8230;\u00a0 Wenn es eine Sorte gab, auf die man sich immer verlassen konnte, dann war das eben dieser Scopex Boilie. Egal wo, wir haben immer unsere Fische damit gefangen! Doch dann kamen die hochwertigen Fischmehl Boilies und dieser K\u00f6der geriet etwas in Vergessenheit&#8230;<\/p>\n<p><em>Der AKTUELL unglaubliche Erfolg eines guten Freundes (Anmerkung, Spitzname: &#8222;Petz&#8220;) mit diesem alten Klassiker hat mich dazu inspiriert diesen f\u00fcr euch NEU aufzulegen! <\/em><\/p>\n<p>Und hier ist er; unserem Konzept treu bleibend:<em> Hart, sehr rund und gesund!<\/em><\/p>\n<p>Der ScopetZ besteht zum \u00fcberwiegenden Teil aus pflanzlichen Mehlen und Milchpulver, ABER ein dezenter Anteil an Tintenfisch Mehl hebt ihn dann trotzdem wieder vom alten Klassiker etwas ab. Au\u00dferdem sind uns hier die Fette und Fetts\u00e4uren im Boilie sehr wichtig gewesen! Darum kommt in den Mix ein guter Schluck Hanf\u00f6l! Das Tigernussmehl sorgt neben der guten S\u00fc\u00dfe ebenfalls f\u00fcr sehr wichtige Fette! Wie bei allen unseren Boilies, darf auch hier Butters\u00e4ure nicht fehlen!<\/p>\n<p>Auf diesen K\u00f6der konnten in der Testphase im Jahr 2023 bereits unglaublich gute Fische gefangen werden! Auszug aus unserem Langzeit Futterplatz Test: f\u00fcnfzehn! 20 kg Fische und drei 30+ Fische! Aber auch Instant konnten wir sehr, sehr gut fangen! Selbst bei sehr geringen Wassertemperaturen lieferte der ScopetZ konstant ab!<\/p>\n<p>Die eigentliche Idee, den &#8222;Scopex&#8220; Klassiker in einer neuen Variante, dem &#8222;<strong>ScopetZ<\/strong>&#8220; neu aufzulegen, entstand, als wir eine Alternative zu dem weit verbreiteten Fischmehl-Boilies, in meistens gedeckten Braunt\u00f6nen suchten. Unser Weg f\u00fchrte uns zur\u00fcck, wieder hin zu diesem s\u00fc\u00dfen, gelben Klassiker mit einem Hauch Tintenfisch! Es entstand somit ein Karpfenk\u00f6der, der eine super Alternative auf Gew\u00e4ssern mit viel Krebsen, Wei\u00dffischen und Welsen darstellt. Aber auch sehr interessant, um ihn beizumischen! ScopetZ einfach einem unserer Fischmehl Boilies beimischen und beides gleichzeitig f\u00fcttern! Wie ihr bestimmt wisst, Karpfen k\u00f6nnen Vorlieben entwickeln. Manche fressen eher gerne s\u00fc\u00df und manche eher herzhaft &#8211; und schon deckt ihr beides ab!<\/p>\n<p><strong>Hinweis zum boosten:\u00a0<\/strong>wenn du aus dem ScopetZ Boilie einen hochattraktiven K\u00f6der machen m\u00f6chtest, dann empfehlen wir dir <a href=\"https:\/\/www.carpfisher.eu\/shop\/produkt\/csl-liquid-1-liter\/\">CSL Liquid<\/a>. Ein viertel Liter auf 5 kg Boilies boostet ordentlich und reicht auch v\u00f6llig aus&#8230; somit bleibst du mega flexibel und kannst deine Angeltaktik jederzeit anpassen. Wem die gelben Boilies am Gew\u00e4ssergrund zu &#8222;flashig&#8220; sind, dem empfehle ich das Soaken mit einem guten Schluck Bloodworm oder GLM Liquid &#8211; das f\u00e4rbt ihn dunkler!<\/p>\n<hr \/>\n<p>Zusammensetzung:<\/p>\n<p>Proteingehalt in Trockenmasse: 31 %<\/p>\n<ul>\n<li>Superbirdfood<\/li>\n<li>Tigernussmehl<\/li>\n<li>Milchpulver<\/li>\n<li>CLO Birdfood<\/li>\n<li>Tintenfisch Mehl<\/li>\n<li>weitere Mehle und Zutaten (die wir nicht verraten)<\/li>\n<li>Hanf\u00f6l<\/li>\n<li>N-Buytric Acid (Butters\u00e4ure)<\/li>\n<li>CSL Liquid<\/li>\n<li>CF \u2013 Scopex Flavour<\/li>\n<li>Sweetner<\/li>\n<li>Ei Albumin<\/li>\n<li>Maismehl (frisch gemahlen)<\/li>\n<li>Weizenmehl (frisch gemahlen)<\/li>\n<li>Soja Mehl<\/li>\n<\/ul>\n<hr \/>\n<p>Herstellung: Ged\u00e4mpft, lebensmittelecht konserviert<\/p>\n<p>Haltbarkeit: mindestens 12 Monate<\/p>\n<p>Verpackt: 5 kg pro Sack<\/p>\n<p>Richtige Lagerung: Dunkel und k\u00fchl<\/p>\n<hr \/>\n<p><strong>Tipp f\u00fcr die Anwendungsbereiche von ScopetZ Boilies:<\/strong> Allround K\u00f6der! Egal ob Langzeitfutterplatz, mehrt\u00e4gige Sessions oder Instant!<\/p>\n<p>Der Mix an sehr guten Proteinen, Fetten und Kohlenhydraten im ScopetZ erm\u00f6glicht euch ein sehr breites Einsatzgebiet! Er bietet euch die s\u00fc\u00dfe Alternative zu den Fischmehl Boilies und sorgt aufgrund seiner Farbe f\u00fcr den gelben Farbklecks am Futterplatz. Auch bei sehr kalten Wassertemperaturen (8 Grad in den Tests) konnten wir mit diesem Boilie sehr gut fangen! Bei solch geringen Temperaturen nat\u00fcrlich nur in kleinen Mengen eingesetzt und vor allem auch gecrusht und mit Liquid vermischt &#8211; als Anfutter.<\/p>\n<p>Wenn du einen sehr herzhaften, fischigen Boilie suchst, dann findest du den nat\u00fcrlich auch bei uns. Eine super Kombination ist ein Futterplatz aus <a href=\"https:\/\/www.carpfisher.eu\/shop\/produkt-kategorie\/cf-boilie-range\/squiver\/\">Squiver<\/a> und ScopetZ!<\/p>\n<hr \/>\n<p>Angelk\u00f6der f\u00fcr frei lebende Fische, nicht f\u00fcr den menschlichen Verzehr geeignet. Darf nicht an Wiederk\u00e4uer verf\u00fcttert werden!<\/p>\n","protected":false},"excerpt":{"rendered":"<p>Preis pro kg: 8 Euro<\/p>\n<p>3 x 5 kg Beutel ScopetZ Boilies = 15 kg<\/p>\n","protected":false},"featured_media":1926,"template":"","meta":{"sfsi_plus_gutenberg_text_before_share":"","sfsi_plus_gutenberg_show_text_before_share":"","sfsi_plus_gutenberg_icon_type":"","sfsi_plus_gutenberg_icon_alignemt":"","sfsi_plus_gutenburg_max_per_row":""},"product_brand":[],"product_cat":[42],"product_tag":[],"class_list":{"0":"post-1674","1":"product","2":"type-product","3":"status-publish","4":"has-post-thumbnail","6":"product_cat-scopetz-boilie","8":"first","9":"instock","10":"sale","11":"taxable","12":"shipping-taxable","13":"purchasable","14":"product-type-woosb"},"yoast_head":"<!-- This site is optimized with the Yoast SEO plugin v27.2 - https:\/\/yoast.com\/product\/yoast-seo-wordpress\/ -->\n<title>CF Boilie: ScopetZ| 16 mm | Einheit: 15 kg - Carpfisher Shop<\/title>\n<meta name=\"robots\" content=\"index, follow, max-snippet:-1, max-image-preview:large, max-video-preview:-1\" \/>\n<link rel=\"canonical\" href=\"https:\/\/www.carpfisher.eu\/shop\/produkt\/cf-boilie-scopetz-16-mm-einheit-15-kg\/\" \/>\n<meta property=\"og:locale\" content=\"de_DE\" \/>\n<meta property=\"og:type\" content=\"article\" \/>\n<meta property=\"og:title\" content=\"CF Boilie: ScopetZ| 16 mm | Einheit: 15 kg - Carpfisher Shop\" \/>\n<meta property=\"og:description\" content=\"Preis pro kg: 8 Euro  3 x 5 kg Beutel ScopetZ Boilies = 15 kg\" \/>\n<meta property=\"og:url\" content=\"https:\/\/www.carpfisher.eu\/shop\/produkt\/cf-boilie-scopetz-16-mm-einheit-15-kg\/\" \/>\n<meta property=\"og:site_name\" content=\"Carpfisher Shop\" \/>\n<meta property=\"article:publisher\" content=\"https:\/\/www.facebook.com\/people\/Carpfishereu\/100066936180661\/\" \/>\n<meta property=\"article:modified_time\" content=\"2026-03-11T08:48:41+00:00\" \/>\n<meta property=\"og:image\" content=\"https:\/\/www.carpfisher.eu\/shop\/wp-content\/uploads\/2024\/09\/Boilie-Sorten-Produkt-Bilder-ScopetZ-neu.png\" \/>\n\t<meta property=\"og:image:width\" content=\"1200\" \/>\n\t<meta property=\"og:image:height\" content=\"1200\" \/>\n\t<meta property=\"og:image:type\" content=\"image\/png\" \/>\n<meta name=\"twitter:card\" content=\"summary_large_image\" \/>\n<meta name=\"twitter:label1\" content=\"Gesch\u00e4tzte Lesezeit\" \/>\n\t<meta name=\"twitter:data1\" content=\"4\u00a0Minuten\" \/>\n<script type=\"application\/ld+json\" class=\"yoast-schema-graph\">{\"@context\":\"https:\/\/schema.org\",\"@graph\":[{\"@type\":\"WebPage\",\"@id\":\"https:\/\/www.carpfisher.eu\/shop\/produkt\/cf-boilie-scopetz-16-mm-einheit-15-kg\/\",\"url\":\"https:\/\/www.carpfisher.eu\/shop\/produkt\/cf-boilie-scopetz-16-mm-einheit-15-kg\/\",\"name\":\"CF Boilie: ScopetZ| 16 mm | Einheit: 15 kg - Carpfisher Shop\",\"isPartOf\":{\"@id\":\"https:\/\/www.carpfisher.eu\/shop\/#website\"},\"primaryImageOfPage\":{\"@id\":\"https:\/\/www.carpfisher.eu\/shop\/produkt\/cf-boilie-scopetz-16-mm-einheit-15-kg\/#primaryimage\"},\"image\":{\"@id\":\"https:\/\/www.carpfisher.eu\/shop\/produkt\/cf-boilie-scopetz-16-mm-einheit-15-kg\/#primaryimage\"},\"thumbnailUrl\":\"https:\/\/www.carpfisher.eu\/shop\/wp-content\/uploads\/2024\/09\/Boilie-Sorten-Produkt-Bilder-ScopetZ-neu.png\",\"datePublished\":\"2025-08-26T11:37:57+00:00\",\"dateModified\":\"2026-03-11T08:48:41+00:00\",\"breadcrumb\":{\"@id\":\"https:\/\/www.carpfisher.eu\/shop\/produkt\/cf-boilie-scopetz-16-mm-einheit-15-kg\/#breadcrumb\"},\"inLanguage\":\"de\",\"potentialAction\":[{\"@type\":\"ReadAction\",\"target\":[\"https:\/\/www.carpfisher.eu\/shop\/produkt\/cf-boilie-scopetz-16-mm-einheit-15-kg\/\"]}]},{\"@type\":\"ImageObject\",\"inLanguage\":\"de\",\"@id\":\"https:\/\/www.carpfisher.eu\/shop\/produkt\/cf-boilie-scopetz-16-mm-einheit-15-kg\/#primaryimage\",\"url\":\"https:\/\/www.carpfisher.eu\/shop\/wp-content\/uploads\/2024\/09\/Boilie-Sorten-Produkt-Bilder-ScopetZ-neu.png\",\"contentUrl\":\"https:\/\/www.carpfisher.eu\/shop\/wp-content\/uploads\/2024\/09\/Boilie-Sorten-Produkt-Bilder-ScopetZ-neu.png\",\"width\":1200,\"height\":1200},{\"@type\":\"BreadcrumbList\",\"@id\":\"https:\/\/www.carpfisher.eu\/shop\/produkt\/cf-boilie-scopetz-16-mm-einheit-15-kg\/#breadcrumb\",\"itemListElement\":[{\"@type\":\"ListItem\",\"position\":1,\"name\":\"Startseite\",\"item\":\"https:\/\/www.carpfisher.eu\/shop\/\"},{\"@type\":\"ListItem\",\"position\":2,\"name\":\"Shop\",\"item\":\"https:\/\/www.carpfisher.eu\/shop\/shop\/\"},{\"@type\":\"ListItem\",\"position\":3,\"name\":\"CF Boilie: ScopetZ| 16 mm | Einheit: 15 kg\"}]},{\"@type\":\"WebSite\",\"@id\":\"https:\/\/www.carpfisher.eu\/shop\/#website\",\"url\":\"https:\/\/www.carpfisher.eu\/shop\/\",\"name\":\"Carpfisher Shop\",\"description\":\"Shop f\u00fcr Karpfenangler, Boilies, Futter, Liquid, PopUps\",\"publisher\":{\"@id\":\"https:\/\/www.carpfisher.eu\/shop\/#organization\"},\"potentialAction\":[{\"@type\":\"SearchAction\",\"target\":{\"@type\":\"EntryPoint\",\"urlTemplate\":\"https:\/\/www.carpfisher.eu\/shop\/?s={search_term_string}\"},\"query-input\":{\"@type\":\"PropertyValueSpecification\",\"valueRequired\":true,\"valueName\":\"search_term_string\"}}],\"inLanguage\":\"de\"},{\"@type\":\"Organization\",\"@id\":\"https:\/\/www.carpfisher.eu\/shop\/#organization\",\"name\":\"Carpfisher Shop\",\"url\":\"https:\/\/www.carpfisher.eu\/shop\/\",\"logo\":{\"@type\":\"ImageObject\",\"inLanguage\":\"de\",\"@id\":\"https:\/\/www.carpfisher.eu\/shop\/#\/schema\/logo\/image\/\",\"url\":\"https:\/\/www.carpfisher.eu\/shop\/wp-content\/uploads\/2023\/04\/cropped-My-project-1-3.png\",\"contentUrl\":\"https:\/\/www.carpfisher.eu\/shop\/wp-content\/uploads\/2023\/04\/cropped-My-project-1-3.png\",\"width\":2154,\"height\":500,\"caption\":\"Carpfisher Shop\"},\"image\":{\"@id\":\"https:\/\/www.carpfisher.eu\/shop\/#\/schema\/logo\/image\/\"},\"sameAs\":[\"https:\/\/www.facebook.com\/people\/Carpfishereu\/100066936180661\/\"]}]}<\/script>\n<!-- \/ Yoast SEO plugin. -->","yoast_head_json":{"title":"CF Boilie: ScopetZ| 16 mm | Einheit: 15 kg - Carpfisher Shop","robots":{"index":"index","follow":"follow","max-snippet":"max-snippet:-1","max-image-preview":"max-image-preview:large","max-video-preview":"max-video-preview:-1"},"canonical":"https:\/\/www.carpfisher.eu\/shop\/produkt\/cf-boilie-scopetz-16-mm-einheit-15-kg\/","og_locale":"de_DE","og_type":"article","og_title":"CF Boilie: ScopetZ| 16 mm | Einheit: 15 kg - Carpfisher Shop","og_description":"Preis pro kg: 8 Euro  3 x 5 kg Beutel ScopetZ Boilies = 15 kg","og_url":"https:\/\/www.carpfisher.eu\/shop\/produkt\/cf-boilie-scopetz-16-mm-einheit-15-kg\/","og_site_name":"Carpfisher Shop","article_publisher":"https:\/\/www.facebook.com\/people\/Carpfishereu\/100066936180661\/","article_modified_time":"2026-03-11T08:48:41+00:00","og_image":[{"width":1200,"height":1200,"url":"https:\/\/www.carpfisher.eu\/shop\/wp-content\/uploads\/2024\/09\/Boilie-Sorten-Produkt-Bilder-ScopetZ-neu.png","type":"image\/png"}],"twitter_card":"summary_large_image","twitter_misc":{"Gesch\u00e4tzte Lesezeit":"4\u00a0Minuten"},"schema":{"@context":"https:\/\/schema.org","@graph":[{"@type":"WebPage","@id":"https:\/\/www.carpfisher.eu\/shop\/produkt\/cf-boilie-scopetz-16-mm-einheit-15-kg\/","url":"https:\/\/www.carpfisher.eu\/shop\/produkt\/cf-boilie-scopetz-16-mm-einheit-15-kg\/","name":"CF Boilie: ScopetZ| 16 mm | Einheit: 15 kg - Carpfisher Shop","isPartOf":{"@id":"https:\/\/www.carpfisher.eu\/shop\/#website"},"primaryImageOfPage":{"@id":"https:\/\/www.carpfisher.eu\/shop\/produkt\/cf-boilie-scopetz-16-mm-einheit-15-kg\/#primaryimage"},"image":{"@id":"https:\/\/www.carpfisher.eu\/shop\/produkt\/cf-boilie-scopetz-16-mm-einheit-15-kg\/#primaryimage"},"thumbnailUrl":"https:\/\/www.carpfisher.eu\/shop\/wp-content\/uploads\/2024\/09\/Boilie-Sorten-Produkt-Bilder-ScopetZ-neu.png","datePublished":"2025-08-26T11:37:57+00:00","dateModified":"2026-03-11T08:48:41+00:00","breadcrumb":{"@id":"https:\/\/www.carpfisher.eu\/shop\/produkt\/cf-boilie-scopetz-16-mm-einheit-15-kg\/#breadcrumb"},"inLanguage":"de","potentialAction":[{"@type":"ReadAction","target":["https:\/\/www.carpfisher.eu\/shop\/produkt\/cf-boilie-scopetz-16-mm-einheit-15-kg\/"]}]},{"@type":"ImageObject","inLanguage":"de","@id":"https:\/\/www.carpfisher.eu\/shop\/produkt\/cf-boilie-scopetz-16-mm-einheit-15-kg\/#primaryimage","url":"https:\/\/www.carpfisher.eu\/shop\/wp-content\/uploads\/2024\/09\/Boilie-Sorten-Produkt-Bilder-ScopetZ-neu.png","contentUrl":"https:\/\/www.carpfisher.eu\/shop\/wp-content\/uploads\/2024\/09\/Boilie-Sorten-Produkt-Bilder-ScopetZ-neu.png","width":1200,"height":1200},{"@type":"BreadcrumbList","@id":"https:\/\/www.carpfisher.eu\/shop\/produkt\/cf-boilie-scopetz-16-mm-einheit-15-kg\/#breadcrumb","itemListElement":[{"@type":"ListItem","position":1,"name":"Startseite","item":"https:\/\/www.carpfisher.eu\/shop\/"},{"@type":"ListItem","position":2,"name":"Shop","item":"https:\/\/www.carpfisher.eu\/shop\/shop\/"},{"@type":"ListItem","position":3,"name":"CF Boilie: ScopetZ| 16 mm | Einheit: 15 kg"}]},{"@type":"WebSite","@id":"https:\/\/www.carpfisher.eu\/shop\/#website","url":"https:\/\/www.carpfisher.eu\/shop\/","name":"Carpfisher Shop","description":"Shop f\u00fcr Karpfenangler, Boilies, Futter, Liquid, PopUps","publisher":{"@id":"https:\/\/www.carpfisher.eu\/shop\/#organization"},"potentialAction":[{"@type":"SearchAction","target":{"@type":"EntryPoint","urlTemplate":"https:\/\/www.carpfisher.eu\/shop\/?s={search_term_string}"},"query-input":{"@type":"PropertyValueSpecification","valueRequired":true,"valueName":"search_term_string"}}],"inLanguage":"de"},{"@type":"Organization","@id":"https:\/\/www.carpfisher.eu\/shop\/#organization","name":"Carpfisher Shop","url":"https:\/\/www.carpfisher.eu\/shop\/","logo":{"@type":"ImageObject","inLanguage":"de","@id":"https:\/\/www.carpfisher.eu\/shop\/#\/schema\/logo\/image\/","url":"https:\/\/www.carpfisher.eu\/shop\/wp-content\/uploads\/2023\/04\/cropped-My-project-1-3.png","contentUrl":"https:\/\/www.carpfisher.eu\/shop\/wp-content\/uploads\/2023\/04\/cropped-My-project-1-3.png","width":2154,"height":500,"caption":"Carpfisher Shop"},"image":{"@id":"https:\/\/www.carpfisher.eu\/shop\/#\/schema\/logo\/image\/"},"sameAs":["https:\/\/www.facebook.com\/people\/Carpfishereu\/100066936180661\/"]}]}},"_links":{"self":[{"href":"https:\/\/www.carpfisher.eu\/shop\/wp-json\/wp\/v2\/product\/1674","targetHints":{"allow":["GET"]}}],"collection":[{"href":"https:\/\/www.carpfisher.eu\/shop\/wp-json\/wp\/v2\/product"}],"about":[{"href":"https:\/\/www.carpfisher.eu\/shop\/wp-json\/wp\/v2\/types\/product"}],"wp:featuredmedia":[{"embeddable":true,"href":"https:\/\/www.carpfisher.eu\/shop\/wp-json\/wp\/v2\/media\/1926"}],"wp:attachment":[{"href":"https:\/\/www.carpfisher.eu\/shop\/wp-json\/wp\/v2\/media?parent=1674"}],"wp:term":[{"taxonomy":"product_brand","embeddable":true,"href":"https:\/\/www.carpfisher.eu\/shop\/wp-json\/wp\/v2\/product_brand?post=1674"},{"taxonomy":"product_cat","embeddable":true,"href":"https:\/\/www.carpfisher.eu\/shop\/wp-json\/wp\/v2\/product_cat?post=1674"},{"taxonomy":"product_tag","embeddable":true,"href":"https:\/\/www.carpfisher.eu\/shop\/wp-json\/wp\/v2\/product_tag?post=1674"}],"curies":[{"name":"wp","href":"https:\/\/api.w.org\/{rel}","templated":true}]}}