{"id":1712,"date":"2025-09-08T14:06:17","date_gmt":"2025-09-08T12:06:17","guid":{"rendered":"https:\/\/www.carpfisher.eu\/shop\/?post_type=product&#038;p=1712"},"modified":"2025-10-02T20:43:44","modified_gmt":"2025-10-02T18:43:44","slug":"squiver-extreme-boilie-24-mm-einheit-5-kg","status":"publish","type":"product","link":"https:\/\/www.carpfisher.eu\/shop\/produkt\/squiver-extreme-boilie-24-mm-einheit-5-kg\/","title":{"rendered":"Squiver Extreme Boilie | 24 mm | Einheit: 5 kg"},"content":{"rendered":"<p><em><strong><span style=\"color: #ff0000;\">Der neue &#8222;Squiver Extreme&#8220;<\/span><\/strong><\/em><\/p>\n<p>Nach fast 3 Jahren habe ich den legend\u00e4ren Squiver adaptiert und den Grundmix um 4 weitere, exklusive Zutaten erweitert!<\/p>\n<p>Wie der Name schon sagt, der <strong>Squiver Boilie<\/strong> besteht aus zwei sehr wichtigen Komponenten. <strong>Squid<\/strong> und <strong>Liver<\/strong> (Tintenfisch und Leber). Beides wird bei uns in hoch dosierten Extrakten verarbeitet \u2013 diese, extrem feinen Mehle haben eine riesige Oberfl\u00e4che und sorgen f\u00fcr die maximal m\u00f6gliche Attraktivit\u00e4t. Um dem Squiver Boilie den notwendigen Boost zu geben, damit er Instant so gut l\u00e4uft, wurde das Leber Liquid ebenfalls sehr hoch dosiert. Mehr geht technisch nicht in einen Boilie, um ihn noch rollen zu k\u00f6nnen\u2026 soweit war der Text des \u201ealten\u201c legend\u00e4ren Squiver Boilies. <strong>ABER jetzt gehen wir in die zweite Runde und pushen diesen K\u00f6der ganz nach oben.<\/strong><\/p>\n<p><em><strong><span style=\"color: #ff0000;\">Next Level: &#8222;Squiver Extreme&#8220; mit mehr als 10% Leber Extrakt:<\/span><\/strong><\/em><\/p>\n<p>Teures, aber feinstes <strong>Rinderleber Extrakt<\/strong> sorgt jetzt daf\u00fcr, dass dieser Boilie wahrlich durch die Decke geht! Wir kombinieren also jetzt Rinderleber Extrakt und H\u00fchnerleber Extrakt &#8211; und unterstreichen so den Instant Effekt noch einmal deutlich!<\/p>\n<p>Da das aber noch nicht das Ende des machbaren war, wollte ich unbedingt <strong>Betain<\/strong> aufgrund seiner wertvollen Inhaltsstoffe mit abrollen. Wir verwenden unser eigenes kristallines Betain, das zu 99% rein ist und auch hitzebest\u00e4ndig genug ist, um nicht zu verpuffen.<\/p>\n<p>Eine Prise <strong>Blutmehl<\/strong> sorgt f\u00fcr extra Bindung und noch mehr Protein!<\/p>\n<p>Man kann sagen, die Kirsche auf der Sahne ist meine eigene <strong>Gew\u00fcrzmischung<\/strong>, die ich hier nicht im Detail erl\u00e4utern mag, aber eines sei gesagt \u2013 die hat es in sich! Eine ganz feine Note, nicht zu stark dosiert! Und was hier am Wichtigsten war, der Geschmack! Dieser Boilie hat durch diese Zutat einen sehr ausgepr\u00e4gten und charakteristischen Eigengeschmack bekommen! \u2026 eventuell die teuerste Zutat, die wir je verarbeitet haben. 1 Liter kostet ca. 2500 Euro \u2013 wir haben nur ein paar Gramm drinnen, aber auch die machen sich leider im Endpreis bemerkbar!<\/p>\n<p><strong><span style=\"color: #ff0000;\"><em>So ein Boilie geht nicht g\u00fcnstig &#8211; der kostet einfach&#8230;<\/em><\/span><\/strong><\/p>\n<p>Beachtet bitte besonders unsere 5 kg Gebinde, da k\u00f6nnt ihr richtig Geld sparen!<\/p>\n<p><strong>Hinweis zum boosten &#8211; Eigentlich solltet ihr diesen Boilie gar nicht boosten aber wenn trotzdem, dann:<\/strong> etwas l\u00e4nger soaken, wenn ihr die Attraktivit\u00e4t noch weiter steigern wollt, da bereits sehr viel Leber Liquid verarbeitet ist. Etwa 36 Stunden mit 0,25 Liter Liquid sind notwendig, damit es vollst\u00e4ndig einwirkt. Mehr Liquid ist aus unserer Sicht nicht notwendig.<\/p>\n<hr \/>\n<p>Zusammensetzung:<\/p>\n<p>Proteingehalt in Trockenmasse: 40,6 %<\/p>\n<ul>\n<li>Vorverdautes Fischmehl<\/li>\n<li>Heringmehl<\/li>\n<li>Squid Extract (Tintenfisch)<\/li>\n<li>Rinderleber Extrakt<\/li>\n<li>H\u00fchnerleber Extrakt<\/li>\n<li>Kristallines Betain 99% rein!<\/li>\n<li>Blutmehl<\/li>\n<li>Gew\u00fcrzmischung (geheim)<\/li>\n<li>4 weitere Mehle<\/li>\n<li>2 weitere verdauungsf\u00f6rdernde Zutaten<\/li>\n<li>Chilli Powder<\/li>\n<li>N-Buytric Acid (Butters\u00e4ure)<\/li>\n<li>CF \u2013 Liquid<\/li>\n<li>H\u00fchnerleber Liquid<\/li>\n<li>Ei Albumin<\/li>\n<li>Maismehl (frisch gemahlen)<\/li>\n<li>Weizenmehl (frisch gemahlen)<\/li>\n<li>Soja Mehl<\/li>\n<\/ul>\n<p>Herstellung: Ged\u00e4mpft, lebensmittelecht konserviert<\/p>\n<p>Haltbarkeit: 12 Monate<\/p>\n<p>Verpackt: 5 kg Beutel<\/p>\n<p>Richtige Lagerung: Dunkel und k\u00fchl<\/p>\n<hr \/>\n<p><strong>Tipp f\u00fcr die Anwendungsbereiche von \u201eSquiver Extreme\u201c Boilies:<\/strong>\u00a0kurze Ansitze, \u201ePralinen\u201c Taktik, Instant, Single Hook Bait, Gew\u00e4sser mit wenig Wei\u00dffischen\/Welsen (z.B. Paylakes)<\/p>\n<p>Wenn du nur einen Tag angeln gehst, ohne viel vor zuf\u00fcttern, dann \u201eSquiver Extreme\u201c! Dieser Boilie arbeitet sehr schnell und gibt rasch viele Fresssignale ans Wasser ab! Achtung, bei Gew\u00e4ssern mit einem starken Welsbestand! Wer Welse nicht fangen m\u00f6chte, bitte eher \u201eMuThu\u201c oder \u201eKrillax\u201c aufs Haar ziehen \u2013 am besten aber \u201eScopetZ\u201c! Leber zieht bekanntlich Welse magisch an. Ich verwende \u201eSquiver\u201c oft als Praline auf einem \u201eKrillax\u201c Futterplatz oder wenn ich kleine Fallen stelle. Auf meiner Schottergrube, wo kaum Beif\u00e4nge zu erwarten sind, mische ich &#8222;Squiver Extreme&#8220; gerne mit &#8222;ScopetZ&#8220; dadurch reduziere ich den S\u00e4ttigungseffekt und setze noch zus\u00e4tzliche optische Reize mit dem gelben ScopetZ in Kombination mit dem dunklen Squiver!<\/p>\n<p><em><strong><span style=\"color: #ff0000;\">Der \u201eSquiver Extreme\u201c ist unser am schnellsten arbeitende K\u00f6der, mit dem gr\u00f6\u00dften Instant Effekt.<\/span><\/strong><\/em><\/p>\n<p>Wir haben auch Kunden, die an\u00a0<strong>Paylakes<\/strong>\u00a0auf den Squiver schw\u00f6ren! Meistens ist der Wei\u00dffischbestand so gering, dass man auch sehr attraktives Futter einbringen kann. Desto weniger Mitesser am Spot sind, desto mehr Liquid oder Extract zur weiteren Steigerung der Attraktivit\u00e4t kann man einsetzen.<\/p>\n<p>Hinweis: das bedeutet nicht, dass die anderen Sorten der CF Range (MuThu, Krillax oder ScopetZ) weniger hochwertig sind! Das bedeutet lediglich, dass der Squiver rasch arbeitet und schnell, sehr attraktive Fresssignale aussendet. Jeder unserer Sorten hat sein Einsatzgebiet!<\/p>\n<p>Solltest du einen K\u00f6der suchen, um mehr zu selektieren (Wei\u00dffischen und Welse) oder wenn du einen Futterplatz langfristig unter Futter setzen m\u00f6chtest, dann empfehle ich dir\u00a0<a href=\"https:\/\/carpfisher.eu\/shop\/produkt-kategorie\/cf-boilie-range\/krillax-boilie\/\">\u201eKrillax\u201c<\/a>,\u00a0<a href=\"https:\/\/carpfisher.eu\/shop\/produkt-kategorie\/cf-boilie-range\/muthu\/\">\u201eMuThu\u201c<\/a> oder \u201e<span style=\"color: #0000ff;\"><a style=\"color: #0000ff;\" href=\"https:\/\/www.carpfisher.eu\/shop\/produkt-kategorie\/cf-boilie-range\/scopetz-boilie\/\">Scopetz<\/a><\/span>\u201c!<\/p>\n<hr \/>\n<p>Angelk\u00f6der f\u00fcr frei lebende Fische, nicht f\u00fcr den menschlichen Verzehr geeignet. Darf nicht an Wiederk\u00e4uer verf\u00fcttert werden!<\/p>\n<p>&nbsp;<\/p>\n","protected":false},"excerpt":{"rendered":"<p>Preis pro kg: 9,90 Euro<\/p>\n<p>5 kg &#8222;Squiver Extreme&#8220; Boilies im Beutel.<\/p>\n","protected":false},"featured_media":1714,"template":"","meta":{"sfsi_plus_gutenberg_text_before_share":"","sfsi_plus_gutenberg_show_text_before_share":"","sfsi_plus_gutenberg_icon_type":"","sfsi_plus_gutenberg_icon_alignemt":"","sfsi_plus_gutenburg_max_per_row":""},"product_brand":[],"product_cat":[50],"product_tag":[],"class_list":{"0":"post-1712","1":"product","2":"type-product","3":"status-publish","4":"has-post-thumbnail","6":"product_cat-squiver-extreme","8":"first","9":"instock","10":"taxable","11":"shipping-taxable","12":"purchasable","13":"product-type-simple"},"yoast_head":"<!-- This site is optimized with the Yoast SEO plugin v27.2 - https:\/\/yoast.com\/product\/yoast-seo-wordpress\/ -->\n<title>Squiver Extreme Boilie | 24 mm | Einheit: 5 kg - Carpfisher Shop<\/title>\n<meta name=\"robots\" content=\"index, follow, max-snippet:-1, max-image-preview:large, max-video-preview:-1\" \/>\n<link rel=\"canonical\" href=\"https:\/\/www.carpfisher.eu\/shop\/produkt\/squiver-extreme-boilie-24-mm-einheit-5-kg\/\" \/>\n<meta property=\"og:locale\" content=\"de_DE\" \/>\n<meta property=\"og:type\" content=\"article\" \/>\n<meta property=\"og:title\" content=\"Squiver Extreme Boilie | 24 mm | Einheit: 5 kg - Carpfisher Shop\" \/>\n<meta property=\"og:description\" content=\"Preis pro kg: 9,90 Euro  5 kg &quot;Squiver Extreme&quot; Boilies im Beutel.\" \/>\n<meta property=\"og:url\" content=\"https:\/\/www.carpfisher.eu\/shop\/produkt\/squiver-extreme-boilie-24-mm-einheit-5-kg\/\" \/>\n<meta property=\"og:site_name\" content=\"Carpfisher Shop\" \/>\n<meta property=\"article:publisher\" content=\"https:\/\/www.facebook.com\/people\/Carpfishereu\/100066936180661\/\" \/>\n<meta property=\"article:modified_time\" content=\"2025-10-02T18:43:44+00:00\" \/>\n<meta property=\"og:image\" content=\"https:\/\/www.carpfisher.eu\/shop\/wp-content\/uploads\/2025\/09\/Squiver-Extreme-quadratisch-Produktfoto.png\" \/>\n\t<meta property=\"og:image:width\" content=\"1080\" \/>\n\t<meta property=\"og:image:height\" content=\"1080\" \/>\n\t<meta property=\"og:image:type\" content=\"image\/png\" \/>\n<meta name=\"twitter:card\" content=\"summary_large_image\" \/>\n<meta name=\"twitter:label1\" content=\"Gesch\u00e4tzte Lesezeit\" \/>\n\t<meta name=\"twitter:data1\" content=\"5\u00a0Minuten\" \/>\n<script type=\"application\/ld+json\" class=\"yoast-schema-graph\">{\"@context\":\"https:\/\/schema.org\",\"@graph\":[{\"@type\":\"WebPage\",\"@id\":\"https:\/\/www.carpfisher.eu\/shop\/produkt\/squiver-extreme-boilie-24-mm-einheit-5-kg\/\",\"url\":\"https:\/\/www.carpfisher.eu\/shop\/produkt\/squiver-extreme-boilie-24-mm-einheit-5-kg\/\",\"name\":\"Squiver Extreme Boilie | 24 mm | Einheit: 5 kg - Carpfisher Shop\",\"isPartOf\":{\"@id\":\"https:\/\/www.carpfisher.eu\/shop\/#website\"},\"primaryImageOfPage\":{\"@id\":\"https:\/\/www.carpfisher.eu\/shop\/produkt\/squiver-extreme-boilie-24-mm-einheit-5-kg\/#primaryimage\"},\"image\":{\"@id\":\"https:\/\/www.carpfisher.eu\/shop\/produkt\/squiver-extreme-boilie-24-mm-einheit-5-kg\/#primaryimage\"},\"thumbnailUrl\":\"https:\/\/www.carpfisher.eu\/shop\/wp-content\/uploads\/2025\/09\/Squiver-Extreme-quadratisch-Produktfoto.png\",\"datePublished\":\"2025-09-08T12:06:17+00:00\",\"dateModified\":\"2025-10-02T18:43:44+00:00\",\"breadcrumb\":{\"@id\":\"https:\/\/www.carpfisher.eu\/shop\/produkt\/squiver-extreme-boilie-24-mm-einheit-5-kg\/#breadcrumb\"},\"inLanguage\":\"de\",\"potentialAction\":[{\"@type\":\"ReadAction\",\"target\":[\"https:\/\/www.carpfisher.eu\/shop\/produkt\/squiver-extreme-boilie-24-mm-einheit-5-kg\/\"]}]},{\"@type\":\"ImageObject\",\"inLanguage\":\"de\",\"@id\":\"https:\/\/www.carpfisher.eu\/shop\/produkt\/squiver-extreme-boilie-24-mm-einheit-5-kg\/#primaryimage\",\"url\":\"https:\/\/www.carpfisher.eu\/shop\/wp-content\/uploads\/2025\/09\/Squiver-Extreme-quadratisch-Produktfoto.png\",\"contentUrl\":\"https:\/\/www.carpfisher.eu\/shop\/wp-content\/uploads\/2025\/09\/Squiver-Extreme-quadratisch-Produktfoto.png\",\"width\":1080,\"height\":1080},{\"@type\":\"BreadcrumbList\",\"@id\":\"https:\/\/www.carpfisher.eu\/shop\/produkt\/squiver-extreme-boilie-24-mm-einheit-5-kg\/#breadcrumb\",\"itemListElement\":[{\"@type\":\"ListItem\",\"position\":1,\"name\":\"Startseite\",\"item\":\"https:\/\/www.carpfisher.eu\/shop\/\"},{\"@type\":\"ListItem\",\"position\":2,\"name\":\"Shop\",\"item\":\"https:\/\/www.carpfisher.eu\/shop\/shop\/\"},{\"@type\":\"ListItem\",\"position\":3,\"name\":\"Squiver Extreme Boilie | 24 mm | Einheit: 5 kg\"}]},{\"@type\":\"WebSite\",\"@id\":\"https:\/\/www.carpfisher.eu\/shop\/#website\",\"url\":\"https:\/\/www.carpfisher.eu\/shop\/\",\"name\":\"Carpfisher Shop\",\"description\":\"Shop f\u00fcr Karpfenangler, Boilies, Futter, Liquid, PopUps\",\"publisher\":{\"@id\":\"https:\/\/www.carpfisher.eu\/shop\/#organization\"},\"potentialAction\":[{\"@type\":\"SearchAction\",\"target\":{\"@type\":\"EntryPoint\",\"urlTemplate\":\"https:\/\/www.carpfisher.eu\/shop\/?s={search_term_string}\"},\"query-input\":{\"@type\":\"PropertyValueSpecification\",\"valueRequired\":true,\"valueName\":\"search_term_string\"}}],\"inLanguage\":\"de\"},{\"@type\":\"Organization\",\"@id\":\"https:\/\/www.carpfisher.eu\/shop\/#organization\",\"name\":\"Carpfisher Shop\",\"url\":\"https:\/\/www.carpfisher.eu\/shop\/\",\"logo\":{\"@type\":\"ImageObject\",\"inLanguage\":\"de\",\"@id\":\"https:\/\/www.carpfisher.eu\/shop\/#\/schema\/logo\/image\/\",\"url\":\"https:\/\/www.carpfisher.eu\/shop\/wp-content\/uploads\/2023\/04\/cropped-My-project-1-3.png\",\"contentUrl\":\"https:\/\/www.carpfisher.eu\/shop\/wp-content\/uploads\/2023\/04\/cropped-My-project-1-3.png\",\"width\":2154,\"height\":500,\"caption\":\"Carpfisher Shop\"},\"image\":{\"@id\":\"https:\/\/www.carpfisher.eu\/shop\/#\/schema\/logo\/image\/\"},\"sameAs\":[\"https:\/\/www.facebook.com\/people\/Carpfishereu\/100066936180661\/\"]}]}<\/script>\n<!-- \/ Yoast SEO plugin. -->","yoast_head_json":{"title":"Squiver Extreme Boilie | 24 mm | Einheit: 5 kg - Carpfisher Shop","robots":{"index":"index","follow":"follow","max-snippet":"max-snippet:-1","max-image-preview":"max-image-preview:large","max-video-preview":"max-video-preview:-1"},"canonical":"https:\/\/www.carpfisher.eu\/shop\/produkt\/squiver-extreme-boilie-24-mm-einheit-5-kg\/","og_locale":"de_DE","og_type":"article","og_title":"Squiver Extreme Boilie | 24 mm | Einheit: 5 kg - Carpfisher Shop","og_description":"Preis pro kg: 9,90 Euro  5 kg \"Squiver Extreme\" Boilies im Beutel.","og_url":"https:\/\/www.carpfisher.eu\/shop\/produkt\/squiver-extreme-boilie-24-mm-einheit-5-kg\/","og_site_name":"Carpfisher Shop","article_publisher":"https:\/\/www.facebook.com\/people\/Carpfishereu\/100066936180661\/","article_modified_time":"2025-10-02T18:43:44+00:00","og_image":[{"width":1080,"height":1080,"url":"https:\/\/www.carpfisher.eu\/shop\/wp-content\/uploads\/2025\/09\/Squiver-Extreme-quadratisch-Produktfoto.png","type":"image\/png"}],"twitter_card":"summary_large_image","twitter_misc":{"Gesch\u00e4tzte Lesezeit":"5\u00a0Minuten"},"schema":{"@context":"https:\/\/schema.org","@graph":[{"@type":"WebPage","@id":"https:\/\/www.carpfisher.eu\/shop\/produkt\/squiver-extreme-boilie-24-mm-einheit-5-kg\/","url":"https:\/\/www.carpfisher.eu\/shop\/produkt\/squiver-extreme-boilie-24-mm-einheit-5-kg\/","name":"Squiver Extreme Boilie | 24 mm | Einheit: 5 kg - Carpfisher Shop","isPartOf":{"@id":"https:\/\/www.carpfisher.eu\/shop\/#website"},"primaryImageOfPage":{"@id":"https:\/\/www.carpfisher.eu\/shop\/produkt\/squiver-extreme-boilie-24-mm-einheit-5-kg\/#primaryimage"},"image":{"@id":"https:\/\/www.carpfisher.eu\/shop\/produkt\/squiver-extreme-boilie-24-mm-einheit-5-kg\/#primaryimage"},"thumbnailUrl":"https:\/\/www.carpfisher.eu\/shop\/wp-content\/uploads\/2025\/09\/Squiver-Extreme-quadratisch-Produktfoto.png","datePublished":"2025-09-08T12:06:17+00:00","dateModified":"2025-10-02T18:43:44+00:00","breadcrumb":{"@id":"https:\/\/www.carpfisher.eu\/shop\/produkt\/squiver-extreme-boilie-24-mm-einheit-5-kg\/#breadcrumb"},"inLanguage":"de","potentialAction":[{"@type":"ReadAction","target":["https:\/\/www.carpfisher.eu\/shop\/produkt\/squiver-extreme-boilie-24-mm-einheit-5-kg\/"]}]},{"@type":"ImageObject","inLanguage":"de","@id":"https:\/\/www.carpfisher.eu\/shop\/produkt\/squiver-extreme-boilie-24-mm-einheit-5-kg\/#primaryimage","url":"https:\/\/www.carpfisher.eu\/shop\/wp-content\/uploads\/2025\/09\/Squiver-Extreme-quadratisch-Produktfoto.png","contentUrl":"https:\/\/www.carpfisher.eu\/shop\/wp-content\/uploads\/2025\/09\/Squiver-Extreme-quadratisch-Produktfoto.png","width":1080,"height":1080},{"@type":"BreadcrumbList","@id":"https:\/\/www.carpfisher.eu\/shop\/produkt\/squiver-extreme-boilie-24-mm-einheit-5-kg\/#breadcrumb","itemListElement":[{"@type":"ListItem","position":1,"name":"Startseite","item":"https:\/\/www.carpfisher.eu\/shop\/"},{"@type":"ListItem","position":2,"name":"Shop","item":"https:\/\/www.carpfisher.eu\/shop\/shop\/"},{"@type":"ListItem","position":3,"name":"Squiver Extreme Boilie | 24 mm | Einheit: 5 kg"}]},{"@type":"WebSite","@id":"https:\/\/www.carpfisher.eu\/shop\/#website","url":"https:\/\/www.carpfisher.eu\/shop\/","name":"Carpfisher Shop","description":"Shop f\u00fcr Karpfenangler, Boilies, Futter, Liquid, PopUps","publisher":{"@id":"https:\/\/www.carpfisher.eu\/shop\/#organization"},"potentialAction":[{"@type":"SearchAction","target":{"@type":"EntryPoint","urlTemplate":"https:\/\/www.carpfisher.eu\/shop\/?s={search_term_string}"},"query-input":{"@type":"PropertyValueSpecification","valueRequired":true,"valueName":"search_term_string"}}],"inLanguage":"de"},{"@type":"Organization","@id":"https:\/\/www.carpfisher.eu\/shop\/#organization","name":"Carpfisher Shop","url":"https:\/\/www.carpfisher.eu\/shop\/","logo":{"@type":"ImageObject","inLanguage":"de","@id":"https:\/\/www.carpfisher.eu\/shop\/#\/schema\/logo\/image\/","url":"https:\/\/www.carpfisher.eu\/shop\/wp-content\/uploads\/2023\/04\/cropped-My-project-1-3.png","contentUrl":"https:\/\/www.carpfisher.eu\/shop\/wp-content\/uploads\/2023\/04\/cropped-My-project-1-3.png","width":2154,"height":500,"caption":"Carpfisher Shop"},"image":{"@id":"https:\/\/www.carpfisher.eu\/shop\/#\/schema\/logo\/image\/"},"sameAs":["https:\/\/www.facebook.com\/people\/Carpfishereu\/100066936180661\/"]}]}},"_links":{"self":[{"href":"https:\/\/www.carpfisher.eu\/shop\/wp-json\/wp\/v2\/product\/1712","targetHints":{"allow":["GET"]}}],"collection":[{"href":"https:\/\/www.carpfisher.eu\/shop\/wp-json\/wp\/v2\/product"}],"about":[{"href":"https:\/\/www.carpfisher.eu\/shop\/wp-json\/wp\/v2\/types\/product"}],"wp:featuredmedia":[{"embeddable":true,"href":"https:\/\/www.carpfisher.eu\/shop\/wp-json\/wp\/v2\/media\/1714"}],"wp:attachment":[{"href":"https:\/\/www.carpfisher.eu\/shop\/wp-json\/wp\/v2\/media?parent=1712"}],"wp:term":[{"taxonomy":"product_brand","embeddable":true,"href":"https:\/\/www.carpfisher.eu\/shop\/wp-json\/wp\/v2\/product_brand?post=1712"},{"taxonomy":"product_cat","embeddable":true,"href":"https:\/\/www.carpfisher.eu\/shop\/wp-json\/wp\/v2\/product_cat?post=1712"},{"taxonomy":"product_tag","embeddable":true,"href":"https:\/\/www.carpfisher.eu\/shop\/wp-json\/wp\/v2\/product_tag?post=1712"}],"curies":[{"name":"wp","href":"https:\/\/api.w.org\/{rel}","templated":true}]}}