{"id":1751,"date":"2025-09-16T13:11:11","date_gmt":"2025-09-16T11:11:11","guid":{"rendered":"https:\/\/www.carpfisher.eu\/shop\/?post_type=product&#038;p=1751"},"modified":"2025-10-08T13:06:15","modified_gmt":"2025-10-08T11:06:15","slug":"cf-soaked-hard-hookbait-scopetz","status":"publish","type":"product","link":"https:\/\/www.carpfisher.eu\/shop\/produkt\/cf-soaked-hard-hookbait-scopetz\/","title":{"rendered":"CF | Soaked | Hard Hookbait | ScopetZ"},"content":{"rendered":"<h5><strong><span style=\"color: #ff0000;\"><em>Der ultimative Hakenk\u00f6der &#8211; gesoakt aber trotzdem Wasserstabil!<\/em><\/span><\/strong><\/h5>\n<p>Die <strong>&#8222;CF Soaked Hard Hookbaits&#8220;<\/strong> gibt es jetzt auch als &#8222;Soaked&#8220; Variante! Sie werden mit einem Original-Mix Anteil von mindestens 80 Prozent hergestellt. Durch die Zugabe von noch mehr Eiprodukten erh\u00f6hen wir die Bindung und damit auch die Resistenz im Wasser (wie beim Hard Hookbait). Das bedeutet ihr k\u00f6nnt diese <strong>&#8222;Soaked Hard Hookbaits&#8220;<\/strong> auch mal 48 Stunden oder l\u00e4nger (je nach Wassertemperatur) am Spot liegen lassen. Auch Wei\u00dffische haben hier keine Chance, den K\u00f6der in dieser Zeit zu zerkleinern.<\/p>\n<p>Die Hookbaits werden mit einem Liquid aus <strong>6 verschiedenen Komponenten<\/strong> nach meinem eigenen Rezept ca. 21 Tage gesoaked (eingeweicht). Dabei wird die Au\u00dfenh\u00fclle etwas weicher, denn das Liquid dringt ca. 3 mm ein. Wir dosieren das Liquid nicht so hoch, dass es den Kern durchdringt, damit die Wasserstabilit\u00e4t erhalten bleibt. Der Gro\u00dfteil des Liquids ist das selbe Liquid, dass auch im Boilie verarbeitet wird. Die anderen 5 Zutaten ergeben aus meiner Sicht, den optimalen Karpfenk\u00f6der f\u00fcr alle Gew\u00e4sser und Wasser Temperaturen!<\/p>\n<p>In stehenden Gew\u00e4ssern h\u00e4lt der 24 mm &#8222;Squiver Extreme&#8220; Hookbait den trockenen Kern bei 20 Grad Wassertemperatur sogar <strong>mindestens 48 Stunden<\/strong> ganz sicher am Haken!<br \/>\n<em>Hinweis: <strong>extreme<\/strong> Wei\u00dffisch-, Wasservogel- oder Krebsattacken reduzieren diese Zeit unter Umst\u00e4nden!<\/em><\/p>\n<p>Weiters geben wir in den Mix der Hookbaits zwei weitere Zutaten, die Fresssignale aussenden, um die Attraktivit\u00e4t direkt am Hakenk\u00f6der zu steigern.*<\/p>\n<p>Die Farbe der Hookbaits erscheint manchmal etwas dunkler oder heller als die der normalen Boilies derselben Sorte &#8211; mit Wasser oder Liquid Kontakt gleicht sich die Farbe aber auf denselben Farbton an, und sie sind kaum bis gar nicht mehr zu unterscheiden!<\/p>\n<hr \/>\n<p>Inhalt pro Dose 250 Gramm Hookbaits und 30 bis 40 ml Liquid (je nach Sorte)<\/p>\n<p>Mindesthaltbarkeit 12 Monate!<\/p>\n<hr \/>\n<p>* Aminos\u00e4uren Komplex<\/p>\n<p>** durch die Nachbehandlung mit Liquids kann die Wasserl\u00f6slichkeit beeinflusst werden. In unseren Tests blieb gesoakter &#8222;Extra Hard Hookbait&#8220; locker 48 Stunden im Wasser in seiner Struktur sehr gut erhalten und hatte noch einen trockenen Kern!<\/p>\n<hr \/>\n<p>Angelk\u00f6der f\u00fcr frei lebende Fische, nicht f\u00fcr den menschlichen Verzehr geeignet. Darf nicht an Wiederk\u00e4uer verf\u00fcttert werden!<\/p>\n","protected":false},"excerpt":{"rendered":"<p>Bitte w\u00e4hlen sie die gew\u00fcnschte Gr\u00f6\u00dfe aus:<\/p>\n","protected":false},"featured_media":1759,"template":"","meta":{"sfsi_plus_gutenberg_text_before_share":"","sfsi_plus_gutenberg_show_text_before_share":"","sfsi_plus_gutenberg_icon_type":"","sfsi_plus_gutenberg_icon_alignemt":"","sfsi_plus_gutenburg_max_per_row":""},"product_brand":[],"product_cat":[51],"product_tag":[],"class_list":{"0":"post-1751","1":"product","2":"type-product","3":"status-publish","4":"has-post-thumbnail","6":"product_cat-soaked-hard-hookbaits","8":"first","9":"instock","10":"taxable","11":"shipping-taxable","12":"purchasable","13":"product-type-variable"},"yoast_head":"<!-- This site is optimized with the Yoast SEO plugin v27.2 - https:\/\/yoast.com\/product\/yoast-seo-wordpress\/ -->\n<title>CF | Soaked | Hard Hookbait | ScopetZ - Carpfisher Shop<\/title>\n<meta name=\"robots\" content=\"index, follow, max-snippet:-1, max-image-preview:large, max-video-preview:-1\" \/>\n<link rel=\"canonical\" href=\"https:\/\/www.carpfisher.eu\/shop\/produkt\/cf-soaked-hard-hookbait-scopetz\/\" \/>\n<meta property=\"og:locale\" content=\"de_DE\" \/>\n<meta property=\"og:type\" content=\"article\" \/>\n<meta property=\"og:title\" content=\"CF | Soaked | Hard Hookbait | ScopetZ - Carpfisher Shop\" \/>\n<meta property=\"og:description\" content=\"Bitte w\u00e4hlen sie die gew\u00fcnschte Gr\u00f6\u00dfe aus:\" \/>\n<meta property=\"og:url\" content=\"https:\/\/www.carpfisher.eu\/shop\/produkt\/cf-soaked-hard-hookbait-scopetz\/\" \/>\n<meta property=\"og:site_name\" content=\"Carpfisher Shop\" \/>\n<meta property=\"article:publisher\" content=\"https:\/\/www.facebook.com\/people\/Carpfishereu\/100066936180661\/\" \/>\n<meta property=\"article:modified_time\" content=\"2025-10-08T11:06:15+00:00\" \/>\n<meta property=\"og:image\" content=\"https:\/\/www.carpfisher.eu\/shop\/wp-content\/uploads\/2025\/09\/Coming-Soon.png\" \/>\n\t<meta property=\"og:image:width\" content=\"1080\" \/>\n\t<meta property=\"og:image:height\" content=\"1080\" \/>\n\t<meta property=\"og:image:type\" content=\"image\/png\" \/>\n<meta name=\"twitter:card\" content=\"summary_large_image\" \/>\n<meta name=\"twitter:label1\" content=\"Gesch\u00e4tzte Lesezeit\" \/>\n\t<meta name=\"twitter:data1\" content=\"3\u00a0Minuten\" \/>\n<script type=\"application\/ld+json\" class=\"yoast-schema-graph\">{\"@context\":\"https:\/\/schema.org\",\"@graph\":[{\"@type\":\"WebPage\",\"@id\":\"https:\/\/www.carpfisher.eu\/shop\/produkt\/cf-soaked-hard-hookbait-scopetz\/\",\"url\":\"https:\/\/www.carpfisher.eu\/shop\/produkt\/cf-soaked-hard-hookbait-scopetz\/\",\"name\":\"CF | Soaked | Hard Hookbait | ScopetZ - Carpfisher Shop\",\"isPartOf\":{\"@id\":\"https:\/\/www.carpfisher.eu\/shop\/#website\"},\"primaryImageOfPage\":{\"@id\":\"https:\/\/www.carpfisher.eu\/shop\/produkt\/cf-soaked-hard-hookbait-scopetz\/#primaryimage\"},\"image\":{\"@id\":\"https:\/\/www.carpfisher.eu\/shop\/produkt\/cf-soaked-hard-hookbait-scopetz\/#primaryimage\"},\"thumbnailUrl\":\"https:\/\/www.carpfisher.eu\/shop\/wp-content\/uploads\/2025\/09\/Coming-Soon.png\",\"datePublished\":\"2025-09-16T11:11:11+00:00\",\"dateModified\":\"2025-10-08T11:06:15+00:00\",\"breadcrumb\":{\"@id\":\"https:\/\/www.carpfisher.eu\/shop\/produkt\/cf-soaked-hard-hookbait-scopetz\/#breadcrumb\"},\"inLanguage\":\"de\",\"potentialAction\":[{\"@type\":\"ReadAction\",\"target\":[\"https:\/\/www.carpfisher.eu\/shop\/produkt\/cf-soaked-hard-hookbait-scopetz\/\"]}]},{\"@type\":\"ImageObject\",\"inLanguage\":\"de\",\"@id\":\"https:\/\/www.carpfisher.eu\/shop\/produkt\/cf-soaked-hard-hookbait-scopetz\/#primaryimage\",\"url\":\"https:\/\/www.carpfisher.eu\/shop\/wp-content\/uploads\/2025\/09\/Coming-Soon.png\",\"contentUrl\":\"https:\/\/www.carpfisher.eu\/shop\/wp-content\/uploads\/2025\/09\/Coming-Soon.png\",\"width\":1080,\"height\":1080},{\"@type\":\"BreadcrumbList\",\"@id\":\"https:\/\/www.carpfisher.eu\/shop\/produkt\/cf-soaked-hard-hookbait-scopetz\/#breadcrumb\",\"itemListElement\":[{\"@type\":\"ListItem\",\"position\":1,\"name\":\"Startseite\",\"item\":\"https:\/\/www.carpfisher.eu\/shop\/\"},{\"@type\":\"ListItem\",\"position\":2,\"name\":\"Shop\",\"item\":\"https:\/\/www.carpfisher.eu\/shop\/shop\/\"},{\"@type\":\"ListItem\",\"position\":3,\"name\":\"CF | Soaked | Hard Hookbait | ScopetZ\"}]},{\"@type\":\"WebSite\",\"@id\":\"https:\/\/www.carpfisher.eu\/shop\/#website\",\"url\":\"https:\/\/www.carpfisher.eu\/shop\/\",\"name\":\"Carpfisher Shop\",\"description\":\"Shop f\u00fcr Karpfenangler, Boilies, Futter, Liquid, PopUps\",\"publisher\":{\"@id\":\"https:\/\/www.carpfisher.eu\/shop\/#organization\"},\"potentialAction\":[{\"@type\":\"SearchAction\",\"target\":{\"@type\":\"EntryPoint\",\"urlTemplate\":\"https:\/\/www.carpfisher.eu\/shop\/?s={search_term_string}\"},\"query-input\":{\"@type\":\"PropertyValueSpecification\",\"valueRequired\":true,\"valueName\":\"search_term_string\"}}],\"inLanguage\":\"de\"},{\"@type\":\"Organization\",\"@id\":\"https:\/\/www.carpfisher.eu\/shop\/#organization\",\"name\":\"Carpfisher Shop\",\"url\":\"https:\/\/www.carpfisher.eu\/shop\/\",\"logo\":{\"@type\":\"ImageObject\",\"inLanguage\":\"de\",\"@id\":\"https:\/\/www.carpfisher.eu\/shop\/#\/schema\/logo\/image\/\",\"url\":\"https:\/\/www.carpfisher.eu\/shop\/wp-content\/uploads\/2023\/04\/cropped-My-project-1-3.png\",\"contentUrl\":\"https:\/\/www.carpfisher.eu\/shop\/wp-content\/uploads\/2023\/04\/cropped-My-project-1-3.png\",\"width\":2154,\"height\":500,\"caption\":\"Carpfisher Shop\"},\"image\":{\"@id\":\"https:\/\/www.carpfisher.eu\/shop\/#\/schema\/logo\/image\/\"},\"sameAs\":[\"https:\/\/www.facebook.com\/people\/Carpfishereu\/100066936180661\/\"]}]}<\/script>\n<!-- \/ Yoast SEO plugin. -->","yoast_head_json":{"title":"CF | Soaked | Hard Hookbait | ScopetZ - Carpfisher Shop","robots":{"index":"index","follow":"follow","max-snippet":"max-snippet:-1","max-image-preview":"max-image-preview:large","max-video-preview":"max-video-preview:-1"},"canonical":"https:\/\/www.carpfisher.eu\/shop\/produkt\/cf-soaked-hard-hookbait-scopetz\/","og_locale":"de_DE","og_type":"article","og_title":"CF | Soaked | Hard Hookbait | ScopetZ - Carpfisher Shop","og_description":"Bitte w\u00e4hlen sie die gew\u00fcnschte Gr\u00f6\u00dfe aus:","og_url":"https:\/\/www.carpfisher.eu\/shop\/produkt\/cf-soaked-hard-hookbait-scopetz\/","og_site_name":"Carpfisher Shop","article_publisher":"https:\/\/www.facebook.com\/people\/Carpfishereu\/100066936180661\/","article_modified_time":"2025-10-08T11:06:15+00:00","og_image":[{"width":1080,"height":1080,"url":"https:\/\/www.carpfisher.eu\/shop\/wp-content\/uploads\/2025\/09\/Coming-Soon.png","type":"image\/png"}],"twitter_card":"summary_large_image","twitter_misc":{"Gesch\u00e4tzte Lesezeit":"3\u00a0Minuten"},"schema":{"@context":"https:\/\/schema.org","@graph":[{"@type":"WebPage","@id":"https:\/\/www.carpfisher.eu\/shop\/produkt\/cf-soaked-hard-hookbait-scopetz\/","url":"https:\/\/www.carpfisher.eu\/shop\/produkt\/cf-soaked-hard-hookbait-scopetz\/","name":"CF | Soaked | Hard Hookbait | ScopetZ - Carpfisher Shop","isPartOf":{"@id":"https:\/\/www.carpfisher.eu\/shop\/#website"},"primaryImageOfPage":{"@id":"https:\/\/www.carpfisher.eu\/shop\/produkt\/cf-soaked-hard-hookbait-scopetz\/#primaryimage"},"image":{"@id":"https:\/\/www.carpfisher.eu\/shop\/produkt\/cf-soaked-hard-hookbait-scopetz\/#primaryimage"},"thumbnailUrl":"https:\/\/www.carpfisher.eu\/shop\/wp-content\/uploads\/2025\/09\/Coming-Soon.png","datePublished":"2025-09-16T11:11:11+00:00","dateModified":"2025-10-08T11:06:15+00:00","breadcrumb":{"@id":"https:\/\/www.carpfisher.eu\/shop\/produkt\/cf-soaked-hard-hookbait-scopetz\/#breadcrumb"},"inLanguage":"de","potentialAction":[{"@type":"ReadAction","target":["https:\/\/www.carpfisher.eu\/shop\/produkt\/cf-soaked-hard-hookbait-scopetz\/"]}]},{"@type":"ImageObject","inLanguage":"de","@id":"https:\/\/www.carpfisher.eu\/shop\/produkt\/cf-soaked-hard-hookbait-scopetz\/#primaryimage","url":"https:\/\/www.carpfisher.eu\/shop\/wp-content\/uploads\/2025\/09\/Coming-Soon.png","contentUrl":"https:\/\/www.carpfisher.eu\/shop\/wp-content\/uploads\/2025\/09\/Coming-Soon.png","width":1080,"height":1080},{"@type":"BreadcrumbList","@id":"https:\/\/www.carpfisher.eu\/shop\/produkt\/cf-soaked-hard-hookbait-scopetz\/#breadcrumb","itemListElement":[{"@type":"ListItem","position":1,"name":"Startseite","item":"https:\/\/www.carpfisher.eu\/shop\/"},{"@type":"ListItem","position":2,"name":"Shop","item":"https:\/\/www.carpfisher.eu\/shop\/shop\/"},{"@type":"ListItem","position":3,"name":"CF | Soaked | Hard Hookbait | ScopetZ"}]},{"@type":"WebSite","@id":"https:\/\/www.carpfisher.eu\/shop\/#website","url":"https:\/\/www.carpfisher.eu\/shop\/","name":"Carpfisher Shop","description":"Shop f\u00fcr Karpfenangler, Boilies, Futter, Liquid, PopUps","publisher":{"@id":"https:\/\/www.carpfisher.eu\/shop\/#organization"},"potentialAction":[{"@type":"SearchAction","target":{"@type":"EntryPoint","urlTemplate":"https:\/\/www.carpfisher.eu\/shop\/?s={search_term_string}"},"query-input":{"@type":"PropertyValueSpecification","valueRequired":true,"valueName":"search_term_string"}}],"inLanguage":"de"},{"@type":"Organization","@id":"https:\/\/www.carpfisher.eu\/shop\/#organization","name":"Carpfisher Shop","url":"https:\/\/www.carpfisher.eu\/shop\/","logo":{"@type":"ImageObject","inLanguage":"de","@id":"https:\/\/www.carpfisher.eu\/shop\/#\/schema\/logo\/image\/","url":"https:\/\/www.carpfisher.eu\/shop\/wp-content\/uploads\/2023\/04\/cropped-My-project-1-3.png","contentUrl":"https:\/\/www.carpfisher.eu\/shop\/wp-content\/uploads\/2023\/04\/cropped-My-project-1-3.png","width":2154,"height":500,"caption":"Carpfisher Shop"},"image":{"@id":"https:\/\/www.carpfisher.eu\/shop\/#\/schema\/logo\/image\/"},"sameAs":["https:\/\/www.facebook.com\/people\/Carpfishereu\/100066936180661\/"]}]}},"_links":{"self":[{"href":"https:\/\/www.carpfisher.eu\/shop\/wp-json\/wp\/v2\/product\/1751","targetHints":{"allow":["GET"]}}],"collection":[{"href":"https:\/\/www.carpfisher.eu\/shop\/wp-json\/wp\/v2\/product"}],"about":[{"href":"https:\/\/www.carpfisher.eu\/shop\/wp-json\/wp\/v2\/types\/product"}],"wp:featuredmedia":[{"embeddable":true,"href":"https:\/\/www.carpfisher.eu\/shop\/wp-json\/wp\/v2\/media\/1759"}],"wp:attachment":[{"href":"https:\/\/www.carpfisher.eu\/shop\/wp-json\/wp\/v2\/media?parent=1751"}],"wp:term":[{"taxonomy":"product_brand","embeddable":true,"href":"https:\/\/www.carpfisher.eu\/shop\/wp-json\/wp\/v2\/product_brand?post=1751"},{"taxonomy":"product_cat","embeddable":true,"href":"https:\/\/www.carpfisher.eu\/shop\/wp-json\/wp\/v2\/product_cat?post=1751"},{"taxonomy":"product_tag","embeddable":true,"href":"https:\/\/www.carpfisher.eu\/shop\/wp-json\/wp\/v2\/product_tag?post=1751"}],"curies":[{"name":"wp","href":"https:\/\/api.w.org\/{rel}","templated":true}]}}