{"id":195,"date":"2023-03-25T15:39:49","date_gmt":"2023-03-25T14:39:49","guid":{"rendered":"https:\/\/carpfisher.eu\/shop\/?post_type=product&#038;p=195"},"modified":"2025-09-09T15:46:23","modified_gmt":"2025-09-09T13:46:23","slug":"cf-boilie-krillax-20-mm-einheit-50-kg","status":"publish","type":"product","link":"https:\/\/www.carpfisher.eu\/shop\/produkt\/cf-boilie-krillax-20-mm-einheit-50-kg\/","title":{"rendered":"CF Boilie: Krillax | 20 mm | Einheit: 30 kg"},"content":{"rendered":"<p>Die Geschichte der Carpfisher Boilies beginnt eigentlich mit dem Krillax Boilie! Eigentlich muss man diesen K\u00f6der als Hybridboilie bezeichnen, denn die Basis sind Vogelfutter UND Fischmehl &#8211; wobei Krillmehl nat\u00fcrlich eine gro\u00dfe Rolle spielt. Eigentlich ist ein Fischmehl Boilie immer sehr typisch in seiner Wahrnehmung \u2013 jeder Angler und auch mittlerweile jeder Fisch kennt diesen Geruch! Genau das ist aber auf vielen Gew\u00e4ssern das Problem, denn kleine Karpfen oder Wei\u00dffische st\u00fcrzen sich oft auf unser Futter. Da diese meistens in der \u00dcberzahl sind, bleibt den Kapitalen, gro\u00dfen Karpfen leider nicht mehr viel Futter \u00fcber.<\/p>\n<p><em>G\u00e4ngig und bekannt, ist die Idee, in solchen Situationen einfach mit gro\u00dfen K\u00f6dern zu angeln \u2013 aber wir setzten hierbei zus\u00e4tzlich auf die Verschleierung der Attraktivit\u00e4t!<\/em><\/p>\n<p>Mit dem CF-Flavour und CF-Liquid tarnen wir quasi den ersten, ausl\u00f6senden Fressimpuls! Dieser K\u00f6der riecht nicht nach Fisch, sondern eben sehr speziell! Der Geschmack ist scharf, s\u00fc\u00df und wirklich sehr einzigartig! Probiert es aus \u2013 ihr werdet feststellen, sowas kennt ihr nicht! Der Geschmack h\u00e4lt sehr lange im Mund an und gibt dem K\u00f6der eine Einzigartigkeit und ein ganz spezielles Profil!<\/p>\n<p>Der Krillax Boilie verf\u00fcgt \u00fcber eine perfekte Wasserstabilit\u00e4t (28 mm \/ 3 Tage \u2013 je nach Wassertemperatur) und hat eine extrem schnelle Darmpassage! Darum ist er besonders als Futterplatz Boilie perfekt geeignet! Oftmals haben wir beobachtet, dass ein Krillax Futterplatz anfangs normal l\u00e4uft und sich dann extrem steigern kann. Der Krillax Boilie ist mittlerweile bekannt, daf\u00fcr, dass die Fische auf der Matte extrem gut ausscheiden!<\/p>\n<p>Ich finde, dass der Krillax Boilie der perfekte Futterplatz Boilie ist und kein Fallensteller Boilie. Zu Beginn einer mehrt\u00e4gigen Session f\u00fcttere ich viel und breit in allen Gr\u00f6\u00dfen und reduzieren dann in weiterer Folge auf teilweise nur mehr 28 mm Boilies. So schaffe ich regelm\u00e4\u00dfig gute Resultate auf gro\u00dfen, nat\u00fcrlichen Gew\u00e4ssern. Probiert es aus.<\/p>\n<p><em>Der Geruch und Geschmack von Krillax ist wirklich einzigartig am Markt &#8211; probiert es aus! Ihr werdet \u00fcberrascht sein!<\/em><\/p>\n<p><strong>Hinweis zum boosten:<\/strong>\u00a0wenn du aus dem Krillax Boilie einen hochattraktiven K\u00f6der machen m\u00f6chtest, der weniger selektieren soll, dann empfehlen wir dir\u00a0<a href=\"https:\/\/carpfisher.eu\/shop\/produkt-kategorie\/booster\/\">Krillax Liquid<\/a>. Ein viertel Liter auf 5 kg Boilies boostet ordentlich. Ein halber Liter boostet gewaltig. Bedenke, Krillax nimmt Liquids sehr gut auf. Ein viertel Liter wird in 24 Stunden bei 5 kg Boilies komplett aufgesogen. Ein halber Liter braucht etwa doppelt so lange \u2026 somit bleibst du mega flexibel und kannst deine Angeltaktik jederzeit anpassen.<\/p>\n<hr \/>\n<p>Zusammensetzung:<\/p>\n<p>Proteingehalt in Trockenmasse ca. 33 %<\/p>\n<ul>\n<li>Vorverdautes Fischmehl<\/li>\n<li>Heringmehl<\/li>\n<li>Krill Mehl<\/li>\n<li>CLO Birdfood<\/li>\n<li>weitere verdauungsf\u00f6rdernde Zutaten (die wir nicht verraten)<\/li>\n<li>Robin Red EU (original Haiths)<\/li>\n<li>Chilli Powder<\/li>\n<li>N-Buytric Acid<\/li>\n<li>Lachs\u00f6l<\/li>\n<li>CF &#8211; Liquid<\/li>\n<li>Ei Albumin<\/li>\n<li>Maismehl (frisch gemahlen)<\/li>\n<li>Weizenmehl (frisch gemahlen)<\/li>\n<li>Soja Mehl<\/li>\n<\/ul>\n<hr \/>\n<p>Herstellung: Ged\u00e4mpft, Lebensmittelecht konserviert<\/p>\n<p>Haltbarkeit: mindestens 12 Monate<\/p>\n<p>Verpackt: im 5 kg Beutel<\/p>\n<p>Richtige Lagerung: Dunkel und k\u00fchl<\/p>\n<hr \/>\n<p><strong>Tipp f\u00fcr die Anwendungsbereiche von Krillax Boilies:<\/strong>\u00a0Langzeitfutterplatz, mehrt\u00e4gige Sessions, selektiver K\u00f6der<\/p>\n<p>Wenn du einen Langzeitfutterplatz damit aufbaust, wirst du merken, dass der Krillax sehr konstant gefressen wird. Dieser Angelk\u00f6der funktioniert auch langfristig sehr zuverl\u00e4ssig, da der Fisch diesen K\u00f6der unglaublich gut umsetzen kann. Auch bei mehrt\u00e4gigen Sessions kannst du so eine sehr gute Performance aufbauen. Oftmals kommen die richtig dicken Karpfen am 3. oder 4. Tag. Nat\u00fcrlich kannst du schon einige Runs in der ersten Phase einer Session provozieren, wenn du gesoakte 20er f\u00fctterst und fischt.\u00a0 Ohne Wei\u00dffischbestand und mit geringem Klein-Karpfen Bestand kannst du 20er und 24er fischen und f\u00fcttern. Solltest du viel Konkurrenz am Futterplatz haben, auch in Form kleiner Karpfen, dann empfehlen wir dir unsere Bigfish Taktik. 24er und 28er f\u00fcttern und fischen! Dazu aber alle Infos in einem unserer Videos!<\/p>\n<p>Solltest du einen K\u00f6der suchen, der Instant st\u00e4rker arbeitet, dann solltest du den \u201e<a href=\"https:\/\/carpfisher.eu\/shop\/produkt-kategorie\/cf-boilie-range\/muthu\/\"><strong>MuThu<\/strong><\/a>\u201c oder den \u201e<a href=\"https:\/\/carpfisher.eu\/shop\/produkt-kategorie\/cf-boilie-range\/squiver\/\"><strong>Squiver<\/strong><\/a>\u201c Boilie in Betracht ziehen!<\/p>\n<hr \/>\n<p>Angelk\u00f6der f\u00fcr frei lebende Fische, nicht f\u00fcr den menschlichen Verzehr geeignet. Darf nicht an Wiederk\u00e4uer verf\u00fcttert werden!<\/p>\n","protected":false},"excerpt":{"rendered":"<p>Preis pro kg: 6,90 Euro<\/p>\n<p>6 Beutel x 5 kg = 30 kg Krillax Boilies.<\/p>\n","protected":false},"featured_media":1143,"template":"","meta":{"sfsi_plus_gutenberg_text_before_share":"","sfsi_plus_gutenberg_show_text_before_share":"","sfsi_plus_gutenberg_icon_type":"","sfsi_plus_gutenberg_icon_alignemt":"","sfsi_plus_gutenburg_max_per_row":""},"product_brand":[],"product_cat":[22],"product_tag":[],"class_list":{"0":"post-195","1":"product","2":"type-product","3":"status-publish","4":"has-post-thumbnail","6":"product_cat-krillax-boilie","8":"first","9":"instock","10":"sale","11":"taxable","12":"shipping-taxable","13":"purchasable","14":"product-type-woosb"},"yoast_head":"<!-- This site is optimized with the Yoast SEO plugin v27.2 - https:\/\/yoast.com\/product\/yoast-seo-wordpress\/ -->\n<title>CF Boilie: Krillax | 20 mm | Einheit: 30 kg - Carpfisher Shop<\/title>\n<meta name=\"robots\" content=\"index, follow, max-snippet:-1, max-image-preview:large, max-video-preview:-1\" \/>\n<link rel=\"canonical\" href=\"https:\/\/www.carpfisher.eu\/shop\/produkt\/cf-boilie-krillax-20-mm-einheit-50-kg\/\" \/>\n<meta property=\"og:locale\" content=\"de_DE\" \/>\n<meta property=\"og:type\" content=\"article\" \/>\n<meta property=\"og:title\" content=\"CF Boilie: Krillax | 20 mm | Einheit: 30 kg - Carpfisher Shop\" \/>\n<meta property=\"og:description\" content=\"Preis pro kg: 6,90 Euro  6 Beutel x 5 kg = 30 kg Krillax Boilies.\" \/>\n<meta property=\"og:url\" content=\"https:\/\/www.carpfisher.eu\/shop\/produkt\/cf-boilie-krillax-20-mm-einheit-50-kg\/\" \/>\n<meta property=\"og:site_name\" content=\"Carpfisher Shop\" \/>\n<meta property=\"article:publisher\" content=\"https:\/\/www.facebook.com\/people\/Carpfishereu\/100066936180661\/\" \/>\n<meta property=\"article:modified_time\" content=\"2025-09-09T13:46:23+00:00\" \/>\n<meta property=\"og:image\" content=\"https:\/\/www.carpfisher.eu\/shop\/wp-content\/uploads\/2023\/03\/Boilie-Sorten-Produkt-Bilder-3.png\" \/>\n\t<meta property=\"og:image:width\" content=\"1080\" \/>\n\t<meta property=\"og:image:height\" content=\"1080\" \/>\n\t<meta property=\"og:image:type\" content=\"image\/png\" \/>\n<meta name=\"twitter:card\" content=\"summary_large_image\" \/>\n<meta name=\"twitter:label1\" content=\"Gesch\u00e4tzte Lesezeit\" \/>\n\t<meta name=\"twitter:data1\" content=\"4\u00a0Minuten\" \/>\n<script type=\"application\/ld+json\" class=\"yoast-schema-graph\">{\"@context\":\"https:\/\/schema.org\",\"@graph\":[{\"@type\":\"WebPage\",\"@id\":\"https:\/\/www.carpfisher.eu\/shop\/produkt\/cf-boilie-krillax-20-mm-einheit-50-kg\/\",\"url\":\"https:\/\/www.carpfisher.eu\/shop\/produkt\/cf-boilie-krillax-20-mm-einheit-50-kg\/\",\"name\":\"CF Boilie: Krillax | 20 mm | Einheit: 30 kg - Carpfisher Shop\",\"isPartOf\":{\"@id\":\"https:\/\/www.carpfisher.eu\/shop\/#website\"},\"primaryImageOfPage\":{\"@id\":\"https:\/\/www.carpfisher.eu\/shop\/produkt\/cf-boilie-krillax-20-mm-einheit-50-kg\/#primaryimage\"},\"image\":{\"@id\":\"https:\/\/www.carpfisher.eu\/shop\/produkt\/cf-boilie-krillax-20-mm-einheit-50-kg\/#primaryimage\"},\"thumbnailUrl\":\"https:\/\/www.carpfisher.eu\/shop\/wp-content\/uploads\/2023\/03\/Boilie-Sorten-Produkt-Bilder-3.png\",\"datePublished\":\"2023-03-25T14:39:49+00:00\",\"dateModified\":\"2025-09-09T13:46:23+00:00\",\"breadcrumb\":{\"@id\":\"https:\/\/www.carpfisher.eu\/shop\/produkt\/cf-boilie-krillax-20-mm-einheit-50-kg\/#breadcrumb\"},\"inLanguage\":\"de\",\"potentialAction\":[{\"@type\":\"ReadAction\",\"target\":[\"https:\/\/www.carpfisher.eu\/shop\/produkt\/cf-boilie-krillax-20-mm-einheit-50-kg\/\"]}]},{\"@type\":\"ImageObject\",\"inLanguage\":\"de\",\"@id\":\"https:\/\/www.carpfisher.eu\/shop\/produkt\/cf-boilie-krillax-20-mm-einheit-50-kg\/#primaryimage\",\"url\":\"https:\/\/www.carpfisher.eu\/shop\/wp-content\/uploads\/2023\/03\/Boilie-Sorten-Produkt-Bilder-3.png\",\"contentUrl\":\"https:\/\/www.carpfisher.eu\/shop\/wp-content\/uploads\/2023\/03\/Boilie-Sorten-Produkt-Bilder-3.png\",\"width\":1080,\"height\":1080},{\"@type\":\"BreadcrumbList\",\"@id\":\"https:\/\/www.carpfisher.eu\/shop\/produkt\/cf-boilie-krillax-20-mm-einheit-50-kg\/#breadcrumb\",\"itemListElement\":[{\"@type\":\"ListItem\",\"position\":1,\"name\":\"Startseite\",\"item\":\"https:\/\/www.carpfisher.eu\/shop\/\"},{\"@type\":\"ListItem\",\"position\":2,\"name\":\"Shop\",\"item\":\"https:\/\/www.carpfisher.eu\/shop\/shop\/\"},{\"@type\":\"ListItem\",\"position\":3,\"name\":\"CF Boilie: Krillax | 20 mm | Einheit: 30 kg\"}]},{\"@type\":\"WebSite\",\"@id\":\"https:\/\/www.carpfisher.eu\/shop\/#website\",\"url\":\"https:\/\/www.carpfisher.eu\/shop\/\",\"name\":\"Carpfisher Shop\",\"description\":\"Shop f\u00fcr Karpfenangler, Boilies, Futter, Liquid, PopUps\",\"publisher\":{\"@id\":\"https:\/\/www.carpfisher.eu\/shop\/#organization\"},\"potentialAction\":[{\"@type\":\"SearchAction\",\"target\":{\"@type\":\"EntryPoint\",\"urlTemplate\":\"https:\/\/www.carpfisher.eu\/shop\/?s={search_term_string}\"},\"query-input\":{\"@type\":\"PropertyValueSpecification\",\"valueRequired\":true,\"valueName\":\"search_term_string\"}}],\"inLanguage\":\"de\"},{\"@type\":\"Organization\",\"@id\":\"https:\/\/www.carpfisher.eu\/shop\/#organization\",\"name\":\"Carpfisher Shop\",\"url\":\"https:\/\/www.carpfisher.eu\/shop\/\",\"logo\":{\"@type\":\"ImageObject\",\"inLanguage\":\"de\",\"@id\":\"https:\/\/www.carpfisher.eu\/shop\/#\/schema\/logo\/image\/\",\"url\":\"https:\/\/www.carpfisher.eu\/shop\/wp-content\/uploads\/2023\/04\/cropped-My-project-1-3.png\",\"contentUrl\":\"https:\/\/www.carpfisher.eu\/shop\/wp-content\/uploads\/2023\/04\/cropped-My-project-1-3.png\",\"width\":2154,\"height\":500,\"caption\":\"Carpfisher Shop\"},\"image\":{\"@id\":\"https:\/\/www.carpfisher.eu\/shop\/#\/schema\/logo\/image\/\"},\"sameAs\":[\"https:\/\/www.facebook.com\/people\/Carpfishereu\/100066936180661\/\"]}]}<\/script>\n<!-- \/ Yoast SEO plugin. -->","yoast_head_json":{"title":"CF Boilie: Krillax | 20 mm | Einheit: 30 kg - Carpfisher Shop","robots":{"index":"index","follow":"follow","max-snippet":"max-snippet:-1","max-image-preview":"max-image-preview:large","max-video-preview":"max-video-preview:-1"},"canonical":"https:\/\/www.carpfisher.eu\/shop\/produkt\/cf-boilie-krillax-20-mm-einheit-50-kg\/","og_locale":"de_DE","og_type":"article","og_title":"CF Boilie: Krillax | 20 mm | Einheit: 30 kg - Carpfisher Shop","og_description":"Preis pro kg: 6,90 Euro  6 Beutel x 5 kg = 30 kg Krillax Boilies.","og_url":"https:\/\/www.carpfisher.eu\/shop\/produkt\/cf-boilie-krillax-20-mm-einheit-50-kg\/","og_site_name":"Carpfisher Shop","article_publisher":"https:\/\/www.facebook.com\/people\/Carpfishereu\/100066936180661\/","article_modified_time":"2025-09-09T13:46:23+00:00","og_image":[{"width":1080,"height":1080,"url":"https:\/\/www.carpfisher.eu\/shop\/wp-content\/uploads\/2023\/03\/Boilie-Sorten-Produkt-Bilder-3.png","type":"image\/png"}],"twitter_card":"summary_large_image","twitter_misc":{"Gesch\u00e4tzte Lesezeit":"4\u00a0Minuten"},"schema":{"@context":"https:\/\/schema.org","@graph":[{"@type":"WebPage","@id":"https:\/\/www.carpfisher.eu\/shop\/produkt\/cf-boilie-krillax-20-mm-einheit-50-kg\/","url":"https:\/\/www.carpfisher.eu\/shop\/produkt\/cf-boilie-krillax-20-mm-einheit-50-kg\/","name":"CF Boilie: Krillax | 20 mm | Einheit: 30 kg - Carpfisher Shop","isPartOf":{"@id":"https:\/\/www.carpfisher.eu\/shop\/#website"},"primaryImageOfPage":{"@id":"https:\/\/www.carpfisher.eu\/shop\/produkt\/cf-boilie-krillax-20-mm-einheit-50-kg\/#primaryimage"},"image":{"@id":"https:\/\/www.carpfisher.eu\/shop\/produkt\/cf-boilie-krillax-20-mm-einheit-50-kg\/#primaryimage"},"thumbnailUrl":"https:\/\/www.carpfisher.eu\/shop\/wp-content\/uploads\/2023\/03\/Boilie-Sorten-Produkt-Bilder-3.png","datePublished":"2023-03-25T14:39:49+00:00","dateModified":"2025-09-09T13:46:23+00:00","breadcrumb":{"@id":"https:\/\/www.carpfisher.eu\/shop\/produkt\/cf-boilie-krillax-20-mm-einheit-50-kg\/#breadcrumb"},"inLanguage":"de","potentialAction":[{"@type":"ReadAction","target":["https:\/\/www.carpfisher.eu\/shop\/produkt\/cf-boilie-krillax-20-mm-einheit-50-kg\/"]}]},{"@type":"ImageObject","inLanguage":"de","@id":"https:\/\/www.carpfisher.eu\/shop\/produkt\/cf-boilie-krillax-20-mm-einheit-50-kg\/#primaryimage","url":"https:\/\/www.carpfisher.eu\/shop\/wp-content\/uploads\/2023\/03\/Boilie-Sorten-Produkt-Bilder-3.png","contentUrl":"https:\/\/www.carpfisher.eu\/shop\/wp-content\/uploads\/2023\/03\/Boilie-Sorten-Produkt-Bilder-3.png","width":1080,"height":1080},{"@type":"BreadcrumbList","@id":"https:\/\/www.carpfisher.eu\/shop\/produkt\/cf-boilie-krillax-20-mm-einheit-50-kg\/#breadcrumb","itemListElement":[{"@type":"ListItem","position":1,"name":"Startseite","item":"https:\/\/www.carpfisher.eu\/shop\/"},{"@type":"ListItem","position":2,"name":"Shop","item":"https:\/\/www.carpfisher.eu\/shop\/shop\/"},{"@type":"ListItem","position":3,"name":"CF Boilie: Krillax | 20 mm | Einheit: 30 kg"}]},{"@type":"WebSite","@id":"https:\/\/www.carpfisher.eu\/shop\/#website","url":"https:\/\/www.carpfisher.eu\/shop\/","name":"Carpfisher Shop","description":"Shop f\u00fcr Karpfenangler, Boilies, Futter, Liquid, PopUps","publisher":{"@id":"https:\/\/www.carpfisher.eu\/shop\/#organization"},"potentialAction":[{"@type":"SearchAction","target":{"@type":"EntryPoint","urlTemplate":"https:\/\/www.carpfisher.eu\/shop\/?s={search_term_string}"},"query-input":{"@type":"PropertyValueSpecification","valueRequired":true,"valueName":"search_term_string"}}],"inLanguage":"de"},{"@type":"Organization","@id":"https:\/\/www.carpfisher.eu\/shop\/#organization","name":"Carpfisher Shop","url":"https:\/\/www.carpfisher.eu\/shop\/","logo":{"@type":"ImageObject","inLanguage":"de","@id":"https:\/\/www.carpfisher.eu\/shop\/#\/schema\/logo\/image\/","url":"https:\/\/www.carpfisher.eu\/shop\/wp-content\/uploads\/2023\/04\/cropped-My-project-1-3.png","contentUrl":"https:\/\/www.carpfisher.eu\/shop\/wp-content\/uploads\/2023\/04\/cropped-My-project-1-3.png","width":2154,"height":500,"caption":"Carpfisher Shop"},"image":{"@id":"https:\/\/www.carpfisher.eu\/shop\/#\/schema\/logo\/image\/"},"sameAs":["https:\/\/www.facebook.com\/people\/Carpfishereu\/100066936180661\/"]}]}},"_links":{"self":[{"href":"https:\/\/www.carpfisher.eu\/shop\/wp-json\/wp\/v2\/product\/195","targetHints":{"allow":["GET"]}}],"collection":[{"href":"https:\/\/www.carpfisher.eu\/shop\/wp-json\/wp\/v2\/product"}],"about":[{"href":"https:\/\/www.carpfisher.eu\/shop\/wp-json\/wp\/v2\/types\/product"}],"wp:featuredmedia":[{"embeddable":true,"href":"https:\/\/www.carpfisher.eu\/shop\/wp-json\/wp\/v2\/media\/1143"}],"wp:attachment":[{"href":"https:\/\/www.carpfisher.eu\/shop\/wp-json\/wp\/v2\/media?parent=195"}],"wp:term":[{"taxonomy":"product_brand","embeddable":true,"href":"https:\/\/www.carpfisher.eu\/shop\/wp-json\/wp\/v2\/product_brand?post=195"},{"taxonomy":"product_cat","embeddable":true,"href":"https:\/\/www.carpfisher.eu\/shop\/wp-json\/wp\/v2\/product_cat?post=195"},{"taxonomy":"product_tag","embeddable":true,"href":"https:\/\/www.carpfisher.eu\/shop\/wp-json\/wp\/v2\/product_tag?post=195"}],"curies":[{"name":"wp","href":"https:\/\/api.w.org\/{rel}","templated":true}]}}