{"id":298,"date":"2023-04-13T11:59:34","date_gmt":"2023-04-13T09:59:34","guid":{"rendered":"https:\/\/carpfisher.eu\/shop\/?post_type=product&#038;p=298"},"modified":"2023-06-22T15:18:33","modified_gmt":"2023-06-22T13:18:33","slug":"mfh-poncho-rip-stop-144x223cm-farbe-woodland","status":"publish","type":"product","link":"https:\/\/www.carpfisher.eu\/shop\/produkt\/mfh-poncho-rip-stop-144x223cm-farbe-woodland\/","title":{"rendered":"MFH Poncho Rip Stop 144x223cm \u2013 Farbe: Woodland"},"content":{"rendered":"<p>Der MFH Rip Stop Poncho ist ein vielseitiger und strapazierf\u00e4higer Regen- und Windschutz aus hochwertigem Ripstop-Polyester.<\/p>\n<p>Mit seiner Gr\u00f6\u00dfe von 144x233cm bietet der Poncho dir genug Platz, um auch \u00fcber dicker Kleidung oder vielleicht sogar einem kleinen Rucksack getragen zu werden. Er kann auch als Unterlage oder, an seinen 8 \u00d6sen aufgeh\u00e4ngt, als Zelt oder Unterstand verwendet werden und ist somit eine gro\u00dfartige Erg\u00e4nzung f\u00fcr jeden Angeltrip.<\/p>\n<p>Der Poncho verf\u00fcgt \u00fcber eine Kapuze mit verstellbarem Kordelzug. Die 4 Druckkn\u00f6pfe an den Seiten und ein Gummizug unten sorgen f\u00fcr eine gute Passform bei erhaltener Bewegungsfreiheit.<\/p>\n<p>Enthalten ist auch eine praktische kleine Transporttasche, in der Dein Poncho immer griffbereit, sicher und kompakt verstaut ist.<\/p>\n<p>&nbsp;<\/p>\n<p>Versandgewicht: ca. 360 Gramm<\/p>\n","protected":false},"excerpt":{"rendered":"<p>Der MFH Rip Stop Poncho ist ein vielseitiger und strapazierf\u00e4higer Regen- und Windschutz aus hochwertigem Ripstop-Polyester. Mit seiner Gr\u00f6\u00dfe von 144x233cm bietet der Poncho dir genug Platz, um auch \u00fcber dicker Kleidung oder vielleicht sogar einem kleinen Rucksack getragen zu werden. Er kann auch als Unterlage oder, an seinen 8 \u00d6sen aufgeh\u00e4ngt, als Zelt oder [&hellip;]<\/p>\n","protected":false},"featured_media":539,"template":"","meta":{"sfsi_plus_gutenberg_text_before_share":"","sfsi_plus_gutenberg_show_text_before_share":"","sfsi_plus_gutenberg_icon_type":"","sfsi_plus_gutenberg_icon_alignemt":"","sfsi_plus_gutenburg_max_per_row":""},"product_brand":[],"product_cat":[31,27],"product_tag":[],"class_list":{"0":"post-298","1":"product","2":"type-product","3":"status-publish","4":"has-post-thumbnail","6":"product_cat-bekleidung","7":"product_cat-outdoor","9":"first","10":"instock","11":"taxable","12":"shipping-taxable","13":"purchasable","14":"product-type-simple"},"yoast_head":"<!-- This site is optimized with the Yoast SEO plugin v27.2 - https:\/\/yoast.com\/product\/yoast-seo-wordpress\/ -->\n<title>MFH Poncho Rip Stop 144x223cm \u2013 Farbe: Woodland - Carpfisher Shop<\/title>\n<meta name=\"robots\" content=\"index, follow, max-snippet:-1, max-image-preview:large, max-video-preview:-1\" \/>\n<link rel=\"canonical\" href=\"https:\/\/www.carpfisher.eu\/shop\/produkt\/mfh-poncho-rip-stop-144x223cm-farbe-woodland\/\" \/>\n<meta property=\"og:locale\" content=\"de_DE\" \/>\n<meta property=\"og:type\" content=\"article\" \/>\n<meta property=\"og:title\" content=\"MFH Poncho Rip Stop 144x223cm \u2013 Farbe: Woodland - Carpfisher Shop\" \/>\n<meta property=\"og:description\" content=\"Der MFH Rip Stop Poncho ist ein vielseitiger und strapazierf\u00e4higer Regen- und Windschutz aus hochwertigem Ripstop-Polyester. Mit seiner Gr\u00f6\u00dfe von 144x233cm bietet der Poncho dir genug Platz, um auch \u00fcber dicker Kleidung oder vielleicht sogar einem kleinen Rucksack getragen zu werden. Er kann auch als Unterlage oder, an seinen 8 \u00d6sen aufgeh\u00e4ngt, als Zelt oder [&hellip;]\" \/>\n<meta property=\"og:url\" content=\"https:\/\/www.carpfisher.eu\/shop\/produkt\/mfh-poncho-rip-stop-144x223cm-farbe-woodland\/\" \/>\n<meta property=\"og:site_name\" content=\"Carpfisher Shop\" \/>\n<meta property=\"article:publisher\" content=\"https:\/\/www.facebook.com\/people\/Carpfishereu\/100066936180661\/\" \/>\n<meta property=\"article:modified_time\" content=\"2023-06-22T13:18:33+00:00\" \/>\n<meta property=\"og:image\" content=\"https:\/\/www.carpfisher.eu\/shop\/wp-content\/uploads\/2023\/04\/MFH-Poncho1.png\" \/>\n\t<meta property=\"og:image:width\" content=\"1200\" \/>\n\t<meta property=\"og:image:height\" content=\"1200\" \/>\n\t<meta property=\"og:image:type\" content=\"image\/png\" \/>\n<meta name=\"twitter:card\" content=\"summary_large_image\" \/>\n<meta name=\"twitter:label1\" content=\"Gesch\u00e4tzte Lesezeit\" \/>\n\t<meta name=\"twitter:data1\" content=\"1\u00a0Minute\" \/>\n<script type=\"application\/ld+json\" class=\"yoast-schema-graph\">{\"@context\":\"https:\/\/schema.org\",\"@graph\":[{\"@type\":\"WebPage\",\"@id\":\"https:\/\/www.carpfisher.eu\/shop\/produkt\/mfh-poncho-rip-stop-144x223cm-farbe-woodland\/\",\"url\":\"https:\/\/www.carpfisher.eu\/shop\/produkt\/mfh-poncho-rip-stop-144x223cm-farbe-woodland\/\",\"name\":\"MFH Poncho Rip Stop 144x223cm \u2013 Farbe: Woodland - Carpfisher Shop\",\"isPartOf\":{\"@id\":\"https:\/\/www.carpfisher.eu\/shop\/#website\"},\"primaryImageOfPage\":{\"@id\":\"https:\/\/www.carpfisher.eu\/shop\/produkt\/mfh-poncho-rip-stop-144x223cm-farbe-woodland\/#primaryimage\"},\"image\":{\"@id\":\"https:\/\/www.carpfisher.eu\/shop\/produkt\/mfh-poncho-rip-stop-144x223cm-farbe-woodland\/#primaryimage\"},\"thumbnailUrl\":\"https:\/\/www.carpfisher.eu\/shop\/wp-content\/uploads\/2023\/04\/MFH-Poncho1.png\",\"datePublished\":\"2023-04-13T09:59:34+00:00\",\"dateModified\":\"2023-06-22T13:18:33+00:00\",\"breadcrumb\":{\"@id\":\"https:\/\/www.carpfisher.eu\/shop\/produkt\/mfh-poncho-rip-stop-144x223cm-farbe-woodland\/#breadcrumb\"},\"inLanguage\":\"de\",\"potentialAction\":[{\"@type\":\"ReadAction\",\"target\":[\"https:\/\/www.carpfisher.eu\/shop\/produkt\/mfh-poncho-rip-stop-144x223cm-farbe-woodland\/\"]}]},{\"@type\":\"ImageObject\",\"inLanguage\":\"de\",\"@id\":\"https:\/\/www.carpfisher.eu\/shop\/produkt\/mfh-poncho-rip-stop-144x223cm-farbe-woodland\/#primaryimage\",\"url\":\"https:\/\/www.carpfisher.eu\/shop\/wp-content\/uploads\/2023\/04\/MFH-Poncho1.png\",\"contentUrl\":\"https:\/\/www.carpfisher.eu\/shop\/wp-content\/uploads\/2023\/04\/MFH-Poncho1.png\",\"width\":1200,\"height\":1200},{\"@type\":\"BreadcrumbList\",\"@id\":\"https:\/\/www.carpfisher.eu\/shop\/produkt\/mfh-poncho-rip-stop-144x223cm-farbe-woodland\/#breadcrumb\",\"itemListElement\":[{\"@type\":\"ListItem\",\"position\":1,\"name\":\"Startseite\",\"item\":\"https:\/\/www.carpfisher.eu\/shop\/\"},{\"@type\":\"ListItem\",\"position\":2,\"name\":\"Shop\",\"item\":\"https:\/\/www.carpfisher.eu\/shop\/shop\/\"},{\"@type\":\"ListItem\",\"position\":3,\"name\":\"MFH Poncho Rip Stop 144x223cm \u2013 Farbe: Woodland\"}]},{\"@type\":\"WebSite\",\"@id\":\"https:\/\/www.carpfisher.eu\/shop\/#website\",\"url\":\"https:\/\/www.carpfisher.eu\/shop\/\",\"name\":\"Carpfisher Shop\",\"description\":\"Shop f\u00fcr Karpfenangler, Boilies, Futter, Liquid, PopUps\",\"publisher\":{\"@id\":\"https:\/\/www.carpfisher.eu\/shop\/#organization\"},\"potentialAction\":[{\"@type\":\"SearchAction\",\"target\":{\"@type\":\"EntryPoint\",\"urlTemplate\":\"https:\/\/www.carpfisher.eu\/shop\/?s={search_term_string}\"},\"query-input\":{\"@type\":\"PropertyValueSpecification\",\"valueRequired\":true,\"valueName\":\"search_term_string\"}}],\"inLanguage\":\"de\"},{\"@type\":\"Organization\",\"@id\":\"https:\/\/www.carpfisher.eu\/shop\/#organization\",\"name\":\"Carpfisher Shop\",\"url\":\"https:\/\/www.carpfisher.eu\/shop\/\",\"logo\":{\"@type\":\"ImageObject\",\"inLanguage\":\"de\",\"@id\":\"https:\/\/www.carpfisher.eu\/shop\/#\/schema\/logo\/image\/\",\"url\":\"https:\/\/www.carpfisher.eu\/shop\/wp-content\/uploads\/2023\/04\/cropped-My-project-1-3.png\",\"contentUrl\":\"https:\/\/www.carpfisher.eu\/shop\/wp-content\/uploads\/2023\/04\/cropped-My-project-1-3.png\",\"width\":2154,\"height\":500,\"caption\":\"Carpfisher Shop\"},\"image\":{\"@id\":\"https:\/\/www.carpfisher.eu\/shop\/#\/schema\/logo\/image\/\"},\"sameAs\":[\"https:\/\/www.facebook.com\/people\/Carpfishereu\/100066936180661\/\"]}]}<\/script>\n<!-- \/ Yoast SEO plugin. -->","yoast_head_json":{"title":"MFH Poncho Rip Stop 144x223cm \u2013 Farbe: Woodland - Carpfisher Shop","robots":{"index":"index","follow":"follow","max-snippet":"max-snippet:-1","max-image-preview":"max-image-preview:large","max-video-preview":"max-video-preview:-1"},"canonical":"https:\/\/www.carpfisher.eu\/shop\/produkt\/mfh-poncho-rip-stop-144x223cm-farbe-woodland\/","og_locale":"de_DE","og_type":"article","og_title":"MFH Poncho Rip Stop 144x223cm \u2013 Farbe: Woodland - Carpfisher Shop","og_description":"Der MFH Rip Stop Poncho ist ein vielseitiger und strapazierf\u00e4higer Regen- und Windschutz aus hochwertigem Ripstop-Polyester. Mit seiner Gr\u00f6\u00dfe von 144x233cm bietet der Poncho dir genug Platz, um auch \u00fcber dicker Kleidung oder vielleicht sogar einem kleinen Rucksack getragen zu werden. Er kann auch als Unterlage oder, an seinen 8 \u00d6sen aufgeh\u00e4ngt, als Zelt oder [&hellip;]","og_url":"https:\/\/www.carpfisher.eu\/shop\/produkt\/mfh-poncho-rip-stop-144x223cm-farbe-woodland\/","og_site_name":"Carpfisher Shop","article_publisher":"https:\/\/www.facebook.com\/people\/Carpfishereu\/100066936180661\/","article_modified_time":"2023-06-22T13:18:33+00:00","og_image":[{"width":1200,"height":1200,"url":"https:\/\/www.carpfisher.eu\/shop\/wp-content\/uploads\/2023\/04\/MFH-Poncho1.png","type":"image\/png"}],"twitter_card":"summary_large_image","twitter_misc":{"Gesch\u00e4tzte Lesezeit":"1\u00a0Minute"},"schema":{"@context":"https:\/\/schema.org","@graph":[{"@type":"WebPage","@id":"https:\/\/www.carpfisher.eu\/shop\/produkt\/mfh-poncho-rip-stop-144x223cm-farbe-woodland\/","url":"https:\/\/www.carpfisher.eu\/shop\/produkt\/mfh-poncho-rip-stop-144x223cm-farbe-woodland\/","name":"MFH Poncho Rip Stop 144x223cm \u2013 Farbe: Woodland - Carpfisher Shop","isPartOf":{"@id":"https:\/\/www.carpfisher.eu\/shop\/#website"},"primaryImageOfPage":{"@id":"https:\/\/www.carpfisher.eu\/shop\/produkt\/mfh-poncho-rip-stop-144x223cm-farbe-woodland\/#primaryimage"},"image":{"@id":"https:\/\/www.carpfisher.eu\/shop\/produkt\/mfh-poncho-rip-stop-144x223cm-farbe-woodland\/#primaryimage"},"thumbnailUrl":"https:\/\/www.carpfisher.eu\/shop\/wp-content\/uploads\/2023\/04\/MFH-Poncho1.png","datePublished":"2023-04-13T09:59:34+00:00","dateModified":"2023-06-22T13:18:33+00:00","breadcrumb":{"@id":"https:\/\/www.carpfisher.eu\/shop\/produkt\/mfh-poncho-rip-stop-144x223cm-farbe-woodland\/#breadcrumb"},"inLanguage":"de","potentialAction":[{"@type":"ReadAction","target":["https:\/\/www.carpfisher.eu\/shop\/produkt\/mfh-poncho-rip-stop-144x223cm-farbe-woodland\/"]}]},{"@type":"ImageObject","inLanguage":"de","@id":"https:\/\/www.carpfisher.eu\/shop\/produkt\/mfh-poncho-rip-stop-144x223cm-farbe-woodland\/#primaryimage","url":"https:\/\/www.carpfisher.eu\/shop\/wp-content\/uploads\/2023\/04\/MFH-Poncho1.png","contentUrl":"https:\/\/www.carpfisher.eu\/shop\/wp-content\/uploads\/2023\/04\/MFH-Poncho1.png","width":1200,"height":1200},{"@type":"BreadcrumbList","@id":"https:\/\/www.carpfisher.eu\/shop\/produkt\/mfh-poncho-rip-stop-144x223cm-farbe-woodland\/#breadcrumb","itemListElement":[{"@type":"ListItem","position":1,"name":"Startseite","item":"https:\/\/www.carpfisher.eu\/shop\/"},{"@type":"ListItem","position":2,"name":"Shop","item":"https:\/\/www.carpfisher.eu\/shop\/shop\/"},{"@type":"ListItem","position":3,"name":"MFH Poncho Rip Stop 144x223cm \u2013 Farbe: Woodland"}]},{"@type":"WebSite","@id":"https:\/\/www.carpfisher.eu\/shop\/#website","url":"https:\/\/www.carpfisher.eu\/shop\/","name":"Carpfisher Shop","description":"Shop f\u00fcr Karpfenangler, Boilies, Futter, Liquid, PopUps","publisher":{"@id":"https:\/\/www.carpfisher.eu\/shop\/#organization"},"potentialAction":[{"@type":"SearchAction","target":{"@type":"EntryPoint","urlTemplate":"https:\/\/www.carpfisher.eu\/shop\/?s={search_term_string}"},"query-input":{"@type":"PropertyValueSpecification","valueRequired":true,"valueName":"search_term_string"}}],"inLanguage":"de"},{"@type":"Organization","@id":"https:\/\/www.carpfisher.eu\/shop\/#organization","name":"Carpfisher Shop","url":"https:\/\/www.carpfisher.eu\/shop\/","logo":{"@type":"ImageObject","inLanguage":"de","@id":"https:\/\/www.carpfisher.eu\/shop\/#\/schema\/logo\/image\/","url":"https:\/\/www.carpfisher.eu\/shop\/wp-content\/uploads\/2023\/04\/cropped-My-project-1-3.png","contentUrl":"https:\/\/www.carpfisher.eu\/shop\/wp-content\/uploads\/2023\/04\/cropped-My-project-1-3.png","width":2154,"height":500,"caption":"Carpfisher Shop"},"image":{"@id":"https:\/\/www.carpfisher.eu\/shop\/#\/schema\/logo\/image\/"},"sameAs":["https:\/\/www.facebook.com\/people\/Carpfishereu\/100066936180661\/"]}]}},"_links":{"self":[{"href":"https:\/\/www.carpfisher.eu\/shop\/wp-json\/wp\/v2\/product\/298","targetHints":{"allow":["GET"]}}],"collection":[{"href":"https:\/\/www.carpfisher.eu\/shop\/wp-json\/wp\/v2\/product"}],"about":[{"href":"https:\/\/www.carpfisher.eu\/shop\/wp-json\/wp\/v2\/types\/product"}],"wp:featuredmedia":[{"embeddable":true,"href":"https:\/\/www.carpfisher.eu\/shop\/wp-json\/wp\/v2\/media\/539"}],"wp:attachment":[{"href":"https:\/\/www.carpfisher.eu\/shop\/wp-json\/wp\/v2\/media?parent=298"}],"wp:term":[{"taxonomy":"product_brand","embeddable":true,"href":"https:\/\/www.carpfisher.eu\/shop\/wp-json\/wp\/v2\/product_brand?post=298"},{"taxonomy":"product_cat","embeddable":true,"href":"https:\/\/www.carpfisher.eu\/shop\/wp-json\/wp\/v2\/product_cat?post=298"},{"taxonomy":"product_tag","embeddable":true,"href":"https:\/\/www.carpfisher.eu\/shop\/wp-json\/wp\/v2\/product_tag?post=298"}],"curies":[{"name":"wp","href":"https:\/\/api.w.org\/{rel}","templated":true}]}}