{"id":348,"date":"2023-04-13T10:59:47","date_gmt":"2023-04-13T08:59:47","guid":{"rendered":"https:\/\/carpfisher.eu\/shop\/?post_type=product&#038;p=348"},"modified":"2023-06-22T15:55:15","modified_gmt":"2023-06-22T13:55:15","slug":"invader-boonie-hat-farbe-od-olive-drab","status":"publish","type":"product","link":"https:\/\/www.carpfisher.eu\/shop\/produkt\/invader-boonie-hat-farbe-od-olive-drab\/","title":{"rendered":"Invader Boonie Hat &#8211; Farbe: OD Olive Drab"},"content":{"rendered":"<p>Sicherheit und Schutz sind bei Outdoor-Aktivit\u00e4ten von gro\u00dfer Bedeutung, und genau hier kommt der Invader Boonie-Hut ins Spiel. Entworfen f\u00fcr den Einsatz bei Jagd, Angeln, Wandern und Camping, bietet dieser Hut einen zuverl\u00e4ssigen Schutz vor Sonne und Regen. Das widerstandsf\u00e4hige Material ist atmungsaktiv und schnell trocknend und l\u00e4sst sich einfach zusammenfalten und verstauen. Mit einem verstellbaren Kinnriemen und einem integrierten Schwei\u00dfband f\u00fcr zus\u00e4tzlichen Komfort ist der Invader Boonie-Hut der perfekte Begleiter f\u00fcr alle, die gerne im Freien unterwegs sind.<\/p>\n<p>&nbsp;<\/p>\n<p>Verpackungsgewicht: 110g<\/p>\n","protected":false},"excerpt":{"rendered":"<p>Sicherheit und Schutz sind bei Outdoor-Aktivit\u00e4ten von gro\u00dfer Bedeutung, und genau hier kommt der Invader Boonie-Hut ins Spiel. Entworfen f\u00fcr den Einsatz bei Jagd, Angeln, Wandern und Camping, bietet dieser Hut einen zuverl\u00e4ssigen Schutz vor Sonne und Regen. Das widerstandsf\u00e4hige Material ist atmungsaktiv und schnell trocknend und l\u00e4sst sich einfach zusammenfalten und verstauen. Mit einem [&hellip;]<\/p>\n","protected":false},"featured_media":510,"template":"","meta":{"sfsi_plus_gutenberg_text_before_share":"","sfsi_plus_gutenberg_show_text_before_share":"","sfsi_plus_gutenberg_icon_type":"","sfsi_plus_gutenberg_icon_alignemt":"","sfsi_plus_gutenburg_max_per_row":""},"product_brand":[],"product_cat":[31,27],"product_tag":[],"class_list":{"0":"post-348","1":"product","2":"type-product","3":"status-publish","4":"has-post-thumbnail","6":"product_cat-bekleidung","7":"product_cat-outdoor","9":"first","10":"instock","11":"taxable","12":"shipping-taxable","13":"purchasable","14":"product-type-variable"},"yoast_head":"<!-- This site is optimized with the Yoast SEO plugin v27.2 - https:\/\/yoast.com\/product\/yoast-seo-wordpress\/ -->\n<title>Invader Boonie Hat - Farbe: OD Olive Drab - Carpfisher Shop<\/title>\n<meta name=\"robots\" content=\"index, follow, max-snippet:-1, max-image-preview:large, max-video-preview:-1\" \/>\n<link rel=\"canonical\" href=\"https:\/\/www.carpfisher.eu\/shop\/produkt\/invader-boonie-hat-farbe-od-olive-drab\/\" \/>\n<meta property=\"og:locale\" content=\"de_DE\" \/>\n<meta property=\"og:type\" content=\"article\" \/>\n<meta property=\"og:title\" content=\"Invader Boonie Hat - Farbe: OD Olive Drab - Carpfisher Shop\" \/>\n<meta property=\"og:description\" content=\"Sicherheit und Schutz sind bei Outdoor-Aktivit\u00e4ten von gro\u00dfer Bedeutung, und genau hier kommt der Invader Boonie-Hut ins Spiel. Entworfen f\u00fcr den Einsatz bei Jagd, Angeln, Wandern und Camping, bietet dieser Hut einen zuverl\u00e4ssigen Schutz vor Sonne und Regen. Das widerstandsf\u00e4hige Material ist atmungsaktiv und schnell trocknend und l\u00e4sst sich einfach zusammenfalten und verstauen. Mit einem [&hellip;]\" \/>\n<meta property=\"og:url\" content=\"https:\/\/www.carpfisher.eu\/shop\/produkt\/invader-boonie-hat-farbe-od-olive-drab\/\" \/>\n<meta property=\"og:site_name\" content=\"Carpfisher Shop\" \/>\n<meta property=\"article:publisher\" content=\"https:\/\/www.facebook.com\/people\/Carpfishereu\/100066936180661\/\" \/>\n<meta property=\"article:modified_time\" content=\"2023-06-22T13:55:15+00:00\" \/>\n<meta property=\"og:image\" content=\"https:\/\/www.carpfisher.eu\/shop\/wp-content\/uploads\/2023\/04\/Boonie-OD.png\" \/>\n\t<meta property=\"og:image:width\" content=\"1200\" \/>\n\t<meta property=\"og:image:height\" content=\"840\" \/>\n\t<meta property=\"og:image:type\" content=\"image\/png\" \/>\n<meta name=\"twitter:card\" content=\"summary_large_image\" \/>\n<meta name=\"twitter:label1\" content=\"Gesch\u00e4tzte Lesezeit\" \/>\n\t<meta name=\"twitter:data1\" content=\"1\u00a0Minute\" \/>\n<script type=\"application\/ld+json\" class=\"yoast-schema-graph\">{\"@context\":\"https:\/\/schema.org\",\"@graph\":[{\"@type\":\"WebPage\",\"@id\":\"https:\/\/www.carpfisher.eu\/shop\/produkt\/invader-boonie-hat-farbe-od-olive-drab\/\",\"url\":\"https:\/\/www.carpfisher.eu\/shop\/produkt\/invader-boonie-hat-farbe-od-olive-drab\/\",\"name\":\"Invader Boonie Hat - Farbe: OD Olive Drab - Carpfisher Shop\",\"isPartOf\":{\"@id\":\"https:\/\/www.carpfisher.eu\/shop\/#website\"},\"primaryImageOfPage\":{\"@id\":\"https:\/\/www.carpfisher.eu\/shop\/produkt\/invader-boonie-hat-farbe-od-olive-drab\/#primaryimage\"},\"image\":{\"@id\":\"https:\/\/www.carpfisher.eu\/shop\/produkt\/invader-boonie-hat-farbe-od-olive-drab\/#primaryimage\"},\"thumbnailUrl\":\"https:\/\/www.carpfisher.eu\/shop\/wp-content\/uploads\/2023\/04\/Boonie-OD.png\",\"datePublished\":\"2023-04-13T08:59:47+00:00\",\"dateModified\":\"2023-06-22T13:55:15+00:00\",\"breadcrumb\":{\"@id\":\"https:\/\/www.carpfisher.eu\/shop\/produkt\/invader-boonie-hat-farbe-od-olive-drab\/#breadcrumb\"},\"inLanguage\":\"de\",\"potentialAction\":[{\"@type\":\"ReadAction\",\"target\":[\"https:\/\/www.carpfisher.eu\/shop\/produkt\/invader-boonie-hat-farbe-od-olive-drab\/\"]}]},{\"@type\":\"ImageObject\",\"inLanguage\":\"de\",\"@id\":\"https:\/\/www.carpfisher.eu\/shop\/produkt\/invader-boonie-hat-farbe-od-olive-drab\/#primaryimage\",\"url\":\"https:\/\/www.carpfisher.eu\/shop\/wp-content\/uploads\/2023\/04\/Boonie-OD.png\",\"contentUrl\":\"https:\/\/www.carpfisher.eu\/shop\/wp-content\/uploads\/2023\/04\/Boonie-OD.png\",\"width\":1200,\"height\":840},{\"@type\":\"BreadcrumbList\",\"@id\":\"https:\/\/www.carpfisher.eu\/shop\/produkt\/invader-boonie-hat-farbe-od-olive-drab\/#breadcrumb\",\"itemListElement\":[{\"@type\":\"ListItem\",\"position\":1,\"name\":\"Startseite\",\"item\":\"https:\/\/www.carpfisher.eu\/shop\/\"},{\"@type\":\"ListItem\",\"position\":2,\"name\":\"Shop\",\"item\":\"https:\/\/www.carpfisher.eu\/shop\/shop\/\"},{\"@type\":\"ListItem\",\"position\":3,\"name\":\"Invader Boonie Hat &#8211; Farbe: OD Olive Drab\"}]},{\"@type\":\"WebSite\",\"@id\":\"https:\/\/www.carpfisher.eu\/shop\/#website\",\"url\":\"https:\/\/www.carpfisher.eu\/shop\/\",\"name\":\"Carpfisher Shop\",\"description\":\"Shop f\u00fcr Karpfenangler, Boilies, Futter, Liquid, PopUps\",\"publisher\":{\"@id\":\"https:\/\/www.carpfisher.eu\/shop\/#organization\"},\"potentialAction\":[{\"@type\":\"SearchAction\",\"target\":{\"@type\":\"EntryPoint\",\"urlTemplate\":\"https:\/\/www.carpfisher.eu\/shop\/?s={search_term_string}\"},\"query-input\":{\"@type\":\"PropertyValueSpecification\",\"valueRequired\":true,\"valueName\":\"search_term_string\"}}],\"inLanguage\":\"de\"},{\"@type\":\"Organization\",\"@id\":\"https:\/\/www.carpfisher.eu\/shop\/#organization\",\"name\":\"Carpfisher Shop\",\"url\":\"https:\/\/www.carpfisher.eu\/shop\/\",\"logo\":{\"@type\":\"ImageObject\",\"inLanguage\":\"de\",\"@id\":\"https:\/\/www.carpfisher.eu\/shop\/#\/schema\/logo\/image\/\",\"url\":\"https:\/\/www.carpfisher.eu\/shop\/wp-content\/uploads\/2023\/04\/cropped-My-project-1-3.png\",\"contentUrl\":\"https:\/\/www.carpfisher.eu\/shop\/wp-content\/uploads\/2023\/04\/cropped-My-project-1-3.png\",\"width\":2154,\"height\":500,\"caption\":\"Carpfisher Shop\"},\"image\":{\"@id\":\"https:\/\/www.carpfisher.eu\/shop\/#\/schema\/logo\/image\/\"},\"sameAs\":[\"https:\/\/www.facebook.com\/people\/Carpfishereu\/100066936180661\/\"]}]}<\/script>\n<!-- \/ Yoast SEO plugin. -->","yoast_head_json":{"title":"Invader Boonie Hat - Farbe: OD Olive Drab - Carpfisher Shop","robots":{"index":"index","follow":"follow","max-snippet":"max-snippet:-1","max-image-preview":"max-image-preview:large","max-video-preview":"max-video-preview:-1"},"canonical":"https:\/\/www.carpfisher.eu\/shop\/produkt\/invader-boonie-hat-farbe-od-olive-drab\/","og_locale":"de_DE","og_type":"article","og_title":"Invader Boonie Hat - Farbe: OD Olive Drab - Carpfisher Shop","og_description":"Sicherheit und Schutz sind bei Outdoor-Aktivit\u00e4ten von gro\u00dfer Bedeutung, und genau hier kommt der Invader Boonie-Hut ins Spiel. Entworfen f\u00fcr den Einsatz bei Jagd, Angeln, Wandern und Camping, bietet dieser Hut einen zuverl\u00e4ssigen Schutz vor Sonne und Regen. Das widerstandsf\u00e4hige Material ist atmungsaktiv und schnell trocknend und l\u00e4sst sich einfach zusammenfalten und verstauen. Mit einem [&hellip;]","og_url":"https:\/\/www.carpfisher.eu\/shop\/produkt\/invader-boonie-hat-farbe-od-olive-drab\/","og_site_name":"Carpfisher Shop","article_publisher":"https:\/\/www.facebook.com\/people\/Carpfishereu\/100066936180661\/","article_modified_time":"2023-06-22T13:55:15+00:00","og_image":[{"width":1200,"height":840,"url":"https:\/\/www.carpfisher.eu\/shop\/wp-content\/uploads\/2023\/04\/Boonie-OD.png","type":"image\/png"}],"twitter_card":"summary_large_image","twitter_misc":{"Gesch\u00e4tzte Lesezeit":"1\u00a0Minute"},"schema":{"@context":"https:\/\/schema.org","@graph":[{"@type":"WebPage","@id":"https:\/\/www.carpfisher.eu\/shop\/produkt\/invader-boonie-hat-farbe-od-olive-drab\/","url":"https:\/\/www.carpfisher.eu\/shop\/produkt\/invader-boonie-hat-farbe-od-olive-drab\/","name":"Invader Boonie Hat - Farbe: OD Olive Drab - Carpfisher Shop","isPartOf":{"@id":"https:\/\/www.carpfisher.eu\/shop\/#website"},"primaryImageOfPage":{"@id":"https:\/\/www.carpfisher.eu\/shop\/produkt\/invader-boonie-hat-farbe-od-olive-drab\/#primaryimage"},"image":{"@id":"https:\/\/www.carpfisher.eu\/shop\/produkt\/invader-boonie-hat-farbe-od-olive-drab\/#primaryimage"},"thumbnailUrl":"https:\/\/www.carpfisher.eu\/shop\/wp-content\/uploads\/2023\/04\/Boonie-OD.png","datePublished":"2023-04-13T08:59:47+00:00","dateModified":"2023-06-22T13:55:15+00:00","breadcrumb":{"@id":"https:\/\/www.carpfisher.eu\/shop\/produkt\/invader-boonie-hat-farbe-od-olive-drab\/#breadcrumb"},"inLanguage":"de","potentialAction":[{"@type":"ReadAction","target":["https:\/\/www.carpfisher.eu\/shop\/produkt\/invader-boonie-hat-farbe-od-olive-drab\/"]}]},{"@type":"ImageObject","inLanguage":"de","@id":"https:\/\/www.carpfisher.eu\/shop\/produkt\/invader-boonie-hat-farbe-od-olive-drab\/#primaryimage","url":"https:\/\/www.carpfisher.eu\/shop\/wp-content\/uploads\/2023\/04\/Boonie-OD.png","contentUrl":"https:\/\/www.carpfisher.eu\/shop\/wp-content\/uploads\/2023\/04\/Boonie-OD.png","width":1200,"height":840},{"@type":"BreadcrumbList","@id":"https:\/\/www.carpfisher.eu\/shop\/produkt\/invader-boonie-hat-farbe-od-olive-drab\/#breadcrumb","itemListElement":[{"@type":"ListItem","position":1,"name":"Startseite","item":"https:\/\/www.carpfisher.eu\/shop\/"},{"@type":"ListItem","position":2,"name":"Shop","item":"https:\/\/www.carpfisher.eu\/shop\/shop\/"},{"@type":"ListItem","position":3,"name":"Invader Boonie Hat &#8211; Farbe: OD Olive Drab"}]},{"@type":"WebSite","@id":"https:\/\/www.carpfisher.eu\/shop\/#website","url":"https:\/\/www.carpfisher.eu\/shop\/","name":"Carpfisher Shop","description":"Shop f\u00fcr Karpfenangler, Boilies, Futter, Liquid, PopUps","publisher":{"@id":"https:\/\/www.carpfisher.eu\/shop\/#organization"},"potentialAction":[{"@type":"SearchAction","target":{"@type":"EntryPoint","urlTemplate":"https:\/\/www.carpfisher.eu\/shop\/?s={search_term_string}"},"query-input":{"@type":"PropertyValueSpecification","valueRequired":true,"valueName":"search_term_string"}}],"inLanguage":"de"},{"@type":"Organization","@id":"https:\/\/www.carpfisher.eu\/shop\/#organization","name":"Carpfisher Shop","url":"https:\/\/www.carpfisher.eu\/shop\/","logo":{"@type":"ImageObject","inLanguage":"de","@id":"https:\/\/www.carpfisher.eu\/shop\/#\/schema\/logo\/image\/","url":"https:\/\/www.carpfisher.eu\/shop\/wp-content\/uploads\/2023\/04\/cropped-My-project-1-3.png","contentUrl":"https:\/\/www.carpfisher.eu\/shop\/wp-content\/uploads\/2023\/04\/cropped-My-project-1-3.png","width":2154,"height":500,"caption":"Carpfisher Shop"},"image":{"@id":"https:\/\/www.carpfisher.eu\/shop\/#\/schema\/logo\/image\/"},"sameAs":["https:\/\/www.facebook.com\/people\/Carpfishereu\/100066936180661\/"]}]}},"_links":{"self":[{"href":"https:\/\/www.carpfisher.eu\/shop\/wp-json\/wp\/v2\/product\/348","targetHints":{"allow":["GET"]}}],"collection":[{"href":"https:\/\/www.carpfisher.eu\/shop\/wp-json\/wp\/v2\/product"}],"about":[{"href":"https:\/\/www.carpfisher.eu\/shop\/wp-json\/wp\/v2\/types\/product"}],"wp:featuredmedia":[{"embeddable":true,"href":"https:\/\/www.carpfisher.eu\/shop\/wp-json\/wp\/v2\/media\/510"}],"wp:attachment":[{"href":"https:\/\/www.carpfisher.eu\/shop\/wp-json\/wp\/v2\/media?parent=348"}],"wp:term":[{"taxonomy":"product_brand","embeddable":true,"href":"https:\/\/www.carpfisher.eu\/shop\/wp-json\/wp\/v2\/product_brand?post=348"},{"taxonomy":"product_cat","embeddable":true,"href":"https:\/\/www.carpfisher.eu\/shop\/wp-json\/wp\/v2\/product_cat?post=348"},{"taxonomy":"product_tag","embeddable":true,"href":"https:\/\/www.carpfisher.eu\/shop\/wp-json\/wp\/v2\/product_tag?post=348"}],"curies":[{"name":"wp","href":"https:\/\/api.w.org\/{rel}","templated":true}]}}