{"id":374,"date":"2023-04-13T11:26:00","date_gmt":"2023-04-13T09:26:00","guid":{"rendered":"https:\/\/carpfisher.eu\/shop\/?post_type=product&#038;p=374"},"modified":"2023-06-22T15:51:15","modified_gmt":"2023-06-22T13:51:15","slug":"invader-boonie-hat-mod2-farbe-ranger-green","status":"publish","type":"product","link":"https:\/\/www.carpfisher.eu\/shop\/produkt\/invader-boonie-hat-mod2-farbe-ranger-green\/","title":{"rendered":"Invader Boonie Hat Mod2 &#8211; Farbe: Ranger Green"},"content":{"rendered":"<p>Wir pr\u00e4sentieren den Invader Boonie Hat Mod2 &#8211; der perfekte Hut f\u00fcr jeden Angelfreund!<\/p>\n<p>Hergestellt aus hochwertigen Materialien und mit einem Fokus auf Funktionalit\u00e4t konzipiert, ist der Invader Boonie Hat Mod2 der ultimative Angelhut. Seine breite Krempe bietet ausreichenden Sonnenschutz f\u00fcr Gesicht und Nacken, w\u00e4hrend der verstellbare Kinnriemen sicherstellt, dass der Hut auch bei windigen Bedingungen sicher an seinem Platz bleibt.<\/p>\n<p>Die vergr\u00f6\u00dferten Bel\u00fcftungs\u00f6ffnungen sorgen f\u00fcr noch bessere Atmungsaktivit\u00e4t, um Dich auch an langen Tagen auf dem Wasser k\u00fchl und bequem zu halten. Dar\u00fcber hinaus ist seine wasserabweisende Oberfl\u00e4che ideal f\u00fcr nasse oder regnerische Bedingungen.<\/p>\n<p>Dieser Hut ist in unterschiedlichen Farben und verschiedenen Gr\u00f6\u00dfen erh\u00e4ltlich, um die perfekte Passform zu gew\u00e4hrleisten. Egal ob erfahrener Angler oder Gelegenheitsfischer, der Invader Boonie Hat Mod2 ist eine unverzichtbare Erg\u00e4nzung Deiner Angelausr\u00fcstung.<\/p>\n<p>&nbsp;<\/p>\n<p>&nbsp;<\/p>\n<p>Verpackungsgewicht: 110g<\/p>\n","protected":false},"excerpt":{"rendered":"<p>Wir pr\u00e4sentieren den Invader Boonie Hat Mod2 &#8211; der perfekte Hut f\u00fcr jeden Angelfreund! Hergestellt aus hochwertigen Materialien und mit einem Fokus auf Funktionalit\u00e4t konzipiert, ist der Invader Boonie Hat Mod2 der ultimative Angelhut. Seine breite Krempe bietet ausreichenden Sonnenschutz f\u00fcr Gesicht und Nacken, w\u00e4hrend der verstellbare Kinnriemen sicherstellt, dass der Hut auch bei windigen [&hellip;]<\/p>\n","protected":false},"featured_media":520,"template":"","meta":{"sfsi_plus_gutenberg_text_before_share":"","sfsi_plus_gutenberg_show_text_before_share":"","sfsi_plus_gutenberg_icon_type":"","sfsi_plus_gutenberg_icon_alignemt":"","sfsi_plus_gutenburg_max_per_row":""},"product_brand":[],"product_cat":[31,27],"product_tag":[],"class_list":{"0":"post-374","1":"product","2":"type-product","3":"status-publish","4":"has-post-thumbnail","6":"product_cat-bekleidung","7":"product_cat-outdoor","9":"first","10":"instock","11":"taxable","12":"shipping-taxable","13":"purchasable","14":"product-type-variable"},"yoast_head":"<!-- This site is optimized with the Yoast SEO plugin v27.2 - https:\/\/yoast.com\/product\/yoast-seo-wordpress\/ -->\n<title>Invader Boonie Hat Mod2 - Farbe: Ranger Green - Carpfisher Shop<\/title>\n<meta name=\"robots\" content=\"index, follow, max-snippet:-1, max-image-preview:large, max-video-preview:-1\" \/>\n<link rel=\"canonical\" href=\"https:\/\/www.carpfisher.eu\/shop\/produkt\/invader-boonie-hat-mod2-farbe-ranger-green\/\" \/>\n<meta property=\"og:locale\" content=\"de_DE\" \/>\n<meta property=\"og:type\" content=\"article\" \/>\n<meta property=\"og:title\" content=\"Invader Boonie Hat Mod2 - Farbe: Ranger Green - Carpfisher Shop\" \/>\n<meta property=\"og:description\" content=\"Wir pr\u00e4sentieren den Invader Boonie Hat Mod2 &#8211; der perfekte Hut f\u00fcr jeden Angelfreund! Hergestellt aus hochwertigen Materialien und mit einem Fokus auf Funktionalit\u00e4t konzipiert, ist der Invader Boonie Hat Mod2 der ultimative Angelhut. Seine breite Krempe bietet ausreichenden Sonnenschutz f\u00fcr Gesicht und Nacken, w\u00e4hrend der verstellbare Kinnriemen sicherstellt, dass der Hut auch bei windigen [&hellip;]\" \/>\n<meta property=\"og:url\" content=\"https:\/\/www.carpfisher.eu\/shop\/produkt\/invader-boonie-hat-mod2-farbe-ranger-green\/\" \/>\n<meta property=\"og:site_name\" content=\"Carpfisher Shop\" \/>\n<meta property=\"article:publisher\" content=\"https:\/\/www.facebook.com\/people\/Carpfishereu\/100066936180661\/\" \/>\n<meta property=\"article:modified_time\" content=\"2023-06-22T13:51:15+00:00\" \/>\n<meta property=\"og:image\" content=\"https:\/\/www.carpfisher.eu\/shop\/wp-content\/uploads\/2023\/04\/BoonieMod2-Ranger.png\" \/>\n\t<meta property=\"og:image:width\" content=\"1400\" \/>\n\t<meta property=\"og:image:height\" content=\"980\" \/>\n\t<meta property=\"og:image:type\" content=\"image\/png\" \/>\n<meta name=\"twitter:card\" content=\"summary_large_image\" \/>\n<meta name=\"twitter:label1\" content=\"Gesch\u00e4tzte Lesezeit\" \/>\n\t<meta name=\"twitter:data1\" content=\"1\u00a0Minute\" \/>\n<script type=\"application\/ld+json\" class=\"yoast-schema-graph\">{\"@context\":\"https:\/\/schema.org\",\"@graph\":[{\"@type\":\"WebPage\",\"@id\":\"https:\/\/www.carpfisher.eu\/shop\/produkt\/invader-boonie-hat-mod2-farbe-ranger-green\/\",\"url\":\"https:\/\/www.carpfisher.eu\/shop\/produkt\/invader-boonie-hat-mod2-farbe-ranger-green\/\",\"name\":\"Invader Boonie Hat Mod2 - Farbe: Ranger Green - Carpfisher Shop\",\"isPartOf\":{\"@id\":\"https:\/\/www.carpfisher.eu\/shop\/#website\"},\"primaryImageOfPage\":{\"@id\":\"https:\/\/www.carpfisher.eu\/shop\/produkt\/invader-boonie-hat-mod2-farbe-ranger-green\/#primaryimage\"},\"image\":{\"@id\":\"https:\/\/www.carpfisher.eu\/shop\/produkt\/invader-boonie-hat-mod2-farbe-ranger-green\/#primaryimage\"},\"thumbnailUrl\":\"https:\/\/www.carpfisher.eu\/shop\/wp-content\/uploads\/2023\/04\/BoonieMod2-Ranger.png\",\"datePublished\":\"2023-04-13T09:26:00+00:00\",\"dateModified\":\"2023-06-22T13:51:15+00:00\",\"breadcrumb\":{\"@id\":\"https:\/\/www.carpfisher.eu\/shop\/produkt\/invader-boonie-hat-mod2-farbe-ranger-green\/#breadcrumb\"},\"inLanguage\":\"de\",\"potentialAction\":[{\"@type\":\"ReadAction\",\"target\":[\"https:\/\/www.carpfisher.eu\/shop\/produkt\/invader-boonie-hat-mod2-farbe-ranger-green\/\"]}]},{\"@type\":\"ImageObject\",\"inLanguage\":\"de\",\"@id\":\"https:\/\/www.carpfisher.eu\/shop\/produkt\/invader-boonie-hat-mod2-farbe-ranger-green\/#primaryimage\",\"url\":\"https:\/\/www.carpfisher.eu\/shop\/wp-content\/uploads\/2023\/04\/BoonieMod2-Ranger.png\",\"contentUrl\":\"https:\/\/www.carpfisher.eu\/shop\/wp-content\/uploads\/2023\/04\/BoonieMod2-Ranger.png\",\"width\":1400,\"height\":980},{\"@type\":\"BreadcrumbList\",\"@id\":\"https:\/\/www.carpfisher.eu\/shop\/produkt\/invader-boonie-hat-mod2-farbe-ranger-green\/#breadcrumb\",\"itemListElement\":[{\"@type\":\"ListItem\",\"position\":1,\"name\":\"Startseite\",\"item\":\"https:\/\/www.carpfisher.eu\/shop\/\"},{\"@type\":\"ListItem\",\"position\":2,\"name\":\"Shop\",\"item\":\"https:\/\/www.carpfisher.eu\/shop\/shop\/\"},{\"@type\":\"ListItem\",\"position\":3,\"name\":\"Invader Boonie Hat Mod2 &#8211; Farbe: Ranger Green\"}]},{\"@type\":\"WebSite\",\"@id\":\"https:\/\/www.carpfisher.eu\/shop\/#website\",\"url\":\"https:\/\/www.carpfisher.eu\/shop\/\",\"name\":\"Carpfisher Shop\",\"description\":\"Shop f\u00fcr Karpfenangler, Boilies, Futter, Liquid, PopUps\",\"publisher\":{\"@id\":\"https:\/\/www.carpfisher.eu\/shop\/#organization\"},\"potentialAction\":[{\"@type\":\"SearchAction\",\"target\":{\"@type\":\"EntryPoint\",\"urlTemplate\":\"https:\/\/www.carpfisher.eu\/shop\/?s={search_term_string}\"},\"query-input\":{\"@type\":\"PropertyValueSpecification\",\"valueRequired\":true,\"valueName\":\"search_term_string\"}}],\"inLanguage\":\"de\"},{\"@type\":\"Organization\",\"@id\":\"https:\/\/www.carpfisher.eu\/shop\/#organization\",\"name\":\"Carpfisher Shop\",\"url\":\"https:\/\/www.carpfisher.eu\/shop\/\",\"logo\":{\"@type\":\"ImageObject\",\"inLanguage\":\"de\",\"@id\":\"https:\/\/www.carpfisher.eu\/shop\/#\/schema\/logo\/image\/\",\"url\":\"https:\/\/www.carpfisher.eu\/shop\/wp-content\/uploads\/2023\/04\/cropped-My-project-1-3.png\",\"contentUrl\":\"https:\/\/www.carpfisher.eu\/shop\/wp-content\/uploads\/2023\/04\/cropped-My-project-1-3.png\",\"width\":2154,\"height\":500,\"caption\":\"Carpfisher Shop\"},\"image\":{\"@id\":\"https:\/\/www.carpfisher.eu\/shop\/#\/schema\/logo\/image\/\"},\"sameAs\":[\"https:\/\/www.facebook.com\/people\/Carpfishereu\/100066936180661\/\"]}]}<\/script>\n<!-- \/ Yoast SEO plugin. -->","yoast_head_json":{"title":"Invader Boonie Hat Mod2 - Farbe: Ranger Green - Carpfisher Shop","robots":{"index":"index","follow":"follow","max-snippet":"max-snippet:-1","max-image-preview":"max-image-preview:large","max-video-preview":"max-video-preview:-1"},"canonical":"https:\/\/www.carpfisher.eu\/shop\/produkt\/invader-boonie-hat-mod2-farbe-ranger-green\/","og_locale":"de_DE","og_type":"article","og_title":"Invader Boonie Hat Mod2 - Farbe: Ranger Green - Carpfisher Shop","og_description":"Wir pr\u00e4sentieren den Invader Boonie Hat Mod2 &#8211; der perfekte Hut f\u00fcr jeden Angelfreund! Hergestellt aus hochwertigen Materialien und mit einem Fokus auf Funktionalit\u00e4t konzipiert, ist der Invader Boonie Hat Mod2 der ultimative Angelhut. Seine breite Krempe bietet ausreichenden Sonnenschutz f\u00fcr Gesicht und Nacken, w\u00e4hrend der verstellbare Kinnriemen sicherstellt, dass der Hut auch bei windigen [&hellip;]","og_url":"https:\/\/www.carpfisher.eu\/shop\/produkt\/invader-boonie-hat-mod2-farbe-ranger-green\/","og_site_name":"Carpfisher Shop","article_publisher":"https:\/\/www.facebook.com\/people\/Carpfishereu\/100066936180661\/","article_modified_time":"2023-06-22T13:51:15+00:00","og_image":[{"width":1400,"height":980,"url":"https:\/\/www.carpfisher.eu\/shop\/wp-content\/uploads\/2023\/04\/BoonieMod2-Ranger.png","type":"image\/png"}],"twitter_card":"summary_large_image","twitter_misc":{"Gesch\u00e4tzte Lesezeit":"1\u00a0Minute"},"schema":{"@context":"https:\/\/schema.org","@graph":[{"@type":"WebPage","@id":"https:\/\/www.carpfisher.eu\/shop\/produkt\/invader-boonie-hat-mod2-farbe-ranger-green\/","url":"https:\/\/www.carpfisher.eu\/shop\/produkt\/invader-boonie-hat-mod2-farbe-ranger-green\/","name":"Invader Boonie Hat Mod2 - Farbe: Ranger Green - Carpfisher Shop","isPartOf":{"@id":"https:\/\/www.carpfisher.eu\/shop\/#website"},"primaryImageOfPage":{"@id":"https:\/\/www.carpfisher.eu\/shop\/produkt\/invader-boonie-hat-mod2-farbe-ranger-green\/#primaryimage"},"image":{"@id":"https:\/\/www.carpfisher.eu\/shop\/produkt\/invader-boonie-hat-mod2-farbe-ranger-green\/#primaryimage"},"thumbnailUrl":"https:\/\/www.carpfisher.eu\/shop\/wp-content\/uploads\/2023\/04\/BoonieMod2-Ranger.png","datePublished":"2023-04-13T09:26:00+00:00","dateModified":"2023-06-22T13:51:15+00:00","breadcrumb":{"@id":"https:\/\/www.carpfisher.eu\/shop\/produkt\/invader-boonie-hat-mod2-farbe-ranger-green\/#breadcrumb"},"inLanguage":"de","potentialAction":[{"@type":"ReadAction","target":["https:\/\/www.carpfisher.eu\/shop\/produkt\/invader-boonie-hat-mod2-farbe-ranger-green\/"]}]},{"@type":"ImageObject","inLanguage":"de","@id":"https:\/\/www.carpfisher.eu\/shop\/produkt\/invader-boonie-hat-mod2-farbe-ranger-green\/#primaryimage","url":"https:\/\/www.carpfisher.eu\/shop\/wp-content\/uploads\/2023\/04\/BoonieMod2-Ranger.png","contentUrl":"https:\/\/www.carpfisher.eu\/shop\/wp-content\/uploads\/2023\/04\/BoonieMod2-Ranger.png","width":1400,"height":980},{"@type":"BreadcrumbList","@id":"https:\/\/www.carpfisher.eu\/shop\/produkt\/invader-boonie-hat-mod2-farbe-ranger-green\/#breadcrumb","itemListElement":[{"@type":"ListItem","position":1,"name":"Startseite","item":"https:\/\/www.carpfisher.eu\/shop\/"},{"@type":"ListItem","position":2,"name":"Shop","item":"https:\/\/www.carpfisher.eu\/shop\/shop\/"},{"@type":"ListItem","position":3,"name":"Invader Boonie Hat Mod2 &#8211; Farbe: Ranger Green"}]},{"@type":"WebSite","@id":"https:\/\/www.carpfisher.eu\/shop\/#website","url":"https:\/\/www.carpfisher.eu\/shop\/","name":"Carpfisher Shop","description":"Shop f\u00fcr Karpfenangler, Boilies, Futter, Liquid, PopUps","publisher":{"@id":"https:\/\/www.carpfisher.eu\/shop\/#organization"},"potentialAction":[{"@type":"SearchAction","target":{"@type":"EntryPoint","urlTemplate":"https:\/\/www.carpfisher.eu\/shop\/?s={search_term_string}"},"query-input":{"@type":"PropertyValueSpecification","valueRequired":true,"valueName":"search_term_string"}}],"inLanguage":"de"},{"@type":"Organization","@id":"https:\/\/www.carpfisher.eu\/shop\/#organization","name":"Carpfisher Shop","url":"https:\/\/www.carpfisher.eu\/shop\/","logo":{"@type":"ImageObject","inLanguage":"de","@id":"https:\/\/www.carpfisher.eu\/shop\/#\/schema\/logo\/image\/","url":"https:\/\/www.carpfisher.eu\/shop\/wp-content\/uploads\/2023\/04\/cropped-My-project-1-3.png","contentUrl":"https:\/\/www.carpfisher.eu\/shop\/wp-content\/uploads\/2023\/04\/cropped-My-project-1-3.png","width":2154,"height":500,"caption":"Carpfisher Shop"},"image":{"@id":"https:\/\/www.carpfisher.eu\/shop\/#\/schema\/logo\/image\/"},"sameAs":["https:\/\/www.facebook.com\/people\/Carpfishereu\/100066936180661\/"]}]}},"_links":{"self":[{"href":"https:\/\/www.carpfisher.eu\/shop\/wp-json\/wp\/v2\/product\/374","targetHints":{"allow":["GET"]}}],"collection":[{"href":"https:\/\/www.carpfisher.eu\/shop\/wp-json\/wp\/v2\/product"}],"about":[{"href":"https:\/\/www.carpfisher.eu\/shop\/wp-json\/wp\/v2\/types\/product"}],"wp:featuredmedia":[{"embeddable":true,"href":"https:\/\/www.carpfisher.eu\/shop\/wp-json\/wp\/v2\/media\/520"}],"wp:attachment":[{"href":"https:\/\/www.carpfisher.eu\/shop\/wp-json\/wp\/v2\/media?parent=374"}],"wp:term":[{"taxonomy":"product_brand","embeddable":true,"href":"https:\/\/www.carpfisher.eu\/shop\/wp-json\/wp\/v2\/product_brand?post=374"},{"taxonomy":"product_cat","embeddable":true,"href":"https:\/\/www.carpfisher.eu\/shop\/wp-json\/wp\/v2\/product_cat?post=374"},{"taxonomy":"product_tag","embeddable":true,"href":"https:\/\/www.carpfisher.eu\/shop\/wp-json\/wp\/v2\/product_tag?post=374"}],"curies":[{"name":"wp","href":"https:\/\/api.w.org\/{rel}","templated":true}]}}