{"id":394,"date":"2023-04-13T14:13:04","date_gmt":"2023-04-13T12:13:04","guid":{"rendered":"https:\/\/carpfisher.eu\/shop\/?post_type=product&#038;p=394"},"modified":"2025-01-18T17:03:42","modified_gmt":"2025-01-18T16:03:42","slug":"walther-ppq-micro-messer","status":"publish","type":"product","link":"https:\/\/www.carpfisher.eu\/shop\/produkt\/walther-ppq-micro-messer\/","title":{"rendered":"Walther PPQ Micro Messer"},"content":{"rendered":"<p>Das Walther PPQ Micro Messer &#8211; der kleine Bruder vom normalen PPQ Messer. Es ist genauso ergonomisch geformt und verf\u00fcgt \u00fcber einen ebenso rutschfesten Griff aus robustem Polymer. Mit einer Gesamtl\u00e4nge von nur 11,1 cm ist dieses Messer aber klein genug, um bequem in der Hosentasche oder sogar am Schl\u00fcsslbund Platz zu finden.<\/p>\n<p>Das Walther PPQ Micro Messer ist das perfekte Messer f\u00fcr kleinere Arbeiten, wie zum Beispiel Pakete oder Verpackungen \u00f6ffnen oder auch Angelschnur schneiden.<\/p>\n","protected":false},"excerpt":{"rendered":"<p>Das Walther PPQ Micro Messer &#8211; der kleine Bruder vom normalen PPQ Messer. Es ist genauso ergonomisch geformt und verf\u00fcgt \u00fcber einen ebenso rutschfesten Griff aus robustem Polymer. Mit einer Gesamtl\u00e4nge von nur 11,1 cm ist dieses Messer aber klein genug, um bequem in der Hosentasche oder sogar am Schl\u00fcsslbund Platz zu finden. Das Walther [&hellip;]<\/p>\n","protected":false},"featured_media":549,"template":"","meta":{"sfsi_plus_gutenberg_text_before_share":"","sfsi_plus_gutenberg_show_text_before_share":"","sfsi_plus_gutenberg_icon_type":"","sfsi_plus_gutenberg_icon_alignemt":"","sfsi_plus_gutenburg_max_per_row":""},"product_brand":[],"product_cat":[30,27],"product_tag":[],"class_list":{"0":"post-394","1":"product","2":"type-product","3":"status-publish","4":"has-post-thumbnail","6":"product_cat-messer-machete-axt","7":"product_cat-outdoor","9":"first","10":"instock","11":"taxable","12":"shipping-taxable","13":"purchasable","14":"product-type-simple"},"yoast_head":"<!-- This site is optimized with the Yoast SEO plugin v27.2 - https:\/\/yoast.com\/product\/yoast-seo-wordpress\/ -->\n<title>Walther PPQ Micro Messer - Carpfisher Shop<\/title>\n<meta name=\"robots\" content=\"index, follow, max-snippet:-1, max-image-preview:large, max-video-preview:-1\" \/>\n<link rel=\"canonical\" href=\"https:\/\/www.carpfisher.eu\/shop\/produkt\/walther-ppq-micro-messer\/\" \/>\n<meta property=\"og:locale\" content=\"de_DE\" \/>\n<meta property=\"og:type\" content=\"article\" \/>\n<meta property=\"og:title\" content=\"Walther PPQ Micro Messer - Carpfisher Shop\" \/>\n<meta property=\"og:description\" content=\"Das Walther PPQ Micro Messer &#8211; der kleine Bruder vom normalen PPQ Messer. Es ist genauso ergonomisch geformt und verf\u00fcgt \u00fcber einen ebenso rutschfesten Griff aus robustem Polymer. Mit einer Gesamtl\u00e4nge von nur 11,1 cm ist dieses Messer aber klein genug, um bequem in der Hosentasche oder sogar am Schl\u00fcsslbund Platz zu finden. Das Walther [&hellip;]\" \/>\n<meta property=\"og:url\" content=\"https:\/\/www.carpfisher.eu\/shop\/produkt\/walther-ppq-micro-messer\/\" \/>\n<meta property=\"og:site_name\" content=\"Carpfisher Shop\" \/>\n<meta property=\"article:publisher\" content=\"https:\/\/www.facebook.com\/people\/Carpfishereu\/100066936180661\/\" \/>\n<meta property=\"article:modified_time\" content=\"2025-01-18T16:03:42+00:00\" \/>\n<meta property=\"og:image\" content=\"https:\/\/www.carpfisher.eu\/shop\/wp-content\/uploads\/2023\/04\/Walther-PPQ-Micro-Messer.png\" \/>\n\t<meta property=\"og:image:width\" content=\"1180\" \/>\n\t<meta property=\"og:image:height\" content=\"1180\" \/>\n\t<meta property=\"og:image:type\" content=\"image\/png\" \/>\n<meta name=\"twitter:card\" content=\"summary_large_image\" \/>\n<meta name=\"twitter:label1\" content=\"Gesch\u00e4tzte Lesezeit\" \/>\n\t<meta name=\"twitter:data1\" content=\"1\u00a0Minute\" \/>\n<script type=\"application\/ld+json\" class=\"yoast-schema-graph\">{\"@context\":\"https:\/\/schema.org\",\"@graph\":[{\"@type\":\"WebPage\",\"@id\":\"https:\/\/www.carpfisher.eu\/shop\/produkt\/walther-ppq-micro-messer\/\",\"url\":\"https:\/\/www.carpfisher.eu\/shop\/produkt\/walther-ppq-micro-messer\/\",\"name\":\"Walther PPQ Micro Messer - Carpfisher Shop\",\"isPartOf\":{\"@id\":\"https:\/\/www.carpfisher.eu\/shop\/#website\"},\"primaryImageOfPage\":{\"@id\":\"https:\/\/www.carpfisher.eu\/shop\/produkt\/walther-ppq-micro-messer\/#primaryimage\"},\"image\":{\"@id\":\"https:\/\/www.carpfisher.eu\/shop\/produkt\/walther-ppq-micro-messer\/#primaryimage\"},\"thumbnailUrl\":\"https:\/\/www.carpfisher.eu\/shop\/wp-content\/uploads\/2023\/04\/Walther-PPQ-Micro-Messer.png\",\"datePublished\":\"2023-04-13T12:13:04+00:00\",\"dateModified\":\"2025-01-18T16:03:42+00:00\",\"breadcrumb\":{\"@id\":\"https:\/\/www.carpfisher.eu\/shop\/produkt\/walther-ppq-micro-messer\/#breadcrumb\"},\"inLanguage\":\"de\",\"potentialAction\":[{\"@type\":\"ReadAction\",\"target\":[\"https:\/\/www.carpfisher.eu\/shop\/produkt\/walther-ppq-micro-messer\/\"]}]},{\"@type\":\"ImageObject\",\"inLanguage\":\"de\",\"@id\":\"https:\/\/www.carpfisher.eu\/shop\/produkt\/walther-ppq-micro-messer\/#primaryimage\",\"url\":\"https:\/\/www.carpfisher.eu\/shop\/wp-content\/uploads\/2023\/04\/Walther-PPQ-Micro-Messer.png\",\"contentUrl\":\"https:\/\/www.carpfisher.eu\/shop\/wp-content\/uploads\/2023\/04\/Walther-PPQ-Micro-Messer.png\",\"width\":1180,\"height\":1180},{\"@type\":\"BreadcrumbList\",\"@id\":\"https:\/\/www.carpfisher.eu\/shop\/produkt\/walther-ppq-micro-messer\/#breadcrumb\",\"itemListElement\":[{\"@type\":\"ListItem\",\"position\":1,\"name\":\"Startseite\",\"item\":\"https:\/\/www.carpfisher.eu\/shop\/\"},{\"@type\":\"ListItem\",\"position\":2,\"name\":\"Shop\",\"item\":\"https:\/\/www.carpfisher.eu\/shop\/shop\/\"},{\"@type\":\"ListItem\",\"position\":3,\"name\":\"Walther PPQ Micro Messer\"}]},{\"@type\":\"WebSite\",\"@id\":\"https:\/\/www.carpfisher.eu\/shop\/#website\",\"url\":\"https:\/\/www.carpfisher.eu\/shop\/\",\"name\":\"Carpfisher Shop\",\"description\":\"Shop f\u00fcr Karpfenangler, Boilies, Futter, Liquid, PopUps\",\"publisher\":{\"@id\":\"https:\/\/www.carpfisher.eu\/shop\/#organization\"},\"potentialAction\":[{\"@type\":\"SearchAction\",\"target\":{\"@type\":\"EntryPoint\",\"urlTemplate\":\"https:\/\/www.carpfisher.eu\/shop\/?s={search_term_string}\"},\"query-input\":{\"@type\":\"PropertyValueSpecification\",\"valueRequired\":true,\"valueName\":\"search_term_string\"}}],\"inLanguage\":\"de\"},{\"@type\":\"Organization\",\"@id\":\"https:\/\/www.carpfisher.eu\/shop\/#organization\",\"name\":\"Carpfisher Shop\",\"url\":\"https:\/\/www.carpfisher.eu\/shop\/\",\"logo\":{\"@type\":\"ImageObject\",\"inLanguage\":\"de\",\"@id\":\"https:\/\/www.carpfisher.eu\/shop\/#\/schema\/logo\/image\/\",\"url\":\"https:\/\/www.carpfisher.eu\/shop\/wp-content\/uploads\/2023\/04\/cropped-My-project-1-3.png\",\"contentUrl\":\"https:\/\/www.carpfisher.eu\/shop\/wp-content\/uploads\/2023\/04\/cropped-My-project-1-3.png\",\"width\":2154,\"height\":500,\"caption\":\"Carpfisher Shop\"},\"image\":{\"@id\":\"https:\/\/www.carpfisher.eu\/shop\/#\/schema\/logo\/image\/\"},\"sameAs\":[\"https:\/\/www.facebook.com\/people\/Carpfishereu\/100066936180661\/\"]}]}<\/script>\n<!-- \/ Yoast SEO plugin. -->","yoast_head_json":{"title":"Walther PPQ Micro Messer - Carpfisher Shop","robots":{"index":"index","follow":"follow","max-snippet":"max-snippet:-1","max-image-preview":"max-image-preview:large","max-video-preview":"max-video-preview:-1"},"canonical":"https:\/\/www.carpfisher.eu\/shop\/produkt\/walther-ppq-micro-messer\/","og_locale":"de_DE","og_type":"article","og_title":"Walther PPQ Micro Messer - Carpfisher Shop","og_description":"Das Walther PPQ Micro Messer &#8211; der kleine Bruder vom normalen PPQ Messer. Es ist genauso ergonomisch geformt und verf\u00fcgt \u00fcber einen ebenso rutschfesten Griff aus robustem Polymer. Mit einer Gesamtl\u00e4nge von nur 11,1 cm ist dieses Messer aber klein genug, um bequem in der Hosentasche oder sogar am Schl\u00fcsslbund Platz zu finden. Das Walther [&hellip;]","og_url":"https:\/\/www.carpfisher.eu\/shop\/produkt\/walther-ppq-micro-messer\/","og_site_name":"Carpfisher Shop","article_publisher":"https:\/\/www.facebook.com\/people\/Carpfishereu\/100066936180661\/","article_modified_time":"2025-01-18T16:03:42+00:00","og_image":[{"width":1180,"height":1180,"url":"https:\/\/www.carpfisher.eu\/shop\/wp-content\/uploads\/2023\/04\/Walther-PPQ-Micro-Messer.png","type":"image\/png"}],"twitter_card":"summary_large_image","twitter_misc":{"Gesch\u00e4tzte Lesezeit":"1\u00a0Minute"},"schema":{"@context":"https:\/\/schema.org","@graph":[{"@type":"WebPage","@id":"https:\/\/www.carpfisher.eu\/shop\/produkt\/walther-ppq-micro-messer\/","url":"https:\/\/www.carpfisher.eu\/shop\/produkt\/walther-ppq-micro-messer\/","name":"Walther PPQ Micro Messer - Carpfisher Shop","isPartOf":{"@id":"https:\/\/www.carpfisher.eu\/shop\/#website"},"primaryImageOfPage":{"@id":"https:\/\/www.carpfisher.eu\/shop\/produkt\/walther-ppq-micro-messer\/#primaryimage"},"image":{"@id":"https:\/\/www.carpfisher.eu\/shop\/produkt\/walther-ppq-micro-messer\/#primaryimage"},"thumbnailUrl":"https:\/\/www.carpfisher.eu\/shop\/wp-content\/uploads\/2023\/04\/Walther-PPQ-Micro-Messer.png","datePublished":"2023-04-13T12:13:04+00:00","dateModified":"2025-01-18T16:03:42+00:00","breadcrumb":{"@id":"https:\/\/www.carpfisher.eu\/shop\/produkt\/walther-ppq-micro-messer\/#breadcrumb"},"inLanguage":"de","potentialAction":[{"@type":"ReadAction","target":["https:\/\/www.carpfisher.eu\/shop\/produkt\/walther-ppq-micro-messer\/"]}]},{"@type":"ImageObject","inLanguage":"de","@id":"https:\/\/www.carpfisher.eu\/shop\/produkt\/walther-ppq-micro-messer\/#primaryimage","url":"https:\/\/www.carpfisher.eu\/shop\/wp-content\/uploads\/2023\/04\/Walther-PPQ-Micro-Messer.png","contentUrl":"https:\/\/www.carpfisher.eu\/shop\/wp-content\/uploads\/2023\/04\/Walther-PPQ-Micro-Messer.png","width":1180,"height":1180},{"@type":"BreadcrumbList","@id":"https:\/\/www.carpfisher.eu\/shop\/produkt\/walther-ppq-micro-messer\/#breadcrumb","itemListElement":[{"@type":"ListItem","position":1,"name":"Startseite","item":"https:\/\/www.carpfisher.eu\/shop\/"},{"@type":"ListItem","position":2,"name":"Shop","item":"https:\/\/www.carpfisher.eu\/shop\/shop\/"},{"@type":"ListItem","position":3,"name":"Walther PPQ Micro Messer"}]},{"@type":"WebSite","@id":"https:\/\/www.carpfisher.eu\/shop\/#website","url":"https:\/\/www.carpfisher.eu\/shop\/","name":"Carpfisher Shop","description":"Shop f\u00fcr Karpfenangler, Boilies, Futter, Liquid, PopUps","publisher":{"@id":"https:\/\/www.carpfisher.eu\/shop\/#organization"},"potentialAction":[{"@type":"SearchAction","target":{"@type":"EntryPoint","urlTemplate":"https:\/\/www.carpfisher.eu\/shop\/?s={search_term_string}"},"query-input":{"@type":"PropertyValueSpecification","valueRequired":true,"valueName":"search_term_string"}}],"inLanguage":"de"},{"@type":"Organization","@id":"https:\/\/www.carpfisher.eu\/shop\/#organization","name":"Carpfisher Shop","url":"https:\/\/www.carpfisher.eu\/shop\/","logo":{"@type":"ImageObject","inLanguage":"de","@id":"https:\/\/www.carpfisher.eu\/shop\/#\/schema\/logo\/image\/","url":"https:\/\/www.carpfisher.eu\/shop\/wp-content\/uploads\/2023\/04\/cropped-My-project-1-3.png","contentUrl":"https:\/\/www.carpfisher.eu\/shop\/wp-content\/uploads\/2023\/04\/cropped-My-project-1-3.png","width":2154,"height":500,"caption":"Carpfisher Shop"},"image":{"@id":"https:\/\/www.carpfisher.eu\/shop\/#\/schema\/logo\/image\/"},"sameAs":["https:\/\/www.facebook.com\/people\/Carpfishereu\/100066936180661\/"]}]}},"_links":{"self":[{"href":"https:\/\/www.carpfisher.eu\/shop\/wp-json\/wp\/v2\/product\/394","targetHints":{"allow":["GET"]}}],"collection":[{"href":"https:\/\/www.carpfisher.eu\/shop\/wp-json\/wp\/v2\/product"}],"about":[{"href":"https:\/\/www.carpfisher.eu\/shop\/wp-json\/wp\/v2\/types\/product"}],"wp:featuredmedia":[{"embeddable":true,"href":"https:\/\/www.carpfisher.eu\/shop\/wp-json\/wp\/v2\/media\/549"}],"wp:attachment":[{"href":"https:\/\/www.carpfisher.eu\/shop\/wp-json\/wp\/v2\/media?parent=394"}],"wp:term":[{"taxonomy":"product_brand","embeddable":true,"href":"https:\/\/www.carpfisher.eu\/shop\/wp-json\/wp\/v2\/product_brand?post=394"},{"taxonomy":"product_cat","embeddable":true,"href":"https:\/\/www.carpfisher.eu\/shop\/wp-json\/wp\/v2\/product_cat?post=394"},{"taxonomy":"product_tag","embeddable":true,"href":"https:\/\/www.carpfisher.eu\/shop\/wp-json\/wp\/v2\/product_tag?post=394"}],"curies":[{"name":"wp","href":"https:\/\/api.w.org\/{rel}","templated":true}]}}