{"id":403,"date":"2023-04-13T15:04:54","date_gmt":"2023-04-13T13:04:54","guid":{"rendered":"https:\/\/carpfisher.eu\/shop\/?post_type=product&#038;p=403"},"modified":"2025-01-18T17:10:04","modified_gmt":"2025-01-18T16:10:04","slug":"virtue-v-guard-sunglasses-farbe-stealth-grey-silver","status":"publish","type":"product","link":"https:\/\/www.carpfisher.eu\/shop\/produkt\/virtue-v-guard-sunglasses-farbe-stealth-grey-silver\/","title":{"rendered":"Virtue V-Guard Sunglasses \u2013 Farbe: Stealth Grey\/Silver"},"content":{"rendered":"<p>Die Virtue V-Guard Sunglasses sind nicht nur extrem stylisch, sondern liefern au\u00dferdem den perfekten Durchblich in jeder Lebenslage.<\/p>\n<p>Die Sonnenbrille ist super leicht und sitzt sehr komfortabel. Durch die h\u00f6heren Linsen und die breiten B\u00fcgel sind deine Augen perfekt vor der Sonne gesch\u00fctzt, egal aus welcher Richtung sie kommt.<\/p>\n<p>Die Linse selbst bietet 100% UV-Schutz und ist polarisiert. Damit wird Flimmern oder blendendes Licht von Wasser, Asphalt, Schnee etc. zu 99,9% einfach weggefiltert. Zus\u00e4tzlich verf\u00fcgt die V-Guard noch \u00fcber Color Neutral Chromatic Coating, was bedeutet, dass du trotz farbiger Linsen deine Umwelt farbecht, scharf und unverzerrt wahrnehmen kannst.<\/p>\n<p>Zus\u00e4tzlich zur Brille bekommst du hier auch noch eine Mikrofasertasche und ein gepolstertes Zipper Case mit Karabiner zur Aufbewahrung.<\/p>\n<p><img decoding=\"async\" src=\"https:\/\/cdn.shopify.com\/s\/files\/1\/2323\/8027\/files\/Virtue_Sunglasses-lifestyle-900-guard-black.jpg?v=1526391574\" alt=\"\" \/><\/p>\n","protected":false},"excerpt":{"rendered":"<p>Die Virtue V-Guard Sunglasses sind nicht nur extrem stylisch, sondern liefern au\u00dferdem den perfekten Durchblich in jeder Lebenslage. Die Sonnenbrille ist super leicht und sitzt sehr komfortabel. Durch die h\u00f6heren Linsen und die breiten B\u00fcgel sind deine Augen perfekt vor der Sonne gesch\u00fctzt, egal aus welcher Richtung sie kommt. Die Linse selbst bietet 100% UV-Schutz [&hellip;]<\/p>\n","protected":false},"featured_media":544,"template":"","meta":{"sfsi_plus_gutenberg_text_before_share":"","sfsi_plus_gutenberg_show_text_before_share":"","sfsi_plus_gutenberg_icon_type":"","sfsi_plus_gutenberg_icon_alignemt":"","sfsi_plus_gutenburg_max_per_row":""},"product_brand":[],"product_cat":[27,33],"product_tag":[],"class_list":{"0":"post-403","1":"product","2":"type-product","3":"status-publish","4":"has-post-thumbnail","6":"product_cat-outdoor","7":"product_cat-sonnenbrille","9":"first","10":"instock","11":"taxable","12":"shipping-taxable","13":"purchasable","14":"product-type-simple"},"yoast_head":"<!-- This site is optimized with the Yoast SEO plugin v27.2 - https:\/\/yoast.com\/product\/yoast-seo-wordpress\/ -->\n<title>Virtue V-Guard Sunglasses \u2013 Farbe: Stealth Grey\/Silver - Carpfisher Shop<\/title>\n<meta name=\"robots\" content=\"index, follow, max-snippet:-1, max-image-preview:large, max-video-preview:-1\" \/>\n<link rel=\"canonical\" href=\"https:\/\/www.carpfisher.eu\/shop\/produkt\/virtue-v-guard-sunglasses-farbe-stealth-grey-silver\/\" \/>\n<meta property=\"og:locale\" content=\"de_DE\" \/>\n<meta property=\"og:type\" content=\"article\" \/>\n<meta property=\"og:title\" content=\"Virtue V-Guard Sunglasses \u2013 Farbe: Stealth Grey\/Silver - Carpfisher Shop\" \/>\n<meta property=\"og:description\" content=\"Die Virtue V-Guard Sunglasses sind nicht nur extrem stylisch, sondern liefern au\u00dferdem den perfekten Durchblich in jeder Lebenslage. Die Sonnenbrille ist super leicht und sitzt sehr komfortabel. Durch die h\u00f6heren Linsen und die breiten B\u00fcgel sind deine Augen perfekt vor der Sonne gesch\u00fctzt, egal aus welcher Richtung sie kommt. Die Linse selbst bietet 100% UV-Schutz [&hellip;]\" \/>\n<meta property=\"og:url\" content=\"https:\/\/www.carpfisher.eu\/shop\/produkt\/virtue-v-guard-sunglasses-farbe-stealth-grey-silver\/\" \/>\n<meta property=\"og:site_name\" content=\"Carpfisher Shop\" \/>\n<meta property=\"article:publisher\" content=\"https:\/\/www.facebook.com\/people\/Carpfishereu\/100066936180661\/\" \/>\n<meta property=\"article:modified_time\" content=\"2025-01-18T16:10:04+00:00\" \/>\n<meta property=\"og:image\" content=\"https:\/\/www.carpfisher.eu\/shop\/wp-content\/uploads\/2023\/04\/Stealth1.png\" \/>\n\t<meta property=\"og:image:width\" content=\"1180\" \/>\n\t<meta property=\"og:image:height\" content=\"1180\" \/>\n\t<meta property=\"og:image:type\" content=\"image\/png\" \/>\n<meta name=\"twitter:card\" content=\"summary_large_image\" \/>\n<meta name=\"twitter:label1\" content=\"Gesch\u00e4tzte Lesezeit\" \/>\n\t<meta name=\"twitter:data1\" content=\"2\u00a0Minuten\" \/>\n<script type=\"application\/ld+json\" class=\"yoast-schema-graph\">{\"@context\":\"https:\/\/schema.org\",\"@graph\":[{\"@type\":\"WebPage\",\"@id\":\"https:\/\/www.carpfisher.eu\/shop\/produkt\/virtue-v-guard-sunglasses-farbe-stealth-grey-silver\/\",\"url\":\"https:\/\/www.carpfisher.eu\/shop\/produkt\/virtue-v-guard-sunglasses-farbe-stealth-grey-silver\/\",\"name\":\"Virtue V-Guard Sunglasses \u2013 Farbe: Stealth Grey\/Silver - Carpfisher Shop\",\"isPartOf\":{\"@id\":\"https:\/\/www.carpfisher.eu\/shop\/#website\"},\"primaryImageOfPage\":{\"@id\":\"https:\/\/www.carpfisher.eu\/shop\/produkt\/virtue-v-guard-sunglasses-farbe-stealth-grey-silver\/#primaryimage\"},\"image\":{\"@id\":\"https:\/\/www.carpfisher.eu\/shop\/produkt\/virtue-v-guard-sunglasses-farbe-stealth-grey-silver\/#primaryimage\"},\"thumbnailUrl\":\"https:\/\/www.carpfisher.eu\/shop\/wp-content\/uploads\/2023\/04\/Stealth1.png\",\"datePublished\":\"2023-04-13T13:04:54+00:00\",\"dateModified\":\"2025-01-18T16:10:04+00:00\",\"breadcrumb\":{\"@id\":\"https:\/\/www.carpfisher.eu\/shop\/produkt\/virtue-v-guard-sunglasses-farbe-stealth-grey-silver\/#breadcrumb\"},\"inLanguage\":\"de\",\"potentialAction\":[{\"@type\":\"ReadAction\",\"target\":[\"https:\/\/www.carpfisher.eu\/shop\/produkt\/virtue-v-guard-sunglasses-farbe-stealth-grey-silver\/\"]}]},{\"@type\":\"ImageObject\",\"inLanguage\":\"de\",\"@id\":\"https:\/\/www.carpfisher.eu\/shop\/produkt\/virtue-v-guard-sunglasses-farbe-stealth-grey-silver\/#primaryimage\",\"url\":\"https:\/\/www.carpfisher.eu\/shop\/wp-content\/uploads\/2023\/04\/Stealth1.png\",\"contentUrl\":\"https:\/\/www.carpfisher.eu\/shop\/wp-content\/uploads\/2023\/04\/Stealth1.png\",\"width\":1180,\"height\":1180},{\"@type\":\"BreadcrumbList\",\"@id\":\"https:\/\/www.carpfisher.eu\/shop\/produkt\/virtue-v-guard-sunglasses-farbe-stealth-grey-silver\/#breadcrumb\",\"itemListElement\":[{\"@type\":\"ListItem\",\"position\":1,\"name\":\"Startseite\",\"item\":\"https:\/\/www.carpfisher.eu\/shop\/\"},{\"@type\":\"ListItem\",\"position\":2,\"name\":\"Shop\",\"item\":\"https:\/\/www.carpfisher.eu\/shop\/shop\/\"},{\"@type\":\"ListItem\",\"position\":3,\"name\":\"Virtue V-Guard Sunglasses \u2013 Farbe: Stealth Grey\/Silver\"}]},{\"@type\":\"WebSite\",\"@id\":\"https:\/\/www.carpfisher.eu\/shop\/#website\",\"url\":\"https:\/\/www.carpfisher.eu\/shop\/\",\"name\":\"Carpfisher Shop\",\"description\":\"Shop f\u00fcr Karpfenangler, Boilies, Futter, Liquid, PopUps\",\"publisher\":{\"@id\":\"https:\/\/www.carpfisher.eu\/shop\/#organization\"},\"potentialAction\":[{\"@type\":\"SearchAction\",\"target\":{\"@type\":\"EntryPoint\",\"urlTemplate\":\"https:\/\/www.carpfisher.eu\/shop\/?s={search_term_string}\"},\"query-input\":{\"@type\":\"PropertyValueSpecification\",\"valueRequired\":true,\"valueName\":\"search_term_string\"}}],\"inLanguage\":\"de\"},{\"@type\":\"Organization\",\"@id\":\"https:\/\/www.carpfisher.eu\/shop\/#organization\",\"name\":\"Carpfisher Shop\",\"url\":\"https:\/\/www.carpfisher.eu\/shop\/\",\"logo\":{\"@type\":\"ImageObject\",\"inLanguage\":\"de\",\"@id\":\"https:\/\/www.carpfisher.eu\/shop\/#\/schema\/logo\/image\/\",\"url\":\"https:\/\/www.carpfisher.eu\/shop\/wp-content\/uploads\/2023\/04\/cropped-My-project-1-3.png\",\"contentUrl\":\"https:\/\/www.carpfisher.eu\/shop\/wp-content\/uploads\/2023\/04\/cropped-My-project-1-3.png\",\"width\":2154,\"height\":500,\"caption\":\"Carpfisher Shop\"},\"image\":{\"@id\":\"https:\/\/www.carpfisher.eu\/shop\/#\/schema\/logo\/image\/\"},\"sameAs\":[\"https:\/\/www.facebook.com\/people\/Carpfishereu\/100066936180661\/\"]}]}<\/script>\n<!-- \/ Yoast SEO plugin. -->","yoast_head_json":{"title":"Virtue V-Guard Sunglasses \u2013 Farbe: Stealth Grey\/Silver - Carpfisher Shop","robots":{"index":"index","follow":"follow","max-snippet":"max-snippet:-1","max-image-preview":"max-image-preview:large","max-video-preview":"max-video-preview:-1"},"canonical":"https:\/\/www.carpfisher.eu\/shop\/produkt\/virtue-v-guard-sunglasses-farbe-stealth-grey-silver\/","og_locale":"de_DE","og_type":"article","og_title":"Virtue V-Guard Sunglasses \u2013 Farbe: Stealth Grey\/Silver - Carpfisher Shop","og_description":"Die Virtue V-Guard Sunglasses sind nicht nur extrem stylisch, sondern liefern au\u00dferdem den perfekten Durchblich in jeder Lebenslage. Die Sonnenbrille ist super leicht und sitzt sehr komfortabel. Durch die h\u00f6heren Linsen und die breiten B\u00fcgel sind deine Augen perfekt vor der Sonne gesch\u00fctzt, egal aus welcher Richtung sie kommt. Die Linse selbst bietet 100% UV-Schutz [&hellip;]","og_url":"https:\/\/www.carpfisher.eu\/shop\/produkt\/virtue-v-guard-sunglasses-farbe-stealth-grey-silver\/","og_site_name":"Carpfisher Shop","article_publisher":"https:\/\/www.facebook.com\/people\/Carpfishereu\/100066936180661\/","article_modified_time":"2025-01-18T16:10:04+00:00","og_image":[{"width":1180,"height":1180,"url":"https:\/\/www.carpfisher.eu\/shop\/wp-content\/uploads\/2023\/04\/Stealth1.png","type":"image\/png"}],"twitter_card":"summary_large_image","twitter_misc":{"Gesch\u00e4tzte Lesezeit":"2\u00a0Minuten"},"schema":{"@context":"https:\/\/schema.org","@graph":[{"@type":"WebPage","@id":"https:\/\/www.carpfisher.eu\/shop\/produkt\/virtue-v-guard-sunglasses-farbe-stealth-grey-silver\/","url":"https:\/\/www.carpfisher.eu\/shop\/produkt\/virtue-v-guard-sunglasses-farbe-stealth-grey-silver\/","name":"Virtue V-Guard Sunglasses \u2013 Farbe: Stealth Grey\/Silver - Carpfisher Shop","isPartOf":{"@id":"https:\/\/www.carpfisher.eu\/shop\/#website"},"primaryImageOfPage":{"@id":"https:\/\/www.carpfisher.eu\/shop\/produkt\/virtue-v-guard-sunglasses-farbe-stealth-grey-silver\/#primaryimage"},"image":{"@id":"https:\/\/www.carpfisher.eu\/shop\/produkt\/virtue-v-guard-sunglasses-farbe-stealth-grey-silver\/#primaryimage"},"thumbnailUrl":"https:\/\/www.carpfisher.eu\/shop\/wp-content\/uploads\/2023\/04\/Stealth1.png","datePublished":"2023-04-13T13:04:54+00:00","dateModified":"2025-01-18T16:10:04+00:00","breadcrumb":{"@id":"https:\/\/www.carpfisher.eu\/shop\/produkt\/virtue-v-guard-sunglasses-farbe-stealth-grey-silver\/#breadcrumb"},"inLanguage":"de","potentialAction":[{"@type":"ReadAction","target":["https:\/\/www.carpfisher.eu\/shop\/produkt\/virtue-v-guard-sunglasses-farbe-stealth-grey-silver\/"]}]},{"@type":"ImageObject","inLanguage":"de","@id":"https:\/\/www.carpfisher.eu\/shop\/produkt\/virtue-v-guard-sunglasses-farbe-stealth-grey-silver\/#primaryimage","url":"https:\/\/www.carpfisher.eu\/shop\/wp-content\/uploads\/2023\/04\/Stealth1.png","contentUrl":"https:\/\/www.carpfisher.eu\/shop\/wp-content\/uploads\/2023\/04\/Stealth1.png","width":1180,"height":1180},{"@type":"BreadcrumbList","@id":"https:\/\/www.carpfisher.eu\/shop\/produkt\/virtue-v-guard-sunglasses-farbe-stealth-grey-silver\/#breadcrumb","itemListElement":[{"@type":"ListItem","position":1,"name":"Startseite","item":"https:\/\/www.carpfisher.eu\/shop\/"},{"@type":"ListItem","position":2,"name":"Shop","item":"https:\/\/www.carpfisher.eu\/shop\/shop\/"},{"@type":"ListItem","position":3,"name":"Virtue V-Guard Sunglasses \u2013 Farbe: Stealth Grey\/Silver"}]},{"@type":"WebSite","@id":"https:\/\/www.carpfisher.eu\/shop\/#website","url":"https:\/\/www.carpfisher.eu\/shop\/","name":"Carpfisher Shop","description":"Shop f\u00fcr Karpfenangler, Boilies, Futter, Liquid, PopUps","publisher":{"@id":"https:\/\/www.carpfisher.eu\/shop\/#organization"},"potentialAction":[{"@type":"SearchAction","target":{"@type":"EntryPoint","urlTemplate":"https:\/\/www.carpfisher.eu\/shop\/?s={search_term_string}"},"query-input":{"@type":"PropertyValueSpecification","valueRequired":true,"valueName":"search_term_string"}}],"inLanguage":"de"},{"@type":"Organization","@id":"https:\/\/www.carpfisher.eu\/shop\/#organization","name":"Carpfisher Shop","url":"https:\/\/www.carpfisher.eu\/shop\/","logo":{"@type":"ImageObject","inLanguage":"de","@id":"https:\/\/www.carpfisher.eu\/shop\/#\/schema\/logo\/image\/","url":"https:\/\/www.carpfisher.eu\/shop\/wp-content\/uploads\/2023\/04\/cropped-My-project-1-3.png","contentUrl":"https:\/\/www.carpfisher.eu\/shop\/wp-content\/uploads\/2023\/04\/cropped-My-project-1-3.png","width":2154,"height":500,"caption":"Carpfisher Shop"},"image":{"@id":"https:\/\/www.carpfisher.eu\/shop\/#\/schema\/logo\/image\/"},"sameAs":["https:\/\/www.facebook.com\/people\/Carpfishereu\/100066936180661\/"]}]}},"_links":{"self":[{"href":"https:\/\/www.carpfisher.eu\/shop\/wp-json\/wp\/v2\/product\/403","targetHints":{"allow":["GET"]}}],"collection":[{"href":"https:\/\/www.carpfisher.eu\/shop\/wp-json\/wp\/v2\/product"}],"about":[{"href":"https:\/\/www.carpfisher.eu\/shop\/wp-json\/wp\/v2\/types\/product"}],"wp:featuredmedia":[{"embeddable":true,"href":"https:\/\/www.carpfisher.eu\/shop\/wp-json\/wp\/v2\/media\/544"}],"wp:attachment":[{"href":"https:\/\/www.carpfisher.eu\/shop\/wp-json\/wp\/v2\/media?parent=403"}],"wp:term":[{"taxonomy":"product_brand","embeddable":true,"href":"https:\/\/www.carpfisher.eu\/shop\/wp-json\/wp\/v2\/product_brand?post=403"},{"taxonomy":"product_cat","embeddable":true,"href":"https:\/\/www.carpfisher.eu\/shop\/wp-json\/wp\/v2\/product_cat?post=403"},{"taxonomy":"product_tag","embeddable":true,"href":"https:\/\/www.carpfisher.eu\/shop\/wp-json\/wp\/v2\/product_tag?post=403"}],"curies":[{"name":"wp","href":"https:\/\/api.w.org\/{rel}","templated":true}]}}