{"id":420,"date":"2023-04-13T16:49:28","date_gmt":"2023-04-13T14:49:28","guid":{"rendered":"https:\/\/carpfisher.eu\/shop\/?post_type=product&#038;p=420"},"modified":"2025-01-18T16:58:36","modified_gmt":"2025-01-18T15:58:36","slug":"420","status":"publish","type":"product","link":"https:\/\/www.carpfisher.eu\/shop\/produkt\/420\/","title":{"rendered":"Walther MachTac 1"},"content":{"rendered":"<p>Die Walther MachTac 1 Machete ist eine wundersch\u00f6n geschwungene Machete aus 440A-Stahl.<\/p>\n<p>Die 40cm lange Klinge ist 4,5mm stark und extrem stabil und langlebig. Dank des 440A-Stahls h\u00e4lt die Machete ihre Schnittsch\u00e4rfe sehr gut und kann bei Bedarf problemlos nachgesch\u00e4rft werden.<\/p>\n<p>Die MachTac 1 ist eine einh\u00e4ndige Machete mit einem ca. 15cm langen Griff aus rutschfestem Polymer mit TPR-Einlagen. Dadurch liegt die Machete stest gut in der Hand, selbst wenn man einmal nasse H\u00e4nde hat.<\/p>\n<p>Die Walther MachTac 1 wird in einer praktischen und cleveren Nylonscheide geliefert. Dieser erlaubt das schnelle Ziehen und wieder Verstauen der Machete. Durch einen Druckknopf kann diese zus\u00e4tzlich in der Scheide fixiert werden. So kannst Du die Machete ganz einfach am G\u00fcrtel fixieren und hast sie immer griffbereit.<\/p>\n<p>So steht dir nichts mehr im Wege, was deine MachTac 1 nicht \u00fcberwinden kann!<\/p>\n<p>&nbsp;<\/p>\n<div class=\"col-lg-5 col-lg-offset-1 col-md-6 col-md-push-6\">\n<div class=\"visible-md visible-lg\">\n<table class=\"table table-striped td-table\">\n<tbody>\n<tr>\n<td class=\"text-left\">Klingenl\u00e4nge<\/td>\n<th class=\"text-left\">400 mm<\/th>\n<\/tr>\n<tr>\n<td class=\"text-left\">Gesamtl\u00e4nge<\/td>\n<th class=\"text-left\">550 mm<\/th>\n<\/tr>\n<tr>\n<td class=\"text-left\">Klingenst\u00e4rke<\/td>\n<th class=\"text-left\">4,5 mm<\/th>\n<\/tr>\n<tr>\n<td class=\"text-left\">Gewicht<\/td>\n<th class=\"text-left\">765 g<\/th>\n<\/tr>\n<tr>\n<td class=\"text-left\">Klingenform<\/td>\n<th class=\"text-left\">Machete<\/th>\n<\/tr>\n<tr>\n<td class=\"text-left\">Klingenmaterial<\/td>\n<th class=\"text-left\">440A<\/th>\n<\/tr>\n<tr>\n<td class=\"text-left\">Griffmaterial<\/td>\n<th class=\"text-left\">TPR<\/th>\n<\/tr>\n<tr>\n<td class=\"text-left\">Arretierung<\/td>\n<th class=\"text-left\">feststehend<\/th>\n<\/tr>\n<\/tbody>\n<\/table>\n<\/div>\n<\/div>\n<div class=\"ux-mb-50\"><\/div>\n","protected":false},"excerpt":{"rendered":"<p>Die Walther MachTac 1 Machete ist eine wundersch\u00f6n geschwungene Machete aus 440A-Stahl. Die 40cm lange Klinge ist 4,5mm stark und extrem stabil und langlebig. Dank des 440A-Stahls h\u00e4lt die Machete ihre Schnittsch\u00e4rfe sehr gut und kann bei Bedarf problemlos nachgesch\u00e4rft werden. Die MachTac 1 ist eine einh\u00e4ndige Machete mit einem ca. 15cm langen Griff aus [&hellip;]<\/p>\n","protected":false},"featured_media":546,"template":"","meta":{"sfsi_plus_gutenberg_text_before_share":"","sfsi_plus_gutenberg_show_text_before_share":"","sfsi_plus_gutenberg_icon_type":"","sfsi_plus_gutenberg_icon_alignemt":"","sfsi_plus_gutenburg_max_per_row":""},"product_brand":[],"product_cat":[30,27],"product_tag":[],"class_list":{"0":"post-420","1":"product","2":"type-product","3":"status-publish","4":"has-post-thumbnail","6":"product_cat-messer-machete-axt","7":"product_cat-outdoor","9":"first","10":"instock","11":"taxable","12":"shipping-taxable","13":"purchasable","14":"product-type-simple"},"yoast_head":"<!-- This site is optimized with the Yoast SEO plugin v27.2 - https:\/\/yoast.com\/product\/yoast-seo-wordpress\/ -->\n<title>Walther MachTac 1 - Carpfisher Shop<\/title>\n<meta name=\"robots\" content=\"index, follow, max-snippet:-1, max-image-preview:large, max-video-preview:-1\" \/>\n<link rel=\"canonical\" href=\"https:\/\/www.carpfisher.eu\/shop\/produkt\/420\/\" \/>\n<meta property=\"og:locale\" content=\"de_DE\" \/>\n<meta property=\"og:type\" content=\"article\" \/>\n<meta property=\"og:title\" content=\"Walther MachTac 1 - Carpfisher Shop\" \/>\n<meta property=\"og:description\" content=\"Die Walther MachTac 1 Machete ist eine wundersch\u00f6n geschwungene Machete aus 440A-Stahl. Die 40cm lange Klinge ist 4,5mm stark und extrem stabil und langlebig. Dank des 440A-Stahls h\u00e4lt die Machete ihre Schnittsch\u00e4rfe sehr gut und kann bei Bedarf problemlos nachgesch\u00e4rft werden. Die MachTac 1 ist eine einh\u00e4ndige Machete mit einem ca. 15cm langen Griff aus [&hellip;]\" \/>\n<meta property=\"og:url\" content=\"https:\/\/www.carpfisher.eu\/shop\/produkt\/420\/\" \/>\n<meta property=\"og:site_name\" content=\"Carpfisher Shop\" \/>\n<meta property=\"article:publisher\" content=\"https:\/\/www.facebook.com\/people\/Carpfishereu\/100066936180661\/\" \/>\n<meta property=\"article:modified_time\" content=\"2025-01-18T15:58:36+00:00\" \/>\n<meta property=\"og:image\" content=\"https:\/\/www.carpfisher.eu\/shop\/wp-content\/uploads\/2023\/04\/Walther-Mach-Tac.png\" \/>\n\t<meta property=\"og:image:width\" content=\"1180\" \/>\n\t<meta property=\"og:image:height\" content=\"1180\" \/>\n\t<meta property=\"og:image:type\" content=\"image\/png\" \/>\n<meta name=\"twitter:card\" content=\"summary_large_image\" \/>\n<meta name=\"twitter:label1\" content=\"Gesch\u00e4tzte Lesezeit\" \/>\n\t<meta name=\"twitter:data1\" content=\"2\u00a0Minuten\" \/>\n<script type=\"application\/ld+json\" class=\"yoast-schema-graph\">{\"@context\":\"https:\/\/schema.org\",\"@graph\":[{\"@type\":\"WebPage\",\"@id\":\"https:\/\/www.carpfisher.eu\/shop\/produkt\/420\/\",\"url\":\"https:\/\/www.carpfisher.eu\/shop\/produkt\/420\/\",\"name\":\"Walther MachTac 1 - Carpfisher Shop\",\"isPartOf\":{\"@id\":\"https:\/\/www.carpfisher.eu\/shop\/#website\"},\"primaryImageOfPage\":{\"@id\":\"https:\/\/www.carpfisher.eu\/shop\/produkt\/420\/#primaryimage\"},\"image\":{\"@id\":\"https:\/\/www.carpfisher.eu\/shop\/produkt\/420\/#primaryimage\"},\"thumbnailUrl\":\"https:\/\/www.carpfisher.eu\/shop\/wp-content\/uploads\/2023\/04\/Walther-Mach-Tac.png\",\"datePublished\":\"2023-04-13T14:49:28+00:00\",\"dateModified\":\"2025-01-18T15:58:36+00:00\",\"breadcrumb\":{\"@id\":\"https:\/\/www.carpfisher.eu\/shop\/produkt\/420\/#breadcrumb\"},\"inLanguage\":\"de\",\"potentialAction\":[{\"@type\":\"ReadAction\",\"target\":[\"https:\/\/www.carpfisher.eu\/shop\/produkt\/420\/\"]}]},{\"@type\":\"ImageObject\",\"inLanguage\":\"de\",\"@id\":\"https:\/\/www.carpfisher.eu\/shop\/produkt\/420\/#primaryimage\",\"url\":\"https:\/\/www.carpfisher.eu\/shop\/wp-content\/uploads\/2023\/04\/Walther-Mach-Tac.png\",\"contentUrl\":\"https:\/\/www.carpfisher.eu\/shop\/wp-content\/uploads\/2023\/04\/Walther-Mach-Tac.png\",\"width\":1180,\"height\":1180},{\"@type\":\"BreadcrumbList\",\"@id\":\"https:\/\/www.carpfisher.eu\/shop\/produkt\/420\/#breadcrumb\",\"itemListElement\":[{\"@type\":\"ListItem\",\"position\":1,\"name\":\"Startseite\",\"item\":\"https:\/\/www.carpfisher.eu\/shop\/\"},{\"@type\":\"ListItem\",\"position\":2,\"name\":\"Shop\",\"item\":\"https:\/\/www.carpfisher.eu\/shop\/shop\/\"},{\"@type\":\"ListItem\",\"position\":3,\"name\":\"Walther MachTac 1\"}]},{\"@type\":\"WebSite\",\"@id\":\"https:\/\/www.carpfisher.eu\/shop\/#website\",\"url\":\"https:\/\/www.carpfisher.eu\/shop\/\",\"name\":\"Carpfisher Shop\",\"description\":\"Shop f\u00fcr Karpfenangler, Boilies, Futter, Liquid, PopUps\",\"publisher\":{\"@id\":\"https:\/\/www.carpfisher.eu\/shop\/#organization\"},\"potentialAction\":[{\"@type\":\"SearchAction\",\"target\":{\"@type\":\"EntryPoint\",\"urlTemplate\":\"https:\/\/www.carpfisher.eu\/shop\/?s={search_term_string}\"},\"query-input\":{\"@type\":\"PropertyValueSpecification\",\"valueRequired\":true,\"valueName\":\"search_term_string\"}}],\"inLanguage\":\"de\"},{\"@type\":\"Organization\",\"@id\":\"https:\/\/www.carpfisher.eu\/shop\/#organization\",\"name\":\"Carpfisher Shop\",\"url\":\"https:\/\/www.carpfisher.eu\/shop\/\",\"logo\":{\"@type\":\"ImageObject\",\"inLanguage\":\"de\",\"@id\":\"https:\/\/www.carpfisher.eu\/shop\/#\/schema\/logo\/image\/\",\"url\":\"https:\/\/www.carpfisher.eu\/shop\/wp-content\/uploads\/2023\/04\/cropped-My-project-1-3.png\",\"contentUrl\":\"https:\/\/www.carpfisher.eu\/shop\/wp-content\/uploads\/2023\/04\/cropped-My-project-1-3.png\",\"width\":2154,\"height\":500,\"caption\":\"Carpfisher Shop\"},\"image\":{\"@id\":\"https:\/\/www.carpfisher.eu\/shop\/#\/schema\/logo\/image\/\"},\"sameAs\":[\"https:\/\/www.facebook.com\/people\/Carpfishereu\/100066936180661\/\"]}]}<\/script>\n<!-- \/ Yoast SEO plugin. -->","yoast_head_json":{"title":"Walther MachTac 1 - Carpfisher Shop","robots":{"index":"index","follow":"follow","max-snippet":"max-snippet:-1","max-image-preview":"max-image-preview:large","max-video-preview":"max-video-preview:-1"},"canonical":"https:\/\/www.carpfisher.eu\/shop\/produkt\/420\/","og_locale":"de_DE","og_type":"article","og_title":"Walther MachTac 1 - Carpfisher Shop","og_description":"Die Walther MachTac 1 Machete ist eine wundersch\u00f6n geschwungene Machete aus 440A-Stahl. Die 40cm lange Klinge ist 4,5mm stark und extrem stabil und langlebig. Dank des 440A-Stahls h\u00e4lt die Machete ihre Schnittsch\u00e4rfe sehr gut und kann bei Bedarf problemlos nachgesch\u00e4rft werden. Die MachTac 1 ist eine einh\u00e4ndige Machete mit einem ca. 15cm langen Griff aus [&hellip;]","og_url":"https:\/\/www.carpfisher.eu\/shop\/produkt\/420\/","og_site_name":"Carpfisher Shop","article_publisher":"https:\/\/www.facebook.com\/people\/Carpfishereu\/100066936180661\/","article_modified_time":"2025-01-18T15:58:36+00:00","og_image":[{"width":1180,"height":1180,"url":"https:\/\/www.carpfisher.eu\/shop\/wp-content\/uploads\/2023\/04\/Walther-Mach-Tac.png","type":"image\/png"}],"twitter_card":"summary_large_image","twitter_misc":{"Gesch\u00e4tzte Lesezeit":"2\u00a0Minuten"},"schema":{"@context":"https:\/\/schema.org","@graph":[{"@type":"WebPage","@id":"https:\/\/www.carpfisher.eu\/shop\/produkt\/420\/","url":"https:\/\/www.carpfisher.eu\/shop\/produkt\/420\/","name":"Walther MachTac 1 - Carpfisher Shop","isPartOf":{"@id":"https:\/\/www.carpfisher.eu\/shop\/#website"},"primaryImageOfPage":{"@id":"https:\/\/www.carpfisher.eu\/shop\/produkt\/420\/#primaryimage"},"image":{"@id":"https:\/\/www.carpfisher.eu\/shop\/produkt\/420\/#primaryimage"},"thumbnailUrl":"https:\/\/www.carpfisher.eu\/shop\/wp-content\/uploads\/2023\/04\/Walther-Mach-Tac.png","datePublished":"2023-04-13T14:49:28+00:00","dateModified":"2025-01-18T15:58:36+00:00","breadcrumb":{"@id":"https:\/\/www.carpfisher.eu\/shop\/produkt\/420\/#breadcrumb"},"inLanguage":"de","potentialAction":[{"@type":"ReadAction","target":["https:\/\/www.carpfisher.eu\/shop\/produkt\/420\/"]}]},{"@type":"ImageObject","inLanguage":"de","@id":"https:\/\/www.carpfisher.eu\/shop\/produkt\/420\/#primaryimage","url":"https:\/\/www.carpfisher.eu\/shop\/wp-content\/uploads\/2023\/04\/Walther-Mach-Tac.png","contentUrl":"https:\/\/www.carpfisher.eu\/shop\/wp-content\/uploads\/2023\/04\/Walther-Mach-Tac.png","width":1180,"height":1180},{"@type":"BreadcrumbList","@id":"https:\/\/www.carpfisher.eu\/shop\/produkt\/420\/#breadcrumb","itemListElement":[{"@type":"ListItem","position":1,"name":"Startseite","item":"https:\/\/www.carpfisher.eu\/shop\/"},{"@type":"ListItem","position":2,"name":"Shop","item":"https:\/\/www.carpfisher.eu\/shop\/shop\/"},{"@type":"ListItem","position":3,"name":"Walther MachTac 1"}]},{"@type":"WebSite","@id":"https:\/\/www.carpfisher.eu\/shop\/#website","url":"https:\/\/www.carpfisher.eu\/shop\/","name":"Carpfisher Shop","description":"Shop f\u00fcr Karpfenangler, Boilies, Futter, Liquid, PopUps","publisher":{"@id":"https:\/\/www.carpfisher.eu\/shop\/#organization"},"potentialAction":[{"@type":"SearchAction","target":{"@type":"EntryPoint","urlTemplate":"https:\/\/www.carpfisher.eu\/shop\/?s={search_term_string}"},"query-input":{"@type":"PropertyValueSpecification","valueRequired":true,"valueName":"search_term_string"}}],"inLanguage":"de"},{"@type":"Organization","@id":"https:\/\/www.carpfisher.eu\/shop\/#organization","name":"Carpfisher Shop","url":"https:\/\/www.carpfisher.eu\/shop\/","logo":{"@type":"ImageObject","inLanguage":"de","@id":"https:\/\/www.carpfisher.eu\/shop\/#\/schema\/logo\/image\/","url":"https:\/\/www.carpfisher.eu\/shop\/wp-content\/uploads\/2023\/04\/cropped-My-project-1-3.png","contentUrl":"https:\/\/www.carpfisher.eu\/shop\/wp-content\/uploads\/2023\/04\/cropped-My-project-1-3.png","width":2154,"height":500,"caption":"Carpfisher Shop"},"image":{"@id":"https:\/\/www.carpfisher.eu\/shop\/#\/schema\/logo\/image\/"},"sameAs":["https:\/\/www.facebook.com\/people\/Carpfishereu\/100066936180661\/"]}]}},"_links":{"self":[{"href":"https:\/\/www.carpfisher.eu\/shop\/wp-json\/wp\/v2\/product\/420","targetHints":{"allow":["GET"]}}],"collection":[{"href":"https:\/\/www.carpfisher.eu\/shop\/wp-json\/wp\/v2\/product"}],"about":[{"href":"https:\/\/www.carpfisher.eu\/shop\/wp-json\/wp\/v2\/types\/product"}],"wp:featuredmedia":[{"embeddable":true,"href":"https:\/\/www.carpfisher.eu\/shop\/wp-json\/wp\/v2\/media\/546"}],"wp:attachment":[{"href":"https:\/\/www.carpfisher.eu\/shop\/wp-json\/wp\/v2\/media?parent=420"}],"wp:term":[{"taxonomy":"product_brand","embeddable":true,"href":"https:\/\/www.carpfisher.eu\/shop\/wp-json\/wp\/v2\/product_brand?post=420"},{"taxonomy":"product_cat","embeddable":true,"href":"https:\/\/www.carpfisher.eu\/shop\/wp-json\/wp\/v2\/product_cat?post=420"},{"taxonomy":"product_tag","embeddable":true,"href":"https:\/\/www.carpfisher.eu\/shop\/wp-json\/wp\/v2\/product_tag?post=420"}],"curies":[{"name":"wp","href":"https:\/\/api.w.org\/{rel}","templated":true}]}}