{"id":460,"date":"2023-04-14T10:51:30","date_gmt":"2023-04-14T08:51:30","guid":{"rendered":"https:\/\/carpfisher.eu\/shop\/?post_type=product&#038;p=460"},"modified":"2025-10-11T14:24:21","modified_gmt":"2025-10-11T12:24:21","slug":"eimer-10l-farbe-camo-muster","status":"publish","type":"product","link":"https:\/\/www.carpfisher.eu\/shop\/produkt\/eimer-10l-farbe-camo-muster\/","title":{"rendered":"Eimer 10L &#8211; Farbe: Camo Muster"},"content":{"rendered":"<p>Ein neutraler Eimer ohne Firmenwerbe Aufdruck!<\/p>\n<p>Mit Henkel und sehr dicht verschlie\u00dfbarem Deckel.<\/p>\n<p>Camo Muster!<\/p>\n<p>Ein K\u00fcbel f\u00fcr Angelfutter oder Zubeh\u00f6r, der dicht h\u00e4lt und stabil gebaut ist, au\u00dferdem ist er sehr gut stapelbar und nimmt mit seiner eckigen Form nicht so viel Platz ein, wie ein runder Eimer.<\/p>\n<p>10 Liter Fassungsverm\u00f6gen.<\/p>\n","protected":false},"excerpt":{"rendered":"<p>Ein neutraler Eimer ohne Firmenwerbe Aufdruck! Mit Henkel und sehr dicht verschlie\u00dfbarem Deckel. Camo Muster! Ein K\u00fcbel f\u00fcr Angelfutter oder Zubeh\u00f6r, der dicht h\u00e4lt und stabil gebaut ist, au\u00dferdem ist er sehr gut stapelbar und nimmt mit seiner eckigen Form nicht so viel Platz ein, wie ein runder Eimer. 10 Liter Fassungsverm\u00f6gen.<\/p>\n","protected":false},"featured_media":792,"template":"","meta":{"sfsi_plus_gutenberg_text_before_share":"","sfsi_plus_gutenberg_show_text_before_share":"","sfsi_plus_gutenberg_icon_type":"","sfsi_plus_gutenberg_icon_alignemt":"","sfsi_plus_gutenburg_max_per_row":""},"product_brand":[],"product_cat":[36],"product_tag":[],"class_list":{"0":"post-460","1":"product","2":"type-product","3":"status-publish","4":"has-post-thumbnail","6":"product_cat-eimer","8":"first","9":"instock","10":"taxable","11":"shipping-taxable","12":"purchasable","13":"product-type-simple"},"yoast_head":"<!-- This site is optimized with the Yoast SEO plugin v27.2 - https:\/\/yoast.com\/product\/yoast-seo-wordpress\/ -->\n<title>Eimer 10L - Farbe: Camo Muster - Carpfisher Shop<\/title>\n<meta name=\"robots\" content=\"index, follow, max-snippet:-1, max-image-preview:large, max-video-preview:-1\" \/>\n<link rel=\"canonical\" href=\"https:\/\/www.carpfisher.eu\/shop\/produkt\/eimer-10l-farbe-camo-muster\/\" \/>\n<meta property=\"og:locale\" content=\"de_DE\" \/>\n<meta property=\"og:type\" content=\"article\" \/>\n<meta property=\"og:title\" content=\"Eimer 10L - Farbe: Camo Muster - Carpfisher Shop\" \/>\n<meta property=\"og:description\" content=\"Ein neutraler Eimer ohne Firmenwerbe Aufdruck! Mit Henkel und sehr dicht verschlie\u00dfbarem Deckel. Camo Muster! Ein K\u00fcbel f\u00fcr Angelfutter oder Zubeh\u00f6r, der dicht h\u00e4lt und stabil gebaut ist, au\u00dferdem ist er sehr gut stapelbar und nimmt mit seiner eckigen Form nicht so viel Platz ein, wie ein runder Eimer. 10 Liter Fassungsverm\u00f6gen.\" \/>\n<meta property=\"og:url\" content=\"https:\/\/www.carpfisher.eu\/shop\/produkt\/eimer-10l-farbe-camo-muster\/\" \/>\n<meta property=\"og:site_name\" content=\"Carpfisher Shop\" \/>\n<meta property=\"article:publisher\" content=\"https:\/\/www.facebook.com\/people\/Carpfishereu\/100066936180661\/\" \/>\n<meta property=\"article:modified_time\" content=\"2025-10-11T12:24:21+00:00\" \/>\n<meta property=\"og:image\" content=\"https:\/\/www.carpfisher.eu\/shop\/wp-content\/uploads\/2023\/04\/Eimer-10l-camo-front-1.png\" \/>\n\t<meta property=\"og:image:width\" content=\"1080\" \/>\n\t<meta property=\"og:image:height\" content=\"1080\" \/>\n\t<meta property=\"og:image:type\" content=\"image\/png\" \/>\n<meta name=\"twitter:card\" content=\"summary_large_image\" \/>\n<meta name=\"twitter:label1\" content=\"Gesch\u00e4tzte Lesezeit\" \/>\n\t<meta name=\"twitter:data1\" content=\"1\u00a0Minute\" \/>\n<script type=\"application\/ld+json\" class=\"yoast-schema-graph\">{\"@context\":\"https:\/\/schema.org\",\"@graph\":[{\"@type\":\"WebPage\",\"@id\":\"https:\/\/www.carpfisher.eu\/shop\/produkt\/eimer-10l-farbe-camo-muster\/\",\"url\":\"https:\/\/www.carpfisher.eu\/shop\/produkt\/eimer-10l-farbe-camo-muster\/\",\"name\":\"Eimer 10L - Farbe: Camo Muster - Carpfisher Shop\",\"isPartOf\":{\"@id\":\"https:\/\/www.carpfisher.eu\/shop\/#website\"},\"primaryImageOfPage\":{\"@id\":\"https:\/\/www.carpfisher.eu\/shop\/produkt\/eimer-10l-farbe-camo-muster\/#primaryimage\"},\"image\":{\"@id\":\"https:\/\/www.carpfisher.eu\/shop\/produkt\/eimer-10l-farbe-camo-muster\/#primaryimage\"},\"thumbnailUrl\":\"https:\/\/www.carpfisher.eu\/shop\/wp-content\/uploads\/2023\/04\/Eimer-10l-camo-front-1.png\",\"datePublished\":\"2023-04-14T08:51:30+00:00\",\"dateModified\":\"2025-10-11T12:24:21+00:00\",\"breadcrumb\":{\"@id\":\"https:\/\/www.carpfisher.eu\/shop\/produkt\/eimer-10l-farbe-camo-muster\/#breadcrumb\"},\"inLanguage\":\"de\",\"potentialAction\":[{\"@type\":\"ReadAction\",\"target\":[\"https:\/\/www.carpfisher.eu\/shop\/produkt\/eimer-10l-farbe-camo-muster\/\"]}]},{\"@type\":\"ImageObject\",\"inLanguage\":\"de\",\"@id\":\"https:\/\/www.carpfisher.eu\/shop\/produkt\/eimer-10l-farbe-camo-muster\/#primaryimage\",\"url\":\"https:\/\/www.carpfisher.eu\/shop\/wp-content\/uploads\/2023\/04\/Eimer-10l-camo-front-1.png\",\"contentUrl\":\"https:\/\/www.carpfisher.eu\/shop\/wp-content\/uploads\/2023\/04\/Eimer-10l-camo-front-1.png\",\"width\":1080,\"height\":1080},{\"@type\":\"BreadcrumbList\",\"@id\":\"https:\/\/www.carpfisher.eu\/shop\/produkt\/eimer-10l-farbe-camo-muster\/#breadcrumb\",\"itemListElement\":[{\"@type\":\"ListItem\",\"position\":1,\"name\":\"Startseite\",\"item\":\"https:\/\/www.carpfisher.eu\/shop\/\"},{\"@type\":\"ListItem\",\"position\":2,\"name\":\"Shop\",\"item\":\"https:\/\/www.carpfisher.eu\/shop\/shop\/\"},{\"@type\":\"ListItem\",\"position\":3,\"name\":\"Eimer 10L &#8211; Farbe: Camo Muster\"}]},{\"@type\":\"WebSite\",\"@id\":\"https:\/\/www.carpfisher.eu\/shop\/#website\",\"url\":\"https:\/\/www.carpfisher.eu\/shop\/\",\"name\":\"Carpfisher Shop\",\"description\":\"Shop f\u00fcr Karpfenangler, Boilies, Futter, Liquid, PopUps\",\"publisher\":{\"@id\":\"https:\/\/www.carpfisher.eu\/shop\/#organization\"},\"potentialAction\":[{\"@type\":\"SearchAction\",\"target\":{\"@type\":\"EntryPoint\",\"urlTemplate\":\"https:\/\/www.carpfisher.eu\/shop\/?s={search_term_string}\"},\"query-input\":{\"@type\":\"PropertyValueSpecification\",\"valueRequired\":true,\"valueName\":\"search_term_string\"}}],\"inLanguage\":\"de\"},{\"@type\":\"Organization\",\"@id\":\"https:\/\/www.carpfisher.eu\/shop\/#organization\",\"name\":\"Carpfisher Shop\",\"url\":\"https:\/\/www.carpfisher.eu\/shop\/\",\"logo\":{\"@type\":\"ImageObject\",\"inLanguage\":\"de\",\"@id\":\"https:\/\/www.carpfisher.eu\/shop\/#\/schema\/logo\/image\/\",\"url\":\"https:\/\/www.carpfisher.eu\/shop\/wp-content\/uploads\/2023\/04\/cropped-My-project-1-3.png\",\"contentUrl\":\"https:\/\/www.carpfisher.eu\/shop\/wp-content\/uploads\/2023\/04\/cropped-My-project-1-3.png\",\"width\":2154,\"height\":500,\"caption\":\"Carpfisher Shop\"},\"image\":{\"@id\":\"https:\/\/www.carpfisher.eu\/shop\/#\/schema\/logo\/image\/\"},\"sameAs\":[\"https:\/\/www.facebook.com\/people\/Carpfishereu\/100066936180661\/\"]}]}<\/script>\n<!-- \/ Yoast SEO plugin. -->","yoast_head_json":{"title":"Eimer 10L - Farbe: Camo Muster - Carpfisher Shop","robots":{"index":"index","follow":"follow","max-snippet":"max-snippet:-1","max-image-preview":"max-image-preview:large","max-video-preview":"max-video-preview:-1"},"canonical":"https:\/\/www.carpfisher.eu\/shop\/produkt\/eimer-10l-farbe-camo-muster\/","og_locale":"de_DE","og_type":"article","og_title":"Eimer 10L - Farbe: Camo Muster - Carpfisher Shop","og_description":"Ein neutraler Eimer ohne Firmenwerbe Aufdruck! Mit Henkel und sehr dicht verschlie\u00dfbarem Deckel. Camo Muster! Ein K\u00fcbel f\u00fcr Angelfutter oder Zubeh\u00f6r, der dicht h\u00e4lt und stabil gebaut ist, au\u00dferdem ist er sehr gut stapelbar und nimmt mit seiner eckigen Form nicht so viel Platz ein, wie ein runder Eimer. 10 Liter Fassungsverm\u00f6gen.","og_url":"https:\/\/www.carpfisher.eu\/shop\/produkt\/eimer-10l-farbe-camo-muster\/","og_site_name":"Carpfisher Shop","article_publisher":"https:\/\/www.facebook.com\/people\/Carpfishereu\/100066936180661\/","article_modified_time":"2025-10-11T12:24:21+00:00","og_image":[{"width":1080,"height":1080,"url":"https:\/\/www.carpfisher.eu\/shop\/wp-content\/uploads\/2023\/04\/Eimer-10l-camo-front-1.png","type":"image\/png"}],"twitter_card":"summary_large_image","twitter_misc":{"Gesch\u00e4tzte Lesezeit":"1\u00a0Minute"},"schema":{"@context":"https:\/\/schema.org","@graph":[{"@type":"WebPage","@id":"https:\/\/www.carpfisher.eu\/shop\/produkt\/eimer-10l-farbe-camo-muster\/","url":"https:\/\/www.carpfisher.eu\/shop\/produkt\/eimer-10l-farbe-camo-muster\/","name":"Eimer 10L - Farbe: Camo Muster - Carpfisher Shop","isPartOf":{"@id":"https:\/\/www.carpfisher.eu\/shop\/#website"},"primaryImageOfPage":{"@id":"https:\/\/www.carpfisher.eu\/shop\/produkt\/eimer-10l-farbe-camo-muster\/#primaryimage"},"image":{"@id":"https:\/\/www.carpfisher.eu\/shop\/produkt\/eimer-10l-farbe-camo-muster\/#primaryimage"},"thumbnailUrl":"https:\/\/www.carpfisher.eu\/shop\/wp-content\/uploads\/2023\/04\/Eimer-10l-camo-front-1.png","datePublished":"2023-04-14T08:51:30+00:00","dateModified":"2025-10-11T12:24:21+00:00","breadcrumb":{"@id":"https:\/\/www.carpfisher.eu\/shop\/produkt\/eimer-10l-farbe-camo-muster\/#breadcrumb"},"inLanguage":"de","potentialAction":[{"@type":"ReadAction","target":["https:\/\/www.carpfisher.eu\/shop\/produkt\/eimer-10l-farbe-camo-muster\/"]}]},{"@type":"ImageObject","inLanguage":"de","@id":"https:\/\/www.carpfisher.eu\/shop\/produkt\/eimer-10l-farbe-camo-muster\/#primaryimage","url":"https:\/\/www.carpfisher.eu\/shop\/wp-content\/uploads\/2023\/04\/Eimer-10l-camo-front-1.png","contentUrl":"https:\/\/www.carpfisher.eu\/shop\/wp-content\/uploads\/2023\/04\/Eimer-10l-camo-front-1.png","width":1080,"height":1080},{"@type":"BreadcrumbList","@id":"https:\/\/www.carpfisher.eu\/shop\/produkt\/eimer-10l-farbe-camo-muster\/#breadcrumb","itemListElement":[{"@type":"ListItem","position":1,"name":"Startseite","item":"https:\/\/www.carpfisher.eu\/shop\/"},{"@type":"ListItem","position":2,"name":"Shop","item":"https:\/\/www.carpfisher.eu\/shop\/shop\/"},{"@type":"ListItem","position":3,"name":"Eimer 10L &#8211; Farbe: Camo Muster"}]},{"@type":"WebSite","@id":"https:\/\/www.carpfisher.eu\/shop\/#website","url":"https:\/\/www.carpfisher.eu\/shop\/","name":"Carpfisher Shop","description":"Shop f\u00fcr Karpfenangler, Boilies, Futter, Liquid, PopUps","publisher":{"@id":"https:\/\/www.carpfisher.eu\/shop\/#organization"},"potentialAction":[{"@type":"SearchAction","target":{"@type":"EntryPoint","urlTemplate":"https:\/\/www.carpfisher.eu\/shop\/?s={search_term_string}"},"query-input":{"@type":"PropertyValueSpecification","valueRequired":true,"valueName":"search_term_string"}}],"inLanguage":"de"},{"@type":"Organization","@id":"https:\/\/www.carpfisher.eu\/shop\/#organization","name":"Carpfisher Shop","url":"https:\/\/www.carpfisher.eu\/shop\/","logo":{"@type":"ImageObject","inLanguage":"de","@id":"https:\/\/www.carpfisher.eu\/shop\/#\/schema\/logo\/image\/","url":"https:\/\/www.carpfisher.eu\/shop\/wp-content\/uploads\/2023\/04\/cropped-My-project-1-3.png","contentUrl":"https:\/\/www.carpfisher.eu\/shop\/wp-content\/uploads\/2023\/04\/cropped-My-project-1-3.png","width":2154,"height":500,"caption":"Carpfisher Shop"},"image":{"@id":"https:\/\/www.carpfisher.eu\/shop\/#\/schema\/logo\/image\/"},"sameAs":["https:\/\/www.facebook.com\/people\/Carpfishereu\/100066936180661\/"]}]}},"_links":{"self":[{"href":"https:\/\/www.carpfisher.eu\/shop\/wp-json\/wp\/v2\/product\/460","targetHints":{"allow":["GET"]}}],"collection":[{"href":"https:\/\/www.carpfisher.eu\/shop\/wp-json\/wp\/v2\/product"}],"about":[{"href":"https:\/\/www.carpfisher.eu\/shop\/wp-json\/wp\/v2\/types\/product"}],"wp:featuredmedia":[{"embeddable":true,"href":"https:\/\/www.carpfisher.eu\/shop\/wp-json\/wp\/v2\/media\/792"}],"wp:attachment":[{"href":"https:\/\/www.carpfisher.eu\/shop\/wp-json\/wp\/v2\/media?parent=460"}],"wp:term":[{"taxonomy":"product_brand","embeddable":true,"href":"https:\/\/www.carpfisher.eu\/shop\/wp-json\/wp\/v2\/product_brand?post=460"},{"taxonomy":"product_cat","embeddable":true,"href":"https:\/\/www.carpfisher.eu\/shop\/wp-json\/wp\/v2\/product_cat?post=460"},{"taxonomy":"product_tag","embeddable":true,"href":"https:\/\/www.carpfisher.eu\/shop\/wp-json\/wp\/v2\/product_tag?post=460"}],"curies":[{"name":"wp","href":"https:\/\/api.w.org\/{rel}","templated":true}]}}