{"id":478,"date":"2023-04-14T17:37:01","date_gmt":"2023-04-14T15:37:01","guid":{"rendered":"https:\/\/carpfisher.eu\/shop\/?post_type=product&#038;p=478"},"modified":"2025-05-10T15:59:47","modified_gmt":"2025-05-10T13:59:47","slug":"klappspaten","status":"publish","type":"product","link":"https:\/\/www.carpfisher.eu\/shop\/produkt\/klappspaten\/","title":{"rendered":"Klappspaten: &#8222;Kackspaten&#8220;"},"content":{"rendered":"<p>Der Griff und das Spatenblatt bestehen aus robustem, beschichteten Stahl. Der Klappspaten ist auch als Hacke verwendbar und das Spatenblatt verf\u00fcgt \u00fcber eine S\u00e4gezahnung an einer Kannte. Selbstverst\u00e4ndlich ist auch eine Trittkante an der Spatenblatt Oberseite vorhanden.<\/p>\n<p><strong>PERFEKT, um eure Kacke zu vergraben!\u00a0<\/strong><\/p>\n<p>Der Spaten ist vollst\u00e4ndig einklappbar und wird mit einem Schraubdrehverschluss fixiert. Die Spatentasche ist aus dickem Kunststoff und h\u00e4lt ewig &#8211; ebenso wie der Spaten, den verwende ich bereits seit mehr als 20 Jahren!<\/p>\n<p>Mein Tipp f\u00fcr die Praxis: bei sehr nassem Wetter bitte einfach Speise\u00f6l oder anderes \u00d6l auf die Gewindeg\u00e4nge des Schraubmechanismus auftragen. Auch das Spatenblatt kann so vor Rost gesch\u00fctzt werden. Mit ein wenig Pflege h\u00e4lt dieser Spaten ein Anglerleben lang!<\/p>\n<p>Blattgr\u00f6\u00dfe: ca. 21 cm x 14,5 cm<br \/>\nGesamtl\u00e4nge: ca. 58 cm<br \/>\nPackma\u00df: ca. 25 x 18 x 7 cm<br \/>\nGewicht mit Tasche: ca. 1,22 kg<\/p>\n","protected":false},"excerpt":{"rendered":"<p>Der Griff und das Spatenblatt bestehen aus robustem, beschichteten Stahl. Der Klappspaten ist auch als Hacke verwendbar und das Spatenblatt verf\u00fcgt \u00fcber eine S\u00e4gezahnung an einer Kannte. Selbstverst\u00e4ndlich ist auch eine Trittkante an der Spatenblatt Oberseite vorhanden. PERFEKT, um eure Kacke zu vergraben!\u00a0 Der Spaten ist vollst\u00e4ndig einklappbar und wird mit einem Schraubdrehverschluss fixiert. Die [&hellip;]<\/p>\n","protected":false},"featured_media":484,"template":"","meta":{"sfsi_plus_gutenberg_text_before_share":"","sfsi_plus_gutenberg_show_text_before_share":"","sfsi_plus_gutenberg_icon_type":"","sfsi_plus_gutenberg_icon_alignemt":"","sfsi_plus_gutenburg_max_per_row":""},"product_brand":[],"product_cat":[30],"product_tag":[],"class_list":{"0":"post-478","1":"product","2":"type-product","3":"status-publish","4":"has-post-thumbnail","6":"product_cat-messer-machete-axt","8":"first","9":"instock","10":"taxable","11":"shipping-taxable","12":"purchasable","13":"product-type-simple"},"yoast_head":"<!-- This site is optimized with the Yoast SEO plugin v27.2 - https:\/\/yoast.com\/product\/yoast-seo-wordpress\/ -->\n<title>Klappspaten: &quot;Kackspaten&quot; - Carpfisher Shop<\/title>\n<meta name=\"robots\" content=\"index, follow, max-snippet:-1, max-image-preview:large, max-video-preview:-1\" \/>\n<link rel=\"canonical\" href=\"https:\/\/www.carpfisher.eu\/shop\/produkt\/klappspaten\/\" \/>\n<meta property=\"og:locale\" content=\"de_DE\" \/>\n<meta property=\"og:type\" content=\"article\" \/>\n<meta property=\"og:title\" content=\"Klappspaten: &quot;Kackspaten&quot; - Carpfisher Shop\" \/>\n<meta property=\"og:description\" content=\"Der Griff und das Spatenblatt bestehen aus robustem, beschichteten Stahl. Der Klappspaten ist auch als Hacke verwendbar und das Spatenblatt verf\u00fcgt \u00fcber eine S\u00e4gezahnung an einer Kannte. Selbstverst\u00e4ndlich ist auch eine Trittkante an der Spatenblatt Oberseite vorhanden. PERFEKT, um eure Kacke zu vergraben!\u00a0 Der Spaten ist vollst\u00e4ndig einklappbar und wird mit einem Schraubdrehverschluss fixiert. Die [&hellip;]\" \/>\n<meta property=\"og:url\" content=\"https:\/\/www.carpfisher.eu\/shop\/produkt\/klappspaten\/\" \/>\n<meta property=\"og:site_name\" content=\"Carpfisher Shop\" \/>\n<meta property=\"article:publisher\" content=\"https:\/\/www.facebook.com\/people\/Carpfishereu\/100066936180661\/\" \/>\n<meta property=\"article:modified_time\" content=\"2025-05-10T13:59:47+00:00\" \/>\n<meta property=\"og:image\" content=\"https:\/\/www.carpfisher.eu\/shop\/wp-content\/uploads\/2023\/04\/Klappspaten-mit-Tasche.png\" \/>\n\t<meta property=\"og:image:width\" content=\"1080\" \/>\n\t<meta property=\"og:image:height\" content=\"1080\" \/>\n\t<meta property=\"og:image:type\" content=\"image\/png\" \/>\n<meta name=\"twitter:card\" content=\"summary_large_image\" \/>\n<meta name=\"twitter:label1\" content=\"Gesch\u00e4tzte Lesezeit\" \/>\n\t<meta name=\"twitter:data1\" content=\"1\u00a0Minute\" \/>\n<script type=\"application\/ld+json\" class=\"yoast-schema-graph\">{\"@context\":\"https:\/\/schema.org\",\"@graph\":[{\"@type\":\"WebPage\",\"@id\":\"https:\/\/www.carpfisher.eu\/shop\/produkt\/klappspaten\/\",\"url\":\"https:\/\/www.carpfisher.eu\/shop\/produkt\/klappspaten\/\",\"name\":\"Klappspaten: \\\"Kackspaten\\\" - Carpfisher Shop\",\"isPartOf\":{\"@id\":\"https:\/\/www.carpfisher.eu\/shop\/#website\"},\"primaryImageOfPage\":{\"@id\":\"https:\/\/www.carpfisher.eu\/shop\/produkt\/klappspaten\/#primaryimage\"},\"image\":{\"@id\":\"https:\/\/www.carpfisher.eu\/shop\/produkt\/klappspaten\/#primaryimage\"},\"thumbnailUrl\":\"https:\/\/www.carpfisher.eu\/shop\/wp-content\/uploads\/2023\/04\/Klappspaten-mit-Tasche.png\",\"datePublished\":\"2023-04-14T15:37:01+00:00\",\"dateModified\":\"2025-05-10T13:59:47+00:00\",\"breadcrumb\":{\"@id\":\"https:\/\/www.carpfisher.eu\/shop\/produkt\/klappspaten\/#breadcrumb\"},\"inLanguage\":\"de\",\"potentialAction\":[{\"@type\":\"ReadAction\",\"target\":[\"https:\/\/www.carpfisher.eu\/shop\/produkt\/klappspaten\/\"]}]},{\"@type\":\"ImageObject\",\"inLanguage\":\"de\",\"@id\":\"https:\/\/www.carpfisher.eu\/shop\/produkt\/klappspaten\/#primaryimage\",\"url\":\"https:\/\/www.carpfisher.eu\/shop\/wp-content\/uploads\/2023\/04\/Klappspaten-mit-Tasche.png\",\"contentUrl\":\"https:\/\/www.carpfisher.eu\/shop\/wp-content\/uploads\/2023\/04\/Klappspaten-mit-Tasche.png\",\"width\":1080,\"height\":1080},{\"@type\":\"BreadcrumbList\",\"@id\":\"https:\/\/www.carpfisher.eu\/shop\/produkt\/klappspaten\/#breadcrumb\",\"itemListElement\":[{\"@type\":\"ListItem\",\"position\":1,\"name\":\"Startseite\",\"item\":\"https:\/\/www.carpfisher.eu\/shop\/\"},{\"@type\":\"ListItem\",\"position\":2,\"name\":\"Shop\",\"item\":\"https:\/\/www.carpfisher.eu\/shop\/shop\/\"},{\"@type\":\"ListItem\",\"position\":3,\"name\":\"Klappspaten: &#8220;Kackspaten&#8221;\"}]},{\"@type\":\"WebSite\",\"@id\":\"https:\/\/www.carpfisher.eu\/shop\/#website\",\"url\":\"https:\/\/www.carpfisher.eu\/shop\/\",\"name\":\"Carpfisher Shop\",\"description\":\"Shop f\u00fcr Karpfenangler, Boilies, Futter, Liquid, PopUps\",\"publisher\":{\"@id\":\"https:\/\/www.carpfisher.eu\/shop\/#organization\"},\"potentialAction\":[{\"@type\":\"SearchAction\",\"target\":{\"@type\":\"EntryPoint\",\"urlTemplate\":\"https:\/\/www.carpfisher.eu\/shop\/?s={search_term_string}\"},\"query-input\":{\"@type\":\"PropertyValueSpecification\",\"valueRequired\":true,\"valueName\":\"search_term_string\"}}],\"inLanguage\":\"de\"},{\"@type\":\"Organization\",\"@id\":\"https:\/\/www.carpfisher.eu\/shop\/#organization\",\"name\":\"Carpfisher Shop\",\"url\":\"https:\/\/www.carpfisher.eu\/shop\/\",\"logo\":{\"@type\":\"ImageObject\",\"inLanguage\":\"de\",\"@id\":\"https:\/\/www.carpfisher.eu\/shop\/#\/schema\/logo\/image\/\",\"url\":\"https:\/\/www.carpfisher.eu\/shop\/wp-content\/uploads\/2023\/04\/cropped-My-project-1-3.png\",\"contentUrl\":\"https:\/\/www.carpfisher.eu\/shop\/wp-content\/uploads\/2023\/04\/cropped-My-project-1-3.png\",\"width\":2154,\"height\":500,\"caption\":\"Carpfisher Shop\"},\"image\":{\"@id\":\"https:\/\/www.carpfisher.eu\/shop\/#\/schema\/logo\/image\/\"},\"sameAs\":[\"https:\/\/www.facebook.com\/people\/Carpfishereu\/100066936180661\/\"]}]}<\/script>\n<!-- \/ Yoast SEO plugin. -->","yoast_head_json":{"title":"Klappspaten: \"Kackspaten\" - Carpfisher Shop","robots":{"index":"index","follow":"follow","max-snippet":"max-snippet:-1","max-image-preview":"max-image-preview:large","max-video-preview":"max-video-preview:-1"},"canonical":"https:\/\/www.carpfisher.eu\/shop\/produkt\/klappspaten\/","og_locale":"de_DE","og_type":"article","og_title":"Klappspaten: \"Kackspaten\" - Carpfisher Shop","og_description":"Der Griff und das Spatenblatt bestehen aus robustem, beschichteten Stahl. Der Klappspaten ist auch als Hacke verwendbar und das Spatenblatt verf\u00fcgt \u00fcber eine S\u00e4gezahnung an einer Kannte. Selbstverst\u00e4ndlich ist auch eine Trittkante an der Spatenblatt Oberseite vorhanden. PERFEKT, um eure Kacke zu vergraben!\u00a0 Der Spaten ist vollst\u00e4ndig einklappbar und wird mit einem Schraubdrehverschluss fixiert. Die [&hellip;]","og_url":"https:\/\/www.carpfisher.eu\/shop\/produkt\/klappspaten\/","og_site_name":"Carpfisher Shop","article_publisher":"https:\/\/www.facebook.com\/people\/Carpfishereu\/100066936180661\/","article_modified_time":"2025-05-10T13:59:47+00:00","og_image":[{"width":1080,"height":1080,"url":"https:\/\/www.carpfisher.eu\/shop\/wp-content\/uploads\/2023\/04\/Klappspaten-mit-Tasche.png","type":"image\/png"}],"twitter_card":"summary_large_image","twitter_misc":{"Gesch\u00e4tzte Lesezeit":"1\u00a0Minute"},"schema":{"@context":"https:\/\/schema.org","@graph":[{"@type":"WebPage","@id":"https:\/\/www.carpfisher.eu\/shop\/produkt\/klappspaten\/","url":"https:\/\/www.carpfisher.eu\/shop\/produkt\/klappspaten\/","name":"Klappspaten: \"Kackspaten\" - Carpfisher Shop","isPartOf":{"@id":"https:\/\/www.carpfisher.eu\/shop\/#website"},"primaryImageOfPage":{"@id":"https:\/\/www.carpfisher.eu\/shop\/produkt\/klappspaten\/#primaryimage"},"image":{"@id":"https:\/\/www.carpfisher.eu\/shop\/produkt\/klappspaten\/#primaryimage"},"thumbnailUrl":"https:\/\/www.carpfisher.eu\/shop\/wp-content\/uploads\/2023\/04\/Klappspaten-mit-Tasche.png","datePublished":"2023-04-14T15:37:01+00:00","dateModified":"2025-05-10T13:59:47+00:00","breadcrumb":{"@id":"https:\/\/www.carpfisher.eu\/shop\/produkt\/klappspaten\/#breadcrumb"},"inLanguage":"de","potentialAction":[{"@type":"ReadAction","target":["https:\/\/www.carpfisher.eu\/shop\/produkt\/klappspaten\/"]}]},{"@type":"ImageObject","inLanguage":"de","@id":"https:\/\/www.carpfisher.eu\/shop\/produkt\/klappspaten\/#primaryimage","url":"https:\/\/www.carpfisher.eu\/shop\/wp-content\/uploads\/2023\/04\/Klappspaten-mit-Tasche.png","contentUrl":"https:\/\/www.carpfisher.eu\/shop\/wp-content\/uploads\/2023\/04\/Klappspaten-mit-Tasche.png","width":1080,"height":1080},{"@type":"BreadcrumbList","@id":"https:\/\/www.carpfisher.eu\/shop\/produkt\/klappspaten\/#breadcrumb","itemListElement":[{"@type":"ListItem","position":1,"name":"Startseite","item":"https:\/\/www.carpfisher.eu\/shop\/"},{"@type":"ListItem","position":2,"name":"Shop","item":"https:\/\/www.carpfisher.eu\/shop\/shop\/"},{"@type":"ListItem","position":3,"name":"Klappspaten: &#8220;Kackspaten&#8221;"}]},{"@type":"WebSite","@id":"https:\/\/www.carpfisher.eu\/shop\/#website","url":"https:\/\/www.carpfisher.eu\/shop\/","name":"Carpfisher Shop","description":"Shop f\u00fcr Karpfenangler, Boilies, Futter, Liquid, PopUps","publisher":{"@id":"https:\/\/www.carpfisher.eu\/shop\/#organization"},"potentialAction":[{"@type":"SearchAction","target":{"@type":"EntryPoint","urlTemplate":"https:\/\/www.carpfisher.eu\/shop\/?s={search_term_string}"},"query-input":{"@type":"PropertyValueSpecification","valueRequired":true,"valueName":"search_term_string"}}],"inLanguage":"de"},{"@type":"Organization","@id":"https:\/\/www.carpfisher.eu\/shop\/#organization","name":"Carpfisher Shop","url":"https:\/\/www.carpfisher.eu\/shop\/","logo":{"@type":"ImageObject","inLanguage":"de","@id":"https:\/\/www.carpfisher.eu\/shop\/#\/schema\/logo\/image\/","url":"https:\/\/www.carpfisher.eu\/shop\/wp-content\/uploads\/2023\/04\/cropped-My-project-1-3.png","contentUrl":"https:\/\/www.carpfisher.eu\/shop\/wp-content\/uploads\/2023\/04\/cropped-My-project-1-3.png","width":2154,"height":500,"caption":"Carpfisher Shop"},"image":{"@id":"https:\/\/www.carpfisher.eu\/shop\/#\/schema\/logo\/image\/"},"sameAs":["https:\/\/www.facebook.com\/people\/Carpfishereu\/100066936180661\/"]}]}},"_links":{"self":[{"href":"https:\/\/www.carpfisher.eu\/shop\/wp-json\/wp\/v2\/product\/478","targetHints":{"allow":["GET"]}}],"collection":[{"href":"https:\/\/www.carpfisher.eu\/shop\/wp-json\/wp\/v2\/product"}],"about":[{"href":"https:\/\/www.carpfisher.eu\/shop\/wp-json\/wp\/v2\/types\/product"}],"wp:featuredmedia":[{"embeddable":true,"href":"https:\/\/www.carpfisher.eu\/shop\/wp-json\/wp\/v2\/media\/484"}],"wp:attachment":[{"href":"https:\/\/www.carpfisher.eu\/shop\/wp-json\/wp\/v2\/media?parent=478"}],"wp:term":[{"taxonomy":"product_brand","embeddable":true,"href":"https:\/\/www.carpfisher.eu\/shop\/wp-json\/wp\/v2\/product_brand?post=478"},{"taxonomy":"product_cat","embeddable":true,"href":"https:\/\/www.carpfisher.eu\/shop\/wp-json\/wp\/v2\/product_cat?post=478"},{"taxonomy":"product_tag","embeddable":true,"href":"https:\/\/www.carpfisher.eu\/shop\/wp-json\/wp\/v2\/product_tag?post=478"}],"curies":[{"name":"wp","href":"https:\/\/api.w.org\/{rel}","templated":true}]}}