{"id":555,"date":"2023-04-19T13:33:59","date_gmt":"2023-04-19T11:33:59","guid":{"rendered":"https:\/\/carpfisher.eu\/shop\/?post_type=product&#038;p=555"},"modified":"2025-01-30T13:27:32","modified_gmt":"2025-01-30T12:27:32","slug":"walther-compact-axe","status":"publish","type":"product","link":"https:\/\/www.carpfisher.eu\/shop\/produkt\/walther-compact-axe\/","title":{"rendered":"Walther Compact Axe"},"content":{"rendered":"<p>Die Walther Compact Axe ist ein unverzichtbares Werkzeug f\u00fcr das Angeln, Campen und andere Outdoor-Aktivit\u00e4ten. Mit einem Gewicht von nur 280g und einer Gesamtl\u00e4nge von 228mm, sowie einer Klingenschneidl\u00e4nge von 70mm ist die Axt handlich und leicht zu transportieren, aber dennoch gro\u00df genug, um Holz und \u00c4ste effektiv zu schneiden und Feuerholz f\u00fcr Dein Lager aufzubereiten.<\/p>\n<p>Die Klinge der Axt besteht aus 440er rostfreiem Stahl und ist 5,7mm dick, was eine zuverl\u00e4ssige und langlebige Leistung garantiert. Ob Du \u00c4ste f\u00fcr ein Lagerfeuer oder Holz f\u00fcr Deine Angelstelle schneiden musst, die Walther Compact Axe bietet eine zuverl\u00e4ssige Schneidleistung, auf die Du Dich verlassen kannst.<\/p>\n<p>Der Griff der Axt besteht aus Polymer und bietet einen sicheren und bequemen Halt, auch bei schlechten Wetterbedingungen oder nassen H\u00e4nden. So bist Du bestens ger\u00fcstet f\u00fcr den Einsatz am Wasser.<\/p>\n<p>Die Walther Compact Axe wird mit einer strapazierf\u00e4higen Nylon-Tasche geliefert, die das Werkzeug beim Transport sch\u00fctzt.<\/p>\n<p>Die Walther Compact Axe ist leicht und kompakt genug, um sie bequem in Deiner Angel- oder Outdoor-Ausr\u00fcstung zu transportieren, aber dennoch robust genug, um allen Anforderungen Deiner n\u00e4chsten Tour gerecht zu werden.<\/p>\n","protected":false},"excerpt":{"rendered":"<p>Die Walther Compact Axe ist ein unverzichtbares Werkzeug f\u00fcr das Angeln, Campen und andere Outdoor-Aktivit\u00e4ten. Mit einem Gewicht von nur 280g und einer Gesamtl\u00e4nge von 228mm, sowie einer Klingenschneidl\u00e4nge von 70mm ist die Axt handlich und leicht zu transportieren, aber dennoch gro\u00df genug, um Holz und \u00c4ste effektiv zu schneiden und Feuerholz f\u00fcr Dein Lager [&hellip;]<\/p>\n","protected":false},"featured_media":556,"template":"","meta":{"sfsi_plus_gutenberg_text_before_share":"","sfsi_plus_gutenberg_show_text_before_share":"","sfsi_plus_gutenberg_icon_type":"","sfsi_plus_gutenberg_icon_alignemt":"","sfsi_plus_gutenburg_max_per_row":""},"product_brand":[],"product_cat":[30,27],"product_tag":[],"class_list":{"0":"post-555","1":"product","2":"type-product","3":"status-publish","4":"has-post-thumbnail","6":"product_cat-messer-machete-axt","7":"product_cat-outdoor","9":"first","10":"instock","11":"taxable","12":"shipping-taxable","13":"purchasable","14":"product-type-simple"},"yoast_head":"<!-- This site is optimized with the Yoast SEO plugin v27.2 - https:\/\/yoast.com\/product\/yoast-seo-wordpress\/ -->\n<title>Walther Compact Axe - Carpfisher Shop<\/title>\n<meta name=\"robots\" content=\"index, follow, max-snippet:-1, max-image-preview:large, max-video-preview:-1\" \/>\n<link rel=\"canonical\" href=\"https:\/\/www.carpfisher.eu\/shop\/produkt\/walther-compact-axe\/\" \/>\n<meta property=\"og:locale\" content=\"de_DE\" \/>\n<meta property=\"og:type\" content=\"article\" \/>\n<meta property=\"og:title\" content=\"Walther Compact Axe - Carpfisher Shop\" \/>\n<meta property=\"og:description\" content=\"Die Walther Compact Axe ist ein unverzichtbares Werkzeug f\u00fcr das Angeln, Campen und andere Outdoor-Aktivit\u00e4ten. Mit einem Gewicht von nur 280g und einer Gesamtl\u00e4nge von 228mm, sowie einer Klingenschneidl\u00e4nge von 70mm ist die Axt handlich und leicht zu transportieren, aber dennoch gro\u00df genug, um Holz und \u00c4ste effektiv zu schneiden und Feuerholz f\u00fcr Dein Lager [&hellip;]\" \/>\n<meta property=\"og:url\" content=\"https:\/\/www.carpfisher.eu\/shop\/produkt\/walther-compact-axe\/\" \/>\n<meta property=\"og:site_name\" content=\"Carpfisher Shop\" \/>\n<meta property=\"article:publisher\" content=\"https:\/\/www.facebook.com\/people\/Carpfishereu\/100066936180661\/\" \/>\n<meta property=\"article:modified_time\" content=\"2025-01-30T12:27:32+00:00\" \/>\n<meta property=\"og:image\" content=\"https:\/\/www.carpfisher.eu\/shop\/wp-content\/uploads\/2023\/04\/Axt1.png\" \/>\n\t<meta property=\"og:image:width\" content=\"1180\" \/>\n\t<meta property=\"og:image:height\" content=\"1180\" \/>\n\t<meta property=\"og:image:type\" content=\"image\/png\" \/>\n<meta name=\"twitter:card\" content=\"summary_large_image\" \/>\n<meta name=\"twitter:label1\" content=\"Gesch\u00e4tzte Lesezeit\" \/>\n\t<meta name=\"twitter:data1\" content=\"2\u00a0Minuten\" \/>\n<script type=\"application\/ld+json\" class=\"yoast-schema-graph\">{\"@context\":\"https:\/\/schema.org\",\"@graph\":[{\"@type\":\"WebPage\",\"@id\":\"https:\/\/www.carpfisher.eu\/shop\/produkt\/walther-compact-axe\/\",\"url\":\"https:\/\/www.carpfisher.eu\/shop\/produkt\/walther-compact-axe\/\",\"name\":\"Walther Compact Axe - Carpfisher Shop\",\"isPartOf\":{\"@id\":\"https:\/\/www.carpfisher.eu\/shop\/#website\"},\"primaryImageOfPage\":{\"@id\":\"https:\/\/www.carpfisher.eu\/shop\/produkt\/walther-compact-axe\/#primaryimage\"},\"image\":{\"@id\":\"https:\/\/www.carpfisher.eu\/shop\/produkt\/walther-compact-axe\/#primaryimage\"},\"thumbnailUrl\":\"https:\/\/www.carpfisher.eu\/shop\/wp-content\/uploads\/2023\/04\/Axt1.png\",\"datePublished\":\"2023-04-19T11:33:59+00:00\",\"dateModified\":\"2025-01-30T12:27:32+00:00\",\"breadcrumb\":{\"@id\":\"https:\/\/www.carpfisher.eu\/shop\/produkt\/walther-compact-axe\/#breadcrumb\"},\"inLanguage\":\"de\",\"potentialAction\":[{\"@type\":\"ReadAction\",\"target\":[\"https:\/\/www.carpfisher.eu\/shop\/produkt\/walther-compact-axe\/\"]}]},{\"@type\":\"ImageObject\",\"inLanguage\":\"de\",\"@id\":\"https:\/\/www.carpfisher.eu\/shop\/produkt\/walther-compact-axe\/#primaryimage\",\"url\":\"https:\/\/www.carpfisher.eu\/shop\/wp-content\/uploads\/2023\/04\/Axt1.png\",\"contentUrl\":\"https:\/\/www.carpfisher.eu\/shop\/wp-content\/uploads\/2023\/04\/Axt1.png\",\"width\":1180,\"height\":1180},{\"@type\":\"BreadcrumbList\",\"@id\":\"https:\/\/www.carpfisher.eu\/shop\/produkt\/walther-compact-axe\/#breadcrumb\",\"itemListElement\":[{\"@type\":\"ListItem\",\"position\":1,\"name\":\"Startseite\",\"item\":\"https:\/\/www.carpfisher.eu\/shop\/\"},{\"@type\":\"ListItem\",\"position\":2,\"name\":\"Shop\",\"item\":\"https:\/\/www.carpfisher.eu\/shop\/shop\/\"},{\"@type\":\"ListItem\",\"position\":3,\"name\":\"Walther Compact Axe\"}]},{\"@type\":\"WebSite\",\"@id\":\"https:\/\/www.carpfisher.eu\/shop\/#website\",\"url\":\"https:\/\/www.carpfisher.eu\/shop\/\",\"name\":\"Carpfisher Shop\",\"description\":\"Shop f\u00fcr Karpfenangler, Boilies, Futter, Liquid, PopUps\",\"publisher\":{\"@id\":\"https:\/\/www.carpfisher.eu\/shop\/#organization\"},\"potentialAction\":[{\"@type\":\"SearchAction\",\"target\":{\"@type\":\"EntryPoint\",\"urlTemplate\":\"https:\/\/www.carpfisher.eu\/shop\/?s={search_term_string}\"},\"query-input\":{\"@type\":\"PropertyValueSpecification\",\"valueRequired\":true,\"valueName\":\"search_term_string\"}}],\"inLanguage\":\"de\"},{\"@type\":\"Organization\",\"@id\":\"https:\/\/www.carpfisher.eu\/shop\/#organization\",\"name\":\"Carpfisher Shop\",\"url\":\"https:\/\/www.carpfisher.eu\/shop\/\",\"logo\":{\"@type\":\"ImageObject\",\"inLanguage\":\"de\",\"@id\":\"https:\/\/www.carpfisher.eu\/shop\/#\/schema\/logo\/image\/\",\"url\":\"https:\/\/www.carpfisher.eu\/shop\/wp-content\/uploads\/2023\/04\/cropped-My-project-1-3.png\",\"contentUrl\":\"https:\/\/www.carpfisher.eu\/shop\/wp-content\/uploads\/2023\/04\/cropped-My-project-1-3.png\",\"width\":2154,\"height\":500,\"caption\":\"Carpfisher Shop\"},\"image\":{\"@id\":\"https:\/\/www.carpfisher.eu\/shop\/#\/schema\/logo\/image\/\"},\"sameAs\":[\"https:\/\/www.facebook.com\/people\/Carpfishereu\/100066936180661\/\"]}]}<\/script>\n<!-- \/ Yoast SEO plugin. -->","yoast_head_json":{"title":"Walther Compact Axe - Carpfisher Shop","robots":{"index":"index","follow":"follow","max-snippet":"max-snippet:-1","max-image-preview":"max-image-preview:large","max-video-preview":"max-video-preview:-1"},"canonical":"https:\/\/www.carpfisher.eu\/shop\/produkt\/walther-compact-axe\/","og_locale":"de_DE","og_type":"article","og_title":"Walther Compact Axe - Carpfisher Shop","og_description":"Die Walther Compact Axe ist ein unverzichtbares Werkzeug f\u00fcr das Angeln, Campen und andere Outdoor-Aktivit\u00e4ten. Mit einem Gewicht von nur 280g und einer Gesamtl\u00e4nge von 228mm, sowie einer Klingenschneidl\u00e4nge von 70mm ist die Axt handlich und leicht zu transportieren, aber dennoch gro\u00df genug, um Holz und \u00c4ste effektiv zu schneiden und Feuerholz f\u00fcr Dein Lager [&hellip;]","og_url":"https:\/\/www.carpfisher.eu\/shop\/produkt\/walther-compact-axe\/","og_site_name":"Carpfisher Shop","article_publisher":"https:\/\/www.facebook.com\/people\/Carpfishereu\/100066936180661\/","article_modified_time":"2025-01-30T12:27:32+00:00","og_image":[{"width":1180,"height":1180,"url":"https:\/\/www.carpfisher.eu\/shop\/wp-content\/uploads\/2023\/04\/Axt1.png","type":"image\/png"}],"twitter_card":"summary_large_image","twitter_misc":{"Gesch\u00e4tzte Lesezeit":"2\u00a0Minuten"},"schema":{"@context":"https:\/\/schema.org","@graph":[{"@type":"WebPage","@id":"https:\/\/www.carpfisher.eu\/shop\/produkt\/walther-compact-axe\/","url":"https:\/\/www.carpfisher.eu\/shop\/produkt\/walther-compact-axe\/","name":"Walther Compact Axe - Carpfisher Shop","isPartOf":{"@id":"https:\/\/www.carpfisher.eu\/shop\/#website"},"primaryImageOfPage":{"@id":"https:\/\/www.carpfisher.eu\/shop\/produkt\/walther-compact-axe\/#primaryimage"},"image":{"@id":"https:\/\/www.carpfisher.eu\/shop\/produkt\/walther-compact-axe\/#primaryimage"},"thumbnailUrl":"https:\/\/www.carpfisher.eu\/shop\/wp-content\/uploads\/2023\/04\/Axt1.png","datePublished":"2023-04-19T11:33:59+00:00","dateModified":"2025-01-30T12:27:32+00:00","breadcrumb":{"@id":"https:\/\/www.carpfisher.eu\/shop\/produkt\/walther-compact-axe\/#breadcrumb"},"inLanguage":"de","potentialAction":[{"@type":"ReadAction","target":["https:\/\/www.carpfisher.eu\/shop\/produkt\/walther-compact-axe\/"]}]},{"@type":"ImageObject","inLanguage":"de","@id":"https:\/\/www.carpfisher.eu\/shop\/produkt\/walther-compact-axe\/#primaryimage","url":"https:\/\/www.carpfisher.eu\/shop\/wp-content\/uploads\/2023\/04\/Axt1.png","contentUrl":"https:\/\/www.carpfisher.eu\/shop\/wp-content\/uploads\/2023\/04\/Axt1.png","width":1180,"height":1180},{"@type":"BreadcrumbList","@id":"https:\/\/www.carpfisher.eu\/shop\/produkt\/walther-compact-axe\/#breadcrumb","itemListElement":[{"@type":"ListItem","position":1,"name":"Startseite","item":"https:\/\/www.carpfisher.eu\/shop\/"},{"@type":"ListItem","position":2,"name":"Shop","item":"https:\/\/www.carpfisher.eu\/shop\/shop\/"},{"@type":"ListItem","position":3,"name":"Walther Compact Axe"}]},{"@type":"WebSite","@id":"https:\/\/www.carpfisher.eu\/shop\/#website","url":"https:\/\/www.carpfisher.eu\/shop\/","name":"Carpfisher Shop","description":"Shop f\u00fcr Karpfenangler, Boilies, Futter, Liquid, PopUps","publisher":{"@id":"https:\/\/www.carpfisher.eu\/shop\/#organization"},"potentialAction":[{"@type":"SearchAction","target":{"@type":"EntryPoint","urlTemplate":"https:\/\/www.carpfisher.eu\/shop\/?s={search_term_string}"},"query-input":{"@type":"PropertyValueSpecification","valueRequired":true,"valueName":"search_term_string"}}],"inLanguage":"de"},{"@type":"Organization","@id":"https:\/\/www.carpfisher.eu\/shop\/#organization","name":"Carpfisher Shop","url":"https:\/\/www.carpfisher.eu\/shop\/","logo":{"@type":"ImageObject","inLanguage":"de","@id":"https:\/\/www.carpfisher.eu\/shop\/#\/schema\/logo\/image\/","url":"https:\/\/www.carpfisher.eu\/shop\/wp-content\/uploads\/2023\/04\/cropped-My-project-1-3.png","contentUrl":"https:\/\/www.carpfisher.eu\/shop\/wp-content\/uploads\/2023\/04\/cropped-My-project-1-3.png","width":2154,"height":500,"caption":"Carpfisher Shop"},"image":{"@id":"https:\/\/www.carpfisher.eu\/shop\/#\/schema\/logo\/image\/"},"sameAs":["https:\/\/www.facebook.com\/people\/Carpfishereu\/100066936180661\/"]}]}},"_links":{"self":[{"href":"https:\/\/www.carpfisher.eu\/shop\/wp-json\/wp\/v2\/product\/555","targetHints":{"allow":["GET"]}}],"collection":[{"href":"https:\/\/www.carpfisher.eu\/shop\/wp-json\/wp\/v2\/product"}],"about":[{"href":"https:\/\/www.carpfisher.eu\/shop\/wp-json\/wp\/v2\/types\/product"}],"wp:featuredmedia":[{"embeddable":true,"href":"https:\/\/www.carpfisher.eu\/shop\/wp-json\/wp\/v2\/media\/556"}],"wp:attachment":[{"href":"https:\/\/www.carpfisher.eu\/shop\/wp-json\/wp\/v2\/media?parent=555"}],"wp:term":[{"taxonomy":"product_brand","embeddable":true,"href":"https:\/\/www.carpfisher.eu\/shop\/wp-json\/wp\/v2\/product_brand?post=555"},{"taxonomy":"product_cat","embeddable":true,"href":"https:\/\/www.carpfisher.eu\/shop\/wp-json\/wp\/v2\/product_cat?post=555"},{"taxonomy":"product_tag","embeddable":true,"href":"https:\/\/www.carpfisher.eu\/shop\/wp-json\/wp\/v2\/product_tag?post=555"}],"curies":[{"name":"wp","href":"https:\/\/api.w.org\/{rel}","templated":true}]}}