{"id":595,"date":"2023-05-15T12:21:38","date_gmt":"2023-05-15T10:21:38","guid":{"rendered":"https:\/\/carpfisher.eu\/shop\/?post_type=product&#038;p=595"},"modified":"2025-05-05T18:45:38","modified_gmt":"2025-05-05T16:45:38","slug":"mfh-bermuda-jogger-farbe-oliv","status":"publish","type":"product","link":"https:\/\/www.carpfisher.eu\/shop\/produkt\/mfh-bermuda-jogger-farbe-oliv\/","title":{"rendered":"MFH Bermuda &#8222;Jogger&#8220; &#8211; Farbe: oliv"},"content":{"rendered":"<p>Entdecke den MFH Bermuda Jogger, eine vielseitige Hose, die sich ideal f\u00fcr dein Angelabenteuer eignet. Mit seinem bequemen und funktionalen Design ist dieser Jogger eine hervorragende Wahl f\u00fcr alle Angler.<\/p>\n<p>Der MFH Bermuda Jogger verf\u00fcgt \u00fcber einen elastischen Bund mit Tunnelzug zur individuellen Weitenregulierung und garantiert somit eine ideale Passform und exzellenten tragekomfort.<\/p>\n<p>Mit den zwei seitlichen Einschubtaschen, einer Ges\u00e4\u00dftasche mit Rei\u00dfverschluss und zwei seitlich aufgesetzten Beintaschen mit Patte und Klettverschluss hast du definitiv genug Platz f\u00fcr all dein Angelzubeh\u00f6r, was du sofort griffbereit haben willst.<\/p>\n<p>Der MFH Bermuda Jogger besteht aus einer hochwertigen Mischung aus 60% Baumwolle und 40% Polyester. Diese Materialkombination gew\u00e4hrleistet ein angenehmes Tragegef\u00fchl, Atmungsaktivit\u00e4t und Langlebigkeit, sodass du dich voll und ganz auf das Angeln konzentrieren kannst.<\/p>\n<p>Dank seines bequemen Schnitts, der funktionalen Taschen und der hochwertigen Materialien bist du mit dem MFH Bermuda Jogger bestens ger\u00fcstet, um dein Angelerlebnis in vollen Z\u00fcgen zu genie\u00dfen.<\/p>\n","protected":false},"excerpt":{"rendered":"<p>Entdecke den MFH Bermuda Jogger, eine vielseitige Hose, die sich ideal f\u00fcr dein Angelabenteuer eignet. Mit seinem bequemen und funktionalen Design ist dieser Jogger eine hervorragende Wahl f\u00fcr alle Angler. Der MFH Bermuda Jogger verf\u00fcgt \u00fcber einen elastischen Bund mit Tunnelzug zur individuellen Weitenregulierung und garantiert somit eine ideale Passform und exzellenten tragekomfort. Mit den [&hellip;]<\/p>\n","protected":false},"featured_media":599,"template":"","meta":{"sfsi_plus_gutenberg_text_before_share":"","sfsi_plus_gutenberg_show_text_before_share":"","sfsi_plus_gutenberg_icon_type":"","sfsi_plus_gutenberg_icon_alignemt":"","sfsi_plus_gutenburg_max_per_row":""},"product_brand":[],"product_cat":[31],"product_tag":[],"class_list":{"0":"post-595","1":"product","2":"type-product","3":"status-publish","4":"has-post-thumbnail","6":"product_cat-bekleidung","8":"first","9":"instock","10":"taxable","11":"shipping-taxable","12":"purchasable","13":"product-type-variable"},"yoast_head":"<!-- This site is optimized with the Yoast SEO plugin v27.2 - https:\/\/yoast.com\/product\/yoast-seo-wordpress\/ -->\n<title>MFH Bermuda &quot;Jogger&quot; - Farbe: oliv - Carpfisher Shop<\/title>\n<meta name=\"robots\" content=\"index, follow, max-snippet:-1, max-image-preview:large, max-video-preview:-1\" \/>\n<link rel=\"canonical\" href=\"https:\/\/www.carpfisher.eu\/shop\/produkt\/mfh-bermuda-jogger-farbe-oliv\/\" \/>\n<meta property=\"og:locale\" content=\"de_DE\" \/>\n<meta property=\"og:type\" content=\"article\" \/>\n<meta property=\"og:title\" content=\"MFH Bermuda &quot;Jogger&quot; - Farbe: oliv - Carpfisher Shop\" \/>\n<meta property=\"og:description\" content=\"Entdecke den MFH Bermuda Jogger, eine vielseitige Hose, die sich ideal f\u00fcr dein Angelabenteuer eignet. Mit seinem bequemen und funktionalen Design ist dieser Jogger eine hervorragende Wahl f\u00fcr alle Angler. Der MFH Bermuda Jogger verf\u00fcgt \u00fcber einen elastischen Bund mit Tunnelzug zur individuellen Weitenregulierung und garantiert somit eine ideale Passform und exzellenten tragekomfort. Mit den [&hellip;]\" \/>\n<meta property=\"og:url\" content=\"https:\/\/www.carpfisher.eu\/shop\/produkt\/mfh-bermuda-jogger-farbe-oliv\/\" \/>\n<meta property=\"og:site_name\" content=\"Carpfisher Shop\" \/>\n<meta property=\"article:publisher\" content=\"https:\/\/www.facebook.com\/people\/Carpfishereu\/100066936180661\/\" \/>\n<meta property=\"article:modified_time\" content=\"2025-05-05T16:45:38+00:00\" \/>\n<meta property=\"og:image\" content=\"https:\/\/www.carpfisher.eu\/shop\/wp-content\/uploads\/2023\/05\/Bermuda-Jogger1.png\" \/>\n\t<meta property=\"og:image:width\" content=\"1200\" \/>\n\t<meta property=\"og:image:height\" content=\"1200\" \/>\n\t<meta property=\"og:image:type\" content=\"image\/png\" \/>\n<meta name=\"twitter:card\" content=\"summary_large_image\" \/>\n<meta name=\"twitter:label1\" content=\"Gesch\u00e4tzte Lesezeit\" \/>\n\t<meta name=\"twitter:data1\" content=\"1\u00a0Minute\" \/>\n<script type=\"application\/ld+json\" class=\"yoast-schema-graph\">{\"@context\":\"https:\/\/schema.org\",\"@graph\":[{\"@type\":\"WebPage\",\"@id\":\"https:\/\/www.carpfisher.eu\/shop\/produkt\/mfh-bermuda-jogger-farbe-oliv\/\",\"url\":\"https:\/\/www.carpfisher.eu\/shop\/produkt\/mfh-bermuda-jogger-farbe-oliv\/\",\"name\":\"MFH Bermuda \\\"Jogger\\\" - Farbe: oliv - Carpfisher Shop\",\"isPartOf\":{\"@id\":\"https:\/\/www.carpfisher.eu\/shop\/#website\"},\"primaryImageOfPage\":{\"@id\":\"https:\/\/www.carpfisher.eu\/shop\/produkt\/mfh-bermuda-jogger-farbe-oliv\/#primaryimage\"},\"image\":{\"@id\":\"https:\/\/www.carpfisher.eu\/shop\/produkt\/mfh-bermuda-jogger-farbe-oliv\/#primaryimage\"},\"thumbnailUrl\":\"https:\/\/www.carpfisher.eu\/shop\/wp-content\/uploads\/2023\/05\/Bermuda-Jogger1.png\",\"datePublished\":\"2023-05-15T10:21:38+00:00\",\"dateModified\":\"2025-05-05T16:45:38+00:00\",\"breadcrumb\":{\"@id\":\"https:\/\/www.carpfisher.eu\/shop\/produkt\/mfh-bermuda-jogger-farbe-oliv\/#breadcrumb\"},\"inLanguage\":\"de\",\"potentialAction\":[{\"@type\":\"ReadAction\",\"target\":[\"https:\/\/www.carpfisher.eu\/shop\/produkt\/mfh-bermuda-jogger-farbe-oliv\/\"]}]},{\"@type\":\"ImageObject\",\"inLanguage\":\"de\",\"@id\":\"https:\/\/www.carpfisher.eu\/shop\/produkt\/mfh-bermuda-jogger-farbe-oliv\/#primaryimage\",\"url\":\"https:\/\/www.carpfisher.eu\/shop\/wp-content\/uploads\/2023\/05\/Bermuda-Jogger1.png\",\"contentUrl\":\"https:\/\/www.carpfisher.eu\/shop\/wp-content\/uploads\/2023\/05\/Bermuda-Jogger1.png\",\"width\":1200,\"height\":1200},{\"@type\":\"BreadcrumbList\",\"@id\":\"https:\/\/www.carpfisher.eu\/shop\/produkt\/mfh-bermuda-jogger-farbe-oliv\/#breadcrumb\",\"itemListElement\":[{\"@type\":\"ListItem\",\"position\":1,\"name\":\"Startseite\",\"item\":\"https:\/\/www.carpfisher.eu\/shop\/\"},{\"@type\":\"ListItem\",\"position\":2,\"name\":\"Shop\",\"item\":\"https:\/\/www.carpfisher.eu\/shop\/shop\/\"},{\"@type\":\"ListItem\",\"position\":3,\"name\":\"MFH Bermuda &#8222;Jogger&#8220; &#8211; Farbe: oliv\"}]},{\"@type\":\"WebSite\",\"@id\":\"https:\/\/www.carpfisher.eu\/shop\/#website\",\"url\":\"https:\/\/www.carpfisher.eu\/shop\/\",\"name\":\"Carpfisher Shop\",\"description\":\"Shop f\u00fcr Karpfenangler, Boilies, Futter, Liquid, PopUps\",\"publisher\":{\"@id\":\"https:\/\/www.carpfisher.eu\/shop\/#organization\"},\"potentialAction\":[{\"@type\":\"SearchAction\",\"target\":{\"@type\":\"EntryPoint\",\"urlTemplate\":\"https:\/\/www.carpfisher.eu\/shop\/?s={search_term_string}\"},\"query-input\":{\"@type\":\"PropertyValueSpecification\",\"valueRequired\":true,\"valueName\":\"search_term_string\"}}],\"inLanguage\":\"de\"},{\"@type\":\"Organization\",\"@id\":\"https:\/\/www.carpfisher.eu\/shop\/#organization\",\"name\":\"Carpfisher Shop\",\"url\":\"https:\/\/www.carpfisher.eu\/shop\/\",\"logo\":{\"@type\":\"ImageObject\",\"inLanguage\":\"de\",\"@id\":\"https:\/\/www.carpfisher.eu\/shop\/#\/schema\/logo\/image\/\",\"url\":\"https:\/\/www.carpfisher.eu\/shop\/wp-content\/uploads\/2023\/04\/cropped-My-project-1-3.png\",\"contentUrl\":\"https:\/\/www.carpfisher.eu\/shop\/wp-content\/uploads\/2023\/04\/cropped-My-project-1-3.png\",\"width\":2154,\"height\":500,\"caption\":\"Carpfisher Shop\"},\"image\":{\"@id\":\"https:\/\/www.carpfisher.eu\/shop\/#\/schema\/logo\/image\/\"},\"sameAs\":[\"https:\/\/www.facebook.com\/people\/Carpfishereu\/100066936180661\/\"]}]}<\/script>\n<!-- \/ Yoast SEO plugin. -->","yoast_head_json":{"title":"MFH Bermuda \"Jogger\" - Farbe: oliv - Carpfisher Shop","robots":{"index":"index","follow":"follow","max-snippet":"max-snippet:-1","max-image-preview":"max-image-preview:large","max-video-preview":"max-video-preview:-1"},"canonical":"https:\/\/www.carpfisher.eu\/shop\/produkt\/mfh-bermuda-jogger-farbe-oliv\/","og_locale":"de_DE","og_type":"article","og_title":"MFH Bermuda \"Jogger\" - Farbe: oliv - Carpfisher Shop","og_description":"Entdecke den MFH Bermuda Jogger, eine vielseitige Hose, die sich ideal f\u00fcr dein Angelabenteuer eignet. Mit seinem bequemen und funktionalen Design ist dieser Jogger eine hervorragende Wahl f\u00fcr alle Angler. Der MFH Bermuda Jogger verf\u00fcgt \u00fcber einen elastischen Bund mit Tunnelzug zur individuellen Weitenregulierung und garantiert somit eine ideale Passform und exzellenten tragekomfort. Mit den [&hellip;]","og_url":"https:\/\/www.carpfisher.eu\/shop\/produkt\/mfh-bermuda-jogger-farbe-oliv\/","og_site_name":"Carpfisher Shop","article_publisher":"https:\/\/www.facebook.com\/people\/Carpfishereu\/100066936180661\/","article_modified_time":"2025-05-05T16:45:38+00:00","og_image":[{"width":1200,"height":1200,"url":"https:\/\/www.carpfisher.eu\/shop\/wp-content\/uploads\/2023\/05\/Bermuda-Jogger1.png","type":"image\/png"}],"twitter_card":"summary_large_image","twitter_misc":{"Gesch\u00e4tzte Lesezeit":"1\u00a0Minute"},"schema":{"@context":"https:\/\/schema.org","@graph":[{"@type":"WebPage","@id":"https:\/\/www.carpfisher.eu\/shop\/produkt\/mfh-bermuda-jogger-farbe-oliv\/","url":"https:\/\/www.carpfisher.eu\/shop\/produkt\/mfh-bermuda-jogger-farbe-oliv\/","name":"MFH Bermuda \"Jogger\" - Farbe: oliv - Carpfisher Shop","isPartOf":{"@id":"https:\/\/www.carpfisher.eu\/shop\/#website"},"primaryImageOfPage":{"@id":"https:\/\/www.carpfisher.eu\/shop\/produkt\/mfh-bermuda-jogger-farbe-oliv\/#primaryimage"},"image":{"@id":"https:\/\/www.carpfisher.eu\/shop\/produkt\/mfh-bermuda-jogger-farbe-oliv\/#primaryimage"},"thumbnailUrl":"https:\/\/www.carpfisher.eu\/shop\/wp-content\/uploads\/2023\/05\/Bermuda-Jogger1.png","datePublished":"2023-05-15T10:21:38+00:00","dateModified":"2025-05-05T16:45:38+00:00","breadcrumb":{"@id":"https:\/\/www.carpfisher.eu\/shop\/produkt\/mfh-bermuda-jogger-farbe-oliv\/#breadcrumb"},"inLanguage":"de","potentialAction":[{"@type":"ReadAction","target":["https:\/\/www.carpfisher.eu\/shop\/produkt\/mfh-bermuda-jogger-farbe-oliv\/"]}]},{"@type":"ImageObject","inLanguage":"de","@id":"https:\/\/www.carpfisher.eu\/shop\/produkt\/mfh-bermuda-jogger-farbe-oliv\/#primaryimage","url":"https:\/\/www.carpfisher.eu\/shop\/wp-content\/uploads\/2023\/05\/Bermuda-Jogger1.png","contentUrl":"https:\/\/www.carpfisher.eu\/shop\/wp-content\/uploads\/2023\/05\/Bermuda-Jogger1.png","width":1200,"height":1200},{"@type":"BreadcrumbList","@id":"https:\/\/www.carpfisher.eu\/shop\/produkt\/mfh-bermuda-jogger-farbe-oliv\/#breadcrumb","itemListElement":[{"@type":"ListItem","position":1,"name":"Startseite","item":"https:\/\/www.carpfisher.eu\/shop\/"},{"@type":"ListItem","position":2,"name":"Shop","item":"https:\/\/www.carpfisher.eu\/shop\/shop\/"},{"@type":"ListItem","position":3,"name":"MFH Bermuda &#8222;Jogger&#8220; &#8211; Farbe: oliv"}]},{"@type":"WebSite","@id":"https:\/\/www.carpfisher.eu\/shop\/#website","url":"https:\/\/www.carpfisher.eu\/shop\/","name":"Carpfisher Shop","description":"Shop f\u00fcr Karpfenangler, Boilies, Futter, Liquid, PopUps","publisher":{"@id":"https:\/\/www.carpfisher.eu\/shop\/#organization"},"potentialAction":[{"@type":"SearchAction","target":{"@type":"EntryPoint","urlTemplate":"https:\/\/www.carpfisher.eu\/shop\/?s={search_term_string}"},"query-input":{"@type":"PropertyValueSpecification","valueRequired":true,"valueName":"search_term_string"}}],"inLanguage":"de"},{"@type":"Organization","@id":"https:\/\/www.carpfisher.eu\/shop\/#organization","name":"Carpfisher Shop","url":"https:\/\/www.carpfisher.eu\/shop\/","logo":{"@type":"ImageObject","inLanguage":"de","@id":"https:\/\/www.carpfisher.eu\/shop\/#\/schema\/logo\/image\/","url":"https:\/\/www.carpfisher.eu\/shop\/wp-content\/uploads\/2023\/04\/cropped-My-project-1-3.png","contentUrl":"https:\/\/www.carpfisher.eu\/shop\/wp-content\/uploads\/2023\/04\/cropped-My-project-1-3.png","width":2154,"height":500,"caption":"Carpfisher Shop"},"image":{"@id":"https:\/\/www.carpfisher.eu\/shop\/#\/schema\/logo\/image\/"},"sameAs":["https:\/\/www.facebook.com\/people\/Carpfishereu\/100066936180661\/"]}]}},"_links":{"self":[{"href":"https:\/\/www.carpfisher.eu\/shop\/wp-json\/wp\/v2\/product\/595","targetHints":{"allow":["GET"]}}],"collection":[{"href":"https:\/\/www.carpfisher.eu\/shop\/wp-json\/wp\/v2\/product"}],"about":[{"href":"https:\/\/www.carpfisher.eu\/shop\/wp-json\/wp\/v2\/types\/product"}],"wp:featuredmedia":[{"embeddable":true,"href":"https:\/\/www.carpfisher.eu\/shop\/wp-json\/wp\/v2\/media\/599"}],"wp:attachment":[{"href":"https:\/\/www.carpfisher.eu\/shop\/wp-json\/wp\/v2\/media?parent=595"}],"wp:term":[{"taxonomy":"product_brand","embeddable":true,"href":"https:\/\/www.carpfisher.eu\/shop\/wp-json\/wp\/v2\/product_brand?post=595"},{"taxonomy":"product_cat","embeddable":true,"href":"https:\/\/www.carpfisher.eu\/shop\/wp-json\/wp\/v2\/product_cat?post=595"},{"taxonomy":"product_tag","embeddable":true,"href":"https:\/\/www.carpfisher.eu\/shop\/wp-json\/wp\/v2\/product_tag?post=595"}],"curies":[{"name":"wp","href":"https:\/\/api.w.org\/{rel}","templated":true}]}}