{"id":607,"date":"2023-05-19T19:25:21","date_gmt":"2023-05-19T17:25:21","guid":{"rendered":"https:\/\/carpfisher.eu\/shop\/?post_type=product&#038;p=607"},"modified":"2026-03-18T09:43:47","modified_gmt":"2026-03-18T08:43:47","slug":"cf-boilie-muthu-20-mm-einheit-50-kg","status":"publish","type":"product","link":"https:\/\/www.carpfisher.eu\/shop\/produkt\/cf-boilie-muthu-20-mm-einheit-50-kg\/","title":{"rendered":"CF Boilie: MuThu | 24 mm | Einheit 30 kg"},"content":{"rendered":"<p>Der MuThu &#8211; dieser Name leitet sich aus dem Wortspiel Muschel &amp; Thunfisch ab und ist ein Boilie, der der nat\u00fcrlichen Nahrung sehr nahekommt. Wir haben hier den technisch maximal m\u00f6glichen Green Lipped Mussel Extract Anteil verarbeitet, um euch einen sehr f\u00e4ngigen GLM Boilie zu bieten. Kombiniert mit den richtigen Fischmehlen und einem sehr hochwertigen Tunamino Extract bekommt dieses Futter einen &#8222;sauguten&#8220; N\u00e4hwert f\u00fcr Karpfen. Und bitte glaubt mir, ein Karpfen erkennt sehr wohl, was ihm guttut &#8211; die billige Futterkugel mit geringem N\u00e4hrwert wird vielleicht mal instant funktionieren, aber niemals auf lange Sicht. Weiters, ein wesentlicher, prozentualer Anteil der MuThu ist ein Mix aus Zutaten, die die Verdauung anregen und gleichzeitig das N\u00e4hrwertprofil weiter positiv beeinflussen. Wir verwenden ein CF-Liquid in Kombination mit einer weiteren Zutat, um dem ganzen auch die entsprechende, wasserl\u00f6sliche Lockwirkung zu verpassen. Um der Konkurrenz nicht alles zu verraten, auch Bloodworm (Zuckerm\u00fccken Larven sind ein weiterer Bestandteil der nat\u00fcrlichen Nahrungskette von Karpfen) spielt hier eine Rolle.<\/p>\n<p><strong>Hinweis zum boosten:<\/strong> Da der Muthu bereits sehr attraktive Zutaten enth\u00e4lt, die auch instant eine gewisse Wirkung haben, empfehlen wir hier maximal einen halben Liter Liquid deiner Wahl pro 5 kg. Auch hier: 24 Stunden soaken lassen und das Liquid wird vollst\u00e4ndig aufgesogen.<\/p>\n<hr \/>\n<p>Zusammensetzung:<\/p>\n<p>Proteingehalt in Trockenmasse ca. 36 %<\/p>\n<ul>\n<li>Vorverdautes Fischmehl<\/li>\n<li>Thunfischmehl<\/li>\n<li>GLM Extract<\/li>\n<li>Tunamino Extract<\/li>\n<li>weitere Mehle (die wir nicht verraten)<\/li>\n<li>weitere verdauungsf\u00f6rdernde Zutaten (die wir nicht verraten)<\/li>\n<li>N-Buytric Acid<\/li>\n<li>GLM &#8211; Liquid<\/li>\n<li>CF \u2013 Liquid<\/li>\n<li>Ei Albumin<\/li>\n<li>Maismehl (frisch gemahlen)<\/li>\n<li>Weizenmehl (frisch gemahlen)<\/li>\n<li>Soja Mehl<\/li>\n<\/ul>\n<hr \/>\n<p>Herstellung: Ged\u00e4mpft, Lebensmittelecht konserviert<\/p>\n<p>Haltbarkeit: 12 Monate<\/p>\n<p>Verpackt: 5 kg Beutel<\/p>\n<p>Richtige Lagerung: Dunkel und k\u00fchl<\/p>\n<hr \/>\n<p><strong>Tipp f\u00fcr die Anwendungsbereiche von MuThu Boilies:<\/strong> Langzeitfutterplatz, mehrt\u00e4gige Sessions, Instant K\u00f6der, &#8222;Pralinen&#8220; Taktik<\/p>\n<p>Die MuThu wurde f\u00fcr einen sehr regelm\u00e4\u00dfig bef\u00fctterten Futterplatz entwickelt. Kleinere Mengen (500 Gramm t\u00e4glich oder 1 kg alle 2 Tage) reichen oft aus um an die Dicken Karpfen deines Gew\u00e4ssers zu gelangen. Tip: die Futterpl\u00e4tze klein halten und punktgenau f\u00fcttern.<\/p>\n<p>Im Gegensatz zum Krillax Boilie bekommst du mit dem MuThu einen Boilie, der mehr Attraktivit\u00e4t direkt und unverbl\u00fcmt ausstrahlt.\u00a0 Nat\u00fcrlich funktioniert dieser klassische GLM Boilie auch langfristig sehr zuverl\u00e4ssig &#8211; allerdings w\u00fcrde ich, bei massivem Wei\u00dffisch oder Welsbestand eher auf die Krillax Boilies setzen. Durch die Inhaltsstoffe (Mehr Protein und Fett) s\u00e4ttigt dieser Boilie im Vergleich zur Krillax etwas mehr. Die H\u00e4rte dieses Boilies hilft um Attacken von kleineren Karpfen oder Wei\u00dffischen stand zu halten. Optimal f\u00fcr konstant unterhaltene, kleinere Futterpl\u00e4tze. Immer wieder kommen auf solchen kleinen, konstant gef\u00fctterten Futterpl\u00e4tzen, die gro\u00dfen Fische diverser Gew\u00e4sser.<\/p>\n<p>Suchst du einen K\u00f6der, der Instant noch st\u00e4rker arbeitet, dann solltest du den \u201e<a href=\"https:\/\/carpfisher.eu\/shop\/produkt-kategorie\/cf-boilie-range\/squiver\/\"><strong>Squiver<\/strong><\/a>\u201c Boilie in Betracht ziehen! Wenn du jedoch durch Masse an Futter die Fische fangen m\u00f6chtest, um an die gro\u00dfen Karpfen zu gelangen (Stichwort durch den Bestand angeln), dann setzte lieber auf <a href=\"https:\/\/carpfisher.eu\/shop\/produkt-kategorie\/cf-boilie-range\/krillax-boilie\/\"><strong>Krillax!<\/strong><\/a><\/p>\n<p>Sehr erfolgreiche Taktik meiner Kunden: Mische Krillax und MuThu (70\/30) und angle abseits des Hauptfutterplatzes einen kleinen MuThu Futterplatz.<\/p>\n<hr \/>\n<p>Angelk\u00f6der f\u00fcr frei lebende Fische, nicht f\u00fcr den menschlichen Verzehr geeignet. Darf nicht an Wiederk\u00e4uer verf\u00fcttert werden!<\/p>\n","protected":false},"excerpt":{"rendered":"<p>Preis pro kg: 6,90 Euro<\/p>\n<p>6 Beutel x 5 kg = 30 kg MuThu Boilies.<\/p>\n","protected":false},"featured_media":1145,"template":"","meta":{"sfsi_plus_gutenberg_text_before_share":"","sfsi_plus_gutenberg_show_text_before_share":"","sfsi_plus_gutenberg_icon_type":"","sfsi_plus_gutenberg_icon_alignemt":"","sfsi_plus_gutenburg_max_per_row":""},"product_brand":[],"product_cat":[23],"product_tag":[],"class_list":{"0":"post-607","1":"product","2":"type-product","3":"status-publish","4":"has-post-thumbnail","6":"product_cat-muthu","8":"first","9":"instock","10":"sale","11":"taxable","12":"shipping-taxable","13":"purchasable","14":"product-type-woosb"},"yoast_head":"<!-- This site is optimized with the Yoast SEO plugin v27.2 - https:\/\/yoast.com\/product\/yoast-seo-wordpress\/ -->\n<title>CF Boilie: MuThu | 24 mm | Einheit 30 kg - Carpfisher Shop<\/title>\n<meta name=\"robots\" content=\"index, follow, max-snippet:-1, max-image-preview:large, max-video-preview:-1\" \/>\n<link rel=\"canonical\" href=\"https:\/\/www.carpfisher.eu\/shop\/produkt\/cf-boilie-muthu-20-mm-einheit-50-kg\/\" \/>\n<meta property=\"og:locale\" content=\"de_DE\" \/>\n<meta property=\"og:type\" content=\"article\" \/>\n<meta property=\"og:title\" content=\"CF Boilie: MuThu | 24 mm | Einheit 30 kg - Carpfisher Shop\" \/>\n<meta property=\"og:description\" content=\"Preis pro kg: 6,90 Euro  6 Beutel x 5 kg = 30 kg MuThu Boilies.\" \/>\n<meta property=\"og:url\" content=\"https:\/\/www.carpfisher.eu\/shop\/produkt\/cf-boilie-muthu-20-mm-einheit-50-kg\/\" \/>\n<meta property=\"og:site_name\" content=\"Carpfisher Shop\" \/>\n<meta property=\"article:publisher\" content=\"https:\/\/www.facebook.com\/people\/Carpfishereu\/100066936180661\/\" \/>\n<meta property=\"article:modified_time\" content=\"2026-03-18T08:43:47+00:00\" \/>\n<meta property=\"og:image\" content=\"https:\/\/www.carpfisher.eu\/shop\/wp-content\/uploads\/2023\/04\/Boilie-Sorten-Produkt-Bilder-Muthu-1.png\" \/>\n\t<meta property=\"og:image:width\" content=\"1080\" \/>\n\t<meta property=\"og:image:height\" content=\"1080\" \/>\n\t<meta property=\"og:image:type\" content=\"image\/png\" \/>\n<meta name=\"twitter:card\" content=\"summary_large_image\" \/>\n<meta name=\"twitter:label1\" content=\"Gesch\u00e4tzte Lesezeit\" \/>\n\t<meta name=\"twitter:data1\" content=\"3\u00a0Minuten\" \/>\n<script type=\"application\/ld+json\" class=\"yoast-schema-graph\">{\"@context\":\"https:\/\/schema.org\",\"@graph\":[{\"@type\":\"WebPage\",\"@id\":\"https:\/\/www.carpfisher.eu\/shop\/produkt\/cf-boilie-muthu-20-mm-einheit-50-kg\/\",\"url\":\"https:\/\/www.carpfisher.eu\/shop\/produkt\/cf-boilie-muthu-20-mm-einheit-50-kg\/\",\"name\":\"CF Boilie: MuThu | 24 mm | Einheit 30 kg - Carpfisher Shop\",\"isPartOf\":{\"@id\":\"https:\/\/www.carpfisher.eu\/shop\/#website\"},\"primaryImageOfPage\":{\"@id\":\"https:\/\/www.carpfisher.eu\/shop\/produkt\/cf-boilie-muthu-20-mm-einheit-50-kg\/#primaryimage\"},\"image\":{\"@id\":\"https:\/\/www.carpfisher.eu\/shop\/produkt\/cf-boilie-muthu-20-mm-einheit-50-kg\/#primaryimage\"},\"thumbnailUrl\":\"https:\/\/www.carpfisher.eu\/shop\/wp-content\/uploads\/2023\/04\/Boilie-Sorten-Produkt-Bilder-Muthu-1.png\",\"datePublished\":\"2023-05-19T17:25:21+00:00\",\"dateModified\":\"2026-03-18T08:43:47+00:00\",\"breadcrumb\":{\"@id\":\"https:\/\/www.carpfisher.eu\/shop\/produkt\/cf-boilie-muthu-20-mm-einheit-50-kg\/#breadcrumb\"},\"inLanguage\":\"de\",\"potentialAction\":[{\"@type\":\"ReadAction\",\"target\":[\"https:\/\/www.carpfisher.eu\/shop\/produkt\/cf-boilie-muthu-20-mm-einheit-50-kg\/\"]}]},{\"@type\":\"ImageObject\",\"inLanguage\":\"de\",\"@id\":\"https:\/\/www.carpfisher.eu\/shop\/produkt\/cf-boilie-muthu-20-mm-einheit-50-kg\/#primaryimage\",\"url\":\"https:\/\/www.carpfisher.eu\/shop\/wp-content\/uploads\/2023\/04\/Boilie-Sorten-Produkt-Bilder-Muthu-1.png\",\"contentUrl\":\"https:\/\/www.carpfisher.eu\/shop\/wp-content\/uploads\/2023\/04\/Boilie-Sorten-Produkt-Bilder-Muthu-1.png\",\"width\":1080,\"height\":1080},{\"@type\":\"BreadcrumbList\",\"@id\":\"https:\/\/www.carpfisher.eu\/shop\/produkt\/cf-boilie-muthu-20-mm-einheit-50-kg\/#breadcrumb\",\"itemListElement\":[{\"@type\":\"ListItem\",\"position\":1,\"name\":\"Startseite\",\"item\":\"https:\/\/www.carpfisher.eu\/shop\/\"},{\"@type\":\"ListItem\",\"position\":2,\"name\":\"Shop\",\"item\":\"https:\/\/www.carpfisher.eu\/shop\/shop\/\"},{\"@type\":\"ListItem\",\"position\":3,\"name\":\"CF Boilie: MuThu | 24 mm | Einheit 30 kg\"}]},{\"@type\":\"WebSite\",\"@id\":\"https:\/\/www.carpfisher.eu\/shop\/#website\",\"url\":\"https:\/\/www.carpfisher.eu\/shop\/\",\"name\":\"Carpfisher Shop\",\"description\":\"Shop f\u00fcr Karpfenangler, Boilies, Futter, Liquid, PopUps\",\"publisher\":{\"@id\":\"https:\/\/www.carpfisher.eu\/shop\/#organization\"},\"potentialAction\":[{\"@type\":\"SearchAction\",\"target\":{\"@type\":\"EntryPoint\",\"urlTemplate\":\"https:\/\/www.carpfisher.eu\/shop\/?s={search_term_string}\"},\"query-input\":{\"@type\":\"PropertyValueSpecification\",\"valueRequired\":true,\"valueName\":\"search_term_string\"}}],\"inLanguage\":\"de\"},{\"@type\":\"Organization\",\"@id\":\"https:\/\/www.carpfisher.eu\/shop\/#organization\",\"name\":\"Carpfisher Shop\",\"url\":\"https:\/\/www.carpfisher.eu\/shop\/\",\"logo\":{\"@type\":\"ImageObject\",\"inLanguage\":\"de\",\"@id\":\"https:\/\/www.carpfisher.eu\/shop\/#\/schema\/logo\/image\/\",\"url\":\"https:\/\/www.carpfisher.eu\/shop\/wp-content\/uploads\/2023\/04\/cropped-My-project-1-3.png\",\"contentUrl\":\"https:\/\/www.carpfisher.eu\/shop\/wp-content\/uploads\/2023\/04\/cropped-My-project-1-3.png\",\"width\":2154,\"height\":500,\"caption\":\"Carpfisher Shop\"},\"image\":{\"@id\":\"https:\/\/www.carpfisher.eu\/shop\/#\/schema\/logo\/image\/\"},\"sameAs\":[\"https:\/\/www.facebook.com\/people\/Carpfishereu\/100066936180661\/\"]}]}<\/script>\n<!-- \/ Yoast SEO plugin. -->","yoast_head_json":{"title":"CF Boilie: MuThu | 24 mm | Einheit 30 kg - Carpfisher Shop","robots":{"index":"index","follow":"follow","max-snippet":"max-snippet:-1","max-image-preview":"max-image-preview:large","max-video-preview":"max-video-preview:-1"},"canonical":"https:\/\/www.carpfisher.eu\/shop\/produkt\/cf-boilie-muthu-20-mm-einheit-50-kg\/","og_locale":"de_DE","og_type":"article","og_title":"CF Boilie: MuThu | 24 mm | Einheit 30 kg - Carpfisher Shop","og_description":"Preis pro kg: 6,90 Euro  6 Beutel x 5 kg = 30 kg MuThu Boilies.","og_url":"https:\/\/www.carpfisher.eu\/shop\/produkt\/cf-boilie-muthu-20-mm-einheit-50-kg\/","og_site_name":"Carpfisher Shop","article_publisher":"https:\/\/www.facebook.com\/people\/Carpfishereu\/100066936180661\/","article_modified_time":"2026-03-18T08:43:47+00:00","og_image":[{"width":1080,"height":1080,"url":"https:\/\/www.carpfisher.eu\/shop\/wp-content\/uploads\/2023\/04\/Boilie-Sorten-Produkt-Bilder-Muthu-1.png","type":"image\/png"}],"twitter_card":"summary_large_image","twitter_misc":{"Gesch\u00e4tzte Lesezeit":"3\u00a0Minuten"},"schema":{"@context":"https:\/\/schema.org","@graph":[{"@type":"WebPage","@id":"https:\/\/www.carpfisher.eu\/shop\/produkt\/cf-boilie-muthu-20-mm-einheit-50-kg\/","url":"https:\/\/www.carpfisher.eu\/shop\/produkt\/cf-boilie-muthu-20-mm-einheit-50-kg\/","name":"CF Boilie: MuThu | 24 mm | Einheit 30 kg - Carpfisher Shop","isPartOf":{"@id":"https:\/\/www.carpfisher.eu\/shop\/#website"},"primaryImageOfPage":{"@id":"https:\/\/www.carpfisher.eu\/shop\/produkt\/cf-boilie-muthu-20-mm-einheit-50-kg\/#primaryimage"},"image":{"@id":"https:\/\/www.carpfisher.eu\/shop\/produkt\/cf-boilie-muthu-20-mm-einheit-50-kg\/#primaryimage"},"thumbnailUrl":"https:\/\/www.carpfisher.eu\/shop\/wp-content\/uploads\/2023\/04\/Boilie-Sorten-Produkt-Bilder-Muthu-1.png","datePublished":"2023-05-19T17:25:21+00:00","dateModified":"2026-03-18T08:43:47+00:00","breadcrumb":{"@id":"https:\/\/www.carpfisher.eu\/shop\/produkt\/cf-boilie-muthu-20-mm-einheit-50-kg\/#breadcrumb"},"inLanguage":"de","potentialAction":[{"@type":"ReadAction","target":["https:\/\/www.carpfisher.eu\/shop\/produkt\/cf-boilie-muthu-20-mm-einheit-50-kg\/"]}]},{"@type":"ImageObject","inLanguage":"de","@id":"https:\/\/www.carpfisher.eu\/shop\/produkt\/cf-boilie-muthu-20-mm-einheit-50-kg\/#primaryimage","url":"https:\/\/www.carpfisher.eu\/shop\/wp-content\/uploads\/2023\/04\/Boilie-Sorten-Produkt-Bilder-Muthu-1.png","contentUrl":"https:\/\/www.carpfisher.eu\/shop\/wp-content\/uploads\/2023\/04\/Boilie-Sorten-Produkt-Bilder-Muthu-1.png","width":1080,"height":1080},{"@type":"BreadcrumbList","@id":"https:\/\/www.carpfisher.eu\/shop\/produkt\/cf-boilie-muthu-20-mm-einheit-50-kg\/#breadcrumb","itemListElement":[{"@type":"ListItem","position":1,"name":"Startseite","item":"https:\/\/www.carpfisher.eu\/shop\/"},{"@type":"ListItem","position":2,"name":"Shop","item":"https:\/\/www.carpfisher.eu\/shop\/shop\/"},{"@type":"ListItem","position":3,"name":"CF Boilie: MuThu | 24 mm | Einheit 30 kg"}]},{"@type":"WebSite","@id":"https:\/\/www.carpfisher.eu\/shop\/#website","url":"https:\/\/www.carpfisher.eu\/shop\/","name":"Carpfisher Shop","description":"Shop f\u00fcr Karpfenangler, Boilies, Futter, Liquid, PopUps","publisher":{"@id":"https:\/\/www.carpfisher.eu\/shop\/#organization"},"potentialAction":[{"@type":"SearchAction","target":{"@type":"EntryPoint","urlTemplate":"https:\/\/www.carpfisher.eu\/shop\/?s={search_term_string}"},"query-input":{"@type":"PropertyValueSpecification","valueRequired":true,"valueName":"search_term_string"}}],"inLanguage":"de"},{"@type":"Organization","@id":"https:\/\/www.carpfisher.eu\/shop\/#organization","name":"Carpfisher Shop","url":"https:\/\/www.carpfisher.eu\/shop\/","logo":{"@type":"ImageObject","inLanguage":"de","@id":"https:\/\/www.carpfisher.eu\/shop\/#\/schema\/logo\/image\/","url":"https:\/\/www.carpfisher.eu\/shop\/wp-content\/uploads\/2023\/04\/cropped-My-project-1-3.png","contentUrl":"https:\/\/www.carpfisher.eu\/shop\/wp-content\/uploads\/2023\/04\/cropped-My-project-1-3.png","width":2154,"height":500,"caption":"Carpfisher Shop"},"image":{"@id":"https:\/\/www.carpfisher.eu\/shop\/#\/schema\/logo\/image\/"},"sameAs":["https:\/\/www.facebook.com\/people\/Carpfishereu\/100066936180661\/"]}]}},"_links":{"self":[{"href":"https:\/\/www.carpfisher.eu\/shop\/wp-json\/wp\/v2\/product\/607","targetHints":{"allow":["GET"]}}],"collection":[{"href":"https:\/\/www.carpfisher.eu\/shop\/wp-json\/wp\/v2\/product"}],"about":[{"href":"https:\/\/www.carpfisher.eu\/shop\/wp-json\/wp\/v2\/types\/product"}],"wp:featuredmedia":[{"embeddable":true,"href":"https:\/\/www.carpfisher.eu\/shop\/wp-json\/wp\/v2\/media\/1145"}],"wp:attachment":[{"href":"https:\/\/www.carpfisher.eu\/shop\/wp-json\/wp\/v2\/media?parent=607"}],"wp:term":[{"taxonomy":"product_brand","embeddable":true,"href":"https:\/\/www.carpfisher.eu\/shop\/wp-json\/wp\/v2\/product_brand?post=607"},{"taxonomy":"product_cat","embeddable":true,"href":"https:\/\/www.carpfisher.eu\/shop\/wp-json\/wp\/v2\/product_cat?post=607"},{"taxonomy":"product_tag","embeddable":true,"href":"https:\/\/www.carpfisher.eu\/shop\/wp-json\/wp\/v2\/product_tag?post=607"}],"curies":[{"name":"wp","href":"https:\/\/api.w.org\/{rel}","templated":true}]}}