{"id":648,"date":"2023-05-25T14:37:47","date_gmt":"2023-05-25T12:37:47","guid":{"rendered":"https:\/\/carpfisher.eu\/shop\/?post_type=product&#038;p=648"},"modified":"2026-04-01T20:30:23","modified_gmt":"2026-04-01T18:30:23","slug":"chicken-liver-extract-powder","status":"publish","type":"product","link":"https:\/\/www.carpfisher.eu\/shop\/produkt\/chicken-liver-extract-powder\/","title":{"rendered":"Chicken Liver Extract Powder | 150 Gramm Dose"},"content":{"rendered":"<p>Pures Leber\u00a0 Extract (vom Huhn) zum Best\u00e4uben von gesoakten Boilies. Je l\u00e4nger du das Extract Powder einziehen l\u00e4sst, desto langsamer wird es ans Wasser wieder abgegeben.<\/p>\n<p>In den Extract Powders befindet sich das Maximum an attraktiven Inhaltsstoffen f\u00fcr Fische. Der extrem hohe Anteil an Aminos\u00e4uren sorgt daf\u00fcr, dass das Fressverhalten maximal stimuliert wird. Eine d\u00fcnne Schicht reicht v\u00f6llig aus, um gesoakten Boilies das gewisse Extra zu verleihen!<\/p>\n<p>Unsere Extrakte sind EXTREM wasserl\u00f6slich, darum geben sie die Inhaltsstoffe bei jeder Wassertemperatur sehr schnell ans Wasser ab! Das sorgt f\u00fcr eine extreme Anziehungskraft im Umfeld des Hakenk\u00f6ders! Wir wollen bewusst keine dicke, z\u00e4he Teigschicht, die sich langsam aufl\u00f6st. Mit einer z\u00e4hen Teigschicht, kann es passieren, dass kleine Fische am K\u00f6der saugen und knabbern und so diesen hin und her bewegen. Mit viel Pech endet das in einem vert\u00fcdelten, nicht korrekt hakenden Vorfach. Auch der Haken kann in einer aufl\u00f6senden Teigschicht kleben bleiben und ein korrektes Hakverhalten verhindern.<\/p>\n<p>&#8222;Extract Powders&#8220; sind extrem feine, sehr hoch dosierte und sehr reine Additive! Hier werden keine Schlachtabf\u00e4lle, Gr\u00e4ten oder Knochen verarbeitet. Bei der Verarbeitung wird mit niedrigen Temperaturen gearbeitet, um m\u00f6glichst viel an Inhaltsstoffen zu erhalten. Weiters k\u00f6nnen Aroma und Aminos\u00e4uren Zus\u00e4tze das Produkt in seiner Wirkung verst\u00e4rkend unterst\u00fctzen.<\/p>\n<hr \/>\n<p>Proteinanteil: 38 %<\/p>\n<p>Eine wiederverschlie\u00dfbare Dose mit 150 Gramm<\/p>\n<hr \/>\n<p>Angelk\u00f6der f\u00fcr frei lebende Fische, nicht f\u00fcr den menschlichen Verzehr geeignet. Darf nicht an Wiederk\u00e4uer verf\u00fcttert werden!<\/p>\n","protected":false},"excerpt":{"rendered":"<p>Pures Leber\u00a0 Extract (vom Huhn) zum Best\u00e4uben von gesoakten Boilies. Je l\u00e4nger du das Extract Powder einziehen l\u00e4sst, desto langsamer wird es ans Wasser wieder abgegeben. In den Extract Powders befindet sich das Maximum an attraktiven Inhaltsstoffen f\u00fcr Fische. Der extrem hohe Anteil an Aminos\u00e4uren sorgt daf\u00fcr, dass das Fressverhalten maximal stimuliert wird. Eine d\u00fcnne [&hellip;]<\/p>\n","protected":false},"featured_media":767,"template":"","meta":{"sfsi_plus_gutenberg_text_before_share":"","sfsi_plus_gutenberg_show_text_before_share":"","sfsi_plus_gutenberg_icon_type":"","sfsi_plus_gutenberg_icon_alignemt":"","sfsi_plus_gutenburg_max_per_row":""},"product_brand":[],"product_cat":[44],"product_tag":[],"class_list":{"0":"post-648","1":"product","2":"type-product","3":"status-publish","4":"has-post-thumbnail","6":"product_cat-mehle-extrakte","8":"first","9":"instock","10":"taxable","11":"shipping-taxable","12":"purchasable","13":"product-type-simple"},"yoast_head":"<!-- This site is optimized with the Yoast SEO plugin v27.2 - https:\/\/yoast.com\/product\/yoast-seo-wordpress\/ -->\n<title>Chicken Liver Extract Powder | 150 Gramm Dose - Carpfisher Shop<\/title>\n<meta name=\"robots\" content=\"index, follow, max-snippet:-1, max-image-preview:large, max-video-preview:-1\" \/>\n<link rel=\"canonical\" href=\"https:\/\/www.carpfisher.eu\/shop\/produkt\/chicken-liver-extract-powder\/\" \/>\n<meta property=\"og:locale\" content=\"de_DE\" \/>\n<meta property=\"og:type\" content=\"article\" \/>\n<meta property=\"og:title\" content=\"Chicken Liver Extract Powder | 150 Gramm Dose - Carpfisher Shop\" \/>\n<meta property=\"og:description\" content=\"Pures Leber\u00a0 Extract (vom Huhn) zum Best\u00e4uben von gesoakten Boilies. Je l\u00e4nger du das Extract Powder einziehen l\u00e4sst, desto langsamer wird es ans Wasser wieder abgegeben. In den Extract Powders befindet sich das Maximum an attraktiven Inhaltsstoffen f\u00fcr Fische. Der extrem hohe Anteil an Aminos\u00e4uren sorgt daf\u00fcr, dass das Fressverhalten maximal stimuliert wird. Eine d\u00fcnne [&hellip;]\" \/>\n<meta property=\"og:url\" content=\"https:\/\/www.carpfisher.eu\/shop\/produkt\/chicken-liver-extract-powder\/\" \/>\n<meta property=\"og:site_name\" content=\"Carpfisher Shop\" \/>\n<meta property=\"article:publisher\" content=\"https:\/\/www.facebook.com\/people\/Carpfishereu\/100066936180661\/\" \/>\n<meta property=\"article:modified_time\" content=\"2026-04-01T18:30:23+00:00\" \/>\n<meta property=\"og:image\" content=\"https:\/\/www.carpfisher.eu\/shop\/wp-content\/uploads\/2023\/05\/Chicken-Liver-Extract-2.png\" \/>\n\t<meta property=\"og:image:width\" content=\"2000\" \/>\n\t<meta property=\"og:image:height\" content=\"2000\" \/>\n\t<meta property=\"og:image:type\" content=\"image\/png\" \/>\n<meta name=\"twitter:card\" content=\"summary_large_image\" \/>\n<meta name=\"twitter:label1\" content=\"Gesch\u00e4tzte Lesezeit\" \/>\n\t<meta name=\"twitter:data1\" content=\"2\u00a0Minuten\" \/>\n<script type=\"application\/ld+json\" class=\"yoast-schema-graph\">{\"@context\":\"https:\/\/schema.org\",\"@graph\":[{\"@type\":\"WebPage\",\"@id\":\"https:\/\/www.carpfisher.eu\/shop\/produkt\/chicken-liver-extract-powder\/\",\"url\":\"https:\/\/www.carpfisher.eu\/shop\/produkt\/chicken-liver-extract-powder\/\",\"name\":\"Chicken Liver Extract Powder | 150 Gramm Dose - Carpfisher Shop\",\"isPartOf\":{\"@id\":\"https:\/\/www.carpfisher.eu\/shop\/#website\"},\"primaryImageOfPage\":{\"@id\":\"https:\/\/www.carpfisher.eu\/shop\/produkt\/chicken-liver-extract-powder\/#primaryimage\"},\"image\":{\"@id\":\"https:\/\/www.carpfisher.eu\/shop\/produkt\/chicken-liver-extract-powder\/#primaryimage\"},\"thumbnailUrl\":\"https:\/\/www.carpfisher.eu\/shop\/wp-content\/uploads\/2023\/05\/Chicken-Liver-Extract-2.png\",\"datePublished\":\"2023-05-25T12:37:47+00:00\",\"dateModified\":\"2026-04-01T18:30:23+00:00\",\"breadcrumb\":{\"@id\":\"https:\/\/www.carpfisher.eu\/shop\/produkt\/chicken-liver-extract-powder\/#breadcrumb\"},\"inLanguage\":\"de\",\"potentialAction\":[{\"@type\":\"ReadAction\",\"target\":[\"https:\/\/www.carpfisher.eu\/shop\/produkt\/chicken-liver-extract-powder\/\"]}]},{\"@type\":\"ImageObject\",\"inLanguage\":\"de\",\"@id\":\"https:\/\/www.carpfisher.eu\/shop\/produkt\/chicken-liver-extract-powder\/#primaryimage\",\"url\":\"https:\/\/www.carpfisher.eu\/shop\/wp-content\/uploads\/2023\/05\/Chicken-Liver-Extract-2.png\",\"contentUrl\":\"https:\/\/www.carpfisher.eu\/shop\/wp-content\/uploads\/2023\/05\/Chicken-Liver-Extract-2.png\",\"width\":2000,\"height\":2000},{\"@type\":\"BreadcrumbList\",\"@id\":\"https:\/\/www.carpfisher.eu\/shop\/produkt\/chicken-liver-extract-powder\/#breadcrumb\",\"itemListElement\":[{\"@type\":\"ListItem\",\"position\":1,\"name\":\"Startseite\",\"item\":\"https:\/\/www.carpfisher.eu\/shop\/\"},{\"@type\":\"ListItem\",\"position\":2,\"name\":\"Shop\",\"item\":\"https:\/\/www.carpfisher.eu\/shop\/shop\/\"},{\"@type\":\"ListItem\",\"position\":3,\"name\":\"Chicken Liver Extract Powder | 150 Gramm Dose\"}]},{\"@type\":\"WebSite\",\"@id\":\"https:\/\/www.carpfisher.eu\/shop\/#website\",\"url\":\"https:\/\/www.carpfisher.eu\/shop\/\",\"name\":\"Carpfisher Shop\",\"description\":\"Shop f\u00fcr Karpfenangler, Boilies, Futter, Liquid, PopUps\",\"publisher\":{\"@id\":\"https:\/\/www.carpfisher.eu\/shop\/#organization\"},\"potentialAction\":[{\"@type\":\"SearchAction\",\"target\":{\"@type\":\"EntryPoint\",\"urlTemplate\":\"https:\/\/www.carpfisher.eu\/shop\/?s={search_term_string}\"},\"query-input\":{\"@type\":\"PropertyValueSpecification\",\"valueRequired\":true,\"valueName\":\"search_term_string\"}}],\"inLanguage\":\"de\"},{\"@type\":\"Organization\",\"@id\":\"https:\/\/www.carpfisher.eu\/shop\/#organization\",\"name\":\"Carpfisher Shop\",\"url\":\"https:\/\/www.carpfisher.eu\/shop\/\",\"logo\":{\"@type\":\"ImageObject\",\"inLanguage\":\"de\",\"@id\":\"https:\/\/www.carpfisher.eu\/shop\/#\/schema\/logo\/image\/\",\"url\":\"https:\/\/www.carpfisher.eu\/shop\/wp-content\/uploads\/2023\/04\/cropped-My-project-1-3.png\",\"contentUrl\":\"https:\/\/www.carpfisher.eu\/shop\/wp-content\/uploads\/2023\/04\/cropped-My-project-1-3.png\",\"width\":2154,\"height\":500,\"caption\":\"Carpfisher Shop\"},\"image\":{\"@id\":\"https:\/\/www.carpfisher.eu\/shop\/#\/schema\/logo\/image\/\"},\"sameAs\":[\"https:\/\/www.facebook.com\/people\/Carpfishereu\/100066936180661\/\"]}]}<\/script>\n<!-- \/ Yoast SEO plugin. -->","yoast_head_json":{"title":"Chicken Liver Extract Powder | 150 Gramm Dose - Carpfisher Shop","robots":{"index":"index","follow":"follow","max-snippet":"max-snippet:-1","max-image-preview":"max-image-preview:large","max-video-preview":"max-video-preview:-1"},"canonical":"https:\/\/www.carpfisher.eu\/shop\/produkt\/chicken-liver-extract-powder\/","og_locale":"de_DE","og_type":"article","og_title":"Chicken Liver Extract Powder | 150 Gramm Dose - Carpfisher Shop","og_description":"Pures Leber\u00a0 Extract (vom Huhn) zum Best\u00e4uben von gesoakten Boilies. Je l\u00e4nger du das Extract Powder einziehen l\u00e4sst, desto langsamer wird es ans Wasser wieder abgegeben. In den Extract Powders befindet sich das Maximum an attraktiven Inhaltsstoffen f\u00fcr Fische. Der extrem hohe Anteil an Aminos\u00e4uren sorgt daf\u00fcr, dass das Fressverhalten maximal stimuliert wird. Eine d\u00fcnne [&hellip;]","og_url":"https:\/\/www.carpfisher.eu\/shop\/produkt\/chicken-liver-extract-powder\/","og_site_name":"Carpfisher Shop","article_publisher":"https:\/\/www.facebook.com\/people\/Carpfishereu\/100066936180661\/","article_modified_time":"2026-04-01T18:30:23+00:00","og_image":[{"width":2000,"height":2000,"url":"https:\/\/www.carpfisher.eu\/shop\/wp-content\/uploads\/2023\/05\/Chicken-Liver-Extract-2.png","type":"image\/png"}],"twitter_card":"summary_large_image","twitter_misc":{"Gesch\u00e4tzte Lesezeit":"2\u00a0Minuten"},"schema":{"@context":"https:\/\/schema.org","@graph":[{"@type":"WebPage","@id":"https:\/\/www.carpfisher.eu\/shop\/produkt\/chicken-liver-extract-powder\/","url":"https:\/\/www.carpfisher.eu\/shop\/produkt\/chicken-liver-extract-powder\/","name":"Chicken Liver Extract Powder | 150 Gramm Dose - Carpfisher Shop","isPartOf":{"@id":"https:\/\/www.carpfisher.eu\/shop\/#website"},"primaryImageOfPage":{"@id":"https:\/\/www.carpfisher.eu\/shop\/produkt\/chicken-liver-extract-powder\/#primaryimage"},"image":{"@id":"https:\/\/www.carpfisher.eu\/shop\/produkt\/chicken-liver-extract-powder\/#primaryimage"},"thumbnailUrl":"https:\/\/www.carpfisher.eu\/shop\/wp-content\/uploads\/2023\/05\/Chicken-Liver-Extract-2.png","datePublished":"2023-05-25T12:37:47+00:00","dateModified":"2026-04-01T18:30:23+00:00","breadcrumb":{"@id":"https:\/\/www.carpfisher.eu\/shop\/produkt\/chicken-liver-extract-powder\/#breadcrumb"},"inLanguage":"de","potentialAction":[{"@type":"ReadAction","target":["https:\/\/www.carpfisher.eu\/shop\/produkt\/chicken-liver-extract-powder\/"]}]},{"@type":"ImageObject","inLanguage":"de","@id":"https:\/\/www.carpfisher.eu\/shop\/produkt\/chicken-liver-extract-powder\/#primaryimage","url":"https:\/\/www.carpfisher.eu\/shop\/wp-content\/uploads\/2023\/05\/Chicken-Liver-Extract-2.png","contentUrl":"https:\/\/www.carpfisher.eu\/shop\/wp-content\/uploads\/2023\/05\/Chicken-Liver-Extract-2.png","width":2000,"height":2000},{"@type":"BreadcrumbList","@id":"https:\/\/www.carpfisher.eu\/shop\/produkt\/chicken-liver-extract-powder\/#breadcrumb","itemListElement":[{"@type":"ListItem","position":1,"name":"Startseite","item":"https:\/\/www.carpfisher.eu\/shop\/"},{"@type":"ListItem","position":2,"name":"Shop","item":"https:\/\/www.carpfisher.eu\/shop\/shop\/"},{"@type":"ListItem","position":3,"name":"Chicken Liver Extract Powder | 150 Gramm Dose"}]},{"@type":"WebSite","@id":"https:\/\/www.carpfisher.eu\/shop\/#website","url":"https:\/\/www.carpfisher.eu\/shop\/","name":"Carpfisher Shop","description":"Shop f\u00fcr Karpfenangler, Boilies, Futter, Liquid, PopUps","publisher":{"@id":"https:\/\/www.carpfisher.eu\/shop\/#organization"},"potentialAction":[{"@type":"SearchAction","target":{"@type":"EntryPoint","urlTemplate":"https:\/\/www.carpfisher.eu\/shop\/?s={search_term_string}"},"query-input":{"@type":"PropertyValueSpecification","valueRequired":true,"valueName":"search_term_string"}}],"inLanguage":"de"},{"@type":"Organization","@id":"https:\/\/www.carpfisher.eu\/shop\/#organization","name":"Carpfisher Shop","url":"https:\/\/www.carpfisher.eu\/shop\/","logo":{"@type":"ImageObject","inLanguage":"de","@id":"https:\/\/www.carpfisher.eu\/shop\/#\/schema\/logo\/image\/","url":"https:\/\/www.carpfisher.eu\/shop\/wp-content\/uploads\/2023\/04\/cropped-My-project-1-3.png","contentUrl":"https:\/\/www.carpfisher.eu\/shop\/wp-content\/uploads\/2023\/04\/cropped-My-project-1-3.png","width":2154,"height":500,"caption":"Carpfisher Shop"},"image":{"@id":"https:\/\/www.carpfisher.eu\/shop\/#\/schema\/logo\/image\/"},"sameAs":["https:\/\/www.facebook.com\/people\/Carpfishereu\/100066936180661\/"]}]}},"_links":{"self":[{"href":"https:\/\/www.carpfisher.eu\/shop\/wp-json\/wp\/v2\/product\/648","targetHints":{"allow":["GET"]}}],"collection":[{"href":"https:\/\/www.carpfisher.eu\/shop\/wp-json\/wp\/v2\/product"}],"about":[{"href":"https:\/\/www.carpfisher.eu\/shop\/wp-json\/wp\/v2\/types\/product"}],"wp:featuredmedia":[{"embeddable":true,"href":"https:\/\/www.carpfisher.eu\/shop\/wp-json\/wp\/v2\/media\/767"}],"wp:attachment":[{"href":"https:\/\/www.carpfisher.eu\/shop\/wp-json\/wp\/v2\/media?parent=648"}],"wp:term":[{"taxonomy":"product_brand","embeddable":true,"href":"https:\/\/www.carpfisher.eu\/shop\/wp-json\/wp\/v2\/product_brand?post=648"},{"taxonomy":"product_cat","embeddable":true,"href":"https:\/\/www.carpfisher.eu\/shop\/wp-json\/wp\/v2\/product_cat?post=648"},{"taxonomy":"product_tag","embeddable":true,"href":"https:\/\/www.carpfisher.eu\/shop\/wp-json\/wp\/v2\/product_tag?post=648"}],"curies":[{"name":"wp","href":"https:\/\/api.w.org\/{rel}","templated":true}]}}