{"id":692,"date":"2023-06-01T11:23:51","date_gmt":"2023-06-01T09:23:51","guid":{"rendered":"https:\/\/carpfisher.eu\/shop\/?post_type=product&#038;p=692"},"modified":"2026-02-03T16:27:50","modified_gmt":"2026-02-03T15:27:50","slug":"cf-hard-hookbait-squiver-20-mm","status":"publish","type":"product","link":"https:\/\/www.carpfisher.eu\/shop\/produkt\/cf-hard-hookbait-squiver-20-mm\/","title":{"rendered":"CF Hookbait | Hard | Squiver Extreme"},"content":{"rendered":"<p><em>F\u00fcr alle, die ihren K\u00f6der auch bei warmen Wassertemperaturen mehr als 24 Stunden\u00a0<strong>sicher<\/strong>\u00a0pr\u00e4sentieren wollen!<\/em><\/p>\n<p>Die \u201eCF Hard Hookbaits\u201c werden mit einem Original-Mix Anteil von mindestens 80 Prozent hergestellt. Durch die Zugabe von noch mehr Eiprodukten erh\u00f6hen wir die Bindung und damit auch die Resistenz im Wasser. Das bedeutet ihr k\u00f6nnt diese Hard Hookbaits auch mal 48 Stunden oder l\u00e4nger (je nach Wassertemperatur) am Spot liegen lassen. Auch Wei\u00dffische haben hier keine Chance, den K\u00f6der in dieser Zeit zu zerkleinern.<\/p>\n<p>In stehenden Gew\u00e4ssern h\u00e4lt der 24 mm Squiver Hookbait den trockenen Kern bei 20 Grad Wassertemperatur ca. 72 Stunden!<br \/>\n<em>Hinweis: extreme Wei\u00dffisch-, Wasservogel- oder Krebsattacken reduzieren diese Zeit.\u00a0<\/em><\/p>\n<p><strong>Die Attraktivit\u00e4t kann weiter gesteigert werden, in dem du einen Schuss Liquid deiner Wahl in die Dose sch\u00fcttest (bitte 24 Stunden einziehen lassen) \u2013 die Hard Hookbaits sind in ihrer Struktur sehr Liquid aufnahmef\u00e4hig! Weiters haben wir die Dose extra daf\u00fcr etwas gr\u00f6\u00dfer gestaltet, damit du die Hookbaits gut sch\u00fctteln kannst! Auch ein Best\u00e4uben mit Extrakten puscht die Attraktivit\u00e4t noch einmal so richtig!**<\/strong><\/p>\n<p>Weiters geben wir in den Mix der Hookbaits zwei weitere Zutaten, die Fresssignale aussenden, um die Attraktivit\u00e4t direkt am Hakenk\u00f6der zu steigern.*<\/p>\n<p>Die Farbe der Hookbaits erscheint manchmal etwas dunkler oder heller als die Futterboilies derselben Sorte \u2013 mit Wasser oder Liquid Kontakt gleicht sich die Farbe aber auf denselben Farbton an, und sie sind kaum mehr zu unterscheiden!<\/p>\n<hr \/>\n<p>Inhalt pro Dose 250 Gramm<\/p>\n<p>Mindesthaltbarkeit 24 Monate!<\/p>\n<p>* Aminos\u00e4uren Komplex<\/p>\n<p>** durch die Nachbehandlung mit Liquids kann die Wasserl\u00f6slichkeit beeinflusst werden. In unseren Tests blieb gesoakter Hard Hookbait locker 24 Stunden im Wasser in seiner Struktur sehr gut erhalten und hatte noch einen trockenen Kern!<\/p>\n<hr \/>\n<p>Angelk\u00f6der f\u00fcr frei lebende Fische, nicht f\u00fcr den menschlichen Verzehr geeignet. Darf nicht an Wiederk\u00e4uer verf\u00fcttert werden!<\/p>\n","protected":false},"excerpt":{"rendered":"<p>Bitte w\u00e4hlen sie die gew\u00fcnschte Gr\u00f6\u00dfe aus:<\/p>\n","protected":false},"featured_media":784,"template":"","meta":{"sfsi_plus_gutenberg_text_before_share":"","sfsi_plus_gutenberg_show_text_before_share":"","sfsi_plus_gutenberg_icon_type":"","sfsi_plus_gutenberg_icon_alignemt":"","sfsi_plus_gutenburg_max_per_row":""},"product_brand":[],"product_cat":[41],"product_tag":[],"class_list":{"0":"post-692","1":"product","2":"type-product","3":"status-publish","4":"has-post-thumbnail","6":"product_cat-cf-hard-hookbaits","8":"first","9":"instock","10":"taxable","11":"shipping-taxable","12":"purchasable","13":"product-type-variable"},"yoast_head":"<!-- This site is optimized with the Yoast SEO plugin v27.2 - https:\/\/yoast.com\/product\/yoast-seo-wordpress\/ -->\n<title>CF Hookbait | Hard | Squiver Extreme - Carpfisher Shop<\/title>\n<meta name=\"robots\" content=\"index, follow, max-snippet:-1, max-image-preview:large, max-video-preview:-1\" \/>\n<link rel=\"canonical\" href=\"https:\/\/www.carpfisher.eu\/shop\/produkt\/cf-hard-hookbait-squiver-20-mm\/\" \/>\n<meta property=\"og:locale\" content=\"de_DE\" \/>\n<meta property=\"og:type\" content=\"article\" \/>\n<meta property=\"og:title\" content=\"CF Hookbait | Hard | Squiver Extreme - Carpfisher Shop\" \/>\n<meta property=\"og:description\" content=\"Bitte w\u00e4hlen sie die gew\u00fcnschte Gr\u00f6\u00dfe aus:\" \/>\n<meta property=\"og:url\" content=\"https:\/\/www.carpfisher.eu\/shop\/produkt\/cf-hard-hookbait-squiver-20-mm\/\" \/>\n<meta property=\"og:site_name\" content=\"Carpfisher Shop\" \/>\n<meta property=\"article:publisher\" content=\"https:\/\/www.facebook.com\/people\/Carpfishereu\/100066936180661\/\" \/>\n<meta property=\"article:modified_time\" content=\"2026-02-03T15:27:50+00:00\" \/>\n<meta property=\"og:image\" content=\"https:\/\/www.carpfisher.eu\/shop\/wp-content\/uploads\/2023\/06\/Hard-Hookbaits-Squiver-24mm.png\" \/>\n\t<meta property=\"og:image:width\" content=\"1080\" \/>\n\t<meta property=\"og:image:height\" content=\"1080\" \/>\n\t<meta property=\"og:image:type\" content=\"image\/png\" \/>\n<meta name=\"twitter:card\" content=\"summary_large_image\" \/>\n<meta name=\"twitter:label1\" content=\"Gesch\u00e4tzte Lesezeit\" \/>\n\t<meta name=\"twitter:data1\" content=\"2\u00a0Minuten\" \/>\n<script type=\"application\/ld+json\" class=\"yoast-schema-graph\">{\"@context\":\"https:\/\/schema.org\",\"@graph\":[{\"@type\":\"WebPage\",\"@id\":\"https:\/\/www.carpfisher.eu\/shop\/produkt\/cf-hard-hookbait-squiver-20-mm\/\",\"url\":\"https:\/\/www.carpfisher.eu\/shop\/produkt\/cf-hard-hookbait-squiver-20-mm\/\",\"name\":\"CF Hookbait | Hard | Squiver Extreme - Carpfisher Shop\",\"isPartOf\":{\"@id\":\"https:\/\/www.carpfisher.eu\/shop\/#website\"},\"primaryImageOfPage\":{\"@id\":\"https:\/\/www.carpfisher.eu\/shop\/produkt\/cf-hard-hookbait-squiver-20-mm\/#primaryimage\"},\"image\":{\"@id\":\"https:\/\/www.carpfisher.eu\/shop\/produkt\/cf-hard-hookbait-squiver-20-mm\/#primaryimage\"},\"thumbnailUrl\":\"https:\/\/www.carpfisher.eu\/shop\/wp-content\/uploads\/2023\/06\/Hard-Hookbaits-Squiver-24mm.png\",\"datePublished\":\"2023-06-01T09:23:51+00:00\",\"dateModified\":\"2026-02-03T15:27:50+00:00\",\"breadcrumb\":{\"@id\":\"https:\/\/www.carpfisher.eu\/shop\/produkt\/cf-hard-hookbait-squiver-20-mm\/#breadcrumb\"},\"inLanguage\":\"de\",\"potentialAction\":[{\"@type\":\"ReadAction\",\"target\":[\"https:\/\/www.carpfisher.eu\/shop\/produkt\/cf-hard-hookbait-squiver-20-mm\/\"]}]},{\"@type\":\"ImageObject\",\"inLanguage\":\"de\",\"@id\":\"https:\/\/www.carpfisher.eu\/shop\/produkt\/cf-hard-hookbait-squiver-20-mm\/#primaryimage\",\"url\":\"https:\/\/www.carpfisher.eu\/shop\/wp-content\/uploads\/2023\/06\/Hard-Hookbaits-Squiver-24mm.png\",\"contentUrl\":\"https:\/\/www.carpfisher.eu\/shop\/wp-content\/uploads\/2023\/06\/Hard-Hookbaits-Squiver-24mm.png\",\"width\":1080,\"height\":1080},{\"@type\":\"BreadcrumbList\",\"@id\":\"https:\/\/www.carpfisher.eu\/shop\/produkt\/cf-hard-hookbait-squiver-20-mm\/#breadcrumb\",\"itemListElement\":[{\"@type\":\"ListItem\",\"position\":1,\"name\":\"Startseite\",\"item\":\"https:\/\/www.carpfisher.eu\/shop\/\"},{\"@type\":\"ListItem\",\"position\":2,\"name\":\"Shop\",\"item\":\"https:\/\/www.carpfisher.eu\/shop\/shop\/\"},{\"@type\":\"ListItem\",\"position\":3,\"name\":\"CF Hookbait | Hard | Squiver Extreme\"}]},{\"@type\":\"WebSite\",\"@id\":\"https:\/\/www.carpfisher.eu\/shop\/#website\",\"url\":\"https:\/\/www.carpfisher.eu\/shop\/\",\"name\":\"Carpfisher Shop\",\"description\":\"Shop f\u00fcr Karpfenangler, Boilies, Futter, Liquid, PopUps\",\"publisher\":{\"@id\":\"https:\/\/www.carpfisher.eu\/shop\/#organization\"},\"potentialAction\":[{\"@type\":\"SearchAction\",\"target\":{\"@type\":\"EntryPoint\",\"urlTemplate\":\"https:\/\/www.carpfisher.eu\/shop\/?s={search_term_string}\"},\"query-input\":{\"@type\":\"PropertyValueSpecification\",\"valueRequired\":true,\"valueName\":\"search_term_string\"}}],\"inLanguage\":\"de\"},{\"@type\":\"Organization\",\"@id\":\"https:\/\/www.carpfisher.eu\/shop\/#organization\",\"name\":\"Carpfisher Shop\",\"url\":\"https:\/\/www.carpfisher.eu\/shop\/\",\"logo\":{\"@type\":\"ImageObject\",\"inLanguage\":\"de\",\"@id\":\"https:\/\/www.carpfisher.eu\/shop\/#\/schema\/logo\/image\/\",\"url\":\"https:\/\/www.carpfisher.eu\/shop\/wp-content\/uploads\/2023\/04\/cropped-My-project-1-3.png\",\"contentUrl\":\"https:\/\/www.carpfisher.eu\/shop\/wp-content\/uploads\/2023\/04\/cropped-My-project-1-3.png\",\"width\":2154,\"height\":500,\"caption\":\"Carpfisher Shop\"},\"image\":{\"@id\":\"https:\/\/www.carpfisher.eu\/shop\/#\/schema\/logo\/image\/\"},\"sameAs\":[\"https:\/\/www.facebook.com\/people\/Carpfishereu\/100066936180661\/\"]}]}<\/script>\n<!-- \/ Yoast SEO plugin. -->","yoast_head_json":{"title":"CF Hookbait | Hard | Squiver Extreme - Carpfisher Shop","robots":{"index":"index","follow":"follow","max-snippet":"max-snippet:-1","max-image-preview":"max-image-preview:large","max-video-preview":"max-video-preview:-1"},"canonical":"https:\/\/www.carpfisher.eu\/shop\/produkt\/cf-hard-hookbait-squiver-20-mm\/","og_locale":"de_DE","og_type":"article","og_title":"CF Hookbait | Hard | Squiver Extreme - Carpfisher Shop","og_description":"Bitte w\u00e4hlen sie die gew\u00fcnschte Gr\u00f6\u00dfe aus:","og_url":"https:\/\/www.carpfisher.eu\/shop\/produkt\/cf-hard-hookbait-squiver-20-mm\/","og_site_name":"Carpfisher Shop","article_publisher":"https:\/\/www.facebook.com\/people\/Carpfishereu\/100066936180661\/","article_modified_time":"2026-02-03T15:27:50+00:00","og_image":[{"width":1080,"height":1080,"url":"https:\/\/www.carpfisher.eu\/shop\/wp-content\/uploads\/2023\/06\/Hard-Hookbaits-Squiver-24mm.png","type":"image\/png"}],"twitter_card":"summary_large_image","twitter_misc":{"Gesch\u00e4tzte Lesezeit":"2\u00a0Minuten"},"schema":{"@context":"https:\/\/schema.org","@graph":[{"@type":"WebPage","@id":"https:\/\/www.carpfisher.eu\/shop\/produkt\/cf-hard-hookbait-squiver-20-mm\/","url":"https:\/\/www.carpfisher.eu\/shop\/produkt\/cf-hard-hookbait-squiver-20-mm\/","name":"CF Hookbait | Hard | Squiver Extreme - Carpfisher Shop","isPartOf":{"@id":"https:\/\/www.carpfisher.eu\/shop\/#website"},"primaryImageOfPage":{"@id":"https:\/\/www.carpfisher.eu\/shop\/produkt\/cf-hard-hookbait-squiver-20-mm\/#primaryimage"},"image":{"@id":"https:\/\/www.carpfisher.eu\/shop\/produkt\/cf-hard-hookbait-squiver-20-mm\/#primaryimage"},"thumbnailUrl":"https:\/\/www.carpfisher.eu\/shop\/wp-content\/uploads\/2023\/06\/Hard-Hookbaits-Squiver-24mm.png","datePublished":"2023-06-01T09:23:51+00:00","dateModified":"2026-02-03T15:27:50+00:00","breadcrumb":{"@id":"https:\/\/www.carpfisher.eu\/shop\/produkt\/cf-hard-hookbait-squiver-20-mm\/#breadcrumb"},"inLanguage":"de","potentialAction":[{"@type":"ReadAction","target":["https:\/\/www.carpfisher.eu\/shop\/produkt\/cf-hard-hookbait-squiver-20-mm\/"]}]},{"@type":"ImageObject","inLanguage":"de","@id":"https:\/\/www.carpfisher.eu\/shop\/produkt\/cf-hard-hookbait-squiver-20-mm\/#primaryimage","url":"https:\/\/www.carpfisher.eu\/shop\/wp-content\/uploads\/2023\/06\/Hard-Hookbaits-Squiver-24mm.png","contentUrl":"https:\/\/www.carpfisher.eu\/shop\/wp-content\/uploads\/2023\/06\/Hard-Hookbaits-Squiver-24mm.png","width":1080,"height":1080},{"@type":"BreadcrumbList","@id":"https:\/\/www.carpfisher.eu\/shop\/produkt\/cf-hard-hookbait-squiver-20-mm\/#breadcrumb","itemListElement":[{"@type":"ListItem","position":1,"name":"Startseite","item":"https:\/\/www.carpfisher.eu\/shop\/"},{"@type":"ListItem","position":2,"name":"Shop","item":"https:\/\/www.carpfisher.eu\/shop\/shop\/"},{"@type":"ListItem","position":3,"name":"CF Hookbait | Hard | Squiver Extreme"}]},{"@type":"WebSite","@id":"https:\/\/www.carpfisher.eu\/shop\/#website","url":"https:\/\/www.carpfisher.eu\/shop\/","name":"Carpfisher Shop","description":"Shop f\u00fcr Karpfenangler, Boilies, Futter, Liquid, PopUps","publisher":{"@id":"https:\/\/www.carpfisher.eu\/shop\/#organization"},"potentialAction":[{"@type":"SearchAction","target":{"@type":"EntryPoint","urlTemplate":"https:\/\/www.carpfisher.eu\/shop\/?s={search_term_string}"},"query-input":{"@type":"PropertyValueSpecification","valueRequired":true,"valueName":"search_term_string"}}],"inLanguage":"de"},{"@type":"Organization","@id":"https:\/\/www.carpfisher.eu\/shop\/#organization","name":"Carpfisher Shop","url":"https:\/\/www.carpfisher.eu\/shop\/","logo":{"@type":"ImageObject","inLanguage":"de","@id":"https:\/\/www.carpfisher.eu\/shop\/#\/schema\/logo\/image\/","url":"https:\/\/www.carpfisher.eu\/shop\/wp-content\/uploads\/2023\/04\/cropped-My-project-1-3.png","contentUrl":"https:\/\/www.carpfisher.eu\/shop\/wp-content\/uploads\/2023\/04\/cropped-My-project-1-3.png","width":2154,"height":500,"caption":"Carpfisher Shop"},"image":{"@id":"https:\/\/www.carpfisher.eu\/shop\/#\/schema\/logo\/image\/"},"sameAs":["https:\/\/www.facebook.com\/people\/Carpfishereu\/100066936180661\/"]}]}},"_links":{"self":[{"href":"https:\/\/www.carpfisher.eu\/shop\/wp-json\/wp\/v2\/product\/692","targetHints":{"allow":["GET"]}}],"collection":[{"href":"https:\/\/www.carpfisher.eu\/shop\/wp-json\/wp\/v2\/product"}],"about":[{"href":"https:\/\/www.carpfisher.eu\/shop\/wp-json\/wp\/v2\/types\/product"}],"wp:featuredmedia":[{"embeddable":true,"href":"https:\/\/www.carpfisher.eu\/shop\/wp-json\/wp\/v2\/media\/784"}],"wp:attachment":[{"href":"https:\/\/www.carpfisher.eu\/shop\/wp-json\/wp\/v2\/media?parent=692"}],"wp:term":[{"taxonomy":"product_brand","embeddable":true,"href":"https:\/\/www.carpfisher.eu\/shop\/wp-json\/wp\/v2\/product_brand?post=692"},{"taxonomy":"product_cat","embeddable":true,"href":"https:\/\/www.carpfisher.eu\/shop\/wp-json\/wp\/v2\/product_cat?post=692"},{"taxonomy":"product_tag","embeddable":true,"href":"https:\/\/www.carpfisher.eu\/shop\/wp-json\/wp\/v2\/product_tag?post=692"}],"curies":[{"name":"wp","href":"https:\/\/api.w.org\/{rel}","templated":true}]}}