{"id":766,"date":"2023-06-30T08:24:04","date_gmt":"2023-06-30T06:24:04","guid":{"rendered":"https:\/\/www.carpfisher.eu\/shop\/?post_type=product&#038;p=766"},"modified":"2026-01-22T10:15:22","modified_gmt":"2026-01-22T09:15:22","slug":"fertig-praeparierte-crushed-tigers-3-liter","status":"publish","type":"product","link":"https:\/\/www.carpfisher.eu\/shop\/produkt\/fertig-praeparierte-crushed-tigers-3-liter\/","title":{"rendered":"Fertig pr\u00e4parierte Crushed Tigers (3 Liter)"},"content":{"rendered":"<p>Unsere &#8222;Ready-Made&#8220; Partikel &#8222;crusehd Tigers&#8220; sind bereits fertig gekocht und einsatzbereit. Durch ein spezielles Verfahren werden die Partikel haltbar gemacht, ohne Konservierungsstoffe zu verwenden. Weiters sehr praktisch, nachdem der Deckel ge\u00f6ffnet wurde, und du nicht alle verbraucht hast, kannst du den Deckel wieder schlie\u00dfen und sie bleiben noch ein paar Wochen haltbar*. Die Fl\u00fcssigkeit ist PVA freundlich.<\/p>\n<ul>\n<li>3 Liter gekochte zerkleinerte Tigern\u00fcsse<\/li>\n<li>Wiederverschlie\u00dfbarer Deckel<\/li>\n<li>2 Jahre haltbar.<\/li>\n<\/ul>\n<hr \/>\n<p>*bei unseren Tests blieben der Partikel Mix bis zu 4 Wochen nach dem \u00d6ffnen frisch. Wenn du die Partikel nur raus sch\u00fcttest und mit der Hand nicht reingreifst, steigerst du die Haltbarkeit. Auf die Haltbarkeit nach dem \u00d6ffnen k\u00f6nnen wir keine Garantie geben!<\/p>\n<hr \/>\n<p>Angelk\u00f6der f\u00fcr frei lebende Fische, nicht f\u00fcr den menschlichen Verzehr geeignet. Darf nicht an Wiederk\u00e4uer verf\u00fcttert werden!<\/p>\n","protected":false},"excerpt":{"rendered":"<p>Unsere &#8222;Ready-Made&#8220; Partikel &#8222;crusehd Tigers&#8220; sind bereits fertig gekocht und einsatzbereit. Durch ein spezielles Verfahren werden die Partikel haltbar gemacht, ohne Konservierungsstoffe zu verwenden. Weiters sehr praktisch, nachdem der Deckel ge\u00f6ffnet wurde, und du nicht alle verbraucht hast, kannst du den Deckel wieder schlie\u00dfen und sie bleiben noch ein paar Wochen haltbar*. Die Fl\u00fcssigkeit ist [&hellip;]<\/p>\n","protected":false},"featured_media":771,"template":"","meta":{"sfsi_plus_gutenberg_text_before_share":"","sfsi_plus_gutenberg_show_text_before_share":"","sfsi_plus_gutenberg_icon_type":"","sfsi_plus_gutenberg_icon_alignemt":"","sfsi_plus_gutenburg_max_per_row":""},"product_brand":[],"product_cat":[21],"product_tag":[],"class_list":{"0":"post-766","1":"product","2":"type-product","3":"status-publish","4":"has-post-thumbnail","6":"product_cat-partikel","8":"first","9":"instock","10":"taxable","11":"shipping-taxable","12":"purchasable","13":"product-type-simple"},"yoast_head":"<!-- This site is optimized with the Yoast SEO plugin v27.2 - https:\/\/yoast.com\/product\/yoast-seo-wordpress\/ -->\n<title>Fertig pr\u00e4parierte Crushed Tigers (3 Liter) - Carpfisher Shop<\/title>\n<meta name=\"robots\" content=\"index, follow, max-snippet:-1, max-image-preview:large, max-video-preview:-1\" \/>\n<link rel=\"canonical\" href=\"https:\/\/www.carpfisher.eu\/shop\/produkt\/fertig-praeparierte-crushed-tigers-3-liter\/\" \/>\n<meta property=\"og:locale\" content=\"de_DE\" \/>\n<meta property=\"og:type\" content=\"article\" \/>\n<meta property=\"og:title\" content=\"Fertig pr\u00e4parierte Crushed Tigers (3 Liter) - Carpfisher Shop\" \/>\n<meta property=\"og:description\" content=\"Unsere &#8222;Ready-Made&#8220; Partikel &#8222;crusehd Tigers&#8220; sind bereits fertig gekocht und einsatzbereit. Durch ein spezielles Verfahren werden die Partikel haltbar gemacht, ohne Konservierungsstoffe zu verwenden. Weiters sehr praktisch, nachdem der Deckel ge\u00f6ffnet wurde, und du nicht alle verbraucht hast, kannst du den Deckel wieder schlie\u00dfen und sie bleiben noch ein paar Wochen haltbar*. Die Fl\u00fcssigkeit ist [&hellip;]\" \/>\n<meta property=\"og:url\" content=\"https:\/\/www.carpfisher.eu\/shop\/produkt\/fertig-praeparierte-crushed-tigers-3-liter\/\" \/>\n<meta property=\"og:site_name\" content=\"Carpfisher Shop\" \/>\n<meta property=\"article:publisher\" content=\"https:\/\/www.facebook.com\/people\/Carpfishereu\/100066936180661\/\" \/>\n<meta property=\"article:modified_time\" content=\"2026-01-22T09:15:22+00:00\" \/>\n<meta property=\"og:image\" content=\"https:\/\/www.carpfisher.eu\/shop\/wp-content\/uploads\/2023\/06\/Crushed-Tigers-Partikel-clear.png\" \/>\n\t<meta property=\"og:image:width\" content=\"2000\" \/>\n\t<meta property=\"og:image:height\" content=\"2000\" \/>\n\t<meta property=\"og:image:type\" content=\"image\/png\" \/>\n<meta name=\"twitter:card\" content=\"summary_large_image\" \/>\n<meta name=\"twitter:label1\" content=\"Gesch\u00e4tzte Lesezeit\" \/>\n\t<meta name=\"twitter:data1\" content=\"1\u00a0Minute\" \/>\n<script type=\"application\/ld+json\" class=\"yoast-schema-graph\">{\"@context\":\"https:\/\/schema.org\",\"@graph\":[{\"@type\":\"WebPage\",\"@id\":\"https:\/\/www.carpfisher.eu\/shop\/produkt\/fertig-praeparierte-crushed-tigers-3-liter\/\",\"url\":\"https:\/\/www.carpfisher.eu\/shop\/produkt\/fertig-praeparierte-crushed-tigers-3-liter\/\",\"name\":\"Fertig pr\u00e4parierte Crushed Tigers (3 Liter) - Carpfisher Shop\",\"isPartOf\":{\"@id\":\"https:\/\/www.carpfisher.eu\/shop\/#website\"},\"primaryImageOfPage\":{\"@id\":\"https:\/\/www.carpfisher.eu\/shop\/produkt\/fertig-praeparierte-crushed-tigers-3-liter\/#primaryimage\"},\"image\":{\"@id\":\"https:\/\/www.carpfisher.eu\/shop\/produkt\/fertig-praeparierte-crushed-tigers-3-liter\/#primaryimage\"},\"thumbnailUrl\":\"https:\/\/www.carpfisher.eu\/shop\/wp-content\/uploads\/2023\/06\/Crushed-Tigers-Partikel-clear.png\",\"datePublished\":\"2023-06-30T06:24:04+00:00\",\"dateModified\":\"2026-01-22T09:15:22+00:00\",\"breadcrumb\":{\"@id\":\"https:\/\/www.carpfisher.eu\/shop\/produkt\/fertig-praeparierte-crushed-tigers-3-liter\/#breadcrumb\"},\"inLanguage\":\"de\",\"potentialAction\":[{\"@type\":\"ReadAction\",\"target\":[\"https:\/\/www.carpfisher.eu\/shop\/produkt\/fertig-praeparierte-crushed-tigers-3-liter\/\"]}]},{\"@type\":\"ImageObject\",\"inLanguage\":\"de\",\"@id\":\"https:\/\/www.carpfisher.eu\/shop\/produkt\/fertig-praeparierte-crushed-tigers-3-liter\/#primaryimage\",\"url\":\"https:\/\/www.carpfisher.eu\/shop\/wp-content\/uploads\/2023\/06\/Crushed-Tigers-Partikel-clear.png\",\"contentUrl\":\"https:\/\/www.carpfisher.eu\/shop\/wp-content\/uploads\/2023\/06\/Crushed-Tigers-Partikel-clear.png\",\"width\":2000,\"height\":2000},{\"@type\":\"BreadcrumbList\",\"@id\":\"https:\/\/www.carpfisher.eu\/shop\/produkt\/fertig-praeparierte-crushed-tigers-3-liter\/#breadcrumb\",\"itemListElement\":[{\"@type\":\"ListItem\",\"position\":1,\"name\":\"Startseite\",\"item\":\"https:\/\/www.carpfisher.eu\/shop\/\"},{\"@type\":\"ListItem\",\"position\":2,\"name\":\"Shop\",\"item\":\"https:\/\/www.carpfisher.eu\/shop\/shop\/\"},{\"@type\":\"ListItem\",\"position\":3,\"name\":\"Fertig pr\u00e4parierte Crushed Tigers (3 Liter)\"}]},{\"@type\":\"WebSite\",\"@id\":\"https:\/\/www.carpfisher.eu\/shop\/#website\",\"url\":\"https:\/\/www.carpfisher.eu\/shop\/\",\"name\":\"Carpfisher Shop\",\"description\":\"Shop f\u00fcr Karpfenangler, Boilies, Futter, Liquid, PopUps\",\"publisher\":{\"@id\":\"https:\/\/www.carpfisher.eu\/shop\/#organization\"},\"potentialAction\":[{\"@type\":\"SearchAction\",\"target\":{\"@type\":\"EntryPoint\",\"urlTemplate\":\"https:\/\/www.carpfisher.eu\/shop\/?s={search_term_string}\"},\"query-input\":{\"@type\":\"PropertyValueSpecification\",\"valueRequired\":true,\"valueName\":\"search_term_string\"}}],\"inLanguage\":\"de\"},{\"@type\":\"Organization\",\"@id\":\"https:\/\/www.carpfisher.eu\/shop\/#organization\",\"name\":\"Carpfisher Shop\",\"url\":\"https:\/\/www.carpfisher.eu\/shop\/\",\"logo\":{\"@type\":\"ImageObject\",\"inLanguage\":\"de\",\"@id\":\"https:\/\/www.carpfisher.eu\/shop\/#\/schema\/logo\/image\/\",\"url\":\"https:\/\/www.carpfisher.eu\/shop\/wp-content\/uploads\/2023\/04\/cropped-My-project-1-3.png\",\"contentUrl\":\"https:\/\/www.carpfisher.eu\/shop\/wp-content\/uploads\/2023\/04\/cropped-My-project-1-3.png\",\"width\":2154,\"height\":500,\"caption\":\"Carpfisher Shop\"},\"image\":{\"@id\":\"https:\/\/www.carpfisher.eu\/shop\/#\/schema\/logo\/image\/\"},\"sameAs\":[\"https:\/\/www.facebook.com\/people\/Carpfishereu\/100066936180661\/\"]}]}<\/script>\n<!-- \/ Yoast SEO plugin. -->","yoast_head_json":{"title":"Fertig pr\u00e4parierte Crushed Tigers (3 Liter) - Carpfisher Shop","robots":{"index":"index","follow":"follow","max-snippet":"max-snippet:-1","max-image-preview":"max-image-preview:large","max-video-preview":"max-video-preview:-1"},"canonical":"https:\/\/www.carpfisher.eu\/shop\/produkt\/fertig-praeparierte-crushed-tigers-3-liter\/","og_locale":"de_DE","og_type":"article","og_title":"Fertig pr\u00e4parierte Crushed Tigers (3 Liter) - Carpfisher Shop","og_description":"Unsere &#8222;Ready-Made&#8220; Partikel &#8222;crusehd Tigers&#8220; sind bereits fertig gekocht und einsatzbereit. Durch ein spezielles Verfahren werden die Partikel haltbar gemacht, ohne Konservierungsstoffe zu verwenden. Weiters sehr praktisch, nachdem der Deckel ge\u00f6ffnet wurde, und du nicht alle verbraucht hast, kannst du den Deckel wieder schlie\u00dfen und sie bleiben noch ein paar Wochen haltbar*. Die Fl\u00fcssigkeit ist [&hellip;]","og_url":"https:\/\/www.carpfisher.eu\/shop\/produkt\/fertig-praeparierte-crushed-tigers-3-liter\/","og_site_name":"Carpfisher Shop","article_publisher":"https:\/\/www.facebook.com\/people\/Carpfishereu\/100066936180661\/","article_modified_time":"2026-01-22T09:15:22+00:00","og_image":[{"width":2000,"height":2000,"url":"https:\/\/www.carpfisher.eu\/shop\/wp-content\/uploads\/2023\/06\/Crushed-Tigers-Partikel-clear.png","type":"image\/png"}],"twitter_card":"summary_large_image","twitter_misc":{"Gesch\u00e4tzte Lesezeit":"1\u00a0Minute"},"schema":{"@context":"https:\/\/schema.org","@graph":[{"@type":"WebPage","@id":"https:\/\/www.carpfisher.eu\/shop\/produkt\/fertig-praeparierte-crushed-tigers-3-liter\/","url":"https:\/\/www.carpfisher.eu\/shop\/produkt\/fertig-praeparierte-crushed-tigers-3-liter\/","name":"Fertig pr\u00e4parierte Crushed Tigers (3 Liter) - Carpfisher Shop","isPartOf":{"@id":"https:\/\/www.carpfisher.eu\/shop\/#website"},"primaryImageOfPage":{"@id":"https:\/\/www.carpfisher.eu\/shop\/produkt\/fertig-praeparierte-crushed-tigers-3-liter\/#primaryimage"},"image":{"@id":"https:\/\/www.carpfisher.eu\/shop\/produkt\/fertig-praeparierte-crushed-tigers-3-liter\/#primaryimage"},"thumbnailUrl":"https:\/\/www.carpfisher.eu\/shop\/wp-content\/uploads\/2023\/06\/Crushed-Tigers-Partikel-clear.png","datePublished":"2023-06-30T06:24:04+00:00","dateModified":"2026-01-22T09:15:22+00:00","breadcrumb":{"@id":"https:\/\/www.carpfisher.eu\/shop\/produkt\/fertig-praeparierte-crushed-tigers-3-liter\/#breadcrumb"},"inLanguage":"de","potentialAction":[{"@type":"ReadAction","target":["https:\/\/www.carpfisher.eu\/shop\/produkt\/fertig-praeparierte-crushed-tigers-3-liter\/"]}]},{"@type":"ImageObject","inLanguage":"de","@id":"https:\/\/www.carpfisher.eu\/shop\/produkt\/fertig-praeparierte-crushed-tigers-3-liter\/#primaryimage","url":"https:\/\/www.carpfisher.eu\/shop\/wp-content\/uploads\/2023\/06\/Crushed-Tigers-Partikel-clear.png","contentUrl":"https:\/\/www.carpfisher.eu\/shop\/wp-content\/uploads\/2023\/06\/Crushed-Tigers-Partikel-clear.png","width":2000,"height":2000},{"@type":"BreadcrumbList","@id":"https:\/\/www.carpfisher.eu\/shop\/produkt\/fertig-praeparierte-crushed-tigers-3-liter\/#breadcrumb","itemListElement":[{"@type":"ListItem","position":1,"name":"Startseite","item":"https:\/\/www.carpfisher.eu\/shop\/"},{"@type":"ListItem","position":2,"name":"Shop","item":"https:\/\/www.carpfisher.eu\/shop\/shop\/"},{"@type":"ListItem","position":3,"name":"Fertig pr\u00e4parierte Crushed Tigers (3 Liter)"}]},{"@type":"WebSite","@id":"https:\/\/www.carpfisher.eu\/shop\/#website","url":"https:\/\/www.carpfisher.eu\/shop\/","name":"Carpfisher Shop","description":"Shop f\u00fcr Karpfenangler, Boilies, Futter, Liquid, PopUps","publisher":{"@id":"https:\/\/www.carpfisher.eu\/shop\/#organization"},"potentialAction":[{"@type":"SearchAction","target":{"@type":"EntryPoint","urlTemplate":"https:\/\/www.carpfisher.eu\/shop\/?s={search_term_string}"},"query-input":{"@type":"PropertyValueSpecification","valueRequired":true,"valueName":"search_term_string"}}],"inLanguage":"de"},{"@type":"Organization","@id":"https:\/\/www.carpfisher.eu\/shop\/#organization","name":"Carpfisher Shop","url":"https:\/\/www.carpfisher.eu\/shop\/","logo":{"@type":"ImageObject","inLanguage":"de","@id":"https:\/\/www.carpfisher.eu\/shop\/#\/schema\/logo\/image\/","url":"https:\/\/www.carpfisher.eu\/shop\/wp-content\/uploads\/2023\/04\/cropped-My-project-1-3.png","contentUrl":"https:\/\/www.carpfisher.eu\/shop\/wp-content\/uploads\/2023\/04\/cropped-My-project-1-3.png","width":2154,"height":500,"caption":"Carpfisher Shop"},"image":{"@id":"https:\/\/www.carpfisher.eu\/shop\/#\/schema\/logo\/image\/"},"sameAs":["https:\/\/www.facebook.com\/people\/Carpfishereu\/100066936180661\/"]}]}},"_links":{"self":[{"href":"https:\/\/www.carpfisher.eu\/shop\/wp-json\/wp\/v2\/product\/766","targetHints":{"allow":["GET"]}}],"collection":[{"href":"https:\/\/www.carpfisher.eu\/shop\/wp-json\/wp\/v2\/product"}],"about":[{"href":"https:\/\/www.carpfisher.eu\/shop\/wp-json\/wp\/v2\/types\/product"}],"wp:featuredmedia":[{"embeddable":true,"href":"https:\/\/www.carpfisher.eu\/shop\/wp-json\/wp\/v2\/media\/771"}],"wp:attachment":[{"href":"https:\/\/www.carpfisher.eu\/shop\/wp-json\/wp\/v2\/media?parent=766"}],"wp:term":[{"taxonomy":"product_brand","embeddable":true,"href":"https:\/\/www.carpfisher.eu\/shop\/wp-json\/wp\/v2\/product_brand?post=766"},{"taxonomy":"product_cat","embeddable":true,"href":"https:\/\/www.carpfisher.eu\/shop\/wp-json\/wp\/v2\/product_cat?post=766"},{"taxonomy":"product_tag","embeddable":true,"href":"https:\/\/www.carpfisher.eu\/shop\/wp-json\/wp\/v2\/product_tag?post=766"}],"curies":[{"name":"wp","href":"https:\/\/api.w.org\/{rel}","templated":true}]}}