{"id":824,"date":"2023-07-13T16:15:40","date_gmt":"2023-07-13T14:15:40","guid":{"rendered":"https:\/\/www.carpfisher.eu\/shop\/?post_type=product&#038;p=824"},"modified":"2026-03-27T17:14:46","modified_gmt":"2026-03-27T16:14:46","slug":"cf-popup-milca-peach-15mm","status":"publish","type":"product","link":"https:\/\/www.carpfisher.eu\/shop\/produkt\/cf-popup-milca-peach-15mm\/","title":{"rendered":"CF PopUp | Milca Peach | 15mm"},"content":{"rendered":"<p>Eine Dose TwoTone PopUps mit Milca Peach Geschmack.<\/p>\n<p>Zwei Klassiker vereint in einem PopUp ergeben den Milca Peach PopUp. Wer es gerne etwas ausgefallener liebt und dabei vielleicht auch noch ein Fan meiner Milca Serie ist, der bekommt hier eine interessante Mischung &#8211; erg\u00e4nzt mit einer feinen Peach Note!<\/p>\n<p>Wie bei allen unseren\u00a0 PopUps* sorgt ein S\u00fc\u00dfstoff f\u00fcr einen, wie ich es gerne nenne, \u201eSecond Chance\u201c Effekt. Es gibt bekanntlich PopUps, die nach nichts riechen oder viel schlimmer nach nichts schmecken. Vorsichtig fressende Karpfen, die auch geschickt eine Montage wieder ausblasen k\u00f6nnen, kommen dann oft kein zweites Mal vorbei, um den K\u00f6der anzusaugen. Wenn jedoch der richtige S\u00fc\u00dfstoff aufgetragen wird, bleibt beim ersten Einsaugversuch ein Geschmack im Maul und die Chance den Karpfen richtig angefixt zu haben, steigt ein bisschen\u2026<\/p>\n<ul>\n<li>15 mm<\/li>\n<li>80 Gramm Inhalt<\/li>\n<li>Farbe Pink Wei\u00df<\/li>\n<\/ul>\n<hr \/>\n<p>Es handelt sich um einen Hakenk\u00f6der, nicht an Tiere verf\u00fcttern und nicht f\u00fcr den menschlichen Verzehr geeignet. Nicht zum Anf\u00fcttern verwenden.<\/p>\n","protected":false},"excerpt":{"rendered":"<p>Eine Dose TwoTone PopUps mit Milca Peach Geschmack. Zwei Klassiker vereint in einem PopUp ergeben den Milca Peach PopUp. Wer es gerne etwas ausgefallener liebt und dabei vielleicht auch noch ein Fan meiner Milca Serie ist, der bekommt hier eine interessante Mischung &#8211; erg\u00e4nzt mit einer feinen Peach Note! Wie bei allen unseren\u00a0 PopUps* sorgt [&hellip;]<\/p>\n","protected":false},"featured_media":820,"template":"","meta":{"sfsi_plus_gutenberg_text_before_share":"","sfsi_plus_gutenberg_show_text_before_share":"","sfsi_plus_gutenberg_icon_type":"","sfsi_plus_gutenberg_icon_alignemt":"","sfsi_plus_gutenburg_max_per_row":""},"product_brand":[],"product_cat":[40],"product_tag":[],"class_list":{"0":"post-824","1":"product","2":"type-product","3":"status-publish","4":"has-post-thumbnail","6":"product_cat-popups","8":"first","9":"instock","10":"taxable","11":"shipping-taxable","12":"purchasable","13":"product-type-simple"},"yoast_head":"<!-- This site is optimized with the Yoast SEO plugin v27.2 - https:\/\/yoast.com\/product\/yoast-seo-wordpress\/ -->\n<title>CF PopUp | Milca Peach | 15mm - Carpfisher Shop<\/title>\n<meta name=\"robots\" content=\"index, follow, max-snippet:-1, max-image-preview:large, max-video-preview:-1\" \/>\n<link rel=\"canonical\" href=\"https:\/\/www.carpfisher.eu\/shop\/produkt\/cf-popup-milca-peach-15mm\/\" \/>\n<meta property=\"og:locale\" content=\"de_DE\" \/>\n<meta property=\"og:type\" content=\"article\" \/>\n<meta property=\"og:title\" content=\"CF PopUp | Milca Peach | 15mm - Carpfisher Shop\" \/>\n<meta property=\"og:description\" content=\"Eine Dose TwoTone PopUps mit Milca Peach Geschmack. Zwei Klassiker vereint in einem PopUp ergeben den Milca Peach PopUp. Wer es gerne etwas ausgefallener liebt und dabei vielleicht auch noch ein Fan meiner Milca Serie ist, der bekommt hier eine interessante Mischung &#8211; erg\u00e4nzt mit einer feinen Peach Note! Wie bei allen unseren\u00a0 PopUps* sorgt [&hellip;]\" \/>\n<meta property=\"og:url\" content=\"https:\/\/www.carpfisher.eu\/shop\/produkt\/cf-popup-milca-peach-15mm\/\" \/>\n<meta property=\"og:site_name\" content=\"Carpfisher Shop\" \/>\n<meta property=\"article:publisher\" content=\"https:\/\/www.facebook.com\/people\/Carpfishereu\/100066936180661\/\" \/>\n<meta property=\"article:modified_time\" content=\"2026-03-27T16:14:46+00:00\" \/>\n<meta property=\"og:image\" content=\"https:\/\/www.carpfisher.eu\/shop\/wp-content\/uploads\/2023\/05\/Milca-Peach-PopUp-1.png\" \/>\n\t<meta property=\"og:image:width\" content=\"768\" \/>\n\t<meta property=\"og:image:height\" content=\"768\" \/>\n\t<meta property=\"og:image:type\" content=\"image\/png\" \/>\n<meta name=\"twitter:card\" content=\"summary_large_image\" \/>\n<meta name=\"twitter:label1\" content=\"Gesch\u00e4tzte Lesezeit\" \/>\n\t<meta name=\"twitter:data1\" content=\"1\u00a0Minute\" \/>\n<script type=\"application\/ld+json\" class=\"yoast-schema-graph\">{\"@context\":\"https:\/\/schema.org\",\"@graph\":[{\"@type\":\"WebPage\",\"@id\":\"https:\/\/www.carpfisher.eu\/shop\/produkt\/cf-popup-milca-peach-15mm\/\",\"url\":\"https:\/\/www.carpfisher.eu\/shop\/produkt\/cf-popup-milca-peach-15mm\/\",\"name\":\"CF PopUp | Milca Peach | 15mm - Carpfisher Shop\",\"isPartOf\":{\"@id\":\"https:\/\/www.carpfisher.eu\/shop\/#website\"},\"primaryImageOfPage\":{\"@id\":\"https:\/\/www.carpfisher.eu\/shop\/produkt\/cf-popup-milca-peach-15mm\/#primaryimage\"},\"image\":{\"@id\":\"https:\/\/www.carpfisher.eu\/shop\/produkt\/cf-popup-milca-peach-15mm\/#primaryimage\"},\"thumbnailUrl\":\"https:\/\/www.carpfisher.eu\/shop\/wp-content\/uploads\/2023\/05\/Milca-Peach-PopUp-1.png\",\"datePublished\":\"2023-07-13T14:15:40+00:00\",\"dateModified\":\"2026-03-27T16:14:46+00:00\",\"breadcrumb\":{\"@id\":\"https:\/\/www.carpfisher.eu\/shop\/produkt\/cf-popup-milca-peach-15mm\/#breadcrumb\"},\"inLanguage\":\"de\",\"potentialAction\":[{\"@type\":\"ReadAction\",\"target\":[\"https:\/\/www.carpfisher.eu\/shop\/produkt\/cf-popup-milca-peach-15mm\/\"]}]},{\"@type\":\"ImageObject\",\"inLanguage\":\"de\",\"@id\":\"https:\/\/www.carpfisher.eu\/shop\/produkt\/cf-popup-milca-peach-15mm\/#primaryimage\",\"url\":\"https:\/\/www.carpfisher.eu\/shop\/wp-content\/uploads\/2023\/05\/Milca-Peach-PopUp-1.png\",\"contentUrl\":\"https:\/\/www.carpfisher.eu\/shop\/wp-content\/uploads\/2023\/05\/Milca-Peach-PopUp-1.png\",\"width\":768,\"height\":768},{\"@type\":\"BreadcrumbList\",\"@id\":\"https:\/\/www.carpfisher.eu\/shop\/produkt\/cf-popup-milca-peach-15mm\/#breadcrumb\",\"itemListElement\":[{\"@type\":\"ListItem\",\"position\":1,\"name\":\"Startseite\",\"item\":\"https:\/\/www.carpfisher.eu\/shop\/\"},{\"@type\":\"ListItem\",\"position\":2,\"name\":\"Shop\",\"item\":\"https:\/\/www.carpfisher.eu\/shop\/shop\/\"},{\"@type\":\"ListItem\",\"position\":3,\"name\":\"CF PopUp | Milca Peach | 15mm\"}]},{\"@type\":\"WebSite\",\"@id\":\"https:\/\/www.carpfisher.eu\/shop\/#website\",\"url\":\"https:\/\/www.carpfisher.eu\/shop\/\",\"name\":\"Carpfisher Shop\",\"description\":\"Shop f\u00fcr Karpfenangler, Boilies, Futter, Liquid, PopUps\",\"publisher\":{\"@id\":\"https:\/\/www.carpfisher.eu\/shop\/#organization\"},\"potentialAction\":[{\"@type\":\"SearchAction\",\"target\":{\"@type\":\"EntryPoint\",\"urlTemplate\":\"https:\/\/www.carpfisher.eu\/shop\/?s={search_term_string}\"},\"query-input\":{\"@type\":\"PropertyValueSpecification\",\"valueRequired\":true,\"valueName\":\"search_term_string\"}}],\"inLanguage\":\"de\"},{\"@type\":\"Organization\",\"@id\":\"https:\/\/www.carpfisher.eu\/shop\/#organization\",\"name\":\"Carpfisher Shop\",\"url\":\"https:\/\/www.carpfisher.eu\/shop\/\",\"logo\":{\"@type\":\"ImageObject\",\"inLanguage\":\"de\",\"@id\":\"https:\/\/www.carpfisher.eu\/shop\/#\/schema\/logo\/image\/\",\"url\":\"https:\/\/www.carpfisher.eu\/shop\/wp-content\/uploads\/2023\/04\/cropped-My-project-1-3.png\",\"contentUrl\":\"https:\/\/www.carpfisher.eu\/shop\/wp-content\/uploads\/2023\/04\/cropped-My-project-1-3.png\",\"width\":2154,\"height\":500,\"caption\":\"Carpfisher Shop\"},\"image\":{\"@id\":\"https:\/\/www.carpfisher.eu\/shop\/#\/schema\/logo\/image\/\"},\"sameAs\":[\"https:\/\/www.facebook.com\/people\/Carpfishereu\/100066936180661\/\"]}]}<\/script>\n<!-- \/ Yoast SEO plugin. -->","yoast_head_json":{"title":"CF PopUp | Milca Peach | 15mm - Carpfisher Shop","robots":{"index":"index","follow":"follow","max-snippet":"max-snippet:-1","max-image-preview":"max-image-preview:large","max-video-preview":"max-video-preview:-1"},"canonical":"https:\/\/www.carpfisher.eu\/shop\/produkt\/cf-popup-milca-peach-15mm\/","og_locale":"de_DE","og_type":"article","og_title":"CF PopUp | Milca Peach | 15mm - Carpfisher Shop","og_description":"Eine Dose TwoTone PopUps mit Milca Peach Geschmack. Zwei Klassiker vereint in einem PopUp ergeben den Milca Peach PopUp. Wer es gerne etwas ausgefallener liebt und dabei vielleicht auch noch ein Fan meiner Milca Serie ist, der bekommt hier eine interessante Mischung &#8211; erg\u00e4nzt mit einer feinen Peach Note! Wie bei allen unseren\u00a0 PopUps* sorgt [&hellip;]","og_url":"https:\/\/www.carpfisher.eu\/shop\/produkt\/cf-popup-milca-peach-15mm\/","og_site_name":"Carpfisher Shop","article_publisher":"https:\/\/www.facebook.com\/people\/Carpfishereu\/100066936180661\/","article_modified_time":"2026-03-27T16:14:46+00:00","og_image":[{"width":768,"height":768,"url":"https:\/\/www.carpfisher.eu\/shop\/wp-content\/uploads\/2023\/05\/Milca-Peach-PopUp-1.png","type":"image\/png"}],"twitter_card":"summary_large_image","twitter_misc":{"Gesch\u00e4tzte Lesezeit":"1\u00a0Minute"},"schema":{"@context":"https:\/\/schema.org","@graph":[{"@type":"WebPage","@id":"https:\/\/www.carpfisher.eu\/shop\/produkt\/cf-popup-milca-peach-15mm\/","url":"https:\/\/www.carpfisher.eu\/shop\/produkt\/cf-popup-milca-peach-15mm\/","name":"CF PopUp | Milca Peach | 15mm - Carpfisher Shop","isPartOf":{"@id":"https:\/\/www.carpfisher.eu\/shop\/#website"},"primaryImageOfPage":{"@id":"https:\/\/www.carpfisher.eu\/shop\/produkt\/cf-popup-milca-peach-15mm\/#primaryimage"},"image":{"@id":"https:\/\/www.carpfisher.eu\/shop\/produkt\/cf-popup-milca-peach-15mm\/#primaryimage"},"thumbnailUrl":"https:\/\/www.carpfisher.eu\/shop\/wp-content\/uploads\/2023\/05\/Milca-Peach-PopUp-1.png","datePublished":"2023-07-13T14:15:40+00:00","dateModified":"2026-03-27T16:14:46+00:00","breadcrumb":{"@id":"https:\/\/www.carpfisher.eu\/shop\/produkt\/cf-popup-milca-peach-15mm\/#breadcrumb"},"inLanguage":"de","potentialAction":[{"@type":"ReadAction","target":["https:\/\/www.carpfisher.eu\/shop\/produkt\/cf-popup-milca-peach-15mm\/"]}]},{"@type":"ImageObject","inLanguage":"de","@id":"https:\/\/www.carpfisher.eu\/shop\/produkt\/cf-popup-milca-peach-15mm\/#primaryimage","url":"https:\/\/www.carpfisher.eu\/shop\/wp-content\/uploads\/2023\/05\/Milca-Peach-PopUp-1.png","contentUrl":"https:\/\/www.carpfisher.eu\/shop\/wp-content\/uploads\/2023\/05\/Milca-Peach-PopUp-1.png","width":768,"height":768},{"@type":"BreadcrumbList","@id":"https:\/\/www.carpfisher.eu\/shop\/produkt\/cf-popup-milca-peach-15mm\/#breadcrumb","itemListElement":[{"@type":"ListItem","position":1,"name":"Startseite","item":"https:\/\/www.carpfisher.eu\/shop\/"},{"@type":"ListItem","position":2,"name":"Shop","item":"https:\/\/www.carpfisher.eu\/shop\/shop\/"},{"@type":"ListItem","position":3,"name":"CF PopUp | Milca Peach | 15mm"}]},{"@type":"WebSite","@id":"https:\/\/www.carpfisher.eu\/shop\/#website","url":"https:\/\/www.carpfisher.eu\/shop\/","name":"Carpfisher Shop","description":"Shop f\u00fcr Karpfenangler, Boilies, Futter, Liquid, PopUps","publisher":{"@id":"https:\/\/www.carpfisher.eu\/shop\/#organization"},"potentialAction":[{"@type":"SearchAction","target":{"@type":"EntryPoint","urlTemplate":"https:\/\/www.carpfisher.eu\/shop\/?s={search_term_string}"},"query-input":{"@type":"PropertyValueSpecification","valueRequired":true,"valueName":"search_term_string"}}],"inLanguage":"de"},{"@type":"Organization","@id":"https:\/\/www.carpfisher.eu\/shop\/#organization","name":"Carpfisher Shop","url":"https:\/\/www.carpfisher.eu\/shop\/","logo":{"@type":"ImageObject","inLanguage":"de","@id":"https:\/\/www.carpfisher.eu\/shop\/#\/schema\/logo\/image\/","url":"https:\/\/www.carpfisher.eu\/shop\/wp-content\/uploads\/2023\/04\/cropped-My-project-1-3.png","contentUrl":"https:\/\/www.carpfisher.eu\/shop\/wp-content\/uploads\/2023\/04\/cropped-My-project-1-3.png","width":2154,"height":500,"caption":"Carpfisher Shop"},"image":{"@id":"https:\/\/www.carpfisher.eu\/shop\/#\/schema\/logo\/image\/"},"sameAs":["https:\/\/www.facebook.com\/people\/Carpfishereu\/100066936180661\/"]}]}},"_links":{"self":[{"href":"https:\/\/www.carpfisher.eu\/shop\/wp-json\/wp\/v2\/product\/824","targetHints":{"allow":["GET"]}}],"collection":[{"href":"https:\/\/www.carpfisher.eu\/shop\/wp-json\/wp\/v2\/product"}],"about":[{"href":"https:\/\/www.carpfisher.eu\/shop\/wp-json\/wp\/v2\/types\/product"}],"wp:featuredmedia":[{"embeddable":true,"href":"https:\/\/www.carpfisher.eu\/shop\/wp-json\/wp\/v2\/media\/820"}],"wp:attachment":[{"href":"https:\/\/www.carpfisher.eu\/shop\/wp-json\/wp\/v2\/media?parent=824"}],"wp:term":[{"taxonomy":"product_brand","embeddable":true,"href":"https:\/\/www.carpfisher.eu\/shop\/wp-json\/wp\/v2\/product_brand?post=824"},{"taxonomy":"product_cat","embeddable":true,"href":"https:\/\/www.carpfisher.eu\/shop\/wp-json\/wp\/v2\/product_cat?post=824"},{"taxonomy":"product_tag","embeddable":true,"href":"https:\/\/www.carpfisher.eu\/shop\/wp-json\/wp\/v2\/product_tag?post=824"}],"curies":[{"name":"wp","href":"https:\/\/api.w.org\/{rel}","templated":true}]}}