{"id":827,"date":"2023-07-13T16:22:41","date_gmt":"2023-07-13T14:22:41","guid":{"rendered":"https:\/\/www.carpfisher.eu\/shop\/?post_type=product&#038;p=827"},"modified":"2026-04-13T16:25:35","modified_gmt":"2026-04-13T14:25:35","slug":"cf-popup-citrus-dumble-15mm","status":"publish","type":"product","link":"https:\/\/www.carpfisher.eu\/shop\/produkt\/cf-popup-citrus-dumble-15mm\/","title":{"rendered":"Fluo PopUp | Citrus Dumble | 15mm"},"content":{"rendered":"<p>Eine Dose Fluo PopUp Dumbles mit Citrus Geschmack<\/p>\n<p>Dieser klassische Citrus Geruch ist bei PopUps mittlerweile kaum noch wegzudenken. Ein wahrer Evergreen, der einfach immer wieder funktionieren wird! Wie bei allen unseren Fluo PopUp Dumbles* sorgt ein S\u00fc\u00dfstoff f\u00fcr einen, wie ich es gerne nenne, \u201eSecond Chance\u201c Effekt. Es gibt bekanntlich PopUps, die nach nichts riechen oder viel schlimmer nach nichts schmecken. Vorsichtig fressende Karpfen, die auch geschickt eine Montage wieder ausblasen k\u00f6nnen, kommen dann oft kein zweites Mal vorbei, um den K\u00f6der anzusaugen. Wenn jedoch der richtige S\u00fc\u00dfstoff aufgetragen wird, bleibt beim ersten Einsaugversuch ein Geschmack im Maul und die Chance den Karpfen richtig angefixt zu haben, steigt ein bisschen\u2026<\/p>\n<ul>\n<li>15 mm<\/li>\n<li>80 Gramm Inhalt<\/li>\n<li>Farbe washed out gelb*<\/li>\n<\/ul>\n<hr \/>\n<p>*Starke, kr\u00e4ftige Farbe, die unter Wasser sehr gut sichtbar ist!<\/p>\n","protected":false},"excerpt":{"rendered":"<p>Eine Dose Fluo PopUp Dumbles mit Citrus Geschmack Dieser klassische Citrus Geruch ist bei PopUps mittlerweile kaum noch wegzudenken. Ein wahrer Evergreen, der einfach immer wieder funktionieren wird! Wie bei allen unseren Fluo PopUp Dumbles* sorgt ein S\u00fc\u00dfstoff f\u00fcr einen, wie ich es gerne nenne, \u201eSecond Chance\u201c Effekt. Es gibt bekanntlich PopUps, die nach nichts [&hellip;]<\/p>\n","protected":false},"featured_media":834,"template":"","meta":{"sfsi_plus_gutenberg_text_before_share":"","sfsi_plus_gutenberg_show_text_before_share":"","sfsi_plus_gutenberg_icon_type":"","sfsi_plus_gutenberg_icon_alignemt":"","sfsi_plus_gutenburg_max_per_row":""},"product_brand":[],"product_cat":[40],"product_tag":[],"class_list":{"0":"post-827","1":"product","2":"type-product","3":"status-publish","4":"has-post-thumbnail","6":"product_cat-popups","8":"first","9":"instock","10":"sale","11":"taxable","12":"shipping-taxable","13":"purchasable","14":"product-type-simple"},"yoast_head":"<!-- This site is optimized with the Yoast SEO plugin v27.2 - https:\/\/yoast.com\/product\/yoast-seo-wordpress\/ -->\n<title>Fluo PopUp | Citrus Dumble | 15mm - Carpfisher Shop<\/title>\n<meta name=\"robots\" content=\"index, follow, max-snippet:-1, max-image-preview:large, max-video-preview:-1\" \/>\n<link rel=\"canonical\" href=\"https:\/\/www.carpfisher.eu\/shop\/produkt\/cf-popup-citrus-dumble-15mm\/\" \/>\n<meta property=\"og:locale\" content=\"de_DE\" \/>\n<meta property=\"og:type\" content=\"article\" \/>\n<meta property=\"og:title\" content=\"Fluo PopUp | Citrus Dumble | 15mm - Carpfisher Shop\" \/>\n<meta property=\"og:description\" content=\"Eine Dose Fluo PopUp Dumbles mit Citrus Geschmack Dieser klassische Citrus Geruch ist bei PopUps mittlerweile kaum noch wegzudenken. Ein wahrer Evergreen, der einfach immer wieder funktionieren wird! Wie bei allen unseren Fluo PopUp Dumbles* sorgt ein S\u00fc\u00dfstoff f\u00fcr einen, wie ich es gerne nenne, \u201eSecond Chance\u201c Effekt. Es gibt bekanntlich PopUps, die nach nichts [&hellip;]\" \/>\n<meta property=\"og:url\" content=\"https:\/\/www.carpfisher.eu\/shop\/produkt\/cf-popup-citrus-dumble-15mm\/\" \/>\n<meta property=\"og:site_name\" content=\"Carpfisher Shop\" \/>\n<meta property=\"article:publisher\" content=\"https:\/\/www.facebook.com\/people\/Carpfishereu\/100066936180661\/\" \/>\n<meta property=\"article:modified_time\" content=\"2026-04-13T14:25:35+00:00\" \/>\n<meta property=\"og:image\" content=\"https:\/\/www.carpfisher.eu\/shop\/wp-content\/uploads\/2023\/07\/Produktbilder-Hookbaits-Flu-Dubble-citrus-15mm.png\" \/>\n\t<meta property=\"og:image:width\" content=\"1080\" \/>\n\t<meta property=\"og:image:height\" content=\"1080\" \/>\n\t<meta property=\"og:image:type\" content=\"image\/png\" \/>\n<meta name=\"twitter:card\" content=\"summary_large_image\" \/>\n<meta name=\"twitter:label1\" content=\"Gesch\u00e4tzte Lesezeit\" \/>\n\t<meta name=\"twitter:data1\" content=\"1\u00a0Minute\" \/>\n<script type=\"application\/ld+json\" class=\"yoast-schema-graph\">{\"@context\":\"https:\/\/schema.org\",\"@graph\":[{\"@type\":\"WebPage\",\"@id\":\"https:\/\/www.carpfisher.eu\/shop\/produkt\/cf-popup-citrus-dumble-15mm\/\",\"url\":\"https:\/\/www.carpfisher.eu\/shop\/produkt\/cf-popup-citrus-dumble-15mm\/\",\"name\":\"Fluo PopUp | Citrus Dumble | 15mm - Carpfisher Shop\",\"isPartOf\":{\"@id\":\"https:\/\/www.carpfisher.eu\/shop\/#website\"},\"primaryImageOfPage\":{\"@id\":\"https:\/\/www.carpfisher.eu\/shop\/produkt\/cf-popup-citrus-dumble-15mm\/#primaryimage\"},\"image\":{\"@id\":\"https:\/\/www.carpfisher.eu\/shop\/produkt\/cf-popup-citrus-dumble-15mm\/#primaryimage\"},\"thumbnailUrl\":\"https:\/\/www.carpfisher.eu\/shop\/wp-content\/uploads\/2023\/07\/Produktbilder-Hookbaits-Flu-Dubble-citrus-15mm.png\",\"datePublished\":\"2023-07-13T14:22:41+00:00\",\"dateModified\":\"2026-04-13T14:25:35+00:00\",\"breadcrumb\":{\"@id\":\"https:\/\/www.carpfisher.eu\/shop\/produkt\/cf-popup-citrus-dumble-15mm\/#breadcrumb\"},\"inLanguage\":\"de\",\"potentialAction\":[{\"@type\":\"ReadAction\",\"target\":[\"https:\/\/www.carpfisher.eu\/shop\/produkt\/cf-popup-citrus-dumble-15mm\/\"]}]},{\"@type\":\"ImageObject\",\"inLanguage\":\"de\",\"@id\":\"https:\/\/www.carpfisher.eu\/shop\/produkt\/cf-popup-citrus-dumble-15mm\/#primaryimage\",\"url\":\"https:\/\/www.carpfisher.eu\/shop\/wp-content\/uploads\/2023\/07\/Produktbilder-Hookbaits-Flu-Dubble-citrus-15mm.png\",\"contentUrl\":\"https:\/\/www.carpfisher.eu\/shop\/wp-content\/uploads\/2023\/07\/Produktbilder-Hookbaits-Flu-Dubble-citrus-15mm.png\",\"width\":1080,\"height\":1080},{\"@type\":\"BreadcrumbList\",\"@id\":\"https:\/\/www.carpfisher.eu\/shop\/produkt\/cf-popup-citrus-dumble-15mm\/#breadcrumb\",\"itemListElement\":[{\"@type\":\"ListItem\",\"position\":1,\"name\":\"Startseite\",\"item\":\"https:\/\/www.carpfisher.eu\/shop\/\"},{\"@type\":\"ListItem\",\"position\":2,\"name\":\"Shop\",\"item\":\"https:\/\/www.carpfisher.eu\/shop\/shop\/\"},{\"@type\":\"ListItem\",\"position\":3,\"name\":\"Fluo PopUp | Citrus Dumble | 15mm\"}]},{\"@type\":\"WebSite\",\"@id\":\"https:\/\/www.carpfisher.eu\/shop\/#website\",\"url\":\"https:\/\/www.carpfisher.eu\/shop\/\",\"name\":\"Carpfisher Shop\",\"description\":\"Shop f\u00fcr Karpfenangler, Boilies, Futter, Liquid, PopUps\",\"publisher\":{\"@id\":\"https:\/\/www.carpfisher.eu\/shop\/#organization\"},\"potentialAction\":[{\"@type\":\"SearchAction\",\"target\":{\"@type\":\"EntryPoint\",\"urlTemplate\":\"https:\/\/www.carpfisher.eu\/shop\/?s={search_term_string}\"},\"query-input\":{\"@type\":\"PropertyValueSpecification\",\"valueRequired\":true,\"valueName\":\"search_term_string\"}}],\"inLanguage\":\"de\"},{\"@type\":\"Organization\",\"@id\":\"https:\/\/www.carpfisher.eu\/shop\/#organization\",\"name\":\"Carpfisher Shop\",\"url\":\"https:\/\/www.carpfisher.eu\/shop\/\",\"logo\":{\"@type\":\"ImageObject\",\"inLanguage\":\"de\",\"@id\":\"https:\/\/www.carpfisher.eu\/shop\/#\/schema\/logo\/image\/\",\"url\":\"https:\/\/www.carpfisher.eu\/shop\/wp-content\/uploads\/2023\/04\/cropped-My-project-1-3.png\",\"contentUrl\":\"https:\/\/www.carpfisher.eu\/shop\/wp-content\/uploads\/2023\/04\/cropped-My-project-1-3.png\",\"width\":2154,\"height\":500,\"caption\":\"Carpfisher Shop\"},\"image\":{\"@id\":\"https:\/\/www.carpfisher.eu\/shop\/#\/schema\/logo\/image\/\"},\"sameAs\":[\"https:\/\/www.facebook.com\/people\/Carpfishereu\/100066936180661\/\"]}]}<\/script>\n<!-- \/ Yoast SEO plugin. -->","yoast_head_json":{"title":"Fluo PopUp | Citrus Dumble | 15mm - Carpfisher Shop","robots":{"index":"index","follow":"follow","max-snippet":"max-snippet:-1","max-image-preview":"max-image-preview:large","max-video-preview":"max-video-preview:-1"},"canonical":"https:\/\/www.carpfisher.eu\/shop\/produkt\/cf-popup-citrus-dumble-15mm\/","og_locale":"de_DE","og_type":"article","og_title":"Fluo PopUp | Citrus Dumble | 15mm - Carpfisher Shop","og_description":"Eine Dose Fluo PopUp Dumbles mit Citrus Geschmack Dieser klassische Citrus Geruch ist bei PopUps mittlerweile kaum noch wegzudenken. Ein wahrer Evergreen, der einfach immer wieder funktionieren wird! Wie bei allen unseren Fluo PopUp Dumbles* sorgt ein S\u00fc\u00dfstoff f\u00fcr einen, wie ich es gerne nenne, \u201eSecond Chance\u201c Effekt. Es gibt bekanntlich PopUps, die nach nichts [&hellip;]","og_url":"https:\/\/www.carpfisher.eu\/shop\/produkt\/cf-popup-citrus-dumble-15mm\/","og_site_name":"Carpfisher Shop","article_publisher":"https:\/\/www.facebook.com\/people\/Carpfishereu\/100066936180661\/","article_modified_time":"2026-04-13T14:25:35+00:00","og_image":[{"width":1080,"height":1080,"url":"https:\/\/www.carpfisher.eu\/shop\/wp-content\/uploads\/2023\/07\/Produktbilder-Hookbaits-Flu-Dubble-citrus-15mm.png","type":"image\/png"}],"twitter_card":"summary_large_image","twitter_misc":{"Gesch\u00e4tzte Lesezeit":"1\u00a0Minute"},"schema":{"@context":"https:\/\/schema.org","@graph":[{"@type":"WebPage","@id":"https:\/\/www.carpfisher.eu\/shop\/produkt\/cf-popup-citrus-dumble-15mm\/","url":"https:\/\/www.carpfisher.eu\/shop\/produkt\/cf-popup-citrus-dumble-15mm\/","name":"Fluo PopUp | Citrus Dumble | 15mm - Carpfisher Shop","isPartOf":{"@id":"https:\/\/www.carpfisher.eu\/shop\/#website"},"primaryImageOfPage":{"@id":"https:\/\/www.carpfisher.eu\/shop\/produkt\/cf-popup-citrus-dumble-15mm\/#primaryimage"},"image":{"@id":"https:\/\/www.carpfisher.eu\/shop\/produkt\/cf-popup-citrus-dumble-15mm\/#primaryimage"},"thumbnailUrl":"https:\/\/www.carpfisher.eu\/shop\/wp-content\/uploads\/2023\/07\/Produktbilder-Hookbaits-Flu-Dubble-citrus-15mm.png","datePublished":"2023-07-13T14:22:41+00:00","dateModified":"2026-04-13T14:25:35+00:00","breadcrumb":{"@id":"https:\/\/www.carpfisher.eu\/shop\/produkt\/cf-popup-citrus-dumble-15mm\/#breadcrumb"},"inLanguage":"de","potentialAction":[{"@type":"ReadAction","target":["https:\/\/www.carpfisher.eu\/shop\/produkt\/cf-popup-citrus-dumble-15mm\/"]}]},{"@type":"ImageObject","inLanguage":"de","@id":"https:\/\/www.carpfisher.eu\/shop\/produkt\/cf-popup-citrus-dumble-15mm\/#primaryimage","url":"https:\/\/www.carpfisher.eu\/shop\/wp-content\/uploads\/2023\/07\/Produktbilder-Hookbaits-Flu-Dubble-citrus-15mm.png","contentUrl":"https:\/\/www.carpfisher.eu\/shop\/wp-content\/uploads\/2023\/07\/Produktbilder-Hookbaits-Flu-Dubble-citrus-15mm.png","width":1080,"height":1080},{"@type":"BreadcrumbList","@id":"https:\/\/www.carpfisher.eu\/shop\/produkt\/cf-popup-citrus-dumble-15mm\/#breadcrumb","itemListElement":[{"@type":"ListItem","position":1,"name":"Startseite","item":"https:\/\/www.carpfisher.eu\/shop\/"},{"@type":"ListItem","position":2,"name":"Shop","item":"https:\/\/www.carpfisher.eu\/shop\/shop\/"},{"@type":"ListItem","position":3,"name":"Fluo PopUp | Citrus Dumble | 15mm"}]},{"@type":"WebSite","@id":"https:\/\/www.carpfisher.eu\/shop\/#website","url":"https:\/\/www.carpfisher.eu\/shop\/","name":"Carpfisher Shop","description":"Shop f\u00fcr Karpfenangler, Boilies, Futter, Liquid, PopUps","publisher":{"@id":"https:\/\/www.carpfisher.eu\/shop\/#organization"},"potentialAction":[{"@type":"SearchAction","target":{"@type":"EntryPoint","urlTemplate":"https:\/\/www.carpfisher.eu\/shop\/?s={search_term_string}"},"query-input":{"@type":"PropertyValueSpecification","valueRequired":true,"valueName":"search_term_string"}}],"inLanguage":"de"},{"@type":"Organization","@id":"https:\/\/www.carpfisher.eu\/shop\/#organization","name":"Carpfisher Shop","url":"https:\/\/www.carpfisher.eu\/shop\/","logo":{"@type":"ImageObject","inLanguage":"de","@id":"https:\/\/www.carpfisher.eu\/shop\/#\/schema\/logo\/image\/","url":"https:\/\/www.carpfisher.eu\/shop\/wp-content\/uploads\/2023\/04\/cropped-My-project-1-3.png","contentUrl":"https:\/\/www.carpfisher.eu\/shop\/wp-content\/uploads\/2023\/04\/cropped-My-project-1-3.png","width":2154,"height":500,"caption":"Carpfisher Shop"},"image":{"@id":"https:\/\/www.carpfisher.eu\/shop\/#\/schema\/logo\/image\/"},"sameAs":["https:\/\/www.facebook.com\/people\/Carpfishereu\/100066936180661\/"]}]}},"_links":{"self":[{"href":"https:\/\/www.carpfisher.eu\/shop\/wp-json\/wp\/v2\/product\/827","targetHints":{"allow":["GET"]}}],"collection":[{"href":"https:\/\/www.carpfisher.eu\/shop\/wp-json\/wp\/v2\/product"}],"about":[{"href":"https:\/\/www.carpfisher.eu\/shop\/wp-json\/wp\/v2\/types\/product"}],"wp:featuredmedia":[{"embeddable":true,"href":"https:\/\/www.carpfisher.eu\/shop\/wp-json\/wp\/v2\/media\/834"}],"wp:attachment":[{"href":"https:\/\/www.carpfisher.eu\/shop\/wp-json\/wp\/v2\/media?parent=827"}],"wp:term":[{"taxonomy":"product_brand","embeddable":true,"href":"https:\/\/www.carpfisher.eu\/shop\/wp-json\/wp\/v2\/product_brand?post=827"},{"taxonomy":"product_cat","embeddable":true,"href":"https:\/\/www.carpfisher.eu\/shop\/wp-json\/wp\/v2\/product_cat?post=827"},{"taxonomy":"product_tag","embeddable":true,"href":"https:\/\/www.carpfisher.eu\/shop\/wp-json\/wp\/v2\/product_tag?post=827"}],"curies":[{"name":"wp","href":"https:\/\/api.w.org\/{rel}","templated":true}]}}