{"id":896,"date":"2023-09-01T15:37:33","date_gmt":"2023-09-01T13:37:33","guid":{"rendered":"https:\/\/www.carpfisher.eu\/shop\/?post_type=product&#038;p=896"},"modified":"2026-03-27T11:45:06","modified_gmt":"2026-03-27T10:45:06","slug":"mfh-trainingshose-jogger-farbe-oliv","status":"publish","type":"product","link":"https:\/\/www.carpfisher.eu\/shop\/produkt\/mfh-trainingshose-jogger-farbe-oliv\/","title":{"rendered":"MFH Trainingshose &#8222;Jogger&#8220; &#8211; Farbe: oliv"},"content":{"rendered":"<p>Mit der bequemen und funktionalen MFH Trainingshose &#8222;Jogger&#8220; kriegst Du eine vielseitige und strapazierf\u00e4hige Hose, die sich ideal f\u00fcr dein Angelabenteuer eignet.<\/p>\n<p>Die MFH Trainingshose &#8222;Jogger&#8220; verf\u00fcgt \u00fcber einen elastischen Bund mit Tunnelzug zur individuellen Weitenregulierung und garantiert somit eine ideale Passform und exzellenten Tragekomfort.<\/p>\n<p>Die zwei seitlichen Einschubtaschen, sowie eine Ges\u00e4\u00dftasche mit Rei\u00dfverschluss und zwei seitlich aufgesetzte Beintaschen mit Patte und Klettverschluss bieten Die definitiv genug Platz f\u00fcr all Dein Angelzubeh\u00f6r, was Du sofort griffbereit haben willst.<\/p>\n<p>Der MFH Bermuda Jogger besteht aus einer hochwertigen Mischung aus 60% Baumwolle und 40% Polyester. Diese Materialkombination gew\u00e4hrleistet ein angenehmes Tragegef\u00fchl, Atmungsaktivit\u00e4t und Langlebigkeit, sodass du dich voll und ganz auf das Angeln konzentrieren kannst.<\/p>\n<p>Dank seines bequemen Schnitts, der funktionalen Taschen und der hochwertigen Materialien bist du mit dem MFH Bermuda Jogger bestens ger\u00fcstet, um dein Angelerlebnis in vollen Z\u00fcgen zu genie\u00dfen.<\/p>\n","protected":false},"excerpt":{"rendered":"<p>Mit der bequemen und funktionalen MFH Trainingshose &#8222;Jogger&#8220; kriegst Du eine vielseitige und strapazierf\u00e4hige Hose, die sich ideal f\u00fcr dein Angelabenteuer eignet. Die MFH Trainingshose &#8222;Jogger&#8220; verf\u00fcgt \u00fcber einen elastischen Bund mit Tunnelzug zur individuellen Weitenregulierung und garantiert somit eine ideale Passform und exzellenten Tragekomfort. Die zwei seitlichen Einschubtaschen, sowie eine Ges\u00e4\u00dftasche mit Rei\u00dfverschluss und [&hellip;]<\/p>\n","protected":false},"featured_media":904,"template":"","meta":{"sfsi_plus_gutenberg_text_before_share":"","sfsi_plus_gutenberg_show_text_before_share":"","sfsi_plus_gutenberg_icon_type":"","sfsi_plus_gutenberg_icon_alignemt":"","sfsi_plus_gutenburg_max_per_row":""},"product_brand":[],"product_cat":[31],"product_tag":[],"class_list":{"0":"post-896","1":"product","2":"type-product","3":"status-publish","4":"has-post-thumbnail","6":"product_cat-bekleidung","8":"first","9":"instock","10":"taxable","11":"shipping-taxable","12":"purchasable","13":"product-type-variable"},"yoast_head":"<!-- This site is optimized with the Yoast SEO plugin v27.2 - https:\/\/yoast.com\/product\/yoast-seo-wordpress\/ -->\n<title>MFH Trainingshose &quot;Jogger&quot; - Farbe: oliv - Carpfisher Shop<\/title>\n<meta name=\"robots\" content=\"index, follow, max-snippet:-1, max-image-preview:large, max-video-preview:-1\" \/>\n<link rel=\"canonical\" href=\"https:\/\/www.carpfisher.eu\/shop\/produkt\/mfh-trainingshose-jogger-farbe-oliv\/\" \/>\n<meta property=\"og:locale\" content=\"de_DE\" \/>\n<meta property=\"og:type\" content=\"article\" \/>\n<meta property=\"og:title\" content=\"MFH Trainingshose &quot;Jogger&quot; - Farbe: oliv - Carpfisher Shop\" \/>\n<meta property=\"og:description\" content=\"Mit der bequemen und funktionalen MFH Trainingshose &#8222;Jogger&#8220; kriegst Du eine vielseitige und strapazierf\u00e4hige Hose, die sich ideal f\u00fcr dein Angelabenteuer eignet. Die MFH Trainingshose &#8222;Jogger&#8220; verf\u00fcgt \u00fcber einen elastischen Bund mit Tunnelzug zur individuellen Weitenregulierung und garantiert somit eine ideale Passform und exzellenten Tragekomfort. Die zwei seitlichen Einschubtaschen, sowie eine Ges\u00e4\u00dftasche mit Rei\u00dfverschluss und [&hellip;]\" \/>\n<meta property=\"og:url\" content=\"https:\/\/www.carpfisher.eu\/shop\/produkt\/mfh-trainingshose-jogger-farbe-oliv\/\" \/>\n<meta property=\"og:site_name\" content=\"Carpfisher Shop\" \/>\n<meta property=\"article:publisher\" content=\"https:\/\/www.facebook.com\/people\/Carpfishereu\/100066936180661\/\" \/>\n<meta property=\"article:modified_time\" content=\"2026-03-27T10:45:06+00:00\" \/>\n<meta property=\"og:image\" content=\"https:\/\/www.carpfisher.eu\/shop\/wp-content\/uploads\/2023\/09\/MFH-Trainingshose-Jogger1.png\" \/>\n\t<meta property=\"og:image:width\" content=\"1200\" \/>\n\t<meta property=\"og:image:height\" content=\"1200\" \/>\n\t<meta property=\"og:image:type\" content=\"image\/png\" \/>\n<meta name=\"twitter:card\" content=\"summary_large_image\" \/>\n<meta name=\"twitter:label1\" content=\"Gesch\u00e4tzte Lesezeit\" \/>\n\t<meta name=\"twitter:data1\" content=\"1\u00a0Minute\" \/>\n<script type=\"application\/ld+json\" class=\"yoast-schema-graph\">{\"@context\":\"https:\/\/schema.org\",\"@graph\":[{\"@type\":\"WebPage\",\"@id\":\"https:\/\/www.carpfisher.eu\/shop\/produkt\/mfh-trainingshose-jogger-farbe-oliv\/\",\"url\":\"https:\/\/www.carpfisher.eu\/shop\/produkt\/mfh-trainingshose-jogger-farbe-oliv\/\",\"name\":\"MFH Trainingshose \\\"Jogger\\\" - Farbe: oliv - Carpfisher Shop\",\"isPartOf\":{\"@id\":\"https:\/\/www.carpfisher.eu\/shop\/#website\"},\"primaryImageOfPage\":{\"@id\":\"https:\/\/www.carpfisher.eu\/shop\/produkt\/mfh-trainingshose-jogger-farbe-oliv\/#primaryimage\"},\"image\":{\"@id\":\"https:\/\/www.carpfisher.eu\/shop\/produkt\/mfh-trainingshose-jogger-farbe-oliv\/#primaryimage\"},\"thumbnailUrl\":\"https:\/\/www.carpfisher.eu\/shop\/wp-content\/uploads\/2023\/09\/MFH-Trainingshose-Jogger1.png\",\"datePublished\":\"2023-09-01T13:37:33+00:00\",\"dateModified\":\"2026-03-27T10:45:06+00:00\",\"breadcrumb\":{\"@id\":\"https:\/\/www.carpfisher.eu\/shop\/produkt\/mfh-trainingshose-jogger-farbe-oliv\/#breadcrumb\"},\"inLanguage\":\"de\",\"potentialAction\":[{\"@type\":\"ReadAction\",\"target\":[\"https:\/\/www.carpfisher.eu\/shop\/produkt\/mfh-trainingshose-jogger-farbe-oliv\/\"]}]},{\"@type\":\"ImageObject\",\"inLanguage\":\"de\",\"@id\":\"https:\/\/www.carpfisher.eu\/shop\/produkt\/mfh-trainingshose-jogger-farbe-oliv\/#primaryimage\",\"url\":\"https:\/\/www.carpfisher.eu\/shop\/wp-content\/uploads\/2023\/09\/MFH-Trainingshose-Jogger1.png\",\"contentUrl\":\"https:\/\/www.carpfisher.eu\/shop\/wp-content\/uploads\/2023\/09\/MFH-Trainingshose-Jogger1.png\",\"width\":1200,\"height\":1200},{\"@type\":\"BreadcrumbList\",\"@id\":\"https:\/\/www.carpfisher.eu\/shop\/produkt\/mfh-trainingshose-jogger-farbe-oliv\/#breadcrumb\",\"itemListElement\":[{\"@type\":\"ListItem\",\"position\":1,\"name\":\"Startseite\",\"item\":\"https:\/\/www.carpfisher.eu\/shop\/\"},{\"@type\":\"ListItem\",\"position\":2,\"name\":\"Shop\",\"item\":\"https:\/\/www.carpfisher.eu\/shop\/shop\/\"},{\"@type\":\"ListItem\",\"position\":3,\"name\":\"MFH Trainingshose &#8222;Jogger&#8220; &#8211; Farbe: oliv\"}]},{\"@type\":\"WebSite\",\"@id\":\"https:\/\/www.carpfisher.eu\/shop\/#website\",\"url\":\"https:\/\/www.carpfisher.eu\/shop\/\",\"name\":\"Carpfisher Shop\",\"description\":\"Shop f\u00fcr Karpfenangler, Boilies, Futter, Liquid, PopUps\",\"publisher\":{\"@id\":\"https:\/\/www.carpfisher.eu\/shop\/#organization\"},\"potentialAction\":[{\"@type\":\"SearchAction\",\"target\":{\"@type\":\"EntryPoint\",\"urlTemplate\":\"https:\/\/www.carpfisher.eu\/shop\/?s={search_term_string}\"},\"query-input\":{\"@type\":\"PropertyValueSpecification\",\"valueRequired\":true,\"valueName\":\"search_term_string\"}}],\"inLanguage\":\"de\"},{\"@type\":\"Organization\",\"@id\":\"https:\/\/www.carpfisher.eu\/shop\/#organization\",\"name\":\"Carpfisher Shop\",\"url\":\"https:\/\/www.carpfisher.eu\/shop\/\",\"logo\":{\"@type\":\"ImageObject\",\"inLanguage\":\"de\",\"@id\":\"https:\/\/www.carpfisher.eu\/shop\/#\/schema\/logo\/image\/\",\"url\":\"https:\/\/www.carpfisher.eu\/shop\/wp-content\/uploads\/2023\/04\/cropped-My-project-1-3.png\",\"contentUrl\":\"https:\/\/www.carpfisher.eu\/shop\/wp-content\/uploads\/2023\/04\/cropped-My-project-1-3.png\",\"width\":2154,\"height\":500,\"caption\":\"Carpfisher Shop\"},\"image\":{\"@id\":\"https:\/\/www.carpfisher.eu\/shop\/#\/schema\/logo\/image\/\"},\"sameAs\":[\"https:\/\/www.facebook.com\/people\/Carpfishereu\/100066936180661\/\"]}]}<\/script>\n<!-- \/ Yoast SEO plugin. -->","yoast_head_json":{"title":"MFH Trainingshose \"Jogger\" - Farbe: oliv - Carpfisher Shop","robots":{"index":"index","follow":"follow","max-snippet":"max-snippet:-1","max-image-preview":"max-image-preview:large","max-video-preview":"max-video-preview:-1"},"canonical":"https:\/\/www.carpfisher.eu\/shop\/produkt\/mfh-trainingshose-jogger-farbe-oliv\/","og_locale":"de_DE","og_type":"article","og_title":"MFH Trainingshose \"Jogger\" - Farbe: oliv - Carpfisher Shop","og_description":"Mit der bequemen und funktionalen MFH Trainingshose &#8222;Jogger&#8220; kriegst Du eine vielseitige und strapazierf\u00e4hige Hose, die sich ideal f\u00fcr dein Angelabenteuer eignet. Die MFH Trainingshose &#8222;Jogger&#8220; verf\u00fcgt \u00fcber einen elastischen Bund mit Tunnelzug zur individuellen Weitenregulierung und garantiert somit eine ideale Passform und exzellenten Tragekomfort. Die zwei seitlichen Einschubtaschen, sowie eine Ges\u00e4\u00dftasche mit Rei\u00dfverschluss und [&hellip;]","og_url":"https:\/\/www.carpfisher.eu\/shop\/produkt\/mfh-trainingshose-jogger-farbe-oliv\/","og_site_name":"Carpfisher Shop","article_publisher":"https:\/\/www.facebook.com\/people\/Carpfishereu\/100066936180661\/","article_modified_time":"2026-03-27T10:45:06+00:00","og_image":[{"width":1200,"height":1200,"url":"https:\/\/www.carpfisher.eu\/shop\/wp-content\/uploads\/2023\/09\/MFH-Trainingshose-Jogger1.png","type":"image\/png"}],"twitter_card":"summary_large_image","twitter_misc":{"Gesch\u00e4tzte Lesezeit":"1\u00a0Minute"},"schema":{"@context":"https:\/\/schema.org","@graph":[{"@type":"WebPage","@id":"https:\/\/www.carpfisher.eu\/shop\/produkt\/mfh-trainingshose-jogger-farbe-oliv\/","url":"https:\/\/www.carpfisher.eu\/shop\/produkt\/mfh-trainingshose-jogger-farbe-oliv\/","name":"MFH Trainingshose \"Jogger\" - Farbe: oliv - Carpfisher Shop","isPartOf":{"@id":"https:\/\/www.carpfisher.eu\/shop\/#website"},"primaryImageOfPage":{"@id":"https:\/\/www.carpfisher.eu\/shop\/produkt\/mfh-trainingshose-jogger-farbe-oliv\/#primaryimage"},"image":{"@id":"https:\/\/www.carpfisher.eu\/shop\/produkt\/mfh-trainingshose-jogger-farbe-oliv\/#primaryimage"},"thumbnailUrl":"https:\/\/www.carpfisher.eu\/shop\/wp-content\/uploads\/2023\/09\/MFH-Trainingshose-Jogger1.png","datePublished":"2023-09-01T13:37:33+00:00","dateModified":"2026-03-27T10:45:06+00:00","breadcrumb":{"@id":"https:\/\/www.carpfisher.eu\/shop\/produkt\/mfh-trainingshose-jogger-farbe-oliv\/#breadcrumb"},"inLanguage":"de","potentialAction":[{"@type":"ReadAction","target":["https:\/\/www.carpfisher.eu\/shop\/produkt\/mfh-trainingshose-jogger-farbe-oliv\/"]}]},{"@type":"ImageObject","inLanguage":"de","@id":"https:\/\/www.carpfisher.eu\/shop\/produkt\/mfh-trainingshose-jogger-farbe-oliv\/#primaryimage","url":"https:\/\/www.carpfisher.eu\/shop\/wp-content\/uploads\/2023\/09\/MFH-Trainingshose-Jogger1.png","contentUrl":"https:\/\/www.carpfisher.eu\/shop\/wp-content\/uploads\/2023\/09\/MFH-Trainingshose-Jogger1.png","width":1200,"height":1200},{"@type":"BreadcrumbList","@id":"https:\/\/www.carpfisher.eu\/shop\/produkt\/mfh-trainingshose-jogger-farbe-oliv\/#breadcrumb","itemListElement":[{"@type":"ListItem","position":1,"name":"Startseite","item":"https:\/\/www.carpfisher.eu\/shop\/"},{"@type":"ListItem","position":2,"name":"Shop","item":"https:\/\/www.carpfisher.eu\/shop\/shop\/"},{"@type":"ListItem","position":3,"name":"MFH Trainingshose &#8222;Jogger&#8220; &#8211; Farbe: oliv"}]},{"@type":"WebSite","@id":"https:\/\/www.carpfisher.eu\/shop\/#website","url":"https:\/\/www.carpfisher.eu\/shop\/","name":"Carpfisher Shop","description":"Shop f\u00fcr Karpfenangler, Boilies, Futter, Liquid, PopUps","publisher":{"@id":"https:\/\/www.carpfisher.eu\/shop\/#organization"},"potentialAction":[{"@type":"SearchAction","target":{"@type":"EntryPoint","urlTemplate":"https:\/\/www.carpfisher.eu\/shop\/?s={search_term_string}"},"query-input":{"@type":"PropertyValueSpecification","valueRequired":true,"valueName":"search_term_string"}}],"inLanguage":"de"},{"@type":"Organization","@id":"https:\/\/www.carpfisher.eu\/shop\/#organization","name":"Carpfisher Shop","url":"https:\/\/www.carpfisher.eu\/shop\/","logo":{"@type":"ImageObject","inLanguage":"de","@id":"https:\/\/www.carpfisher.eu\/shop\/#\/schema\/logo\/image\/","url":"https:\/\/www.carpfisher.eu\/shop\/wp-content\/uploads\/2023\/04\/cropped-My-project-1-3.png","contentUrl":"https:\/\/www.carpfisher.eu\/shop\/wp-content\/uploads\/2023\/04\/cropped-My-project-1-3.png","width":2154,"height":500,"caption":"Carpfisher Shop"},"image":{"@id":"https:\/\/www.carpfisher.eu\/shop\/#\/schema\/logo\/image\/"},"sameAs":["https:\/\/www.facebook.com\/people\/Carpfishereu\/100066936180661\/"]}]}},"_links":{"self":[{"href":"https:\/\/www.carpfisher.eu\/shop\/wp-json\/wp\/v2\/product\/896","targetHints":{"allow":["GET"]}}],"collection":[{"href":"https:\/\/www.carpfisher.eu\/shop\/wp-json\/wp\/v2\/product"}],"about":[{"href":"https:\/\/www.carpfisher.eu\/shop\/wp-json\/wp\/v2\/types\/product"}],"wp:featuredmedia":[{"embeddable":true,"href":"https:\/\/www.carpfisher.eu\/shop\/wp-json\/wp\/v2\/media\/904"}],"wp:attachment":[{"href":"https:\/\/www.carpfisher.eu\/shop\/wp-json\/wp\/v2\/media?parent=896"}],"wp:term":[{"taxonomy":"product_brand","embeddable":true,"href":"https:\/\/www.carpfisher.eu\/shop\/wp-json\/wp\/v2\/product_brand?post=896"},{"taxonomy":"product_cat","embeddable":true,"href":"https:\/\/www.carpfisher.eu\/shop\/wp-json\/wp\/v2\/product_cat?post=896"},{"taxonomy":"product_tag","embeddable":true,"href":"https:\/\/www.carpfisher.eu\/shop\/wp-json\/wp\/v2\/product_tag?post=896"}],"curies":[{"name":"wp","href":"https:\/\/api.w.org\/{rel}","templated":true}]}}