{"id":921,"date":"2023-09-19T11:58:29","date_gmt":"2023-09-19T09:58:29","guid":{"rendered":"https:\/\/www.carpfisher.eu\/shop\/?post_type=product&#038;p=921"},"modified":"2026-03-11T10:20:28","modified_gmt":"2026-03-11T09:20:28","slug":"bundle-starter-squiver-20-mm","status":"publish","type":"product","link":"https:\/\/www.carpfisher.eu\/shop\/produkt\/bundle-starter-squiver-20-mm\/","title":{"rendered":"Bundle: Starter &#8222;Squiver Extreme&#8220;"},"content":{"rendered":"<p>Dieses Starter-Bundle besteht aus:<\/p>\n<ul>\n<li>Squiver Extreme Boilies (Gr\u00f6\u00dfe frei w\u00e4hlbar)<\/li>\n<li>Leber Liquid<\/li>\n<li>Liver Extract Powder<\/li>\n<li>Squiver Extreme Hookbaits (Gr\u00f6\u00dfe frei w\u00e4hlbar)<\/li>\n<\/ul>\n<p>Wenn du eine Portion oder auch zwei Portionen extra Boost f\u00fcr deine Boilies brauchst, empfehlen wir dir dieses Bundle.<\/p>\n<p>Mit einem Viertelliter des Liquids kannst du deine gesamte Einheit mit 5 kg Boilies in seiner Attraktion steigern. Wenn du diese noch mit dem Liver Extract Powder best\u00e4ubst, dann boostest du noch einmal ordentlich. So kannst du dich an jede Situation am Wasser anpassen!<\/p>\n<p>Hinweis: diese Schicht ist etwas dicker und wirkt wie eine Teigschicht, die sich jedoch auch innerhalb von ca. 2 Stunden aufl\u00f6st. Die Abgabe der Attraktoren ans Wasser ist somit etwas langsamer als bei den anderen, von uns angebotenen Kombinationen. Das liegt an der Kombination mit dem dicken Leber-Liquid und Liver Extract Powder.<\/p>\n<p>Tipp:<strong> Booste deine Hookbaits!<\/strong> Die Hard Hookbaits sind optimal, um sie zu boosten. Generell sind unsere Hookbaits noch einmal mit einer Extraportion Aminos\u00e4uren vorbehandelt, bzw. verarbeitet. Du kannst aber auch eine super attraktive Schicht aufbauen. Unser System zielt darauf ab, dass die d\u00fcnne Ummantelung extrem schnell ans Wasser abgegeben wird!<\/p>\n<p>Anwendung: Nimm einen Teil der Hookbaits aus der Dose und soake sie mit einem Schuss Liquid. Wenn das Liquid vollst\u00e4ndig aufgesogen ist, best\u00e4ubst du mit dem GLM Extract Powder die Hookbaits. Fertig. Super einfach und mega attraktiv! Bitte beachte, dass dies die Haltbarkeit beeintr\u00e4chtigt, darum empfehlen wir nicht die gesamte Dose an Hookbaits zu boosten, sondern je nach Bedarf&#8230;<\/p>\n<hr \/>\n<p>Anmerkung: Unsere Extrakte sind EXTREM wasserl\u00f6slich, darum geben sie die Inhaltsstoffe bei jeder Wassertemperatur sehr schnell ans Wasser ab! Das sorgt f\u00fcr eine extreme Anziehungskraft im Umfeld des Hakenk\u00f6ders! Wir wollen bewusst keine dicke, z\u00e4he Teigschicht, die sich langsam aufl\u00f6st. Mit einer z\u00e4hen Teigschicht, kann es passieren, dass kleine Fische am K\u00f6der saugen und knabbern und so diesen hin und her bewegen. Mit viel Pech endet das in einem vert\u00fcdelten, nicht korrekt hakenden Vorfach. Auch der Haken kann in einer aufl\u00f6senden Teigschicht kleben bleiben und ein korrektes Hakverhalten verhindern.<\/p>\n","protected":false},"excerpt":{"rendered":"<p>Bitte w\u00e4hlen sie die gew\u00fcnschte Gr\u00f6\u00dfe aus:<\/p>\n","protected":false},"featured_media":1930,"template":"","meta":{"sfsi_plus_gutenberg_text_before_share":"","sfsi_plus_gutenberg_show_text_before_share":"","sfsi_plus_gutenberg_icon_type":"","sfsi_plus_gutenberg_icon_alignemt":"","sfsi_plus_gutenburg_max_per_row":""},"product_brand":[],"product_cat":[38],"product_tag":[],"class_list":{"0":"post-921","1":"product","2":"type-product","3":"status-publish","4":"has-post-thumbnail","6":"product_cat-bundle-deals","8":"first","9":"instock","10":"sale","11":"taxable","12":"shipping-taxable","13":"purchasable","14":"product-type-woosb"},"yoast_head":"<!-- This site is optimized with the Yoast SEO plugin v27.2 - https:\/\/yoast.com\/product\/yoast-seo-wordpress\/ -->\n<title>Bundle: Starter &quot;Squiver Extreme&quot; - Carpfisher Shop<\/title>\n<meta name=\"robots\" content=\"index, follow, max-snippet:-1, max-image-preview:large, max-video-preview:-1\" \/>\n<link rel=\"canonical\" href=\"https:\/\/www.carpfisher.eu\/shop\/produkt\/bundle-starter-squiver-20-mm\/\" \/>\n<meta property=\"og:locale\" content=\"de_DE\" \/>\n<meta property=\"og:type\" content=\"article\" \/>\n<meta property=\"og:title\" content=\"Bundle: Starter &quot;Squiver Extreme&quot; - Carpfisher Shop\" \/>\n<meta property=\"og:description\" content=\"Bitte w\u00e4hlen sie die gew\u00fcnschte Gr\u00f6\u00dfe aus:\" \/>\n<meta property=\"og:url\" content=\"https:\/\/www.carpfisher.eu\/shop\/produkt\/bundle-starter-squiver-20-mm\/\" \/>\n<meta property=\"og:site_name\" content=\"Carpfisher Shop\" \/>\n<meta property=\"article:publisher\" content=\"https:\/\/www.facebook.com\/people\/Carpfishereu\/100066936180661\/\" \/>\n<meta property=\"article:modified_time\" content=\"2026-03-11T09:20:28+00:00\" \/>\n<meta property=\"og:image\" content=\"https:\/\/www.carpfisher.eu\/shop\/wp-content\/uploads\/2023\/09\/bundle-Starter-Squiver-Extreme.png\" \/>\n\t<meta property=\"og:image:width\" content=\"1024\" \/>\n\t<meta property=\"og:image:height\" content=\"1024\" \/>\n\t<meta property=\"og:image:type\" content=\"image\/png\" \/>\n<meta name=\"twitter:card\" content=\"summary_large_image\" \/>\n<meta name=\"twitter:label1\" content=\"Gesch\u00e4tzte Lesezeit\" \/>\n\t<meta name=\"twitter:data1\" content=\"3\u00a0Minuten\" \/>\n<script type=\"application\/ld+json\" class=\"yoast-schema-graph\">{\"@context\":\"https:\/\/schema.org\",\"@graph\":[{\"@type\":\"WebPage\",\"@id\":\"https:\/\/www.carpfisher.eu\/shop\/produkt\/bundle-starter-squiver-20-mm\/\",\"url\":\"https:\/\/www.carpfisher.eu\/shop\/produkt\/bundle-starter-squiver-20-mm\/\",\"name\":\"Bundle: Starter \\\"Squiver Extreme\\\" - Carpfisher Shop\",\"isPartOf\":{\"@id\":\"https:\/\/www.carpfisher.eu\/shop\/#website\"},\"primaryImageOfPage\":{\"@id\":\"https:\/\/www.carpfisher.eu\/shop\/produkt\/bundle-starter-squiver-20-mm\/#primaryimage\"},\"image\":{\"@id\":\"https:\/\/www.carpfisher.eu\/shop\/produkt\/bundle-starter-squiver-20-mm\/#primaryimage\"},\"thumbnailUrl\":\"https:\/\/www.carpfisher.eu\/shop\/wp-content\/uploads\/2023\/09\/bundle-Starter-Squiver-Extreme.png\",\"datePublished\":\"2023-09-19T09:58:29+00:00\",\"dateModified\":\"2026-03-11T09:20:28+00:00\",\"breadcrumb\":{\"@id\":\"https:\/\/www.carpfisher.eu\/shop\/produkt\/bundle-starter-squiver-20-mm\/#breadcrumb\"},\"inLanguage\":\"de\",\"potentialAction\":[{\"@type\":\"ReadAction\",\"target\":[\"https:\/\/www.carpfisher.eu\/shop\/produkt\/bundle-starter-squiver-20-mm\/\"]}]},{\"@type\":\"ImageObject\",\"inLanguage\":\"de\",\"@id\":\"https:\/\/www.carpfisher.eu\/shop\/produkt\/bundle-starter-squiver-20-mm\/#primaryimage\",\"url\":\"https:\/\/www.carpfisher.eu\/shop\/wp-content\/uploads\/2023\/09\/bundle-Starter-Squiver-Extreme.png\",\"contentUrl\":\"https:\/\/www.carpfisher.eu\/shop\/wp-content\/uploads\/2023\/09\/bundle-Starter-Squiver-Extreme.png\",\"width\":1024,\"height\":1024},{\"@type\":\"BreadcrumbList\",\"@id\":\"https:\/\/www.carpfisher.eu\/shop\/produkt\/bundle-starter-squiver-20-mm\/#breadcrumb\",\"itemListElement\":[{\"@type\":\"ListItem\",\"position\":1,\"name\":\"Startseite\",\"item\":\"https:\/\/www.carpfisher.eu\/shop\/\"},{\"@type\":\"ListItem\",\"position\":2,\"name\":\"Shop\",\"item\":\"https:\/\/www.carpfisher.eu\/shop\/shop\/\"},{\"@type\":\"ListItem\",\"position\":3,\"name\":\"Bundle: Starter &#8222;Squiver Extreme&#8220;\"}]},{\"@type\":\"WebSite\",\"@id\":\"https:\/\/www.carpfisher.eu\/shop\/#website\",\"url\":\"https:\/\/www.carpfisher.eu\/shop\/\",\"name\":\"Carpfisher Shop\",\"description\":\"Shop f\u00fcr Karpfenangler, Boilies, Futter, Liquid, PopUps\",\"publisher\":{\"@id\":\"https:\/\/www.carpfisher.eu\/shop\/#organization\"},\"potentialAction\":[{\"@type\":\"SearchAction\",\"target\":{\"@type\":\"EntryPoint\",\"urlTemplate\":\"https:\/\/www.carpfisher.eu\/shop\/?s={search_term_string}\"},\"query-input\":{\"@type\":\"PropertyValueSpecification\",\"valueRequired\":true,\"valueName\":\"search_term_string\"}}],\"inLanguage\":\"de\"},{\"@type\":\"Organization\",\"@id\":\"https:\/\/www.carpfisher.eu\/shop\/#organization\",\"name\":\"Carpfisher Shop\",\"url\":\"https:\/\/www.carpfisher.eu\/shop\/\",\"logo\":{\"@type\":\"ImageObject\",\"inLanguage\":\"de\",\"@id\":\"https:\/\/www.carpfisher.eu\/shop\/#\/schema\/logo\/image\/\",\"url\":\"https:\/\/www.carpfisher.eu\/shop\/wp-content\/uploads\/2023\/04\/cropped-My-project-1-3.png\",\"contentUrl\":\"https:\/\/www.carpfisher.eu\/shop\/wp-content\/uploads\/2023\/04\/cropped-My-project-1-3.png\",\"width\":2154,\"height\":500,\"caption\":\"Carpfisher Shop\"},\"image\":{\"@id\":\"https:\/\/www.carpfisher.eu\/shop\/#\/schema\/logo\/image\/\"},\"sameAs\":[\"https:\/\/www.facebook.com\/people\/Carpfishereu\/100066936180661\/\"]}]}<\/script>\n<!-- \/ Yoast SEO plugin. -->","yoast_head_json":{"title":"Bundle: Starter \"Squiver Extreme\" - Carpfisher Shop","robots":{"index":"index","follow":"follow","max-snippet":"max-snippet:-1","max-image-preview":"max-image-preview:large","max-video-preview":"max-video-preview:-1"},"canonical":"https:\/\/www.carpfisher.eu\/shop\/produkt\/bundle-starter-squiver-20-mm\/","og_locale":"de_DE","og_type":"article","og_title":"Bundle: Starter \"Squiver Extreme\" - Carpfisher Shop","og_description":"Bitte w\u00e4hlen sie die gew\u00fcnschte Gr\u00f6\u00dfe aus:","og_url":"https:\/\/www.carpfisher.eu\/shop\/produkt\/bundle-starter-squiver-20-mm\/","og_site_name":"Carpfisher Shop","article_publisher":"https:\/\/www.facebook.com\/people\/Carpfishereu\/100066936180661\/","article_modified_time":"2026-03-11T09:20:28+00:00","og_image":[{"width":1024,"height":1024,"url":"https:\/\/www.carpfisher.eu\/shop\/wp-content\/uploads\/2023\/09\/bundle-Starter-Squiver-Extreme.png","type":"image\/png"}],"twitter_card":"summary_large_image","twitter_misc":{"Gesch\u00e4tzte Lesezeit":"3\u00a0Minuten"},"schema":{"@context":"https:\/\/schema.org","@graph":[{"@type":"WebPage","@id":"https:\/\/www.carpfisher.eu\/shop\/produkt\/bundle-starter-squiver-20-mm\/","url":"https:\/\/www.carpfisher.eu\/shop\/produkt\/bundle-starter-squiver-20-mm\/","name":"Bundle: Starter \"Squiver Extreme\" - Carpfisher Shop","isPartOf":{"@id":"https:\/\/www.carpfisher.eu\/shop\/#website"},"primaryImageOfPage":{"@id":"https:\/\/www.carpfisher.eu\/shop\/produkt\/bundle-starter-squiver-20-mm\/#primaryimage"},"image":{"@id":"https:\/\/www.carpfisher.eu\/shop\/produkt\/bundle-starter-squiver-20-mm\/#primaryimage"},"thumbnailUrl":"https:\/\/www.carpfisher.eu\/shop\/wp-content\/uploads\/2023\/09\/bundle-Starter-Squiver-Extreme.png","datePublished":"2023-09-19T09:58:29+00:00","dateModified":"2026-03-11T09:20:28+00:00","breadcrumb":{"@id":"https:\/\/www.carpfisher.eu\/shop\/produkt\/bundle-starter-squiver-20-mm\/#breadcrumb"},"inLanguage":"de","potentialAction":[{"@type":"ReadAction","target":["https:\/\/www.carpfisher.eu\/shop\/produkt\/bundle-starter-squiver-20-mm\/"]}]},{"@type":"ImageObject","inLanguage":"de","@id":"https:\/\/www.carpfisher.eu\/shop\/produkt\/bundle-starter-squiver-20-mm\/#primaryimage","url":"https:\/\/www.carpfisher.eu\/shop\/wp-content\/uploads\/2023\/09\/bundle-Starter-Squiver-Extreme.png","contentUrl":"https:\/\/www.carpfisher.eu\/shop\/wp-content\/uploads\/2023\/09\/bundle-Starter-Squiver-Extreme.png","width":1024,"height":1024},{"@type":"BreadcrumbList","@id":"https:\/\/www.carpfisher.eu\/shop\/produkt\/bundle-starter-squiver-20-mm\/#breadcrumb","itemListElement":[{"@type":"ListItem","position":1,"name":"Startseite","item":"https:\/\/www.carpfisher.eu\/shop\/"},{"@type":"ListItem","position":2,"name":"Shop","item":"https:\/\/www.carpfisher.eu\/shop\/shop\/"},{"@type":"ListItem","position":3,"name":"Bundle: Starter &#8222;Squiver Extreme&#8220;"}]},{"@type":"WebSite","@id":"https:\/\/www.carpfisher.eu\/shop\/#website","url":"https:\/\/www.carpfisher.eu\/shop\/","name":"Carpfisher Shop","description":"Shop f\u00fcr Karpfenangler, Boilies, Futter, Liquid, PopUps","publisher":{"@id":"https:\/\/www.carpfisher.eu\/shop\/#organization"},"potentialAction":[{"@type":"SearchAction","target":{"@type":"EntryPoint","urlTemplate":"https:\/\/www.carpfisher.eu\/shop\/?s={search_term_string}"},"query-input":{"@type":"PropertyValueSpecification","valueRequired":true,"valueName":"search_term_string"}}],"inLanguage":"de"},{"@type":"Organization","@id":"https:\/\/www.carpfisher.eu\/shop\/#organization","name":"Carpfisher Shop","url":"https:\/\/www.carpfisher.eu\/shop\/","logo":{"@type":"ImageObject","inLanguage":"de","@id":"https:\/\/www.carpfisher.eu\/shop\/#\/schema\/logo\/image\/","url":"https:\/\/www.carpfisher.eu\/shop\/wp-content\/uploads\/2023\/04\/cropped-My-project-1-3.png","contentUrl":"https:\/\/www.carpfisher.eu\/shop\/wp-content\/uploads\/2023\/04\/cropped-My-project-1-3.png","width":2154,"height":500,"caption":"Carpfisher Shop"},"image":{"@id":"https:\/\/www.carpfisher.eu\/shop\/#\/schema\/logo\/image\/"},"sameAs":["https:\/\/www.facebook.com\/people\/Carpfishereu\/100066936180661\/"]}]}},"_links":{"self":[{"href":"https:\/\/www.carpfisher.eu\/shop\/wp-json\/wp\/v2\/product\/921","targetHints":{"allow":["GET"]}}],"collection":[{"href":"https:\/\/www.carpfisher.eu\/shop\/wp-json\/wp\/v2\/product"}],"about":[{"href":"https:\/\/www.carpfisher.eu\/shop\/wp-json\/wp\/v2\/types\/product"}],"wp:featuredmedia":[{"embeddable":true,"href":"https:\/\/www.carpfisher.eu\/shop\/wp-json\/wp\/v2\/media\/1930"}],"wp:attachment":[{"href":"https:\/\/www.carpfisher.eu\/shop\/wp-json\/wp\/v2\/media?parent=921"}],"wp:term":[{"taxonomy":"product_brand","embeddable":true,"href":"https:\/\/www.carpfisher.eu\/shop\/wp-json\/wp\/v2\/product_brand?post=921"},{"taxonomy":"product_cat","embeddable":true,"href":"https:\/\/www.carpfisher.eu\/shop\/wp-json\/wp\/v2\/product_cat?post=921"},{"taxonomy":"product_tag","embeddable":true,"href":"https:\/\/www.carpfisher.eu\/shop\/wp-json\/wp\/v2\/product_tag?post=921"}],"curies":[{"name":"wp","href":"https:\/\/api.w.org\/{rel}","templated":true}]}}