{"id":939,"date":"2023-10-27T16:55:26","date_gmt":"2023-10-27T14:55:26","guid":{"rendered":"https:\/\/www.carpfisher.eu\/shop\/?post_type=product&#038;p=939"},"modified":"2026-03-17T09:17:39","modified_gmt":"2026-03-17T08:17:39","slug":"csl-liquid-1-liter","status":"publish","type":"product","link":"https:\/\/www.carpfisher.eu\/shop\/produkt\/csl-liquid-1-liter\/","title":{"rendered":"CSL Liquid | 1 Liter Kanister"},"content":{"rendered":"<p>Hoch dosiertes CSL Liquid der allerbesten Qualit\u00e4t.<\/p>\n<ul>\n<li>PVA tauglich<\/li>\n<li>d\u00fcnnfl\u00fcssig<\/li>\n<li>intensiv s\u00e4uerlich riechend<\/li>\n<\/ul>\n<p>Vor der Anwendung bitte gut sch\u00fctteln. Nur soviel Liquid \u00fcber die Boilies sch\u00fctten, dass deren Oberfl\u00e4che gut benetzt ist. Nach 24 Stunden sollte ein Teil der Fl\u00fcssigkeit teilweise im Boilie eingezogen sein. Wenn du das Liquid noch l\u00e4nger einziehen l\u00e4sst, kannst du diesen Vorgang auch wiederholen. So kannst du bei Bedarf die Attraktivit\u00e4t enorm steigern.<\/p>\n<p>Bei sehr kalten Au\u00dfen- oder Wassertemperaturen empfehlen wir einen Schuss warmes Wasser dazuzumischen, damit das Liquid besser aufgesogen werden kann.<\/p>\n<p>Wir empfehlen eines unserer Extrakte (das sind sehr feine, sehr reine, hoch dosierte Mehle), um die feuchten Boilies damit zu best\u00e4uben. Hier reichen schon kleine Mengen des sehr wasserl\u00f6slichen Extraktes aus, um eine sehr hohe Lockwirkung zu erzielen.<\/p>\n<hr \/>\n<p>Inhalt 1 Liter im wiederverschlie\u00dfbaren Beh\u00e4lter.<\/p>\n<hr \/>\n<p>Angelk\u00f6der f\u00fcr frei lebende Fische, nicht f\u00fcr den menschlichen Verzehr geeignet. Darf nicht an Wiederk\u00e4uer verf\u00fcttert werden!<\/p>\n","protected":false},"excerpt":{"rendered":"<p>Hoch dosiertes CSL Liquid der allerbesten Qualit\u00e4t. PVA tauglich d\u00fcnnfl\u00fcssig intensiv s\u00e4uerlich riechend Vor der Anwendung bitte gut sch\u00fctteln. Nur soviel Liquid \u00fcber die Boilies sch\u00fctten, dass deren Oberfl\u00e4che gut benetzt ist. Nach 24 Stunden sollte ein Teil der Fl\u00fcssigkeit teilweise im Boilie eingezogen sein. Wenn du das Liquid noch l\u00e4nger einziehen l\u00e4sst, kannst du [&hellip;]<\/p>\n","protected":false},"featured_media":1956,"template":"","meta":{"sfsi_plus_gutenberg_text_before_share":"","sfsi_plus_gutenberg_show_text_before_share":"","sfsi_plus_gutenberg_icon_type":"","sfsi_plus_gutenberg_icon_alignemt":"","sfsi_plus_gutenburg_max_per_row":""},"product_brand":[],"product_cat":[43],"product_tag":[],"class_list":{"0":"post-939","1":"product","2":"type-product","3":"status-publish","4":"has-post-thumbnail","6":"product_cat-liquids","8":"first","9":"instock","10":"taxable","11":"shipping-taxable","12":"purchasable","13":"product-type-simple"},"yoast_head":"<!-- This site is optimized with the Yoast SEO plugin v27.2 - https:\/\/yoast.com\/product\/yoast-seo-wordpress\/ -->\n<title>CSL Liquid | 1 Liter Kanister - Carpfisher Shop<\/title>\n<meta name=\"robots\" content=\"index, follow, max-snippet:-1, max-image-preview:large, max-video-preview:-1\" \/>\n<link rel=\"canonical\" href=\"https:\/\/www.carpfisher.eu\/shop\/produkt\/csl-liquid-1-liter\/\" \/>\n<meta property=\"og:locale\" content=\"de_DE\" \/>\n<meta property=\"og:type\" content=\"article\" \/>\n<meta property=\"og:title\" content=\"CSL Liquid | 1 Liter Kanister - Carpfisher Shop\" \/>\n<meta property=\"og:description\" content=\"Hoch dosiertes CSL Liquid der allerbesten Qualit\u00e4t. PVA tauglich d\u00fcnnfl\u00fcssig intensiv s\u00e4uerlich riechend Vor der Anwendung bitte gut sch\u00fctteln. Nur soviel Liquid \u00fcber die Boilies sch\u00fctten, dass deren Oberfl\u00e4che gut benetzt ist. Nach 24 Stunden sollte ein Teil der Fl\u00fcssigkeit teilweise im Boilie eingezogen sein. Wenn du das Liquid noch l\u00e4nger einziehen l\u00e4sst, kannst du [&hellip;]\" \/>\n<meta property=\"og:url\" content=\"https:\/\/www.carpfisher.eu\/shop\/produkt\/csl-liquid-1-liter\/\" \/>\n<meta property=\"og:site_name\" content=\"Carpfisher Shop\" \/>\n<meta property=\"article:publisher\" content=\"https:\/\/www.facebook.com\/people\/Carpfishereu\/100066936180661\/\" \/>\n<meta property=\"article:modified_time\" content=\"2026-03-17T08:17:39+00:00\" \/>\n<meta property=\"og:image\" content=\"https:\/\/www.carpfisher.eu\/shop\/wp-content\/uploads\/2023\/10\/CSL-Liquid-fun-clear.png\" \/>\n\t<meta property=\"og:image:width\" content=\"1080\" \/>\n\t<meta property=\"og:image:height\" content=\"1080\" \/>\n\t<meta property=\"og:image:type\" content=\"image\/png\" \/>\n<meta name=\"twitter:card\" content=\"summary_large_image\" \/>\n<meta name=\"twitter:label1\" content=\"Gesch\u00e4tzte Lesezeit\" \/>\n\t<meta name=\"twitter:data1\" content=\"2\u00a0Minuten\" \/>\n<script type=\"application\/ld+json\" class=\"yoast-schema-graph\">{\"@context\":\"https:\/\/schema.org\",\"@graph\":[{\"@type\":\"WebPage\",\"@id\":\"https:\/\/www.carpfisher.eu\/shop\/produkt\/csl-liquid-1-liter\/\",\"url\":\"https:\/\/www.carpfisher.eu\/shop\/produkt\/csl-liquid-1-liter\/\",\"name\":\"CSL Liquid | 1 Liter Kanister - Carpfisher Shop\",\"isPartOf\":{\"@id\":\"https:\/\/www.carpfisher.eu\/shop\/#website\"},\"primaryImageOfPage\":{\"@id\":\"https:\/\/www.carpfisher.eu\/shop\/produkt\/csl-liquid-1-liter\/#primaryimage\"},\"image\":{\"@id\":\"https:\/\/www.carpfisher.eu\/shop\/produkt\/csl-liquid-1-liter\/#primaryimage\"},\"thumbnailUrl\":\"https:\/\/www.carpfisher.eu\/shop\/wp-content\/uploads\/2023\/10\/CSL-Liquid-fun-clear.png\",\"datePublished\":\"2023-10-27T14:55:26+00:00\",\"dateModified\":\"2026-03-17T08:17:39+00:00\",\"breadcrumb\":{\"@id\":\"https:\/\/www.carpfisher.eu\/shop\/produkt\/csl-liquid-1-liter\/#breadcrumb\"},\"inLanguage\":\"de\",\"potentialAction\":[{\"@type\":\"ReadAction\",\"target\":[\"https:\/\/www.carpfisher.eu\/shop\/produkt\/csl-liquid-1-liter\/\"]}]},{\"@type\":\"ImageObject\",\"inLanguage\":\"de\",\"@id\":\"https:\/\/www.carpfisher.eu\/shop\/produkt\/csl-liquid-1-liter\/#primaryimage\",\"url\":\"https:\/\/www.carpfisher.eu\/shop\/wp-content\/uploads\/2023\/10\/CSL-Liquid-fun-clear.png\",\"contentUrl\":\"https:\/\/www.carpfisher.eu\/shop\/wp-content\/uploads\/2023\/10\/CSL-Liquid-fun-clear.png\",\"width\":1080,\"height\":1080},{\"@type\":\"BreadcrumbList\",\"@id\":\"https:\/\/www.carpfisher.eu\/shop\/produkt\/csl-liquid-1-liter\/#breadcrumb\",\"itemListElement\":[{\"@type\":\"ListItem\",\"position\":1,\"name\":\"Startseite\",\"item\":\"https:\/\/www.carpfisher.eu\/shop\/\"},{\"@type\":\"ListItem\",\"position\":2,\"name\":\"Shop\",\"item\":\"https:\/\/www.carpfisher.eu\/shop\/shop\/\"},{\"@type\":\"ListItem\",\"position\":3,\"name\":\"CSL Liquid | 1 Liter Kanister\"}]},{\"@type\":\"WebSite\",\"@id\":\"https:\/\/www.carpfisher.eu\/shop\/#website\",\"url\":\"https:\/\/www.carpfisher.eu\/shop\/\",\"name\":\"Carpfisher Shop\",\"description\":\"Shop f\u00fcr Karpfenangler, Boilies, Futter, Liquid, PopUps\",\"publisher\":{\"@id\":\"https:\/\/www.carpfisher.eu\/shop\/#organization\"},\"potentialAction\":[{\"@type\":\"SearchAction\",\"target\":{\"@type\":\"EntryPoint\",\"urlTemplate\":\"https:\/\/www.carpfisher.eu\/shop\/?s={search_term_string}\"},\"query-input\":{\"@type\":\"PropertyValueSpecification\",\"valueRequired\":true,\"valueName\":\"search_term_string\"}}],\"inLanguage\":\"de\"},{\"@type\":\"Organization\",\"@id\":\"https:\/\/www.carpfisher.eu\/shop\/#organization\",\"name\":\"Carpfisher Shop\",\"url\":\"https:\/\/www.carpfisher.eu\/shop\/\",\"logo\":{\"@type\":\"ImageObject\",\"inLanguage\":\"de\",\"@id\":\"https:\/\/www.carpfisher.eu\/shop\/#\/schema\/logo\/image\/\",\"url\":\"https:\/\/www.carpfisher.eu\/shop\/wp-content\/uploads\/2023\/04\/cropped-My-project-1-3.png\",\"contentUrl\":\"https:\/\/www.carpfisher.eu\/shop\/wp-content\/uploads\/2023\/04\/cropped-My-project-1-3.png\",\"width\":2154,\"height\":500,\"caption\":\"Carpfisher Shop\"},\"image\":{\"@id\":\"https:\/\/www.carpfisher.eu\/shop\/#\/schema\/logo\/image\/\"},\"sameAs\":[\"https:\/\/www.facebook.com\/people\/Carpfishereu\/100066936180661\/\"]}]}<\/script>\n<!-- \/ Yoast SEO plugin. -->","yoast_head_json":{"title":"CSL Liquid | 1 Liter Kanister - Carpfisher Shop","robots":{"index":"index","follow":"follow","max-snippet":"max-snippet:-1","max-image-preview":"max-image-preview:large","max-video-preview":"max-video-preview:-1"},"canonical":"https:\/\/www.carpfisher.eu\/shop\/produkt\/csl-liquid-1-liter\/","og_locale":"de_DE","og_type":"article","og_title":"CSL Liquid | 1 Liter Kanister - Carpfisher Shop","og_description":"Hoch dosiertes CSL Liquid der allerbesten Qualit\u00e4t. PVA tauglich d\u00fcnnfl\u00fcssig intensiv s\u00e4uerlich riechend Vor der Anwendung bitte gut sch\u00fctteln. Nur soviel Liquid \u00fcber die Boilies sch\u00fctten, dass deren Oberfl\u00e4che gut benetzt ist. Nach 24 Stunden sollte ein Teil der Fl\u00fcssigkeit teilweise im Boilie eingezogen sein. Wenn du das Liquid noch l\u00e4nger einziehen l\u00e4sst, kannst du [&hellip;]","og_url":"https:\/\/www.carpfisher.eu\/shop\/produkt\/csl-liquid-1-liter\/","og_site_name":"Carpfisher Shop","article_publisher":"https:\/\/www.facebook.com\/people\/Carpfishereu\/100066936180661\/","article_modified_time":"2026-03-17T08:17:39+00:00","og_image":[{"width":1080,"height":1080,"url":"https:\/\/www.carpfisher.eu\/shop\/wp-content\/uploads\/2023\/10\/CSL-Liquid-fun-clear.png","type":"image\/png"}],"twitter_card":"summary_large_image","twitter_misc":{"Gesch\u00e4tzte Lesezeit":"2\u00a0Minuten"},"schema":{"@context":"https:\/\/schema.org","@graph":[{"@type":"WebPage","@id":"https:\/\/www.carpfisher.eu\/shop\/produkt\/csl-liquid-1-liter\/","url":"https:\/\/www.carpfisher.eu\/shop\/produkt\/csl-liquid-1-liter\/","name":"CSL Liquid | 1 Liter Kanister - Carpfisher Shop","isPartOf":{"@id":"https:\/\/www.carpfisher.eu\/shop\/#website"},"primaryImageOfPage":{"@id":"https:\/\/www.carpfisher.eu\/shop\/produkt\/csl-liquid-1-liter\/#primaryimage"},"image":{"@id":"https:\/\/www.carpfisher.eu\/shop\/produkt\/csl-liquid-1-liter\/#primaryimage"},"thumbnailUrl":"https:\/\/www.carpfisher.eu\/shop\/wp-content\/uploads\/2023\/10\/CSL-Liquid-fun-clear.png","datePublished":"2023-10-27T14:55:26+00:00","dateModified":"2026-03-17T08:17:39+00:00","breadcrumb":{"@id":"https:\/\/www.carpfisher.eu\/shop\/produkt\/csl-liquid-1-liter\/#breadcrumb"},"inLanguage":"de","potentialAction":[{"@type":"ReadAction","target":["https:\/\/www.carpfisher.eu\/shop\/produkt\/csl-liquid-1-liter\/"]}]},{"@type":"ImageObject","inLanguage":"de","@id":"https:\/\/www.carpfisher.eu\/shop\/produkt\/csl-liquid-1-liter\/#primaryimage","url":"https:\/\/www.carpfisher.eu\/shop\/wp-content\/uploads\/2023\/10\/CSL-Liquid-fun-clear.png","contentUrl":"https:\/\/www.carpfisher.eu\/shop\/wp-content\/uploads\/2023\/10\/CSL-Liquid-fun-clear.png","width":1080,"height":1080},{"@type":"BreadcrumbList","@id":"https:\/\/www.carpfisher.eu\/shop\/produkt\/csl-liquid-1-liter\/#breadcrumb","itemListElement":[{"@type":"ListItem","position":1,"name":"Startseite","item":"https:\/\/www.carpfisher.eu\/shop\/"},{"@type":"ListItem","position":2,"name":"Shop","item":"https:\/\/www.carpfisher.eu\/shop\/shop\/"},{"@type":"ListItem","position":3,"name":"CSL Liquid | 1 Liter Kanister"}]},{"@type":"WebSite","@id":"https:\/\/www.carpfisher.eu\/shop\/#website","url":"https:\/\/www.carpfisher.eu\/shop\/","name":"Carpfisher Shop","description":"Shop f\u00fcr Karpfenangler, Boilies, Futter, Liquid, PopUps","publisher":{"@id":"https:\/\/www.carpfisher.eu\/shop\/#organization"},"potentialAction":[{"@type":"SearchAction","target":{"@type":"EntryPoint","urlTemplate":"https:\/\/www.carpfisher.eu\/shop\/?s={search_term_string}"},"query-input":{"@type":"PropertyValueSpecification","valueRequired":true,"valueName":"search_term_string"}}],"inLanguage":"de"},{"@type":"Organization","@id":"https:\/\/www.carpfisher.eu\/shop\/#organization","name":"Carpfisher Shop","url":"https:\/\/www.carpfisher.eu\/shop\/","logo":{"@type":"ImageObject","inLanguage":"de","@id":"https:\/\/www.carpfisher.eu\/shop\/#\/schema\/logo\/image\/","url":"https:\/\/www.carpfisher.eu\/shop\/wp-content\/uploads\/2023\/04\/cropped-My-project-1-3.png","contentUrl":"https:\/\/www.carpfisher.eu\/shop\/wp-content\/uploads\/2023\/04\/cropped-My-project-1-3.png","width":2154,"height":500,"caption":"Carpfisher Shop"},"image":{"@id":"https:\/\/www.carpfisher.eu\/shop\/#\/schema\/logo\/image\/"},"sameAs":["https:\/\/www.facebook.com\/people\/Carpfishereu\/100066936180661\/"]}]}},"_links":{"self":[{"href":"https:\/\/www.carpfisher.eu\/shop\/wp-json\/wp\/v2\/product\/939","targetHints":{"allow":["GET"]}}],"collection":[{"href":"https:\/\/www.carpfisher.eu\/shop\/wp-json\/wp\/v2\/product"}],"about":[{"href":"https:\/\/www.carpfisher.eu\/shop\/wp-json\/wp\/v2\/types\/product"}],"wp:featuredmedia":[{"embeddable":true,"href":"https:\/\/www.carpfisher.eu\/shop\/wp-json\/wp\/v2\/media\/1956"}],"wp:attachment":[{"href":"https:\/\/www.carpfisher.eu\/shop\/wp-json\/wp\/v2\/media?parent=939"}],"wp:term":[{"taxonomy":"product_brand","embeddable":true,"href":"https:\/\/www.carpfisher.eu\/shop\/wp-json\/wp\/v2\/product_brand?post=939"},{"taxonomy":"product_cat","embeddable":true,"href":"https:\/\/www.carpfisher.eu\/shop\/wp-json\/wp\/v2\/product_cat?post=939"},{"taxonomy":"product_tag","embeddable":true,"href":"https:\/\/www.carpfisher.eu\/shop\/wp-json\/wp\/v2\/product_tag?post=939"}],"curies":[{"name":"wp","href":"https:\/\/api.w.org\/{rel}","templated":true}]}}