{"id":993,"date":"2024-03-16T12:15:17","date_gmt":"2024-03-16T11:15:17","guid":{"rendered":"https:\/\/www.carpfisher.eu\/shop\/?post_type=product&#038;p=993"},"modified":"2026-05-02T07:40:33","modified_gmt":"2026-05-02T05:40:33","slug":"cf-popup-krillax-15-mm","status":"publish","type":"product","link":"https:\/\/www.carpfisher.eu\/shop\/produkt\/cf-popup-krillax-15-mm\/","title":{"rendered":"CF+ PopUp | Krillax | 15 mm"},"content":{"rendered":"<p>Eine Dose braune CF+ PopUps mit Krillax Geschmack.<\/p>\n<p>Im Gegensatz zu den herk\u00f6mmlichen CF PopUps bekommen die CF+ PopUps eine besonders intensive Nachbehandlung. Wir haben ein Liqiud entwickelt, dass hochattraktive Zutaten vereint und nachhaltig ans Wasser abgibt. CF+ PopUps schmecken nicht nur s\u00fc\u00df, sondern auch leicht sauer. Weiters kommt noch eine schwer definierbare Note durch, die ich gerne als &#8222;gr\u00fcnen&#8220; Geschmack bezeichne. Alle Zutaten dieses Liquids zielen darauf ab, nat\u00fcrliche Fressanreize zu provozieren. Mehr kann ich hier an dieser Stelle leider nicht verraten. Probiert sie aus &#8211; ihr werdet begeistert sein!<\/p>\n<p>Der Krillax PopUp ist absichtlich nur in Braun erh\u00e4ltlich. So k\u00f6nnt ihr jederzeit einen dezenten Schneemann anbieten oder einen austarierten Wafter selbst bauen! Aber auch als einzelner PopUp konnte dieser K\u00f6der total \u00fcberzeugen &#8211; oftmals wird er von kleineren Fischen am Spot ignoriert und kann euch bei der Selektion etwas unterst\u00fctzen.<\/p>\n<ul>\n<li>15 mm<\/li>\n<li>80 Gramm Inhalt<\/li>\n<li>Farbe Braun<\/li>\n<\/ul>\n<p>Anmerkung: Das CF+ Liquid besteht aus 8 verschiedenen Zutaten. Aminos\u00e4uren, Fetts\u00e4uren, Aroma, Geschmack usw.<\/p>\n<hr \/>\n<p>Es handelt sich um einen Hakenk\u00f6der, nicht an Tiere verf\u00fcttern und nicht f\u00fcr den menschlichen Verzehr geeignet. Nicht zum Anf\u00fcttern verwenden.<\/p>\n<p>&nbsp;<\/p>\n","protected":false},"excerpt":{"rendered":"<p>Eine Dose braune CF+ PopUps mit Krillax Geschmack. Im Gegensatz zu den herk\u00f6mmlichen CF PopUps bekommen die CF+ PopUps eine besonders intensive Nachbehandlung. Wir haben ein Liqiud entwickelt, dass hochattraktive Zutaten vereint und nachhaltig ans Wasser abgibt. CF+ PopUps schmecken nicht nur s\u00fc\u00df, sondern auch leicht sauer. Weiters kommt noch eine schwer definierbare Note durch, [&hellip;]<\/p>\n","protected":false},"featured_media":1977,"template":"","meta":{"sfsi_plus_gutenberg_text_before_share":"","sfsi_plus_gutenberg_show_text_before_share":"","sfsi_plus_gutenberg_icon_type":"","sfsi_plus_gutenberg_icon_alignemt":"","sfsi_plus_gutenburg_max_per_row":""},"product_brand":[],"product_cat":[40],"product_tag":[],"class_list":{"0":"post-993","1":"product","2":"type-product","3":"status-publish","4":"has-post-thumbnail","6":"product_cat-popups","8":"first","9":"instock","10":"taxable","11":"shipping-taxable","12":"purchasable","13":"product-type-simple"},"yoast_head":"<!-- This site is optimized with the Yoast SEO plugin v27.2 - https:\/\/yoast.com\/product\/yoast-seo-wordpress\/ -->\n<title>CF+ PopUp | Krillax | 15 mm - Carpfisher Shop<\/title>\n<meta name=\"robots\" content=\"index, follow, max-snippet:-1, max-image-preview:large, max-video-preview:-1\" \/>\n<link rel=\"canonical\" href=\"https:\/\/www.carpfisher.eu\/shop\/produkt\/cf-popup-krillax-15-mm\/\" \/>\n<meta property=\"og:locale\" content=\"de_DE\" \/>\n<meta property=\"og:type\" content=\"article\" \/>\n<meta property=\"og:title\" content=\"CF+ PopUp | Krillax | 15 mm - Carpfisher Shop\" \/>\n<meta property=\"og:description\" content=\"Eine Dose braune CF+ PopUps mit Krillax Geschmack. Im Gegensatz zu den herk\u00f6mmlichen CF PopUps bekommen die CF+ PopUps eine besonders intensive Nachbehandlung. Wir haben ein Liqiud entwickelt, dass hochattraktive Zutaten vereint und nachhaltig ans Wasser abgibt. CF+ PopUps schmecken nicht nur s\u00fc\u00df, sondern auch leicht sauer. Weiters kommt noch eine schwer definierbare Note durch, [&hellip;]\" \/>\n<meta property=\"og:url\" content=\"https:\/\/www.carpfisher.eu\/shop\/produkt\/cf-popup-krillax-15-mm\/\" \/>\n<meta property=\"og:site_name\" content=\"Carpfisher Shop\" \/>\n<meta property=\"article:publisher\" content=\"https:\/\/www.facebook.com\/people\/Carpfishereu\/100066936180661\/\" \/>\n<meta property=\"article:modified_time\" content=\"2026-05-02T05:40:33+00:00\" \/>\n<meta property=\"og:image\" content=\"https:\/\/www.carpfisher.eu\/shop\/wp-content\/uploads\/2024\/03\/Krillax-PopUp-aktuelles-bild-mit-Logo.png\" \/>\n\t<meta property=\"og:image:width\" content=\"1024\" \/>\n\t<meta property=\"og:image:height\" content=\"1024\" \/>\n\t<meta property=\"og:image:type\" content=\"image\/png\" \/>\n<meta name=\"twitter:card\" content=\"summary_large_image\" \/>\n<meta name=\"twitter:label1\" content=\"Gesch\u00e4tzte Lesezeit\" \/>\n\t<meta name=\"twitter:data1\" content=\"2\u00a0Minuten\" \/>\n<script type=\"application\/ld+json\" class=\"yoast-schema-graph\">{\"@context\":\"https:\/\/schema.org\",\"@graph\":[{\"@type\":\"WebPage\",\"@id\":\"https:\/\/www.carpfisher.eu\/shop\/produkt\/cf-popup-krillax-15-mm\/\",\"url\":\"https:\/\/www.carpfisher.eu\/shop\/produkt\/cf-popup-krillax-15-mm\/\",\"name\":\"CF+ PopUp | Krillax | 15 mm - Carpfisher Shop\",\"isPartOf\":{\"@id\":\"https:\/\/www.carpfisher.eu\/shop\/#website\"},\"primaryImageOfPage\":{\"@id\":\"https:\/\/www.carpfisher.eu\/shop\/produkt\/cf-popup-krillax-15-mm\/#primaryimage\"},\"image\":{\"@id\":\"https:\/\/www.carpfisher.eu\/shop\/produkt\/cf-popup-krillax-15-mm\/#primaryimage\"},\"thumbnailUrl\":\"https:\/\/www.carpfisher.eu\/shop\/wp-content\/uploads\/2024\/03\/Krillax-PopUp-aktuelles-bild-mit-Logo.png\",\"datePublished\":\"2024-03-16T11:15:17+00:00\",\"dateModified\":\"2026-05-02T05:40:33+00:00\",\"breadcrumb\":{\"@id\":\"https:\/\/www.carpfisher.eu\/shop\/produkt\/cf-popup-krillax-15-mm\/#breadcrumb\"},\"inLanguage\":\"de\",\"potentialAction\":[{\"@type\":\"ReadAction\",\"target\":[\"https:\/\/www.carpfisher.eu\/shop\/produkt\/cf-popup-krillax-15-mm\/\"]}]},{\"@type\":\"ImageObject\",\"inLanguage\":\"de\",\"@id\":\"https:\/\/www.carpfisher.eu\/shop\/produkt\/cf-popup-krillax-15-mm\/#primaryimage\",\"url\":\"https:\/\/www.carpfisher.eu\/shop\/wp-content\/uploads\/2024\/03\/Krillax-PopUp-aktuelles-bild-mit-Logo.png\",\"contentUrl\":\"https:\/\/www.carpfisher.eu\/shop\/wp-content\/uploads\/2024\/03\/Krillax-PopUp-aktuelles-bild-mit-Logo.png\",\"width\":1024,\"height\":1024},{\"@type\":\"BreadcrumbList\",\"@id\":\"https:\/\/www.carpfisher.eu\/shop\/produkt\/cf-popup-krillax-15-mm\/#breadcrumb\",\"itemListElement\":[{\"@type\":\"ListItem\",\"position\":1,\"name\":\"Startseite\",\"item\":\"https:\/\/www.carpfisher.eu\/shop\/\"},{\"@type\":\"ListItem\",\"position\":2,\"name\":\"Shop\",\"item\":\"https:\/\/www.carpfisher.eu\/shop\/shop\/\"},{\"@type\":\"ListItem\",\"position\":3,\"name\":\"CF+ PopUp | Krillax | 15 mm\"}]},{\"@type\":\"WebSite\",\"@id\":\"https:\/\/www.carpfisher.eu\/shop\/#website\",\"url\":\"https:\/\/www.carpfisher.eu\/shop\/\",\"name\":\"Carpfisher Shop\",\"description\":\"Shop f\u00fcr Karpfenangler, Boilies, Futter, Liquid, PopUps\",\"publisher\":{\"@id\":\"https:\/\/www.carpfisher.eu\/shop\/#organization\"},\"potentialAction\":[{\"@type\":\"SearchAction\",\"target\":{\"@type\":\"EntryPoint\",\"urlTemplate\":\"https:\/\/www.carpfisher.eu\/shop\/?s={search_term_string}\"},\"query-input\":{\"@type\":\"PropertyValueSpecification\",\"valueRequired\":true,\"valueName\":\"search_term_string\"}}],\"inLanguage\":\"de\"},{\"@type\":\"Organization\",\"@id\":\"https:\/\/www.carpfisher.eu\/shop\/#organization\",\"name\":\"Carpfisher Shop\",\"url\":\"https:\/\/www.carpfisher.eu\/shop\/\",\"logo\":{\"@type\":\"ImageObject\",\"inLanguage\":\"de\",\"@id\":\"https:\/\/www.carpfisher.eu\/shop\/#\/schema\/logo\/image\/\",\"url\":\"https:\/\/www.carpfisher.eu\/shop\/wp-content\/uploads\/2023\/04\/cropped-My-project-1-3.png\",\"contentUrl\":\"https:\/\/www.carpfisher.eu\/shop\/wp-content\/uploads\/2023\/04\/cropped-My-project-1-3.png\",\"width\":2154,\"height\":500,\"caption\":\"Carpfisher Shop\"},\"image\":{\"@id\":\"https:\/\/www.carpfisher.eu\/shop\/#\/schema\/logo\/image\/\"},\"sameAs\":[\"https:\/\/www.facebook.com\/people\/Carpfishereu\/100066936180661\/\"]}]}<\/script>\n<!-- \/ Yoast SEO plugin. -->","yoast_head_json":{"title":"CF+ PopUp | Krillax | 15 mm - Carpfisher Shop","robots":{"index":"index","follow":"follow","max-snippet":"max-snippet:-1","max-image-preview":"max-image-preview:large","max-video-preview":"max-video-preview:-1"},"canonical":"https:\/\/www.carpfisher.eu\/shop\/produkt\/cf-popup-krillax-15-mm\/","og_locale":"de_DE","og_type":"article","og_title":"CF+ PopUp | Krillax | 15 mm - Carpfisher Shop","og_description":"Eine Dose braune CF+ PopUps mit Krillax Geschmack. Im Gegensatz zu den herk\u00f6mmlichen CF PopUps bekommen die CF+ PopUps eine besonders intensive Nachbehandlung. Wir haben ein Liqiud entwickelt, dass hochattraktive Zutaten vereint und nachhaltig ans Wasser abgibt. CF+ PopUps schmecken nicht nur s\u00fc\u00df, sondern auch leicht sauer. Weiters kommt noch eine schwer definierbare Note durch, [&hellip;]","og_url":"https:\/\/www.carpfisher.eu\/shop\/produkt\/cf-popup-krillax-15-mm\/","og_site_name":"Carpfisher Shop","article_publisher":"https:\/\/www.facebook.com\/people\/Carpfishereu\/100066936180661\/","article_modified_time":"2026-05-02T05:40:33+00:00","og_image":[{"width":1024,"height":1024,"url":"https:\/\/www.carpfisher.eu\/shop\/wp-content\/uploads\/2024\/03\/Krillax-PopUp-aktuelles-bild-mit-Logo.png","type":"image\/png"}],"twitter_card":"summary_large_image","twitter_misc":{"Gesch\u00e4tzte Lesezeit":"2\u00a0Minuten"},"schema":{"@context":"https:\/\/schema.org","@graph":[{"@type":"WebPage","@id":"https:\/\/www.carpfisher.eu\/shop\/produkt\/cf-popup-krillax-15-mm\/","url":"https:\/\/www.carpfisher.eu\/shop\/produkt\/cf-popup-krillax-15-mm\/","name":"CF+ PopUp | Krillax | 15 mm - Carpfisher Shop","isPartOf":{"@id":"https:\/\/www.carpfisher.eu\/shop\/#website"},"primaryImageOfPage":{"@id":"https:\/\/www.carpfisher.eu\/shop\/produkt\/cf-popup-krillax-15-mm\/#primaryimage"},"image":{"@id":"https:\/\/www.carpfisher.eu\/shop\/produkt\/cf-popup-krillax-15-mm\/#primaryimage"},"thumbnailUrl":"https:\/\/www.carpfisher.eu\/shop\/wp-content\/uploads\/2024\/03\/Krillax-PopUp-aktuelles-bild-mit-Logo.png","datePublished":"2024-03-16T11:15:17+00:00","dateModified":"2026-05-02T05:40:33+00:00","breadcrumb":{"@id":"https:\/\/www.carpfisher.eu\/shop\/produkt\/cf-popup-krillax-15-mm\/#breadcrumb"},"inLanguage":"de","potentialAction":[{"@type":"ReadAction","target":["https:\/\/www.carpfisher.eu\/shop\/produkt\/cf-popup-krillax-15-mm\/"]}]},{"@type":"ImageObject","inLanguage":"de","@id":"https:\/\/www.carpfisher.eu\/shop\/produkt\/cf-popup-krillax-15-mm\/#primaryimage","url":"https:\/\/www.carpfisher.eu\/shop\/wp-content\/uploads\/2024\/03\/Krillax-PopUp-aktuelles-bild-mit-Logo.png","contentUrl":"https:\/\/www.carpfisher.eu\/shop\/wp-content\/uploads\/2024\/03\/Krillax-PopUp-aktuelles-bild-mit-Logo.png","width":1024,"height":1024},{"@type":"BreadcrumbList","@id":"https:\/\/www.carpfisher.eu\/shop\/produkt\/cf-popup-krillax-15-mm\/#breadcrumb","itemListElement":[{"@type":"ListItem","position":1,"name":"Startseite","item":"https:\/\/www.carpfisher.eu\/shop\/"},{"@type":"ListItem","position":2,"name":"Shop","item":"https:\/\/www.carpfisher.eu\/shop\/shop\/"},{"@type":"ListItem","position":3,"name":"CF+ PopUp | Krillax | 15 mm"}]},{"@type":"WebSite","@id":"https:\/\/www.carpfisher.eu\/shop\/#website","url":"https:\/\/www.carpfisher.eu\/shop\/","name":"Carpfisher Shop","description":"Shop f\u00fcr Karpfenangler, Boilies, Futter, Liquid, PopUps","publisher":{"@id":"https:\/\/www.carpfisher.eu\/shop\/#organization"},"potentialAction":[{"@type":"SearchAction","target":{"@type":"EntryPoint","urlTemplate":"https:\/\/www.carpfisher.eu\/shop\/?s={search_term_string}"},"query-input":{"@type":"PropertyValueSpecification","valueRequired":true,"valueName":"search_term_string"}}],"inLanguage":"de"},{"@type":"Organization","@id":"https:\/\/www.carpfisher.eu\/shop\/#organization","name":"Carpfisher Shop","url":"https:\/\/www.carpfisher.eu\/shop\/","logo":{"@type":"ImageObject","inLanguage":"de","@id":"https:\/\/www.carpfisher.eu\/shop\/#\/schema\/logo\/image\/","url":"https:\/\/www.carpfisher.eu\/shop\/wp-content\/uploads\/2023\/04\/cropped-My-project-1-3.png","contentUrl":"https:\/\/www.carpfisher.eu\/shop\/wp-content\/uploads\/2023\/04\/cropped-My-project-1-3.png","width":2154,"height":500,"caption":"Carpfisher Shop"},"image":{"@id":"https:\/\/www.carpfisher.eu\/shop\/#\/schema\/logo\/image\/"},"sameAs":["https:\/\/www.facebook.com\/people\/Carpfishereu\/100066936180661\/"]}]}},"_links":{"self":[{"href":"https:\/\/www.carpfisher.eu\/shop\/wp-json\/wp\/v2\/product\/993","targetHints":{"allow":["GET"]}}],"collection":[{"href":"https:\/\/www.carpfisher.eu\/shop\/wp-json\/wp\/v2\/product"}],"about":[{"href":"https:\/\/www.carpfisher.eu\/shop\/wp-json\/wp\/v2\/types\/product"}],"wp:featuredmedia":[{"embeddable":true,"href":"https:\/\/www.carpfisher.eu\/shop\/wp-json\/wp\/v2\/media\/1977"}],"wp:attachment":[{"href":"https:\/\/www.carpfisher.eu\/shop\/wp-json\/wp\/v2\/media?parent=993"}],"wp:term":[{"taxonomy":"product_brand","embeddable":true,"href":"https:\/\/www.carpfisher.eu\/shop\/wp-json\/wp\/v2\/product_brand?post=993"},{"taxonomy":"product_cat","embeddable":true,"href":"https:\/\/www.carpfisher.eu\/shop\/wp-json\/wp\/v2\/product_cat?post=993"},{"taxonomy":"product_tag","embeddable":true,"href":"https:\/\/www.carpfisher.eu\/shop\/wp-json\/wp\/v2\/product_tag?post=993"}],"curies":[{"name":"wp","href":"https:\/\/api.w.org\/{rel}","templated":true}]}}